{"id":853,"date":"2023-08-07T11:14:42","date_gmt":"2023-08-07T11:14:42","guid":{"rendered":"https:\/\/dev.bjhuman.hu\/?page_id=853"},"modified":"2026-03-12T12:48:35","modified_gmt":"2026-03-12T10:48:35","slug":"fejlesztesi-centrum","status":"publish","type":"page","link":"https:\/\/bjhuman.hu\/index.php\/fejlesztesi-centrum\/","title":{"rendered":"Csal\u00e1d- \u00e9s Gyermekj\u00f3l\u00e9ti Szolg\u00e1lat"},"content":{"rendered":"\t\t<div data-elementor-type=\"wp-page\" data-elementor-id=\"853\" class=\"elementor elementor-853\">\n\t\t\t\t\t\t<section class=\"elementor-section elementor-top-section elementor-element elementor-element-797fd48 elementor-section-boxed elementor-section-height-default elementor-section-height-default wpr-particle-no wpr-jarallax-no wpr-parallax-no wpr-sticky-section-no\" data-id=\"797fd48\" data-element_type=\"section\" data-e-type=\"section\">\n\t\t\t\t\t\t<div class=\"elementor-container elementor-column-gap-default\">\n\t\t\t\t\t<div class=\"elementor-column elementor-col-100 elementor-top-column elementor-element elementor-element-c09239a\" data-id=\"c09239a\" data-element_type=\"column\" data-e-type=\"column\">\n\t\t\t<div class=\"elementor-widget-wrap elementor-element-populated\">\n\t\t\t\t\t\t<div class=\"elementor-element elementor-element-63e32fb elementor-widget elementor-widget-text-editor\" data-id=\"63e32fb\" data-element_type=\"widget\" data-e-type=\"widget\" data-widget_type=\"text-editor.default\">\n\t\t\t\t<div class=\"elementor-widget-container\">\n\t\t\t\t\t\t\t\t\t<p>A Csal\u00e1d- \u00e9s Gyermekj\u00f3l\u00e9ti Szolg\u00e1lat szakmai egys\u00e9g ell\u00e1tja a Gyermekv\u00e9delmi t\u00f6rv\u00e9nyben, valamint a Szoci\u00e1lis t\u00f6rv\u00e9nyben meghat\u00e1rozott feladatokat a szem\u00e9lyes gondoskod\u00e1st ny\u00fajt\u00f3 szolg\u00e1ltat\u00e1sok vonatkoz\u00e1s\u00e1ban:<\/p><p>Sokf\u00e9le probl\u00e9ma ad\u00f3dhat az ember \u00e9lete sor\u00e1n, mely ak\u00e1r \u00e9letszakaszunkt\u00f3l f\u00fcgg\u0151en befoly\u00e1solhatja azokra val\u00f3 reag\u00e1l\u00e1sunkat \u00e9s lehet egyszer m\u00e1r siker\u00fclt megoldanunk egy helyzetet, de m\u00e1skor seg\u00edts\u00e9gre szorulunk annak kezel\u00e9s\u00e9re. B\u00e1rkin\u00e9l felmer\u00fclhet neh\u00e9zs\u00e9g, ak\u00e1r szoci\u00e1lis, ment\u00e1lis neh\u00e9zs\u00e9ggel k\u00fczd\u0151, h\u00e1tr\u00e1nyos helyzet\u0171, \u00e1ll\u00e1skeres\u0151, b\u00e1ntalmazott, szenved\u00e9lybeteg, pszichi\u00e1triai \u00e9rintett, fogyat\u00e9kkal \u00e9l\u0151, mag\u00e1nyos, kapcsolati konfliktusokkal is k\u00fczdhet egy csal\u00e1d, vagy egy\u00e9n. A Csal\u00e1d- \u00e9s Gyermekj\u00f3l\u00e9ti Szolg\u00e1lat munkat\u00e1rsai ezeket a sokszor sokr\u00e9t\u0171 probl\u00e9m\u00e1kat \u00fcgyfeleik szoros egy\u00fcttm\u0171k\u00f6d\u00e9s\u00e9vel fogalmazz\u00e1k \u00fajra \u00e9s dolgozz\u00e1k ki k\u00f6z\u00f6sen a megold\u00e1s fel\u00e9 vezet\u0151 utat \u00e1t\u00e9rezve \u00fcgyfeleik \u00e9lethelyzet\u00e9t \u00e9s neh\u00e9zs\u00e9geit.<\/p><p>A csal\u00e1dseg\u00edt\u0151 feladata szoci\u00e1lis \u00e9s ment\u00e1lhigi\u00e9n\u00e9s probl\u00e9m\u00e1k, illetve egy\u00e9b kr\u00edzishelyzet miatt seg\u00edts\u00e9gre szorul\u00f3 szem\u00e9lyek, csal\u00e1dok sz\u00e1m\u00e1ra t\u00e1maszt ny\u00fajtani az \u00e9letvezet\u00e9si k\u00e9pess\u00e9g meg\u0151rz\u00e9s\u00e9ben, visszaszerz\u00e9s\u00e9ben. Ez jelenthet ak\u00e1r inform\u00e1ci\u00f3ny\u00fajt\u00e1st, \u00e9letvezet\u00e9si probl\u00e9ma megold\u00e1s\u00e1t, trauma, vesztes\u00e9g eset\u00e9n lelki t\u00e1mogat\u00e1st, vagy hivatalos \u00fcgyint\u00e9z\u00e9st is. Azon probl\u00e9mat\u00edpusok ell\u00e1t\u00e1sa, melyek f\u00f3kusz\u00e1ban a gyermekvesz\u00e9lyeztet\u00e9s fenn\u00e1ll az adott helyzet felder\u00edt\u00e9s\u00e9t k\u00f6vet\u0151en sz\u00fcks\u00e9g eset\u00e9n a Csal\u00e1d- \u00e9s Gyermekj\u00f3l\u00e9ti K\u00f6zpont munkat\u00e1rsaival egy\u00fcttm\u0171k\u00f6dve dolgozik tov\u00e1bb seg\u00edt\u0151nk az \u00fcgyfel\u00e9vel. Az ilyen esetek felt\u00e1r\u00e1sa \u00e9rdek\u00e9ben a Szolg\u00e1lat jelz\u0151rendszert m\u0171k\u00f6dtet, \u00e9s a be\u00e9rkez\u0151 jelz\u00e9sekre azonnal reag\u00e1l.<\/p><p>A Szolg\u00e1lat k\u00f6zvet\u00edti \u00fcgyfeleik sz\u00e1m\u00e1ra azokat az alapell\u00e1t\u00e1s keret\u00e9ben ny\u00fajtott szolg\u00e1ltat\u00e1sokat is melyek a Hum\u00e1n Szolg\u00e1ltat\u00f3 integr\u00e1lts\u00e1ga ok\u00e1n a ker\u00fcletben \u201eh\u00e1zon bel\u00fcl\u201d el\u00e9rhet\u0151, illetve sz\u00e1m\u00e1ra megold\u00e1st jelenthet pl.: gyermekek \u00e1tmeneti otthon\u00e1ban, csal\u00e1dok \u00e1tmeneti otthon\u00e1ban val\u00f3 elhelyez\u00e9s, helyettes sz\u00fcl\u0151i ell\u00e1t\u00e1s.<\/p><p>Csal\u00e1d- \u00e9s Gyermekj\u00f3l\u00e9ti Szolg\u00e1latunkban a gondoz\u00e1st \u00e9s korrekt\u00edv jelleg\u0171 szolg\u00e1ltat\u00e1st v\u00e9gz\u0151 csal\u00e1dseg\u00edt\u0151 \u00e9s esetmenedzser szakemberek v\u00e9gzik tev\u00e9kenys\u00e9g\u00fcket. Feladatuk a gyermekek testi, lelki eg\u00e9szs\u00e9g\u00e9nek, csal\u00e1dban t\u00f6rt\u00e9n\u0151 nevel\u00e9s\u00e9nek el\u0151seg\u00edt\u00e9se, a gyermek vesz\u00e9lyeztetetts\u00e9g\u00e9nek megel\u0151z\u00e9se, a m\u00e1r kialakult vesz\u00e9lyeztetetts\u00e9g megsz\u00fcntet\u00e9se, valamint a csal\u00e1dj\u00e1b\u00f3l kiemelt gyermek visszahelyez\u00e9s\u00e9nek el\u0151seg\u00edt\u00e9se, tov\u00e1bb\u00e1 az \u00f6njog\u00fa \u00fcgyfeleket t\u00e1mogat\u00f3 szoci\u00e1lis seg\u00edt\u0151munka biztos\u00edt\u00e1sa.<\/p><p>A Csal\u00e1d- \u00e9s Gyermekj\u00f3l\u00e9ti Szolg\u00e1latunkban a gondoz\u00e1st \u00e9s korrekt\u00edv jelleg\u0171 szolg\u00e1ltat\u00e1st v\u00e9gz\u0151 csal\u00e1dseg\u00edt\u0151 \u00e9s esetmenedzser szakemberek v\u00e9gzik<strong><em>.\u00a0<\/em><\/strong>Feladatuk a gyermekek testi, lelki eg\u00e9szs\u00e9g\u00e9nek, csal\u00e1dban t\u00f6rt\u00e9n\u0151 nevel\u00e9s\u00e9nek el\u0151seg\u00edt\u00e9se, a gyermek vesz\u00e9lyeztetetts\u00e9g\u00e9nek megel\u0151z\u00e9se, a m\u00e1r kialakult vesz\u00e9lyeztetetts\u00e9g megsz\u00fcntet\u00e9se, valamint a csal\u00e1dj\u00e1b\u00f3l kiemelt gyermek visszahelyez\u00e9s\u00e9nek el\u0151seg\u00edt\u00e9se, tov\u00e1bb\u00e1 az \u00f6njog\u00fa \u00fcgyfeleket t\u00e1mogat\u00f3 szoci\u00e1lis seg\u00edt\u0151munka biztos\u00edt\u00e1sa. Int\u00e9zm\u00e9ny\u00fcnk jogi \u00e9s pszichol\u00f3giai tan\u00e1csad\u00e1st ny\u00fajt a ker\u00fcleti lakosok sz\u00e1m\u00e1ra, a szolg\u00e1ltat\u00e1sok mindk\u00e9t telephelyen ig\u00e9nybe vehet\u0151ek, el\u0151zetes id\u0151pont egyeztet\u00e9st k\u00f6vet\u0151en.<\/p>\t\t\t\t\t\t\t\t<\/div>\n\t\t\t\t<\/div>\n\t\t\t\t\t<\/div>\n\t\t<\/div>\n\t\t\t\t\t<\/div>\n\t\t<\/section>\n\t\t\t\t<section class=\"elementor-section elementor-top-section elementor-element elementor-element-3734b5f elementor-section-boxed elementor-section-height-default elementor-section-height-default wpr-particle-no wpr-jarallax-no wpr-parallax-no wpr-sticky-section-no\" data-id=\"3734b5f\" data-element_type=\"section\" data-e-type=\"section\">\n\t\t\t\t\t\t<div class=\"elementor-container elementor-column-gap-default\">\n\t\t\t\t\t<div class=\"elementor-column elementor-col-100 elementor-top-column elementor-element elementor-element-d58b6e9\" data-id=\"d58b6e9\" data-element_type=\"column\" data-e-type=\"column\">\n\t\t\t<div class=\"elementor-widget-wrap elementor-element-populated\">\n\t\t\t\t\t\t<div class=\"elementor-element elementor-element-ddc66a7 wpr-advanced-accordion-icon-side-box elementor-widget elementor-widget-wpr-advanced-accordion\" data-id=\"ddc66a7\" data-element_type=\"widget\" data-e-type=\"widget\" data-settings=\"{&quot;active_item&quot;:1}\" data-widget_type=\"wpr-advanced-accordion.default\">\n\t\t\t\t<div class=\"elementor-widget-container\">\n\t\t\t\t\t\n            <div class=\"wpr-advanced-accordion\" data-accordion-type=\"accordion\" data-active-index=\"1\" data-accordion-trigger=\"click\" data-interaction-speed=\"0.4\">\n\n\t\t\t\n                \n\t\t\t\t\t<div class=\"wpr-accordion-item-wrap\">\n\t\t\t\t\t\t<button class=\"wpr-acc-button\">\n\t\t\t\t\t\t\t<span class=\"wpr-acc-item-title\">\n\t\t\t\t\t\t\t\t\t\t\t\t\t\t\t\t\t<div class=\"wpr-acc-icon-box\">\n\t\t\t\t\t\t\t\t\t\t\t\t\t\t<span class=\"wpr-title-icon\">\n\t\t\t\t\t<i aria-hidden=\"true\" class=\"fas fa-arrow-right\"><\/i>\t\t\t\t<\/span>\n\t\t\t\t\t\t\t\t\t\t\t\t<\/div>\n\t\t\t\t\t\t\t\t\n\t\t\t\t\t\t\t\t<span class=\"wpr-acc-title-text\">Nyitvatart\u00e1si rend<\/span>\n\t\t\t\t\t\t\t<\/span>\n\t\t\t\t\t\t\t\t\t\t\t<span class=\"wpr-toggle-icon wpr-ti-close\"><i aria-hidden=\"true\" class=\"fas fa-plus\"><\/i><\/span>\n\t\t\t\t<span class=\"wpr-toggle-icon wpr-ti-open\"><i aria-hidden=\"true\" class=\"fas fa-minus\"><\/i><\/span>\n\t\t\t\t\t\t\t\t\t<\/button>\n\n\t\t\t\t\t\t<div class=\"wpr-acc-panel\">\n\t\t\t\t\t\t\t\t\t\t\t\t\t\t\t<div class=\"wpr-acc-panel-content\"><p>h\u00e9tf\u0151: 13:00 \u2013 18:00 \u00f3r\u00e1ig<\/p><p>kedd: 8:00 - 18:00 \u00f3r\u00e1ig<\/p><p>szerda: 8:00 - 18:00 \u00f3r\u00e1ig<\/p><p>cs\u00fct\u00f6rt\u00f6k: 8:00 - 18:00 \u00f3r\u00e1ig<\/p><p>p\u00e9ntek: 8:00 \u2013 13:00 \u00f3r\u00e1ig<\/p><\/div>\n\t\t\t\t\t\t\t\t\t\t\t\t\t<\/div>\n                    <\/div>\n\n                \n\t\t\t\t\t<div class=\"wpr-accordion-item-wrap\">\n\t\t\t\t\t\t<button class=\"wpr-acc-button\">\n\t\t\t\t\t\t\t<span class=\"wpr-acc-item-title\">\n\t\t\t\t\t\t\t\t\t\t\t\t\t\t\t\t\t<div class=\"wpr-acc-icon-box\">\n\t\t\t\t\t\t\t\t\t\t\t\t\t\t<span class=\"wpr-title-icon\">\n\t\t\t\t\t<i aria-hidden=\"true\" class=\"far fa-edit\"><\/i>\t\t\t\t<\/span>\n\t\t\t\t\t\t\t\t\t\t\t\t<\/div>\n\t\t\t\t\t\t\t\t\n\t\t\t\t\t\t\t\t<span class=\"wpr-acc-title-text\">\u00dcgyf\u00e9lfogad\u00e1si rend<\/span>\n\t\t\t\t\t\t\t<\/span>\n\t\t\t\t\t\t\t\t\t\t\t<span class=\"wpr-toggle-icon wpr-ti-close\"><i aria-hidden=\"true\" class=\"fas fa-plus\"><\/i><\/span>\n\t\t\t\t<span class=\"wpr-toggle-icon wpr-ti-open\"><i aria-hidden=\"true\" class=\"fas fa-minus\"><\/i><\/span>\n\t\t\t\t\t\t\t\t\t<\/button>\n\n\t\t\t\t\t\t<div class=\"wpr-acc-panel\">\n\t\t\t\t\t\t\t\t\t\t\t\t\t\t\t<div class=\"wpr-acc-panel-content\"><p>h\u00e9tf\u0151: 13.00 \u2013 17.30 \u00f3r\u00e1ig<br \/>kedd-cs\u00fct\u00f6rt\u00f6k: 8.00 \u2013 17.30 \u00f3r\u00e1ig<br \/>p\u00e9ntek: 8.00 \u2013 12.30 \u00f3r\u00e1ig\u00a0\u00a0\u00a0\u00a0\u00a0<\/p><p>A nyitvatart\u00e1si id\u0151n t\u00fal h\u00edvhat\u00f3\u00a0k\u00e9szenl\u00e9ti telefon sz\u00e1ma: 06\/30\/525-5638.<\/p><\/div>\n\t\t\t\t\t\t\t\t\t\t\t\t\t<\/div>\n                    <\/div>\n\n                            <\/div>\n        \t\t\t\t<\/div>\n\t\t\t\t<\/div>\n\t\t\t\t\t<\/div>\n\t\t<\/div>\n\t\t\t\t\t<\/div>\n\t\t<\/section>\n\t\t\t\t<section class=\"elementor-section elementor-top-section elementor-element elementor-element-9fc7246 elementor-section-boxed elementor-section-height-default elementor-section-height-default wpr-particle-no wpr-jarallax-no wpr-parallax-no wpr-sticky-section-no\" data-id=\"9fc7246\" data-element_type=\"section\" data-e-type=\"section\">\n\t\t\t\t\t\t<div class=\"elementor-container elementor-column-gap-default\">\n\t\t\t\t\t<div class=\"elementor-column elementor-col-100 elementor-top-column elementor-element elementor-element-da2b3e6\" data-id=\"da2b3e6\" data-element_type=\"column\" data-e-type=\"column\">\n\t\t\t<div class=\"elementor-widget-wrap elementor-element-populated\">\n\t\t\t\t\t\t<div class=\"elementor-element elementor-element-9bab73b elementor-widget elementor-widget-text-editor\" data-id=\"9bab73b\" data-element_type=\"widget\" data-e-type=\"widget\" data-widget_type=\"text-editor.default\">\n\t\t\t\t<div class=\"elementor-widget-container\">\n\t\t\t\t\t\t\t\t\t<p>El\u00e9rhet\u0151s\u00e9gek:<\/p>\t\t\t\t\t\t\t\t<\/div>\n\t\t\t\t<\/div>\n\t\t\t\t\t<\/div>\n\t\t<\/div>\n\t\t\t\t\t<\/div>\n\t\t<\/section>\n\t\t\t\t<section class=\"elementor-section elementor-top-section elementor-element elementor-element-8eed3cc elementor-section-boxed elementor-section-height-default elementor-section-height-default wpr-particle-no wpr-jarallax-no wpr-parallax-no wpr-sticky-section-no\" data-id=\"8eed3cc\" data-element_type=\"section\" data-e-type=\"section\">\n\t\t\t\t\t\t<div class=\"elementor-container elementor-column-gap-default\">\n\t\t\t\t\t<div class=\"elementor-column elementor-col-100 elementor-top-column elementor-element elementor-element-4a9546c\" data-id=\"4a9546c\" data-element_type=\"column\" data-e-type=\"column\">\n\t\t\t<div class=\"elementor-widget-wrap elementor-element-populated\">\n\t\t\t\t\t\t<div class=\"elementor-element elementor-element-c2b5640 elementor-icon-list--layout-traditional elementor-list-item-link-full_width elementor-widget elementor-widget-icon-list\" data-id=\"c2b5640\" data-element_type=\"widget\" data-e-type=\"widget\" data-widget_type=\"icon-list.default\">\n\t\t\t\t<div class=\"elementor-widget-container\">\n\t\t\t\t\t\t\t<ul class=\"elementor-icon-list-items\">\n\t\t\t\t\t\t\t<li class=\"elementor-icon-list-item\">\n\t\t\t\t\t\t\t\t\t\t\t<span class=\"elementor-icon-list-icon\">\n\t\t\t\t\t\t\t<i aria-hidden=\"true\" class=\"fas fa-map-marker-alt\"><\/i>\t\t\t\t\t\t<\/span>\n\t\t\t\t\t\t\t\t\t\t<span class=\"elementor-icon-list-text\">1074 Budapest, Hutyra Ferenc utca 11-15. (bej\u00e1rat a Rottenbiller u. 32. fel\u0151l)<\/span>\n\t\t\t\t\t\t\t\t\t<\/li>\n\t\t\t\t\t\t\t\t<li class=\"elementor-icon-list-item\">\n\t\t\t\t\t\t\t\t\t\t\t<span class=\"elementor-icon-list-icon\">\n\t\t\t\t\t\t\t<i aria-hidden=\"true\" class=\"fas fa-phone-alt\"><\/i>\t\t\t\t\t\t<\/span>\n\t\t\t\t\t\t\t\t\t\t<span class=\"elementor-icon-list-text\">+36 1 352 8672<\/span>\n\t\t\t\t\t\t\t\t\t<\/li>\n\t\t\t\t\t\t\t\t<li class=\"elementor-icon-list-item\">\n\t\t\t\t\t\t\t\t\t\t\t<span class=\"elementor-icon-list-icon\">\n\t\t\t\t\t\t\t<i aria-hidden=\"true\" class=\"fas fa-envelope\"><\/i>\t\t\t\t\t\t<\/span>\n\t\t\t\t\t\t\t\t\t\t<span class=\"elementor-icon-list-text\">gyermekjoletiszolgalat@bjhuman.hu<\/span>\n\t\t\t\t\t\t\t\t\t<\/li>\n\t\t\t\t\t\t<\/ul>\n\t\t\t\t\t\t<\/div>\n\t\t\t\t<\/div>\n\t\t\t\t\t<\/div>\n\t\t<\/div>\n\t\t\t\t\t<\/div>\n\t\t<\/section>\n\t\t\t\t<section class=\"elementor-section elementor-top-section elementor-element elementor-element-ce23451 elementor-section-boxed elementor-section-height-default elementor-section-height-default wpr-particle-no wpr-jarallax-no wpr-parallax-no wpr-sticky-section-no\" data-id=\"ce23451\" data-element_type=\"section\" data-e-type=\"section\">\n\t\t\t\t\t\t<div class=\"elementor-container elementor-column-gap-default\">\n\t\t\t\t\t<div class=\"elementor-column elementor-col-100 elementor-top-column elementor-element elementor-element-e36f6a4\" data-id=\"e36f6a4\" data-element_type=\"column\" data-e-type=\"column\">\n\t\t\t<div class=\"elementor-widget-wrap elementor-element-populated\">\n\t\t\t\t\t\t<div class=\"elementor-element elementor-element-a94bcf6 elementor-widget elementor-widget-google_maps\" data-id=\"a94bcf6\" data-element_type=\"widget\" data-e-type=\"widget\" data-widget_type=\"google_maps.default\">\n\t\t\t\t<div class=\"elementor-widget-container\">\n\t\t\t\t\t\t\t<div class=\"elementor-custom-embed\">\n\t\t\t<iframe loading=\"lazy\"\n\t\t\t\t\tsrc=\"https:\/\/maps.google.com\/maps?q=1074%20Budapest%2C%20Hutyra%20Ferenc%20utca%2011-15.%20&#038;t=m&#038;z=16&#038;output=embed&#038;iwloc=near\"\n\t\t\t\t\ttitle=\"1074 Budapest, Hutyra Ferenc utca 11-15. \"\n\t\t\t\t\taria-label=\"1074 Budapest, Hutyra Ferenc utca 11-15. \"\n\t\t\t><\/iframe>\n\t\t<\/div>\n\t\t\t\t\t\t<\/div>\n\t\t\t\t<\/div>\n\t\t\t\t\t<\/div>\n\t\t<\/div>\n\t\t\t\t\t<\/div>\n\t\t<\/section>\n\t\t\t\t<\/div>\n\t\t","protected":false},"excerpt":{"rendered":"<p>A Csal\u00e1d- \u00e9s Gyermekj\u00f3l\u00e9ti Szolg\u00e1lat szakmai egys\u00e9g ell\u00e1tja a Gyermekv\u00e9delmi t\u00f6rv\u00e9nyben, valamint a Szoci\u00e1lis t\u00f6rv\u00e9nyben meghat\u00e1rozott feladatokat a szem\u00e9lyes gondoskod\u00e1st ny\u00fajt\u00f3 szolg\u00e1ltat\u00e1sok vonatkoz\u00e1s\u00e1ban: Sokf\u00e9le probl\u00e9ma ad\u00f3dhat az ember \u00e9lete sor\u00e1n, mely ak\u00e1r \u00e9letszakaszunkt\u00f3l f\u00fcgg\u0151en befoly\u00e1solhatja azokra val\u00f3 reag\u00e1l\u00e1sunkat \u00e9s lehet egyszer m\u00e1r siker\u00fclt megoldanunk egy helyzetet, de m\u00e1skor seg\u00edts\u00e9gre szorulunk annak kezel\u00e9s\u00e9re. B\u00e1rkin\u00e9l felmer\u00fclhet neh\u00e9zs\u00e9g, ak\u00e1r szoci\u00e1lis, ment\u00e1lis neh\u00e9zs\u00e9ggel k\u00fczd\u0151, h\u00e1tr\u00e1nyos helyzet\u0171, \u00e1ll\u00e1skeres\u0151, b\u00e1ntalmazott, szenved\u00e9lybeteg, pszichi\u00e1triai \u00e9rintett, fogyat\u00e9kkal \u00e9l\u0151, mag\u00e1nyos, kapcsolati konfliktusokkal is k\u00fczdhet egy csal\u00e1d, vagy egy\u00e9n. A Csal\u00e1d- \u00e9s Gyermekj\u00f3l\u00e9ti Szolg\u00e1lat munkat\u00e1rsai ezeket a sokszor sokr\u00e9t\u0171 probl\u00e9m\u00e1kat \u00fcgyfeleik szoros egy\u00fcttm\u0171k\u00f6d\u00e9s\u00e9vel fogalmazz\u00e1k \u00fajra \u00e9s dolgozz\u00e1k ki k\u00f6z\u00f6sen a megold\u00e1s fel\u00e9 vezet\u0151 utat \u00e1t\u00e9rezve \u00fcgyfeleik \u00e9lethelyzet\u00e9t \u00e9s neh\u00e9zs\u00e9geit. A csal\u00e1dseg\u00edt\u0151 feladata szoci\u00e1lis \u00e9s ment\u00e1lhigi\u00e9n\u00e9s probl\u00e9m\u00e1k, illetve egy\u00e9b kr\u00edzishelyzet miatt seg\u00edts\u00e9gre szorul\u00f3 szem\u00e9lyek, csal\u00e1dok sz\u00e1m\u00e1ra t\u00e1maszt ny\u00fajtani az \u00e9letvezet\u00e9si k\u00e9pess\u00e9g meg\u0151rz\u00e9s\u00e9ben, visszaszerz\u00e9s\u00e9ben. Ez jelenthet ak\u00e1r inform\u00e1ci\u00f3ny\u00fajt\u00e1st, \u00e9letvezet\u00e9si probl\u00e9ma megold\u00e1s\u00e1t, trauma, vesztes\u00e9g eset\u00e9n lelki t\u00e1mogat\u00e1st, vagy hivatalos \u00fcgyint\u00e9z\u00e9st is. Azon probl\u00e9mat\u00edpusok ell\u00e1t\u00e1sa, melyek f\u00f3kusz\u00e1ban a gyermekvesz\u00e9lyeztet\u00e9s fenn\u00e1ll az adott helyzet felder\u00edt\u00e9s\u00e9t k\u00f6vet\u0151en sz\u00fcks\u00e9g eset\u00e9n a Csal\u00e1d- \u00e9s Gyermekj\u00f3l\u00e9ti K\u00f6zpont munkat\u00e1rsaival egy\u00fcttm\u0171k\u00f6dve dolgozik tov\u00e1bb seg\u00edt\u0151nk az \u00fcgyfel\u00e9vel. Az ilyen esetek felt\u00e1r\u00e1sa \u00e9rdek\u00e9ben a Szolg\u00e1lat jelz\u0151rendszert m\u0171k\u00f6dtet, \u00e9s a be\u00e9rkez\u0151 jelz\u00e9sekre azonnal reag\u00e1l. A Szolg\u00e1lat k\u00f6zvet\u00edti \u00fcgyfeleik sz\u00e1m\u00e1ra azokat az alapell\u00e1t\u00e1s keret\u00e9ben ny\u00fajtott szolg\u00e1ltat\u00e1sokat is melyek a Hum\u00e1n Szolg\u00e1ltat\u00f3 integr\u00e1lts\u00e1ga ok\u00e1n a ker\u00fcletben \u201eh\u00e1zon bel\u00fcl\u201d el\u00e9rhet\u0151, illetve sz\u00e1m\u00e1ra megold\u00e1st jelenthet pl.: gyermekek \u00e1tmeneti otthon\u00e1ban, csal\u00e1dok \u00e1tmeneti otthon\u00e1ban val\u00f3 elhelyez\u00e9s, helyettes sz\u00fcl\u0151i ell\u00e1t\u00e1s. Csal\u00e1d- \u00e9s Gyermekj\u00f3l\u00e9ti Szolg\u00e1latunkban a gondoz\u00e1st \u00e9s korrekt\u00edv jelleg\u0171 szolg\u00e1ltat\u00e1st v\u00e9gz\u0151 csal\u00e1dseg\u00edt\u0151 \u00e9s esetmenedzser szakemberek v\u00e9gzik tev\u00e9kenys\u00e9g\u00fcket. Feladatuk a gyermekek testi, lelki eg\u00e9szs\u00e9g\u00e9nek, csal\u00e1dban t\u00f6rt\u00e9n\u0151 nevel\u00e9s\u00e9nek el\u0151seg\u00edt\u00e9se, a gyermek vesz\u00e9lyeztetetts\u00e9g\u00e9nek megel\u0151z\u00e9se, a m\u00e1r kialakult vesz\u00e9lyeztetetts\u00e9g megsz\u00fcntet\u00e9se, valamint a csal\u00e1dj\u00e1b\u00f3l kiemelt gyermek visszahelyez\u00e9s\u00e9nek el\u0151seg\u00edt\u00e9se, tov\u00e1bb\u00e1 az \u00f6njog\u00fa \u00fcgyfeleket t\u00e1mogat\u00f3 szoci\u00e1lis seg\u00edt\u0151munka biztos\u00edt\u00e1sa. A Csal\u00e1d- \u00e9s Gyermekj\u00f3l\u00e9ti Szolg\u00e1latunkban a gondoz\u00e1st \u00e9s korrekt\u00edv jelleg\u0171 szolg\u00e1ltat\u00e1st v\u00e9gz\u0151 csal\u00e1dseg\u00edt\u0151 \u00e9s esetmenedzser szakemberek v\u00e9gzik.\u00a0Feladatuk a gyermekek testi, lelki eg\u00e9szs\u00e9g\u00e9nek, csal\u00e1dban t\u00f6rt\u00e9n\u0151 nevel\u00e9s\u00e9nek el\u0151seg\u00edt\u00e9se, a gyermek vesz\u00e9lyeztetetts\u00e9g\u00e9nek megel\u0151z\u00e9se, a m\u00e1r kialakult vesz\u00e9lyeztetetts\u00e9g megsz\u00fcntet\u00e9se, valamint a csal\u00e1dj\u00e1b\u00f3l kiemelt gyermek visszahelyez\u00e9s\u00e9nek el\u0151seg\u00edt\u00e9se, tov\u00e1bb\u00e1 az \u00f6njog\u00fa \u00fcgyfeleket t\u00e1mogat\u00f3 szoci\u00e1lis seg\u00edt\u0151munka biztos\u00edt\u00e1sa. Int\u00e9zm\u00e9ny\u00fcnk jogi \u00e9s pszichol\u00f3giai tan\u00e1csad\u00e1st ny\u00fajt a ker\u00fcleti lakosok sz\u00e1m\u00e1ra, a szolg\u00e1ltat\u00e1sok mindk\u00e9t telephelyen ig\u00e9nybe vehet\u0151ek, el\u0151zetes id\u0151pont egyeztet\u00e9st k\u00f6vet\u0151en. Nyitvatart\u00e1si rend h\u00e9tf\u0151: 13:00 \u2013 18:00 \u00f3r\u00e1ig kedd: 8:00 &#8211; 18:00 \u00f3r\u00e1ig szerda: 8:00 &#8211; 18:00 \u00f3r\u00e1ig cs\u00fct\u00f6rt\u00f6k: 8:00 &#8211; 18:00 \u00f3r\u00e1ig p\u00e9ntek: 8:00 \u2013 13:00 \u00f3r\u00e1ig \u00dcgyf\u00e9lfogad\u00e1si rend h\u00e9tf\u0151: 13.00 \u2013 17.30 \u00f3r\u00e1igkedd-cs\u00fct\u00f6rt\u00f6k: 8.00 \u2013 17.30 \u00f3r\u00e1igp\u00e9ntek: 8.00 \u2013 12.30 \u00f3r\u00e1ig\u00a0\u00a0\u00a0\u00a0\u00a0 A nyitvatart\u00e1si id\u0151n t\u00fal h\u00edvhat\u00f3\u00a0k\u00e9szenl\u00e9ti telefon sz\u00e1ma: 06\/30\/525-5638. El\u00e9rhet\u0151s\u00e9gek: 1074 Budapest, Hutyra Ferenc utca 11-15. (bej\u00e1rat a Rottenbiller u. 32. fel\u0151l) +36 1 352 8672 gyermekjoletiszolgalat@bjhuman.hu<\/p>\n","protected":false},"author":2,"featured_media":0,"parent":0,"menu_order":0,"comment_status":"closed","ping_status":"closed","template":"","meta":{"footnotes":""},"class_list":["post-853","page","type-page","status-publish","hentry"],"rttpg_featured_image_url":null,"rttpg_author":{"display_name":"krisztina","author_link":"https:\/\/bjhuman.hu\/index.php\/author\/krisztina\/"},"rttpg_comment":0,"rttpg_category":null,"rttpg_excerpt":"A Csal\u00e1d- \u00e9s Gyermekj\u00f3l\u00e9ti Szolg\u00e1lat szakmai egys\u00e9g ell\u00e1tja a Gyermekv\u00e9delmi t\u00f6rv\u00e9nyben, valamint a Szoci\u00e1lis t\u00f6rv\u00e9nyben meghat\u00e1rozott feladatokat a szem\u00e9lyes gondoskod\u00e1st ny\u00fajt\u00f3 szolg\u00e1ltat\u00e1sok vonatkoz\u00e1s\u00e1ban: Sokf\u00e9le probl\u00e9ma ad\u00f3dhat az ember \u00e9lete sor\u00e1n, mely ak\u00e1r \u00e9letszakaszunkt\u00f3l f\u00fcgg\u0151en befoly\u00e1solhatja azokra val\u00f3 reag\u00e1l\u00e1sunkat \u00e9s lehet egyszer m\u00e1r siker\u00fclt megoldanunk egy helyzetet, de m\u00e1skor seg\u00edts\u00e9gre szorulunk annak kezel\u00e9s\u00e9re. B\u00e1rkin\u00e9l felmer\u00fclhet neh\u00e9zs\u00e9g,&hellip;","_links":{"self":[{"href":"https:\/\/bjhuman.hu\/index.php\/wp-json\/wp\/v2\/pages\/853","targetHints":{"allow":["GET"]}}],"collection":[{"href":"https:\/\/bjhuman.hu\/index.php\/wp-json\/wp\/v2\/pages"}],"about":[{"href":"https:\/\/bjhuman.hu\/index.php\/wp-json\/wp\/v2\/types\/page"}],"author":[{"embeddable":true,"href":"https:\/\/bjhuman.hu\/index.php\/wp-json\/wp\/v2\/users\/2"}],"replies":[{"embeddable":true,"href":"https:\/\/bjhuman.hu\/index.php\/wp-json\/wp\/v2\/comments?post=853"}],"version-history":[{"count":35,"href":"https:\/\/bjhuman.hu\/index.php\/wp-json\/wp\/v2\/pages\/853\/revisions"}],"predecessor-version":[{"id":13324,"href":"https:\/\/bjhuman.hu\/index.php\/wp-json\/wp\/v2\/pages\/853\/revisions\/13324"}],"wp:attachment":[{"href":"https:\/\/bjhuman.hu\/index.php\/wp-json\/wp\/v2\/media?parent=853"}],"curies":[{"name":"wp","href":"https:\/\/api.w.org\/{rel}","templated":true}]}}