{"id":727,"date":"2023-08-03T13:12:34","date_gmt":"2023-08-03T13:12:34","guid":{"rendered":"https:\/\/dev.bjhuman.hu\/?page_id=727"},"modified":"2023-08-04T09:20:19","modified_gmt":"2023-08-04T09:20:19","slug":"jatszocsoport","status":"publish","type":"page","link":"https:\/\/bjhuman.hu\/index.php\/jatszocsoport\/","title":{"rendered":"J\u00e1tsz\u00f3csoport"},"content":{"rendered":"\t\t<div data-elementor-type=\"wp-page\" data-elementor-id=\"727\" class=\"elementor elementor-727\">\n\t\t\t\t\t\t<section class=\"elementor-section elementor-top-section elementor-element elementor-element-015d4b3 elementor-section-boxed elementor-section-height-default elementor-section-height-default wpr-particle-no wpr-jarallax-no wpr-parallax-no wpr-sticky-section-no wpr-equal-height-no\" data-id=\"015d4b3\" data-element_type=\"section\" data-e-type=\"section\">\n\t\t\t\t\t\t<div class=\"elementor-container elementor-column-gap-default\">\n\t\t\t\t\t<div class=\"elementor-column elementor-col-100 elementor-top-column elementor-element elementor-element-e45ba0f\" data-id=\"e45ba0f\" data-element_type=\"column\" data-e-type=\"column\">\n\t\t\t<div class=\"elementor-widget-wrap elementor-element-populated\">\n\t\t\t\t\t\t<div class=\"elementor-element elementor-element-ab4813b elementor-widget elementor-widget-text-editor\" data-id=\"ab4813b\" data-element_type=\"widget\" data-e-type=\"widget\" data-widget_type=\"text-editor.default\">\n\t\t\t\t<div class=\"elementor-widget-container\">\n\t\t\t\t\t\t\t\t\t<p><span style=\"font-size: 10.5pt; line-height: 107%; font-family: 'Arial',sans-serif; mso-fareast-font-family: 'Times New Roman'; color: #333333; letter-spacing: .15pt; mso-ansi-language: HU; mso-fareast-language: HU; mso-bidi-language: AR-SA;\">A J\u00e1tsz\u00f3csoport a L\u00f6v\u00f6lde B\u00f6lcs\u0151d\u00e9ben a P\u00f6tt\u00f6m klubban\u00a0h\u00e9tf\u0151i napokon, a d\u00e9lel\u0151tti \u00f3r\u00e1kban vehet\u0151 ig\u00e9nybe, el\u0151zetes bejelentkez\u00e9s ut\u00e1n.<br \/>A j\u00e1tsz\u00f3csoportban a sz\u00fcl\u0151k \u00e9s gyermekeik egy\u00fctt j\u00e1tszanak, ismerkednek m\u00e1s sz\u00fcl\u0151kkel \u00e9s gyermekekkel. Itt lehet\u0151s\u00e9g van a gyermekek sz\u00e1m\u00e1ra a t\u00e1rsas\u00e1gi \u00e9let szok\u00e1sainak elsaj\u00e1t\u00edt\u00e1s\u00e1ra, a t\u00e1rsakkal val\u00f3 k\u00f6z\u00f6s j\u00e1t\u00e9k megismer\u00e9s\u00e9re. A gyermekek kipr\u00f3b\u00e1lhatj\u00e1k az alkot\u00f3, a k\u00e9z\u00fcgyess\u00e9get, a gondolkod\u00e1st \u00e9s a mozg\u00e1st fejleszt\u0151 j\u00e1t\u00e9kainkat. A sz\u00fcl\u0151k a kisgyermeknevel\u0151kt\u0151l tan\u00e1csot kaphatnak gyermeknevel\u00e9ssel kapcsolatos k\u00e9rd\u00e9seikre is.<br \/><b>A szolg\u00e1ltat\u00e1s d\u00edja 533.- Ft\/megkezdett \u00f3ra.<\/b>\u00a0A szolg\u00e1ltat\u00e1s d\u00edj\u00e1t t\u00e1voz\u00e1skor a kisgyermeknevel\u0151kn\u00e9l kell fizetni.<br \/><!--[endif]--><\/span><\/p>\t\t\t\t\t\t\t\t<\/div>\n\t\t\t\t<\/div>\n\t\t\t\t\t<\/div>\n\t\t<\/div>\n\t\t\t\t\t<\/div>\n\t\t<\/section>\n\t\t\t\t<section class=\"elementor-section elementor-top-section elementor-element elementor-element-ffeb3b0 elementor-section-boxed elementor-section-height-default elementor-section-height-default wpr-particle-no wpr-jarallax-no wpr-parallax-no wpr-sticky-section-no wpr-equal-height-no\" data-id=\"ffeb3b0\" data-element_type=\"section\" data-e-type=\"section\">\n\t\t\t\t\t\t<div class=\"elementor-container elementor-column-gap-default\">\n\t\t\t\t\t<div class=\"elementor-column elementor-col-100 elementor-top-column elementor-element elementor-element-98573f0\" data-id=\"98573f0\" data-element_type=\"column\" data-e-type=\"column\">\n\t\t\t<div class=\"elementor-widget-wrap elementor-element-populated\">\n\t\t\t\t\t\t<div class=\"elementor-element elementor-element-5346bc6 elementor-icon-list--layout-traditional elementor-list-item-link-full_width elementor-widget elementor-widget-icon-list\" data-id=\"5346bc6\" data-element_type=\"widget\" data-e-type=\"widget\" data-widget_type=\"icon-list.default\">\n\t\t\t\t<div class=\"elementor-widget-container\">\n\t\t\t\t\t\t\t<ul class=\"elementor-icon-list-items\">\n\t\t\t\t\t\t\t<li class=\"elementor-icon-list-item\">\n\t\t\t\t\t\t\t\t\t\t\t<span class=\"elementor-icon-list-icon\">\n\t\t\t\t\t\t\t<i aria-hidden=\"true\" class=\"fas fa-map-marker-alt\"><\/i>\t\t\t\t\t\t<\/span>\n\t\t\t\t\t\t\t\t\t\t<span class=\"elementor-icon-list-text\">1071 Budapest, L\u00f6v\u00f6lde t\u00e9r 1.<\/span>\n\t\t\t\t\t\t\t\t\t<\/li>\n\t\t\t\t\t\t\t\t<li class=\"elementor-icon-list-item\">\n\t\t\t\t\t\t\t\t\t\t\t<span class=\"elementor-icon-list-icon\">\n\t\t\t\t\t\t\t<i aria-hidden=\"true\" class=\"fas fa-phone-alt\"><\/i>\t\t\t\t\t\t<\/span>\n\t\t\t\t\t\t\t\t\t\t<span class=\"elementor-icon-list-text\">+36-30-525-5622<\/span>\n\t\t\t\t\t\t\t\t\t<\/li>\n\t\t\t\t\t\t\t\t<li class=\"elementor-icon-list-item\">\n\t\t\t\t\t\t\t\t\t\t<span class=\"elementor-icon-list-text\"><\/span>\n\t\t\t\t\t\t\t\t\t<\/li>\n\t\t\t\t\t\t<\/ul>\n\t\t\t\t\t\t<\/div>\n\t\t\t\t<\/div>\n\t\t\t\t\t<\/div>\n\t\t<\/div>\n\t\t\t\t\t<\/div>\n\t\t<\/section>\n\t\t\t\t<section class=\"elementor-section elementor-top-section elementor-element elementor-element-5161ec7 elementor-section-boxed elementor-section-height-default elementor-section-height-default wpr-particle-no wpr-jarallax-no wpr-parallax-no wpr-sticky-section-no wpr-equal-height-no\" data-id=\"5161ec7\" data-element_type=\"section\" data-e-type=\"section\">\n\t\t\t\t\t\t<div class=\"elementor-container elementor-column-gap-default\">\n\t\t\t\t\t<div class=\"elementor-column elementor-col-100 elementor-top-column elementor-element elementor-element-37d38dd\" data-id=\"37d38dd\" data-element_type=\"column\" data-e-type=\"column\">\n\t\t\t<div class=\"elementor-widget-wrap\">\n\t\t\t\t\t\t\t<\/div>\n\t\t<\/div>\n\t\t\t\t\t<\/div>\n\t\t<\/section>\n\t\t\t\t<section class=\"elementor-section elementor-top-section elementor-element elementor-element-cee932b elementor-section-boxed elementor-section-height-default elementor-section-height-default wpr-particle-no wpr-jarallax-no wpr-parallax-no wpr-sticky-section-no wpr-equal-height-no\" data-id=\"cee932b\" data-element_type=\"section\" data-e-type=\"section\">\n\t\t\t\t\t\t<div class=\"elementor-container elementor-column-gap-default\">\n\t\t\t\t\t<div class=\"elementor-column elementor-col-100 elementor-top-column elementor-element elementor-element-9991454\" data-id=\"9991454\" data-element_type=\"column\" data-e-type=\"column\">\n\t\t\t<div class=\"elementor-widget-wrap elementor-element-populated\">\n\t\t\t\t\t\t<div class=\"elementor-element elementor-element-a4709fc elementor-widget elementor-widget-google_maps\" data-id=\"a4709fc\" data-element_type=\"widget\" data-e-type=\"widget\" data-widget_type=\"google_maps.default\">\n\t\t\t\t<div class=\"elementor-widget-container\">\n\t\t\t\t\t\t\t<div class=\"elementor-custom-embed\">\n\t\t\t<iframe loading=\"lazy\"\n\t\t\t\t\tsrc=\"https:\/\/maps.google.com\/maps?q=1071%20Budapest%2C%20L%C3%B6v%C3%B6lde%20t%C3%A9r%201.&#038;t=m&#038;z=16&#038;output=embed&#038;iwloc=near\"\n\t\t\t\t\ttitle=\"1071 Budapest, L\u00f6v\u00f6lde t\u00e9r 1.\"\n\t\t\t\t\taria-label=\"1071 Budapest, L\u00f6v\u00f6lde t\u00e9r 1.\"\n\t\t\t><\/iframe>\n\t\t<\/div>\n\t\t\t\t\t\t<\/div>\n\t\t\t\t<\/div>\n\t\t\t\t\t<\/div>\n\t\t<\/div>\n\t\t\t\t\t<\/div>\n\t\t<\/section>\n\t\t\t\t<\/div>\n\t\t","protected":false},"excerpt":{"rendered":"<p>A J\u00e1tsz\u00f3csoport a L\u00f6v\u00f6lde B\u00f6lcs\u0151d\u00e9ben a P\u00f6tt\u00f6m klubban\u00a0h\u00e9tf\u0151i napokon, a d\u00e9lel\u0151tti \u00f3r\u00e1kban vehet\u0151 ig\u00e9nybe, el\u0151zetes bejelentkez\u00e9s ut\u00e1n.A j\u00e1tsz\u00f3csoportban a sz\u00fcl\u0151k \u00e9s gyermekeik egy\u00fctt j\u00e1tszanak, ismerkednek m\u00e1s sz\u00fcl\u0151kkel \u00e9s gyermekekkel. Itt lehet\u0151s\u00e9g van a gyermekek sz\u00e1m\u00e1ra a t\u00e1rsas\u00e1gi \u00e9let szok\u00e1sainak elsaj\u00e1t\u00edt\u00e1s\u00e1ra, a t\u00e1rsakkal val\u00f3 k\u00f6z\u00f6s j\u00e1t\u00e9k megismer\u00e9s\u00e9re. A gyermekek kipr\u00f3b\u00e1lhatj\u00e1k az alkot\u00f3, a k\u00e9z\u00fcgyess\u00e9get, a gondolkod\u00e1st \u00e9s a mozg\u00e1st fejleszt\u0151 j\u00e1t\u00e9kainkat. A sz\u00fcl\u0151k a kisgyermeknevel\u0151kt\u0151l tan\u00e1csot kaphatnak gyermeknevel\u00e9ssel kapcsolatos k\u00e9rd\u00e9seikre is.A szolg\u00e1ltat\u00e1s d\u00edja 533.- Ft\/megkezdett \u00f3ra.\u00a0A szolg\u00e1ltat\u00e1s d\u00edj\u00e1t t\u00e1voz\u00e1skor a kisgyermeknevel\u0151kn\u00e9l kell fizetni. 1071 Budapest, L\u00f6v\u00f6lde t\u00e9r 1. +36-30-525-5622<\/p>\n","protected":false},"author":2,"featured_media":0,"parent":0,"menu_order":0,"comment_status":"closed","ping_status":"closed","template":"","meta":{"footnotes":""},"class_list":["post-727","page","type-page","status-publish","hentry"],"rttpg_featured_image_url":null,"rttpg_author":{"display_name":"krisztina","author_link":"https:\/\/bjhuman.hu\/index.php\/author\/krisztina\/"},"rttpg_comment":0,"rttpg_category":null,"rttpg_excerpt":"A J\u00e1tsz\u00f3csoport a L\u00f6v\u00f6lde B\u00f6lcs\u0151d\u00e9ben a P\u00f6tt\u00f6m klubban\u00a0h\u00e9tf\u0151i napokon, a d\u00e9lel\u0151tti \u00f3r\u00e1kban vehet\u0151 ig\u00e9nybe, el\u0151zetes bejelentkez\u00e9s ut\u00e1n.A j\u00e1tsz\u00f3csoportban a sz\u00fcl\u0151k \u00e9s gyermekeik egy\u00fctt j\u00e1tszanak, ismerkednek m\u00e1s sz\u00fcl\u0151kkel \u00e9s gyermekekkel. Itt lehet\u0151s\u00e9g van a gyermekek sz\u00e1m\u00e1ra a t\u00e1rsas\u00e1gi \u00e9let szok\u00e1sainak elsaj\u00e1t\u00edt\u00e1s\u00e1ra, a t\u00e1rsakkal val\u00f3 k\u00f6z\u00f6s j\u00e1t\u00e9k megismer\u00e9s\u00e9re. A gyermekek kipr\u00f3b\u00e1lhatj\u00e1k az alkot\u00f3, a k\u00e9z\u00fcgyess\u00e9get, a gondolkod\u00e1st&hellip;","_links":{"self":[{"href":"https:\/\/bjhuman.hu\/index.php\/wp-json\/wp\/v2\/pages\/727","targetHints":{"allow":["GET"]}}],"collection":[{"href":"https:\/\/bjhuman.hu\/index.php\/wp-json\/wp\/v2\/pages"}],"about":[{"href":"https:\/\/bjhuman.hu\/index.php\/wp-json\/wp\/v2\/types\/page"}],"author":[{"embeddable":true,"href":"https:\/\/bjhuman.hu\/index.php\/wp-json\/wp\/v2\/users\/2"}],"replies":[{"embeddable":true,"href":"https:\/\/bjhuman.hu\/index.php\/wp-json\/wp\/v2\/comments?post=727"}],"version-history":[{"count":10,"href":"https:\/\/bjhuman.hu\/index.php\/wp-json\/wp\/v2\/pages\/727\/revisions"}],"predecessor-version":[{"id":762,"href":"https:\/\/bjhuman.hu\/index.php\/wp-json\/wp\/v2\/pages\/727\/revisions\/762"}],"wp:attachment":[{"href":"https:\/\/bjhuman.hu\/index.php\/wp-json\/wp\/v2\/media?parent=727"}],"curies":[{"name":"wp","href":"https:\/\/api.w.org\/{rel}","templated":true}]}}