{"id":715,"date":"2023-08-03T13:06:34","date_gmt":"2023-08-03T13:06:34","guid":{"rendered":"https:\/\/dev.bjhuman.hu\/?page_id=715"},"modified":"2026-01-15T14:00:20","modified_gmt":"2026-01-15T12:00:20","slug":"picur-klub","status":"publish","type":"page","link":"https:\/\/bjhuman.hu\/index.php\/picur-klub\/","title":{"rendered":"Pic\u00far klub"},"content":{"rendered":"\t\t<div data-elementor-type=\"wp-page\" data-elementor-id=\"715\" class=\"elementor elementor-715\">\n\t\t\t\t\t\t<section class=\"elementor-section elementor-top-section elementor-element elementor-element-4ea41b3 elementor-section-boxed elementor-section-height-default elementor-section-height-default wpr-particle-no wpr-jarallax-no wpr-parallax-no wpr-sticky-section-no\" data-id=\"4ea41b3\" data-element_type=\"section\" data-e-type=\"section\">\n\t\t\t\t\t\t<div class=\"elementor-container elementor-column-gap-default\">\n\t\t\t\t\t<div class=\"elementor-column elementor-col-100 elementor-top-column elementor-element elementor-element-56af169\" data-id=\"56af169\" data-element_type=\"column\" data-e-type=\"column\">\n\t\t\t<div class=\"elementor-widget-wrap elementor-element-populated\">\n\t\t\t\t\t\t<div class=\"elementor-element elementor-element-2e4d1a6 elementor-widget elementor-widget-text-editor\" data-id=\"2e4d1a6\" data-element_type=\"widget\" data-e-type=\"widget\" data-widget_type=\"text-editor.default\">\n\t\t\t\t<div class=\"elementor-widget-container\">\n\t\t\t\t\t\t\t\t\t<p><strong>Id\u0151szakos gyermekfel\u00fcgyelet a Dob B\u00f6lcs\u0151d\u00e9ben \u2013 megl\u00e9v\u0151 csoportokban, \u00fcres f\u00e9r\u0151helyek f\u00fcggv\u00e9ny\u00e9ben<\/strong><\/p><p>A szolg\u00e1ltat\u00e1s c\u00e9lja,hogy a Gyesen, Gyeden l\u00e9v\u0151, akt\u00edv keres\u0151 tev\u00e9kenys\u00e9get nem v\u00e9gz\u0151 \u00e9desany\u00e1k el tudj\u00e1k az \u00fcgyeiket int\u00e9zni an\u00e9lk\u00fcl, hogy a kisgyermeket magukkal kelljen vinni a hivatalokba, \u00e1ruh\u00e1zba, vagy ak\u00e1r csak elmenjenek a fodr\u00e1szhoz, kozmetikushoz. A munkakeres\u00e9si peri\u00f3dusban szabadon eljussanak \u00e1ll\u00e1sinterj\u00fara, beiratkozhassanak egy tanfolyamra, stb.<\/p><p>B\u00edzunk benne, hogy szolg\u00e1ltat\u00e1sunkkal seg\u00edthetj\u00fck a ker\u00fcleti Csal\u00e1dokat, \u00e9s a szolg\u00e1ltat\u00e1sban r\u00e9sztvev\u0151 kisgyermekek fejl\u0151d\u00e9s\u00e9t, szocializ\u00e1ci\u00f3j\u00e1t is t\u00e1mogathatjuk.<\/p><p><strong>Programjaink<\/strong><\/p><p><em><span style=\"text-decoration: underline;\">H\u00e9tf\u0151 \u2013 Mese d\u00e9lel\u0151tt<\/span><br \/><\/em>Mese hallgat\u00e1s, el\u0151ad\u00e1s, b\u00e1bj\u00e1t\u00e9k, szerepj\u00e1t\u00e9k, diavet\u00edt\u00e9s.<\/p><p>A mes\u00e9nek jelent\u0151s szerepe van a gyermekek \u00e9rtelmi \u00e9s \u00e9rzelmi fejl\u0151d\u00e9s\u00e9ben. \u00c9lm\u00e9nyt adnak, sz\u00f3rakoztatnak \u00e9s jelent\u0151s r\u00e9szben nevelnek is. Tan\u00edtanak az \u00e9letr\u0151l, \u00e9rzelmi kapaszkod\u00f3kat ny\u00fajtanak \u00e9s seg\u00edtik a sz\u00f3kincs, szem\u00e9lyis\u00e9g fejl\u0151d\u00e9s\u00e9t.<\/p><p><em><span style=\"text-decoration: underline;\">Kedd \u2013 Kreat\u00edv, k\u00e9zm\u0171ves d\u00e9lel\u0151tt<\/span><br \/><\/em>Fest\u00e9s-ragaszt\u00e1s-hajtogat\u00e1s-sz\u00ednez\u00e9s-rajzol\u00e1s-gyurm\u00e1z\u00e1s-kr\u00e9t\u00e1z\u00e1s a szabadban<\/p><p>A kreat\u00edv foglalkoz\u00e1s, m\u00e1sn\u00e9ven \u201ealkot\u00f3 gondolkod\u00e1s\u201d, hiszen az \u00e9letben sz\u00e1mtalanszor ad\u00f3dik olyan helyzet, amikor a kreativit\u00e1sunkra van sz\u00fcks\u00e9g a probl\u00e9ma megold\u00e1s\u00e1hoz. A gyerek is az alkot\u00e1s folyamat\u00e1ban a kreativit\u00e1st haszn\u00e1lja. Min\u00e9l kreat\u00edvabb\u00e1 v\u00e1lik ann\u00e1l egyedibb dolgokat hozhat l\u00e9tre. \u00c9vszakhoz, \u00fcnnepekhez, hagyom\u00e1nyokhoz tervezz\u00fck a foglalkoz\u00e1sok t\u00e9m\u00e1j\u00e1t. Az alkot\u00e1s fejleszti a vizu\u00e1lis eml\u00e9kezetet, szem-k\u00e9z koordin\u00e1ci\u00f3t, finommotorikus mozg\u00e1st \u00e9s a koncentr\u00e1ci\u00f3t. \u00c9szlel\u00e9s, tapint\u00e1s, form\u00e1k megismer\u00e9se.<\/p><p><em><span style=\"text-decoration: underline;\">Szerda- Mocorg\u00f3 d\u00e9lel\u0151tt<\/span><br \/><\/em>Gyermek torna zen\u00e9s-mond\u00f3k\u00e1s j\u00e1t\u00e9kos mozg\u00e1s. Mozg\u00e1sfejleszt\u0151 tev\u00e9kenys\u00e9gek, Testtudat fejleszt\u00e9s, a tapint\u00e1s, mozg\u00e1s\u00e9rz\u00e9kel\u00e9s, \u00e9rint\u00e9s \u00e9s egyens\u00faly\u00e9rz\u00e9k, az lapmozg\u00e1sok koordin\u00e1ci\u00f3ja, a t\u00e9ri t\u00e1j\u00e9koz\u00f3d\u00e1s fejleszt\u00e9se.<\/p><p><em><span style=\"text-decoration: underline;\">Cs\u00fct\u00f6rt\u00f6k Zeng\u0151-bong\u00f3<\/span><br \/><\/em>Zen\u00e9s-t\u00e1ncos, j\u00e1t\u00e9kos foglalkoz\u00e1s \u2013 Hangszerekkel ismerked\u00e9s- n\u00e9pt\u00e1nc, \u00e9nek, zene. Ritmus, ritmikus mozg\u00e1s, hall\u00e1s, mozg\u00e1sk\u00e9szs\u00e9g fejleszt\u00e9se, koncentr\u00e1ci\u00f3. Form\u00e1lja az \u00e9rtelmet \u00e9s az \u00e9rzelmeket, t\u00f6k\u00e9letes\u00edti a mozg\u00e1st, \u00e9szlel\u00e9st.\u00a0 A zene sz\u00e1mos lehet\u0151s\u00e9get ny\u00fajt a fejl\u0151d\u00e9shez.<\/p><ul><li>a ritmus jav\u00edtja a figyelmet, koncentr\u00e1ci\u00f3t<\/li><li>a dallam form\u00e1lja az \u00e9rzelmi vil\u00e1got<\/li><li>a hangsz\u00edn \u00e9s a hanger\u0151 a hall\u00e1st fejleszti.<\/li><\/ul><p><em><span style=\"text-decoration: underline;\">P\u00e9ntek anyanyelvi nevel\u00e9s &#8211; S\u00f3ter\u00e1pia<\/span><br \/><\/em>J\u00e1t\u00e9k a s\u00f3szob\u00e1ban &#8211; A vers \u00e9s mese, mond\u00f3k\u00e1k \u00e9s dalok a b\u00f6lcs\u0151d\u00e9s kor\u00fa gyermek anyanyelvi nevel\u00e9s\u00e9nek semmi m\u00e1ssal nem p\u00f3tolhat\u00f3 lehet\u0151s\u00e9ge. El\u0151seg\u00edtik a fant\u00e1zia sz\u00ednesed\u00e9s\u00e9t, a gondolkod\u00e1s \u00e9s besz\u00e9d fejl\u0151d\u00e9s\u00e9t.<\/p><p>A foglalkoz\u00e1sokon val\u00f3 r\u00e9szv\u00e9tel nem k\u00f6telez\u0151, ha a gyermek nem szeretne r\u00e9szt venni, j\u00e1tszhat kedve szerint. Rugalmasan \u00e1llunk a napirendhez a gyermek pillanatnyi ig\u00e9nyeihez igazodva.<\/p>\t\t\t\t\t\t\t\t<\/div>\n\t\t\t\t<\/div>\n\t\t\t\t\t<\/div>\n\t\t<\/div>\n\t\t\t\t\t<\/div>\n\t\t<\/section>\n\t\t\t\t<section class=\"elementor-section elementor-top-section elementor-element elementor-element-93b276f elementor-section-boxed elementor-section-height-default elementor-section-height-default wpr-particle-no wpr-jarallax-no wpr-parallax-no wpr-sticky-section-no\" data-id=\"93b276f\" data-element_type=\"section\" data-e-type=\"section\">\n\t\t\t\t\t\t<div class=\"elementor-container elementor-column-gap-default\">\n\t\t\t\t\t<div class=\"elementor-column elementor-col-100 elementor-top-column elementor-element elementor-element-665f22d\" data-id=\"665f22d\" data-element_type=\"column\" data-e-type=\"column\">\n\t\t\t<div class=\"elementor-widget-wrap elementor-element-populated\">\n\t\t\t\t\t\t<div class=\"elementor-element elementor-element-4472536 elementor-widget elementor-widget-image\" data-id=\"4472536\" data-element_type=\"widget\" data-e-type=\"widget\" data-widget_type=\"image.default\">\n\t\t\t\t<div class=\"elementor-widget-container\">\n\t\t\t\t\t\t\t\t\t\t\t\t\t\t\t<img fetchpriority=\"high\" decoding=\"async\" width=\"768\" height=\"542\" src=\"https:\/\/bjhuman.hu\/wp-content\/uploads\/2024\/09\/Picur-klub-768x542.jpg\" class=\"attachment-medium_large size-medium_large wp-image-9266\" alt=\"\" srcset=\"https:\/\/bjhuman.hu\/wp-content\/uploads\/2024\/09\/Picur-klub-768x542.jpg 768w, https:\/\/bjhuman.hu\/wp-content\/uploads\/2024\/09\/Picur-klub-300x212.jpg 300w, https:\/\/bjhuman.hu\/wp-content\/uploads\/2024\/09\/Picur-klub-1024x723.jpg 1024w, https:\/\/bjhuman.hu\/wp-content\/uploads\/2024\/09\/Picur-klub-1536x1085.jpg 1536w, https:\/\/bjhuman.hu\/wp-content\/uploads\/2024\/09\/Picur-klub-2048x1446.jpg 2048w, https:\/\/bjhuman.hu\/wp-content\/uploads\/2024\/09\/Picur-klub-1200x848.jpg 1200w\" sizes=\"(max-width: 768px) 85vw, 768px\" \/>\t\t\t\t\t\t\t\t\t\t\t\t\t\t\t<\/div>\n\t\t\t\t<\/div>\n\t\t\t\t<div class=\"elementor-element elementor-element-5a5af8f elementor-widget elementor-widget-text-editor\" data-id=\"5a5af8f\" data-element_type=\"widget\" data-e-type=\"widget\" data-widget_type=\"text-editor.default\">\n\t\t\t\t<div class=\"elementor-widget-container\">\n\t\t\t\t\t\t\t\t\t<p>Az id\u0151szakos gyermekfel\u00fcgyelet \u2013 Pic\u00far klub a sz\u00fcl\u0151 elfoglalts\u00e1ga idej\u00e9re, heti 3 alkalommal, reggel 7 \u00f3ra \u00e9s d\u00e9lut\u00e1n 16 \u00f3ra k\u00f6z\u00f6tt vehet\u0151 ig\u00e9nybe.<\/p><p>A szolg\u00e1ltat\u00e1shoz kapcsol\u00f3d\u00f3 \u00e9tkez\u00e9s d\u00edj\u00e1t a mindenkori hat\u00e1lyos \u00f6nkorm\u00e1nyzati rendelet \u00e1llap\u00edtja meg.<\/p><p>Budapest F\u0151v\u00e1ros VII. ker\u00fclet Erzs\u00e9betv\u00e1ros \u00d6nkorm\u00e1nyzat K\u00e9pvisel\u0151-test\u00fclet\u00e9nek d\u00f6nt\u00e9se \u00e9rtelm\u00e9ben az id\u0151szakos gyermekfel\u00fcgyelet d\u00edja jelenleg <strong>800.- Ft\/minden megkezdett<\/strong> \u00f3ra.<\/p><p>Szeretettel v\u00e1runk a PIC\u00daR klubban!<\/p><p>Dob B\u00f6lcs\u0151de \u2013 Pic\u00far klub<br \/>1074 Budapest, Dob utca 23.<\/p><p>Bejelentkez\u00e9s \u00e9s tov\u00e1bbi inform\u00e1ci\u00f3k:<br \/>+36 1 321 2577<br \/><a href=\"mailto:dob.bolcsode@bjhuman.hu\">dob.bolcsode@bjhuman.hu<\/a><\/p>\t\t\t\t\t\t\t\t<\/div>\n\t\t\t\t<\/div>\n\t\t\t\t\t<\/div>\n\t\t<\/div>\n\t\t\t\t\t<\/div>\n\t\t<\/section>\n\t\t\t\t<section class=\"elementor-section elementor-top-section elementor-element elementor-element-6161068 elementor-section-boxed elementor-section-height-default elementor-section-height-default wpr-particle-no wpr-jarallax-no wpr-parallax-no wpr-sticky-section-no\" data-id=\"6161068\" data-element_type=\"section\" data-e-type=\"section\">\n\t\t\t\t\t\t<div class=\"elementor-container elementor-column-gap-default\">\n\t\t\t\t\t<div class=\"elementor-column elementor-col-100 elementor-top-column elementor-element elementor-element-a382d43\" data-id=\"a382d43\" data-element_type=\"column\" data-e-type=\"column\">\n\t\t\t<div class=\"elementor-widget-wrap elementor-element-populated\">\n\t\t\t\t\t\t<div class=\"elementor-element elementor-element-74de53c elementor-widget elementor-widget-google_maps\" data-id=\"74de53c\" data-element_type=\"widget\" data-e-type=\"widget\" data-widget_type=\"google_maps.default\">\n\t\t\t\t<div class=\"elementor-widget-container\">\n\t\t\t\t\t\t\t<div class=\"elementor-custom-embed\">\n\t\t\t<iframe loading=\"lazy\"\n\t\t\t\t\tsrc=\"https:\/\/maps.google.com\/maps?q=1074%20Budapest%2C%20Dob%20u.%2023%E2%80%8B&#038;t=m&#038;z=16&#038;output=embed&#038;iwloc=near\"\n\t\t\t\t\ttitle=\"1074 Budapest, Dob u. 23\u200b\"\n\t\t\t\t\taria-label=\"1074 Budapest, Dob u. 23\u200b\"\n\t\t\t><\/iframe>\n\t\t<\/div>\n\t\t\t\t\t\t<\/div>\n\t\t\t\t<\/div>\n\t\t\t\t\t<\/div>\n\t\t<\/div>\n\t\t\t\t\t<\/div>\n\t\t<\/section>\n\t\t\t\t<\/div>\n\t\t","protected":false},"excerpt":{"rendered":"<p>Id\u0151szakos gyermekfel\u00fcgyelet a Dob B\u00f6lcs\u0151d\u00e9ben \u2013 megl\u00e9v\u0151 csoportokban, \u00fcres f\u00e9r\u0151helyek f\u00fcggv\u00e9ny\u00e9ben A szolg\u00e1ltat\u00e1s c\u00e9lja,hogy a Gyesen, Gyeden l\u00e9v\u0151, akt\u00edv keres\u0151 tev\u00e9kenys\u00e9get nem v\u00e9gz\u0151 \u00e9desany\u00e1k el tudj\u00e1k az \u00fcgyeiket int\u00e9zni an\u00e9lk\u00fcl, hogy a kisgyermeket magukkal kelljen vinni a hivatalokba, \u00e1ruh\u00e1zba, vagy ak\u00e1r csak elmenjenek a fodr\u00e1szhoz, kozmetikushoz. A munkakeres\u00e9si peri\u00f3dusban szabadon eljussanak \u00e1ll\u00e1sinterj\u00fara, beiratkozhassanak egy tanfolyamra, stb. B\u00edzunk benne, hogy szolg\u00e1ltat\u00e1sunkkal seg\u00edthetj\u00fck a ker\u00fcleti Csal\u00e1dokat, \u00e9s a szolg\u00e1ltat\u00e1sban r\u00e9sztvev\u0151 kisgyermekek fejl\u0151d\u00e9s\u00e9t, szocializ\u00e1ci\u00f3j\u00e1t is t\u00e1mogathatjuk. Programjaink H\u00e9tf\u0151 \u2013 Mese d\u00e9lel\u0151ttMese hallgat\u00e1s, el\u0151ad\u00e1s, b\u00e1bj\u00e1t\u00e9k, szerepj\u00e1t\u00e9k, diavet\u00edt\u00e9s. A mes\u00e9nek jelent\u0151s szerepe van a gyermekek \u00e9rtelmi \u00e9s \u00e9rzelmi fejl\u0151d\u00e9s\u00e9ben. \u00c9lm\u00e9nyt adnak, sz\u00f3rakoztatnak \u00e9s jelent\u0151s r\u00e9szben nevelnek is. Tan\u00edtanak az \u00e9letr\u0151l, \u00e9rzelmi kapaszkod\u00f3kat ny\u00fajtanak \u00e9s seg\u00edtik a sz\u00f3kincs, szem\u00e9lyis\u00e9g fejl\u0151d\u00e9s\u00e9t. Kedd \u2013 Kreat\u00edv, k\u00e9zm\u0171ves d\u00e9lel\u0151ttFest\u00e9s-ragaszt\u00e1s-hajtogat\u00e1s-sz\u00ednez\u00e9s-rajzol\u00e1s-gyurm\u00e1z\u00e1s-kr\u00e9t\u00e1z\u00e1s a szabadban A kreat\u00edv foglalkoz\u00e1s, m\u00e1sn\u00e9ven \u201ealkot\u00f3 gondolkod\u00e1s\u201d, hiszen az \u00e9letben sz\u00e1mtalanszor ad\u00f3dik olyan helyzet, amikor a kreativit\u00e1sunkra van sz\u00fcks\u00e9g a probl\u00e9ma megold\u00e1s\u00e1hoz. A gyerek is az alkot\u00e1s folyamat\u00e1ban a kreativit\u00e1st haszn\u00e1lja. Min\u00e9l kreat\u00edvabb\u00e1 v\u00e1lik ann\u00e1l egyedibb dolgokat hozhat l\u00e9tre. \u00c9vszakhoz, \u00fcnnepekhez, hagyom\u00e1nyokhoz tervezz\u00fck a foglalkoz\u00e1sok t\u00e9m\u00e1j\u00e1t. Az alkot\u00e1s fejleszti a vizu\u00e1lis eml\u00e9kezetet, szem-k\u00e9z koordin\u00e1ci\u00f3t, finommotorikus mozg\u00e1st \u00e9s a koncentr\u00e1ci\u00f3t. \u00c9szlel\u00e9s, tapint\u00e1s, form\u00e1k megismer\u00e9se. Szerda- Mocorg\u00f3 d\u00e9lel\u0151ttGyermek torna zen\u00e9s-mond\u00f3k\u00e1s j\u00e1t\u00e9kos mozg\u00e1s. Mozg\u00e1sfejleszt\u0151 tev\u00e9kenys\u00e9gek, Testtudat fejleszt\u00e9s, a tapint\u00e1s, mozg\u00e1s\u00e9rz\u00e9kel\u00e9s, \u00e9rint\u00e9s \u00e9s egyens\u00faly\u00e9rz\u00e9k, az lapmozg\u00e1sok koordin\u00e1ci\u00f3ja, a t\u00e9ri t\u00e1j\u00e9koz\u00f3d\u00e1s fejleszt\u00e9se. Cs\u00fct\u00f6rt\u00f6k Zeng\u0151-bong\u00f3Zen\u00e9s-t\u00e1ncos, j\u00e1t\u00e9kos foglalkoz\u00e1s \u2013 Hangszerekkel ismerked\u00e9s- n\u00e9pt\u00e1nc, \u00e9nek, zene. Ritmus, ritmikus mozg\u00e1s, hall\u00e1s, mozg\u00e1sk\u00e9szs\u00e9g fejleszt\u00e9se, koncentr\u00e1ci\u00f3. Form\u00e1lja az \u00e9rtelmet \u00e9s az \u00e9rzelmeket, t\u00f6k\u00e9letes\u00edti a mozg\u00e1st, \u00e9szlel\u00e9st.\u00a0 A zene sz\u00e1mos lehet\u0151s\u00e9get ny\u00fajt a fejl\u0151d\u00e9shez. a ritmus jav\u00edtja a figyelmet, koncentr\u00e1ci\u00f3t a dallam form\u00e1lja az \u00e9rzelmi vil\u00e1got a hangsz\u00edn \u00e9s a hanger\u0151 a hall\u00e1st fejleszti. P\u00e9ntek anyanyelvi nevel\u00e9s &#8211; S\u00f3ter\u00e1piaJ\u00e1t\u00e9k a s\u00f3szob\u00e1ban &#8211; A vers \u00e9s mese, mond\u00f3k\u00e1k \u00e9s dalok a b\u00f6lcs\u0151d\u00e9s kor\u00fa gyermek anyanyelvi nevel\u00e9s\u00e9nek semmi m\u00e1ssal nem p\u00f3tolhat\u00f3 lehet\u0151s\u00e9ge. El\u0151seg\u00edtik a fant\u00e1zia sz\u00ednesed\u00e9s\u00e9t, a gondolkod\u00e1s \u00e9s besz\u00e9d fejl\u0151d\u00e9s\u00e9t. A foglalkoz\u00e1sokon val\u00f3 r\u00e9szv\u00e9tel nem k\u00f6telez\u0151, ha a gyermek nem szeretne r\u00e9szt venni, j\u00e1tszhat kedve szerint. Rugalmasan \u00e1llunk a napirendhez a gyermek pillanatnyi ig\u00e9nyeihez igazodva. Az id\u0151szakos gyermekfel\u00fcgyelet \u2013 Pic\u00far klub a sz\u00fcl\u0151 elfoglalts\u00e1ga idej\u00e9re, heti 3 alkalommal, reggel 7 \u00f3ra \u00e9s d\u00e9lut\u00e1n 16 \u00f3ra k\u00f6z\u00f6tt vehet\u0151 ig\u00e9nybe. A szolg\u00e1ltat\u00e1shoz kapcsol\u00f3d\u00f3 \u00e9tkez\u00e9s d\u00edj\u00e1t a mindenkori hat\u00e1lyos \u00f6nkorm\u00e1nyzati rendelet \u00e1llap\u00edtja meg. Budapest F\u0151v\u00e1ros VII. ker\u00fclet Erzs\u00e9betv\u00e1ros \u00d6nkorm\u00e1nyzat K\u00e9pvisel\u0151-test\u00fclet\u00e9nek d\u00f6nt\u00e9se \u00e9rtelm\u00e9ben az id\u0151szakos gyermekfel\u00fcgyelet d\u00edja jelenleg 800.- Ft\/minden megkezdett \u00f3ra. Szeretettel v\u00e1runk a PIC\u00daR klubban! Dob B\u00f6lcs\u0151de \u2013 Pic\u00far klub1074 Budapest, Dob utca 23. Bejelentkez\u00e9s \u00e9s tov\u00e1bbi inform\u00e1ci\u00f3k:+36 1 321 2577dob.bolcsode@bjhuman.hu<\/p>\n","protected":false},"author":2,"featured_media":0,"parent":0,"menu_order":0,"comment_status":"closed","ping_status":"closed","template":"","meta":{"footnotes":""},"class_list":["post-715","page","type-page","status-publish","hentry"],"rttpg_featured_image_url":null,"rttpg_author":{"display_name":"krisztina","author_link":"https:\/\/bjhuman.hu\/index.php\/author\/krisztina\/"},"rttpg_comment":0,"rttpg_category":null,"rttpg_excerpt":"Id\u0151szakos gyermekfel\u00fcgyelet a Dob B\u00f6lcs\u0151d\u00e9ben \u2013 megl\u00e9v\u0151 csoportokban, \u00fcres f\u00e9r\u0151helyek f\u00fcggv\u00e9ny\u00e9ben A szolg\u00e1ltat\u00e1s c\u00e9lja,hogy a Gyesen, Gyeden l\u00e9v\u0151, akt\u00edv keres\u0151 tev\u00e9kenys\u00e9get nem v\u00e9gz\u0151 \u00e9desany\u00e1k el tudj\u00e1k az \u00fcgyeiket int\u00e9zni an\u00e9lk\u00fcl, hogy a kisgyermeket magukkal kelljen vinni a hivatalokba, \u00e1ruh\u00e1zba, vagy ak\u00e1r csak elmenjenek a fodr\u00e1szhoz, kozmetikushoz. A munkakeres\u00e9si peri\u00f3dusban szabadon eljussanak \u00e1ll\u00e1sinterj\u00fara, beiratkozhassanak egy tanfolyamra,&hellip;","_links":{"self":[{"href":"https:\/\/bjhuman.hu\/index.php\/wp-json\/wp\/v2\/pages\/715","targetHints":{"allow":["GET"]}}],"collection":[{"href":"https:\/\/bjhuman.hu\/index.php\/wp-json\/wp\/v2\/pages"}],"about":[{"href":"https:\/\/bjhuman.hu\/index.php\/wp-json\/wp\/v2\/types\/page"}],"author":[{"embeddable":true,"href":"https:\/\/bjhuman.hu\/index.php\/wp-json\/wp\/v2\/users\/2"}],"replies":[{"embeddable":true,"href":"https:\/\/bjhuman.hu\/index.php\/wp-json\/wp\/v2\/comments?post=715"}],"version-history":[{"count":20,"href":"https:\/\/bjhuman.hu\/index.php\/wp-json\/wp\/v2\/pages\/715\/revisions"}],"predecessor-version":[{"id":12871,"href":"https:\/\/bjhuman.hu\/index.php\/wp-json\/wp\/v2\/pages\/715\/revisions\/12871"}],"wp:attachment":[{"href":"https:\/\/bjhuman.hu\/index.php\/wp-json\/wp\/v2\/media?parent=715"}],"curies":[{"name":"wp","href":"https:\/\/api.w.org\/{rel}","templated":true}]}}