{"id":540,"date":"2023-07-27T12:31:11","date_gmt":"2023-07-27T12:31:11","guid":{"rendered":"https:\/\/dev.bjhuman.hu\/?page_id=540"},"modified":"2026-04-07T09:47:12","modified_gmt":"2026-04-07T07:47:12","slug":"bolcsodek","status":"publish","type":"page","link":"https:\/\/bjhuman.hu\/index.php\/bolcsodek\/","title":{"rendered":"B\u00f6lcs\u0151d\u00e9k"},"content":{"rendered":"\t\t<div data-elementor-type=\"wp-page\" data-elementor-id=\"540\" class=\"elementor elementor-540\">\n\t\t\t\t\t\t<section class=\"elementor-section elementor-top-section elementor-element elementor-element-b26c430 elementor-section-boxed elementor-section-height-default elementor-section-height-default wpr-particle-no wpr-jarallax-no wpr-parallax-no wpr-sticky-section-no\" data-id=\"b26c430\" data-element_type=\"section\" data-e-type=\"section\">\n\t\t\t\t\t\t<div class=\"elementor-container elementor-column-gap-default\">\n\t\t\t\t\t<div class=\"elementor-column elementor-col-100 elementor-top-column elementor-element elementor-element-757bcda\" data-id=\"757bcda\" data-element_type=\"column\" data-e-type=\"column\">\n\t\t\t<div class=\"elementor-widget-wrap elementor-element-populated\">\n\t\t\t\t\t\t<div class=\"elementor-element elementor-element-205b669 elementor-widget elementor-widget-text-editor\" data-id=\"205b669\" data-element_type=\"widget\" data-e-type=\"widget\" data-widget_type=\"text-editor.default\">\n\t\t\t\t<div class=\"elementor-widget-container\">\n\t\t\t\t\t\t\t\t\t<p>A b\u00f6lcs\u0151de a gyermekj\u00f3l\u00e9ti alapell\u00e1t\u00e1s keret\u00e9ben napk\u00f6zbeni ell\u00e1t\u00e1st ny\u00fajt a csal\u00e1dban nevelked\u0151 &#8211; 20 hetest\u0151l 3 \u00e9ves kor\u00fa &#8211; kisgyermekek sz\u00e1m\u00e1ra.<br \/>Ha a gyermek 3. \u00e9let\u00e9v\u00e9t bet\u00f6lt\u00f6tte, de m\u00e9g nem \u00e9rett az \u00f3vodai nevel\u00e9sre, a 4. \u00e9let\u00e9v\u00e9nek bet\u00f6lt\u00e9s\u00e9t k\u00f6vet\u0151 augusztus 31.-ig nevelhet\u0151 \u00e9s gondozhat\u00f3 a b\u00f6lcs\u0151d\u00e9ben. A b\u00f6lcs\u0151de az alapell\u00e1t\u00e1son t\u00fal szolg\u00e1ltat\u00e1sk\u00e9nt id\u0151szakos gyermekfel\u00fcgyelettel, j\u00e1tsz\u00f3csoport m\u0171k\u00f6dtet\u00e9s\u00e9vel seg\u00edti a csal\u00e1dokat.<\/p><p>A b\u00f6lcs\u0151d\u00e9kben a seg\u00edt\u0151 szakembereink \u2013 gy\u00f3gypedag\u00f3gus, pszichol\u00f3gus, szoci\u00e1lis seg\u00edt\u0151 &#8211; seg\u00edts\u00e9g\u00e9vel lehet\u0151s\u00e9g van a gyermekek korai fejleszt\u00e9s\u00e9re.<\/p><p>A b\u00f6lcs\u0151dei ell\u00e1t\u00e1s c\u00e9lja, hogy a napk\u00f6zbeni ell\u00e1t\u00e1s keret\u00e9ben a csal\u00e1dban nevelked\u0151 kisgyermek sz\u00e1m\u00e1ra a csal\u00e1di nevel\u00e9ssel egy\u00fctt, azt kieg\u00e9sz\u00edtve szolg\u00e1lja a gyermek fejl\u0151d\u00e9s\u00e9t, szem\u00e9lyis\u00e9g\u00e9nek kibontakoz\u00e1s\u00e1t.<\/p><p>Alapelveink, melyek a harmonikus fejl\u0151d\u00e9st biztos\u00edtj\u00e1k<\/p><ul><li>a gyermek fizikai- \u00e9s \u00e9rzelmi biztons\u00e1g\u00e1nak \u00e9s j\u00f3ll\u00e9t\u00e9nek megteremt\u00e9se,<\/li><li>tapasztalatszerz\u00e9si lehet\u0151s\u00e9g biztos\u00edt\u00e1sa felt\u00e9tel n\u00e9lk\u00fcli szeretettel \u00e9s elfogad\u00e1ssal,<\/li><li>a gyermek nemzetis\u00e9gi\/etnikai hovatartoz\u00e1s\u00e1nak tiszteletben tart\u00e1sa, identit\u00e1s\u00e1nak er\u0151s\u00edt\u00e9se,<\/li><li>kompetenci\u00e1j\u00e1nak figyelembev\u00e9tele,<\/li><li>pozit\u00edv viselked\u00e9si mint\u00e1k ny\u00fajt\u00e1sa<\/li><\/ul><p>A kisgyermeknevel\u0151k meleg, szeretetteljes odafordul\u00e1ssal, az \u00e9letkornak, fejletts\u00e9gnek megfelel\u0151 k\u00f6rnyezet kialak\u00edt\u00e1s\u00e1val, a gyermek \u00e9letkori \u00e9s egy\u00e9ni saj\u00e1toss\u00e1gait, fejletts\u00e9g\u00e9t, a pillanatnyi ment\u00e1lis \u00e1llapot\u00e1t figyelembe v\u00e9ve seg\u00edtik a gyermekek fejl\u0151d\u00e9s\u00e9t. A b\u00f6lcs\u0151d\u00e9kben a napi n\u00e9gyszeri \u00e9tkez\u00e9s \u2013 reggeli, t\u00edz\u00f3rai, eb\u00e9d, uzsonna \u2013 sor\u00e1n biztos\u00edtott a gyermekek eg\u00e9szs\u00e9ges fejl\u0151d\u00e9s\u00e9hez sz\u00fcks\u00e9ges megfelel\u0151 mennyis\u00e9g\u0171 t\u00e1panyagok bevitele.<\/p><section class=\"elementor-section elementor-top-section elementor-element elementor-element-96ed6e0 elementor-section-boxed elementor-section-height-default elementor-section-height-default wpr-particle-no wpr-jarallax-no wpr-parallax-no wpr-sticky-section-no\" data-id=\"96ed6e0\" data-element_type=\"section\"><div class=\"elementor-container elementor-column-gap-default\"><div class=\"elementor-column elementor-col-100 elementor-top-column elementor-element elementor-element-53b7eab\" data-id=\"53b7eab\" data-element_type=\"column\"><div class=\"elementor-widget-wrap elementor-element-populated\"><div class=\"elementor-element elementor-element-2e859dd elementor-icon-list--layout-traditional elementor-list-item-link-full_width elementor-widget elementor-widget-icon-list\" data-id=\"2e859dd\" data-element_type=\"widget\" data-widget_type=\"icon-list.default\"><div class=\"elementor-widget-container\"><ul class=\"elementor-icon-list-items\"><li><strong>L\u00f6v\u00f6lde B\u00f6lcs\u0151de<\/strong><\/li><li>1071 Budapest, L\u00f6v\u00f6lde t\u00e9r 1.<\/li><li>Telefon: +36 1 342 7607<\/li><li><a href=\"mailto:lovolde.bolcsode@bjhuman.hu\">bolcsode@bjhuman.hu<\/a><\/li><li><strong>V\u00e1rosligeti B\u00f6lcs\u0151de<\/strong><\/li><li>1071 Budapest, V\u00e1rosligeti fasor 39-41.<\/li><li>Telefon: +36 1 343 3567<\/li><li><a href=\"mailto:varosligeti.bolcsode@bjhuman.hu\">bolcsode@bjhuman.hu<\/a><\/li><li><strong>Dob B\u00f6lcs\u0151de<\/strong><\/li><li>1074 Budapest, Dob u. 23.<\/li><li>Telefon: +36 1 321 2577<\/li><li><a href=\"mailto:dob.bolcsode@bjhuman.hu\">bolcsode@bjhuman.hu<\/a><\/li><\/ul><\/div><\/div><\/div><\/div><\/div><\/section>\t\t\t\t\t\t\t\t<\/div>\n\t\t\t\t<\/div>\n\t\t\t\t\t<\/div>\n\t\t<\/div>\n\t\t\t\t\t<\/div>\n\t\t<\/section>\n\t\t\t\t<section class=\"elementor-section elementor-top-section elementor-element elementor-element-8a54193 elementor-section-boxed elementor-section-height-default elementor-section-height-default wpr-particle-no wpr-jarallax-no wpr-parallax-no wpr-sticky-section-no\" data-id=\"8a54193\" data-element_type=\"section\" data-e-type=\"section\">\n\t\t\t\t\t\t<div class=\"elementor-container elementor-column-gap-default\">\n\t\t\t\t\t<div class=\"elementor-column elementor-col-50 elementor-top-column elementor-element elementor-element-7438fbb\" data-id=\"7438fbb\" data-element_type=\"column\" data-e-type=\"column\">\n\t\t\t<div class=\"elementor-widget-wrap elementor-element-populated\">\n\t\t\t\t\t\t<div class=\"elementor-element elementor-element-bd8b10c elementor-widget elementor-widget-button\" data-id=\"bd8b10c\" data-element_type=\"widget\" data-e-type=\"widget\" data-widget_type=\"button.default\">\n\t\t\t\t<div class=\"elementor-widget-container\">\n\t\t\t\t\t\t\t\t\t<div class=\"elementor-button-wrapper\">\n\t\t\t\t\t<a class=\"elementor-button elementor-button-link elementor-size-sm\" href=\"https:\/\/bjhuman.hu\/wp-content\/uploads\/2026\/04\/15.-het-2026-Normal.pdf\" target=\"_blank\">\n\t\t\t\t\t\t<span class=\"elementor-button-content-wrapper\">\n\t\t\t\t\t\t\t\t\t<span class=\"elementor-button-text\">15. h\u00e9t B\u00f6lcs\u0151dei \u00e9tlap - Norm\u00e1l<\/span>\n\t\t\t\t\t<\/span>\n\t\t\t\t\t<\/a>\n\t\t\t\t<\/div>\n\t\t\t\t\t\t\t\t<\/div>\n\t\t\t\t<\/div>\n\t\t\t\t\t<\/div>\n\t\t<\/div>\n\t\t\t\t<div class=\"elementor-column elementor-col-50 elementor-top-column elementor-element elementor-element-2e97b27\" data-id=\"2e97b27\" data-element_type=\"column\" data-e-type=\"column\">\n\t\t\t<div class=\"elementor-widget-wrap elementor-element-populated\">\n\t\t\t\t\t\t<div class=\"elementor-element elementor-element-d5f88f3 elementor-widget elementor-widget-button\" data-id=\"d5f88f3\" data-element_type=\"widget\" data-e-type=\"widget\" data-widget_type=\"button.default\">\n\t\t\t\t<div class=\"elementor-widget-container\">\n\t\t\t\t\t\t\t\t\t<div class=\"elementor-button-wrapper\">\n\t\t\t\t\t<a class=\"elementor-button elementor-button-link elementor-size-sm\" href=\"https:\/\/bjhuman.hu\/wp-content\/uploads\/2026\/04\/15.-het-2026-Tejmentes.pdf\" target=\"_blank\">\n\t\t\t\t\t\t<span class=\"elementor-button-content-wrapper\">\n\t\t\t\t\t\t\t\t\t<span class=\"elementor-button-text\">15. h\u00e9t B\u00f6lcs\u0151dei \u00e9tlap - Tejmentes<\/span>\n\t\t\t\t\t<\/span>\n\t\t\t\t\t<\/a>\n\t\t\t\t<\/div>\n\t\t\t\t\t\t\t\t<\/div>\n\t\t\t\t<\/div>\n\t\t\t\t\t<\/div>\n\t\t<\/div>\n\t\t\t\t\t<\/div>\n\t\t<\/section>\n\t\t\t\t<section class=\"elementor-section elementor-top-section elementor-element elementor-element-38f3fa8 elementor-section-boxed elementor-section-height-default elementor-section-height-default wpr-particle-no wpr-jarallax-no wpr-parallax-no wpr-sticky-section-no\" data-id=\"38f3fa8\" data-element_type=\"section\" data-e-type=\"section\">\n\t\t\t\t\t\t<div class=\"elementor-container elementor-column-gap-default\">\n\t\t\t\t\t<div class=\"elementor-column elementor-col-33 elementor-top-column elementor-element elementor-element-bd644ba\" data-id=\"bd644ba\" data-element_type=\"column\" data-e-type=\"column\">\n\t\t\t<div class=\"elementor-widget-wrap elementor-element-populated\">\n\t\t\t\t\t\t<div class=\"elementor-element elementor-element-310db6a wpr-promo-box-style-cover elementor-widget elementor-widget-wpr-promo-box\" data-id=\"310db6a\" data-element_type=\"widget\" data-e-type=\"widget\" data-settings=\"{&quot;_animation&quot;:&quot;none&quot;}\" data-widget_type=\"wpr-promo-box.default\">\n\t\t\t\t<div class=\"elementor-widget-container\">\n\t\t\t\t\t\n\t\t<div class=\"wpr-promo-box wpr-animation-wrap\">\n\n\t\t\t\t\t\t\t\n\t\t\t\t\t\t\t<div class=\"wpr-promo-box-image\">\n\t\t\t\t\t<div class=\"wpr-promo-box-bg-image wpr-bg-anim-zoom-out wpr-anim-timing-ease-default\" style=\"background-image:url(https:\/\/bjhuman.hu\/wp-content\/uploads\/2023\/07\/lovi.png);\"><\/div>\n\t\t\t\t\t<div class=\"wpr-promo-box-bg-overlay wpr-border-anim-none\"><\/div>\n\t\t\t\t<\/div>\n\t\t\t\t\t\t\n\t\t\t<div class=\"wpr-promo-box-content\">\n\n\t\t\t\t\n\t\t\t\t\n\t\t\t\t\n\t\t\t\t\t\t\t\t\t<div class=\"wpr-promo-box-btn-wrap\">\n\t\t\t\t\t\t<a class=\"wpr-promo-box-btn\" href=\"https:\/\/bjhuman.hu\/?page_id=576(megnyit\u00e1s%20\u00faj%20f\u00fcl\u00f6n)\">\n\n\t\t\t\t\t\t\t\t\t\t\t\t\t\t<span class=\"wpr-promo-box-btn-text\">L\u00f6v\u00f6lde B\u00f6lcs\u0151de<\/span>\t\t\n\t\t\t\t\t\t\t\n\t\t\t\t\t\t\t\t\t\t\t\t\t<\/a>\n\t\t\t\t\t<\/div>\t\n\t\t\t\t\t\t\t<\/div>\n\n\t\t\t\t\t<\/div>\n\n\t\t\t\t\t\t<\/div>\n\t\t\t\t<\/div>\n\t\t\t\t\t<\/div>\n\t\t<\/div>\n\t\t\t\t<div class=\"elementor-column elementor-col-33 elementor-top-column elementor-element elementor-element-2272392\" data-id=\"2272392\" data-element_type=\"column\" data-e-type=\"column\">\n\t\t\t<div class=\"elementor-widget-wrap elementor-element-populated\">\n\t\t\t\t\t\t<div class=\"elementor-element elementor-element-8bc8761 wpr-promo-box-style-cover elementor-widget elementor-widget-wpr-promo-box\" data-id=\"8bc8761\" data-element_type=\"widget\" data-e-type=\"widget\" data-settings=\"{&quot;_animation&quot;:&quot;none&quot;}\" data-widget_type=\"wpr-promo-box.default\">\n\t\t\t\t<div class=\"elementor-widget-container\">\n\t\t\t\t\t\n\t\t<div class=\"wpr-promo-box wpr-animation-wrap\">\n\n\t\t\t\t\t\t\t\n\t\t\t\t\t\t\t<div class=\"wpr-promo-box-image\">\n\t\t\t\t\t<div class=\"wpr-promo-box-bg-image wpr-bg-anim-zoom-out wpr-anim-timing-ease-default\" style=\"background-image:url(https:\/\/bjhuman.hu\/wp-content\/uploads\/2023\/07\/varosligeti.png);\"><\/div>\n\t\t\t\t\t<div class=\"wpr-promo-box-bg-overlay wpr-border-anim-none\"><\/div>\n\t\t\t\t<\/div>\n\t\t\t\t\t\t\n\t\t\t<div class=\"wpr-promo-box-content\">\n\n\t\t\t\t\n\t\t\t\t\n\t\t\t\t\n\t\t\t\t\t\t\t\t\t<div class=\"wpr-promo-box-btn-wrap\">\n\t\t\t\t\t\t<a class=\"wpr-promo-box-btn\" href=\"https:\/\/bjhuman.hu\/?page_id=552(megnyit\u00e1s%20\u00faj%20f\u00fcl\u00f6n)\">\n\n\t\t\t\t\t\t\t\t\t\t\t\t\t\t<span class=\"wpr-promo-box-btn-text\">V\u00e1rosligeti B\u00f6lcs\u0151de<\/span>\t\t\n\t\t\t\t\t\t\t\n\t\t\t\t\t\t\t\t\t\t\t\t\t<\/a>\n\t\t\t\t\t<\/div>\t\n\t\t\t\t\t\t\t<\/div>\n\n\t\t\t\t\t<\/div>\n\n\t\t\t\t\t\t<\/div>\n\t\t\t\t<\/div>\n\t\t\t\t\t<\/div>\n\t\t<\/div>\n\t\t\t\t<div class=\"elementor-column elementor-col-33 elementor-top-column elementor-element elementor-element-3e99111\" data-id=\"3e99111\" data-element_type=\"column\" data-e-type=\"column\">\n\t\t\t<div class=\"elementor-widget-wrap elementor-element-populated\">\n\t\t\t\t\t\t<div class=\"elementor-element elementor-element-986452e wpr-promo-box-style-cover elementor-widget elementor-widget-wpr-promo-box\" data-id=\"986452e\" data-element_type=\"widget\" data-e-type=\"widget\" data-settings=\"{&quot;_animation&quot;:&quot;none&quot;}\" data-widget_type=\"wpr-promo-box.default\">\n\t\t\t\t<div class=\"elementor-widget-container\">\n\t\t\t\t\t\n\t\t<div class=\"wpr-promo-box wpr-animation-wrap\">\n\n\t\t\t\t\t\t\t\n\t\t\t\t\t\t\t<div class=\"wpr-promo-box-image\">\n\t\t\t\t\t<div class=\"wpr-promo-box-bg-image wpr-bg-anim-zoom-out wpr-anim-timing-ease-default\" style=\"background-image:url(https:\/\/bjhuman.hu\/wp-content\/uploads\/2023\/07\/dob.png);\"><\/div>\n\t\t\t\t\t<div class=\"wpr-promo-box-bg-overlay wpr-border-anim-none\"><\/div>\n\t\t\t\t<\/div>\n\t\t\t\t\t\t\n\t\t\t<div class=\"wpr-promo-box-content\">\n\n\t\t\t\t\n\t\t\t\t\n\t\t\t\t\n\t\t\t\t\t\t\t\t\t<div class=\"wpr-promo-box-btn-wrap\">\n\t\t\t\t\t\t<a class=\"wpr-promo-box-btn\" href=\"https:\/\/bjhuman.hu\/?page_id=594(megnyit\u00e1s%20\u00faj%20f\u00fcl\u00f6n)\">\n\n\t\t\t\t\t\t\t\t\t\t\t\t\t\t<span class=\"wpr-promo-box-btn-text\">Dob B\u00f6lcs\u0151de<\/span>\t\t\n\t\t\t\t\t\t\t\n\t\t\t\t\t\t\t\t\t\t\t\t\t<\/a>\n\t\t\t\t\t<\/div>\t\n\t\t\t\t\t\t\t<\/div>\n\n\t\t\t\t\t<\/div>\n\n\t\t\t\t\t\t<\/div>\n\t\t\t\t<\/div>\n\t\t\t\t\t<\/div>\n\t\t<\/div>\n\t\t\t\t\t<\/div>\n\t\t<\/section>\n\t\t\t\t<section class=\"elementor-section elementor-top-section elementor-element elementor-element-9150112 elementor-section-boxed elementor-section-height-default elementor-section-height-default wpr-particle-no wpr-jarallax-no wpr-parallax-no wpr-sticky-section-no\" data-id=\"9150112\" data-element_type=\"section\" data-e-type=\"section\">\n\t\t\t\t\t\t<div class=\"elementor-container elementor-column-gap-default\">\n\t\t\t\t\t<div class=\"elementor-column elementor-col-33 elementor-top-column elementor-element elementor-element-fe54ff5\" data-id=\"fe54ff5\" data-element_type=\"column\" data-e-type=\"column\">\n\t\t\t<div class=\"elementor-widget-wrap elementor-element-populated\">\n\t\t\t\t\t\t<div class=\"elementor-element elementor-element-4514d8f wpr-promo-box-style-cover elementor-widget elementor-widget-wpr-promo-box\" data-id=\"4514d8f\" data-element_type=\"widget\" data-e-type=\"widget\" data-settings=\"{&quot;_animation&quot;:&quot;none&quot;}\" data-widget_type=\"wpr-promo-box.default\">\n\t\t\t\t<div class=\"elementor-widget-container\">\n\t\t\t\t\t\n\t\t<div class=\"wpr-promo-box wpr-animation-wrap\">\n\n\t\t\t\t\t\t\t\n\t\t\t\t\t\t\n\t\t\t<div class=\"wpr-promo-box-content\">\n\n\t\t\t\t\n\t\t\t\t\n\t\t\t\t\n\t\t\t\t\t\t\t<\/div>\n\n\t\t\t\t\t<\/div>\n\n\t\t\t\t\t\t<\/div>\n\t\t\t\t<\/div>\n\t\t\t\t\t<\/div>\n\t\t<\/div>\n\t\t\t\t<div class=\"elementor-column elementor-col-33 elementor-top-column elementor-element elementor-element-2ae51b5\" data-id=\"2ae51b5\" data-element_type=\"column\" data-e-type=\"column\">\n\t\t\t<div class=\"elementor-widget-wrap elementor-element-populated\">\n\t\t\t\t\t\t<div class=\"elementor-element elementor-element-a67bb38 wpr-promo-box-style-cover elementor-widget elementor-widget-wpr-promo-box\" data-id=\"a67bb38\" data-element_type=\"widget\" data-e-type=\"widget\" data-settings=\"{&quot;_animation&quot;:&quot;none&quot;}\" data-widget_type=\"wpr-promo-box.default\">\n\t\t\t\t<div class=\"elementor-widget-container\">\n\t\t\t\t\t\n\t\t<div class=\"wpr-promo-box wpr-animation-wrap\">\n\n\t\t\t\t\t\t\t\n\t\t\t\t\t\t\n\t\t\t<div class=\"wpr-promo-box-content\">\n\n\t\t\t\t\n\t\t\t\t\n\t\t\t\t\n\t\t\t\t\t\t\t<\/div>\n\n\t\t\t\t\t<\/div>\n\n\t\t\t\t\t\t<\/div>\n\t\t\t\t<\/div>\n\t\t\t\t\t<\/div>\n\t\t<\/div>\n\t\t\t\t<div class=\"elementor-column elementor-col-33 elementor-top-column elementor-element elementor-element-a6be7ee\" data-id=\"a6be7ee\" data-element_type=\"column\" data-e-type=\"column\">\n\t\t\t<div class=\"elementor-widget-wrap elementor-element-populated\">\n\t\t\t\t\t\t<div class=\"elementor-element elementor-element-e15aba9 wpr-promo-box-style-cover elementor-widget elementor-widget-wpr-promo-box\" data-id=\"e15aba9\" data-element_type=\"widget\" data-e-type=\"widget\" data-settings=\"{&quot;_animation&quot;:&quot;none&quot;}\" data-widget_type=\"wpr-promo-box.default\">\n\t\t\t\t<div class=\"elementor-widget-container\">\n\t\t\t\t\t\n\t\t<div class=\"wpr-promo-box wpr-animation-wrap\">\n\n\t\t\t\t\t\t\t\n\t\t\t\t\t\t\t<div class=\"wpr-promo-box-image\">\n\t\t\t\t\t<div class=\"wpr-promo-box-bg-image wpr-bg-anim-zoom-out wpr-anim-timing-ease-default\" style=\"background-image:url(https:\/\/bjhuman.hu\/wp-content\/uploads\/2023\/07\/dob.png);\"><\/div>\n\t\t\t\t\t<div class=\"wpr-promo-box-bg-overlay wpr-border-anim-none\"><\/div>\n\t\t\t\t<\/div>\n\t\t\t\t\t\t\n\t\t\t<div class=\"wpr-promo-box-content\">\n\n\t\t\t\t\n\t\t\t\t\n\t\t\t\t\n\t\t\t\t\t\t\t\t\t<div class=\"wpr-promo-box-btn-wrap\">\n\t\t\t\t\t\t<a class=\"wpr-promo-box-btn\" href=\"https:\/\/bjhuman.hu\/?page_id=715(megnyit\u00e1s%20\u00faj%20f\u00fcl\u00f6n)\">\n\n\t\t\t\t\t\t\t\t\t\t\t\t\t\t<span class=\"wpr-promo-box-btn-text\">Pic\u00far klub<\/span>\t\t\n\t\t\t\t\t\t\t\n\t\t\t\t\t\t\t\t\t\t\t\t\t<\/a>\n\t\t\t\t\t<\/div>\t\n\t\t\t\t\t\t\t<\/div>\n\n\t\t\t\t\t<\/div>\n\n\t\t\t\t\t\t<\/div>\n\t\t\t\t<\/div>\n\t\t\t\t\t<\/div>\n\t\t<\/div>\n\t\t\t\t\t<\/div>\n\t\t<\/section>\n\t\t\t\t<section class=\"elementor-section elementor-top-section elementor-element elementor-element-690ebdb elementor-section-boxed elementor-section-height-default elementor-section-height-default wpr-particle-no wpr-jarallax-no wpr-parallax-no wpr-sticky-section-no\" data-id=\"690ebdb\" data-element_type=\"section\" data-e-type=\"section\">\n\t\t\t\t\t\t<div class=\"elementor-container elementor-column-gap-default\">\n\t\t\t\t\t<div class=\"elementor-column elementor-col-100 elementor-top-column elementor-element elementor-element-cbd82fc\" data-id=\"cbd82fc\" data-element_type=\"column\" data-e-type=\"column\">\n\t\t\t<div class=\"elementor-widget-wrap elementor-element-populated\">\n\t\t\t\t\t\t<div class=\"elementor-element elementor-element-a561981 elementor-widget elementor-widget-spacer\" data-id=\"a561981\" data-element_type=\"widget\" data-e-type=\"widget\" data-widget_type=\"spacer.default\">\n\t\t\t\t<div class=\"elementor-widget-container\">\n\t\t\t\t\t\t\t<div class=\"elementor-spacer\">\n\t\t\t<div class=\"elementor-spacer-inner\"><\/div>\n\t\t<\/div>\n\t\t\t\t\t\t<\/div>\n\t\t\t\t<\/div>\n\t\t\t\t\t<\/div>\n\t\t<\/div>\n\t\t\t\t\t<\/div>\n\t\t<\/section>\n\t\t\t\t<section class=\"elementor-section elementor-top-section elementor-element elementor-element-a739029 elementor-section-boxed elementor-section-height-default elementor-section-height-default wpr-particle-no wpr-jarallax-no wpr-parallax-no wpr-sticky-section-no\" data-id=\"a739029\" data-element_type=\"section\" data-e-type=\"section\">\n\t\t\t\t\t\t<div class=\"elementor-container elementor-column-gap-default\">\n\t\t\t\t\t<div class=\"elementor-column elementor-col-50 elementor-top-column elementor-element elementor-element-c930d6f\" data-id=\"c930d6f\" data-element_type=\"column\" data-e-type=\"column\">\n\t\t\t<div class=\"elementor-widget-wrap elementor-element-populated\">\n\t\t\t\t\t\t<div class=\"elementor-element elementor-element-b5a33db elementor-widget elementor-widget-button\" data-id=\"b5a33db\" data-element_type=\"widget\" data-e-type=\"widget\" data-widget_type=\"button.default\">\n\t\t\t\t<div class=\"elementor-widget-container\">\n\t\t\t\t\t\t\t\t\t<div class=\"elementor-button-wrapper\">\n\t\t\t\t\t<a class=\"elementor-button elementor-button-link elementor-size-sm\" href=\"https:\/\/bjhuman.hu\/wp-content\/uploads\/2025\/01\/bolcsodei-jelentkezesi-lap-modositott-2025.doc\" target=\"_blank\">\n\t\t\t\t\t\t<span class=\"elementor-button-content-wrapper\">\n\t\t\t\t\t\t\t\t\t<span class=\"elementor-button-text\">B\u00f6lcs\u0151dei jelentkez\u00e9si lap<\/span>\n\t\t\t\t\t<\/span>\n\t\t\t\t\t<\/a>\n\t\t\t\t<\/div>\n\t\t\t\t\t\t\t\t<\/div>\n\t\t\t\t<\/div>\n\t\t\t\t\t<\/div>\n\t\t<\/div>\n\t\t\t\t<div class=\"elementor-column elementor-col-50 elementor-top-column elementor-element elementor-element-c3ea2f7\" data-id=\"c3ea2f7\" data-element_type=\"column\" data-e-type=\"column\">\n\t\t\t<div class=\"elementor-widget-wrap\">\n\t\t\t\t\t\t\t<\/div>\n\t\t<\/div>\n\t\t\t\t\t<\/div>\n\t\t<\/section>\n\t\t\t\t<\/div>\n\t\t","protected":false},"excerpt":{"rendered":"<p>A b\u00f6lcs\u0151de a gyermekj\u00f3l\u00e9ti alapell\u00e1t\u00e1s keret\u00e9ben napk\u00f6zbeni ell\u00e1t\u00e1st ny\u00fajt a csal\u00e1dban nevelked\u0151 &#8211; 20 hetest\u0151l 3 \u00e9ves kor\u00fa &#8211; kisgyermekek sz\u00e1m\u00e1ra.Ha a gyermek 3. \u00e9let\u00e9v\u00e9t bet\u00f6lt\u00f6tte, de m\u00e9g nem \u00e9rett az \u00f3vodai nevel\u00e9sre, a 4. \u00e9let\u00e9v\u00e9nek bet\u00f6lt\u00e9s\u00e9t k\u00f6vet\u0151 augusztus 31.-ig nevelhet\u0151 \u00e9s gondozhat\u00f3 a b\u00f6lcs\u0151d\u00e9ben. A b\u00f6lcs\u0151de az alapell\u00e1t\u00e1son t\u00fal szolg\u00e1ltat\u00e1sk\u00e9nt id\u0151szakos gyermekfel\u00fcgyelettel, j\u00e1tsz\u00f3csoport m\u0171k\u00f6dtet\u00e9s\u00e9vel seg\u00edti a csal\u00e1dokat. A b\u00f6lcs\u0151d\u00e9kben a seg\u00edt\u0151 szakembereink \u2013 gy\u00f3gypedag\u00f3gus, pszichol\u00f3gus, szoci\u00e1lis seg\u00edt\u0151 &#8211; seg\u00edts\u00e9g\u00e9vel lehet\u0151s\u00e9g van a gyermekek korai fejleszt\u00e9s\u00e9re. A b\u00f6lcs\u0151dei ell\u00e1t\u00e1s c\u00e9lja, hogy a napk\u00f6zbeni ell\u00e1t\u00e1s keret\u00e9ben a csal\u00e1dban nevelked\u0151 kisgyermek sz\u00e1m\u00e1ra a csal\u00e1di nevel\u00e9ssel egy\u00fctt, azt kieg\u00e9sz\u00edtve szolg\u00e1lja a gyermek fejl\u0151d\u00e9s\u00e9t, szem\u00e9lyis\u00e9g\u00e9nek kibontakoz\u00e1s\u00e1t. Alapelveink, melyek a harmonikus fejl\u0151d\u00e9st biztos\u00edtj\u00e1k a gyermek fizikai- \u00e9s \u00e9rzelmi biztons\u00e1g\u00e1nak \u00e9s j\u00f3ll\u00e9t\u00e9nek megteremt\u00e9se, tapasztalatszerz\u00e9si lehet\u0151s\u00e9g biztos\u00edt\u00e1sa felt\u00e9tel n\u00e9lk\u00fcli szeretettel \u00e9s elfogad\u00e1ssal, a gyermek nemzetis\u00e9gi\/etnikai hovatartoz\u00e1s\u00e1nak tiszteletben tart\u00e1sa, identit\u00e1s\u00e1nak er\u0151s\u00edt\u00e9se, kompetenci\u00e1j\u00e1nak figyelembev\u00e9tele, pozit\u00edv viselked\u00e9si mint\u00e1k ny\u00fajt\u00e1sa A kisgyermeknevel\u0151k meleg, szeretetteljes odafordul\u00e1ssal, az \u00e9letkornak, fejletts\u00e9gnek megfelel\u0151 k\u00f6rnyezet kialak\u00edt\u00e1s\u00e1val, a gyermek \u00e9letkori \u00e9s egy\u00e9ni saj\u00e1toss\u00e1gait, fejletts\u00e9g\u00e9t, a pillanatnyi ment\u00e1lis \u00e1llapot\u00e1t figyelembe v\u00e9ve seg\u00edtik a gyermekek fejl\u0151d\u00e9s\u00e9t. A b\u00f6lcs\u0151d\u00e9kben a napi n\u00e9gyszeri \u00e9tkez\u00e9s \u2013 reggeli, t\u00edz\u00f3rai, eb\u00e9d, uzsonna \u2013 sor\u00e1n biztos\u00edtott a gyermekek eg\u00e9szs\u00e9ges fejl\u0151d\u00e9s\u00e9hez sz\u00fcks\u00e9ges megfelel\u0151 mennyis\u00e9g\u0171 t\u00e1panyagok bevitele. L\u00f6v\u00f6lde B\u00f6lcs\u0151de 1071 Budapest, L\u00f6v\u00f6lde t\u00e9r 1. Telefon: +36 1 342 7607 bolcsode@bjhuman.hu V\u00e1rosligeti B\u00f6lcs\u0151de 1071 Budapest, V\u00e1rosligeti fasor 39-41. Telefon: +36 1 343 3567 bolcsode@bjhuman.hu Dob B\u00f6lcs\u0151de 1074 Budapest, Dob u. 23. Telefon: +36 1 321 2577 bolcsode@bjhuman.hu 15. h\u00e9t B\u00f6lcs\u0151dei \u00e9tlap &#8211; Norm\u00e1l 15. h\u00e9t B\u00f6lcs\u0151dei \u00e9tlap &#8211; Tejmentes L\u00f6v\u00f6lde B\u00f6lcs\u0151de V\u00e1rosligeti B\u00f6lcs\u0151de Dob B\u00f6lcs\u0151de Pic\u00far klub B\u00f6lcs\u0151dei jelentkez\u00e9si lap<\/p>\n","protected":false},"author":2,"featured_media":0,"parent":0,"menu_order":0,"comment_status":"closed","ping_status":"closed","template":"","meta":{"footnotes":""},"class_list":["post-540","page","type-page","status-publish","hentry"],"rttpg_featured_image_url":null,"rttpg_author":{"display_name":"krisztina","author_link":"https:\/\/bjhuman.hu\/index.php\/author\/krisztina\/"},"rttpg_comment":0,"rttpg_category":null,"rttpg_excerpt":"A b\u00f6lcs\u0151de a gyermekj\u00f3l\u00e9ti alapell\u00e1t\u00e1s keret\u00e9ben napk\u00f6zbeni ell\u00e1t\u00e1st ny\u00fajt a csal\u00e1dban nevelked\u0151 &#8211; 20 hetest\u0151l 3 \u00e9ves kor\u00fa &#8211; kisgyermekek sz\u00e1m\u00e1ra.Ha a gyermek 3. \u00e9let\u00e9v\u00e9t bet\u00f6lt\u00f6tte, de m\u00e9g nem \u00e9rett az \u00f3vodai nevel\u00e9sre, a 4. \u00e9let\u00e9v\u00e9nek bet\u00f6lt\u00e9s\u00e9t k\u00f6vet\u0151 augusztus 31.-ig nevelhet\u0151 \u00e9s gondozhat\u00f3 a b\u00f6lcs\u0151d\u00e9ben. A b\u00f6lcs\u0151de az alapell\u00e1t\u00e1son t\u00fal szolg\u00e1ltat\u00e1sk\u00e9nt id\u0151szakos gyermekfel\u00fcgyelettel, j\u00e1tsz\u00f3csoport m\u0171k\u00f6dtet\u00e9s\u00e9vel&hellip;","_links":{"self":[{"href":"https:\/\/bjhuman.hu\/index.php\/wp-json\/wp\/v2\/pages\/540","targetHints":{"allow":["GET"]}}],"collection":[{"href":"https:\/\/bjhuman.hu\/index.php\/wp-json\/wp\/v2\/pages"}],"about":[{"href":"https:\/\/bjhuman.hu\/index.php\/wp-json\/wp\/v2\/types\/page"}],"author":[{"embeddable":true,"href":"https:\/\/bjhuman.hu\/index.php\/wp-json\/wp\/v2\/users\/2"}],"replies":[{"embeddable":true,"href":"https:\/\/bjhuman.hu\/index.php\/wp-json\/wp\/v2\/comments?post=540"}],"version-history":[{"count":572,"href":"https:\/\/bjhuman.hu\/index.php\/wp-json\/wp\/v2\/pages\/540\/revisions"}],"predecessor-version":[{"id":13450,"href":"https:\/\/bjhuman.hu\/index.php\/wp-json\/wp\/v2\/pages\/540\/revisions\/13450"}],"wp:attachment":[{"href":"https:\/\/bjhuman.hu\/index.php\/wp-json\/wp\/v2\/media?parent=540"}],"curies":[{"name":"wp","href":"https:\/\/api.w.org\/{rel}","templated":true}]}}