{"id":312,"date":"2023-03-10T05:37:39","date_gmt":"2023-03-10T05:37:39","guid":{"rendered":"https:\/\/dev.bjhuman.hu\/?page_id=312"},"modified":"2025-02-17T09:26:16","modified_gmt":"2025-02-17T07:26:16","slug":"karrier","status":"publish","type":"page","link":"https:\/\/bjhuman.hu\/index.php\/karrier\/","title":{"rendered":"Karrier"},"content":{"rendered":"\t\t<div data-elementor-type=\"wp-page\" data-elementor-id=\"312\" class=\"elementor elementor-312\">\n\t\t\t\t\t\t<section class=\"elementor-section elementor-top-section elementor-element elementor-element-35510d9 elementor-section-height-min-height elementor-section-items-top elementor-section-boxed elementor-section-height-default wpr-particle-no wpr-jarallax-no wpr-parallax-no wpr-sticky-section-no\" data-id=\"35510d9\" data-element_type=\"section\" data-e-type=\"section\">\n\t\t\t\t\t\t<div class=\"elementor-container elementor-column-gap-default\">\n\t\t\t\t\t<div class=\"elementor-column elementor-col-100 elementor-top-column elementor-element elementor-element-05c0775\" data-id=\"05c0775\" data-element_type=\"column\" data-e-type=\"column\">\n\t\t\t<div class=\"elementor-widget-wrap elementor-element-populated\">\n\t\t\t\t\t\t<div class=\"elementor-element elementor-element-0bee482 tpg-wrapper-align-left title-two-line img_hover_animation_img_no_effect title-alignment-center tpg-el-box-border-disable e-transform e-transform e-transform e-transform title_position_default title_hover_border_default grid-hover-overlay-type-always tpg-border-bottom-disable elementor-widget elementor-widget-tpg-grid-layout\" data-id=\"0bee482\" data-element_type=\"widget\" data-e-type=\"widget\" data-settings=\"{&quot;_animation&quot;:&quot;none&quot;,&quot;_transform_rotateZ_effect_hover&quot;:{&quot;unit&quot;:&quot;px&quot;,&quot;size&quot;:&quot;&quot;,&quot;sizes&quot;:[]},&quot;_transform_rotateZ_effect_hover_tablet&quot;:{&quot;unit&quot;:&quot;deg&quot;,&quot;size&quot;:&quot;&quot;,&quot;sizes&quot;:[]},&quot;_transform_rotateZ_effect_hover_mobile&quot;:{&quot;unit&quot;:&quot;deg&quot;,&quot;size&quot;:&quot;&quot;,&quot;sizes&quot;:[]},&quot;_transform_translateX_effect_hover&quot;:{&quot;unit&quot;:&quot;px&quot;,&quot;size&quot;:&quot;&quot;,&quot;sizes&quot;:[]},&quot;_transform_translateX_effect_hover_tablet&quot;:{&quot;unit&quot;:&quot;px&quot;,&quot;size&quot;:&quot;&quot;,&quot;sizes&quot;:[]},&quot;_transform_translateX_effect_hover_mobile&quot;:{&quot;unit&quot;:&quot;px&quot;,&quot;size&quot;:&quot;&quot;,&quot;sizes&quot;:[]},&quot;_transform_translateY_effect_hover&quot;:{&quot;unit&quot;:&quot;px&quot;,&quot;size&quot;:&quot;&quot;,&quot;sizes&quot;:[]},&quot;_transform_translateY_effect_hover_tablet&quot;:{&quot;unit&quot;:&quot;px&quot;,&quot;size&quot;:&quot;&quot;,&quot;sizes&quot;:[]},&quot;_transform_translateY_effect_hover_mobile&quot;:{&quot;unit&quot;:&quot;px&quot;,&quot;size&quot;:&quot;&quot;,&quot;sizes&quot;:[]},&quot;_transform_scaleX_effect_hover&quot;:{&quot;unit&quot;:&quot;px&quot;,&quot;size&quot;:&quot;&quot;,&quot;sizes&quot;:[]},&quot;_transform_scaleX_effect_hover_tablet&quot;:{&quot;unit&quot;:&quot;px&quot;,&quot;size&quot;:&quot;&quot;,&quot;sizes&quot;:[]},&quot;_transform_scaleX_effect_hover_mobile&quot;:{&quot;unit&quot;:&quot;px&quot;,&quot;size&quot;:&quot;&quot;,&quot;sizes&quot;:[]},&quot;_transform_scaleY_effect_hover&quot;:{&quot;unit&quot;:&quot;px&quot;,&quot;size&quot;:&quot;&quot;,&quot;sizes&quot;:[]},&quot;_transform_scaleY_effect_hover_tablet&quot;:{&quot;unit&quot;:&quot;px&quot;,&quot;size&quot;:&quot;&quot;,&quot;sizes&quot;:[]},&quot;_transform_scaleY_effect_hover_mobile&quot;:{&quot;unit&quot;:&quot;px&quot;,&quot;size&quot;:&quot;&quot;,&quot;sizes&quot;:[]},&quot;_transform_skewX_effect_hover&quot;:{&quot;unit&quot;:&quot;px&quot;,&quot;size&quot;:&quot;&quot;,&quot;sizes&quot;:[]},&quot;_transform_skewX_effect_hover_tablet&quot;:{&quot;unit&quot;:&quot;deg&quot;,&quot;size&quot;:&quot;&quot;,&quot;sizes&quot;:[]},&quot;_transform_skewX_effect_hover_mobile&quot;:{&quot;unit&quot;:&quot;deg&quot;,&quot;size&quot;:&quot;&quot;,&quot;sizes&quot;:[]},&quot;_transform_skewY_effect_hover&quot;:{&quot;unit&quot;:&quot;px&quot;,&quot;size&quot;:&quot;&quot;,&quot;sizes&quot;:[]},&quot;_transform_skewY_effect_hover_tablet&quot;:{&quot;unit&quot;:&quot;deg&quot;,&quot;size&quot;:&quot;&quot;,&quot;sizes&quot;:[]},&quot;_transform_skewY_effect_hover_mobile&quot;:{&quot;unit&quot;:&quot;deg&quot;,&quot;size&quot;:&quot;&quot;,&quot;sizes&quot;:[]}}\" data-widget_type=\"tpg-grid-layout.default\">\n\t\t\t\t<div class=\"elementor-widget-container\">\n\t\t\t\t\t\t\t<div class=\"rt-container-fluid rt-tpg-container tpg-el-main-wrapper clearfix grid-layout1-main \"\n\t\t\t id=\"rt-tpg-container-773771010\"\n\t\t\t data-layout=\"grid-layout1\"\n\t\t\t data-grid-style=\"tpg-full-height\"\n\t\t\t data-sc-id=\"elementor\"\n\t\t\t data-el-settings=''\n\t\t\t data-el-query=''\n\t\t\t data-el-path=''\n\t\t>\n\t\t\t\t\t\t<div class='tpg-header-wrapper '>\n\t\t\t\t\t\t\t<\/div>\n\n\t\t\t<div data-title=\"Loading ...\" class=\"rt-row rt-content-loader grid-layout1 grid-behaviour tpg-full-height grid_layout_wrapper\">\n\t\t\t\t<div class=\"rt-col-md-4 rt-col-sm-6 rt-col-xs-12 img_no_effect rt-grid-item post-11544 post type-post status-publish format-standard has-post-thumbnail hentry category-allashirdetes\"        data-id=\"11544\">\n    <div class=\"rt-holder tpg-post-holder \">\n        <div class=\"rt-detail rt-el-content-wrapper\">\n\t\t\t                <div class=\"rt-img-holder tpg-el-image-wrap has-thumbnail\">\n\t\t\t\t\t                        <img fetchpriority=\"high\" decoding=\"async\" src=\"https:\/\/bjhuman.hu\/wp-content\/uploads\/2024\/10\/Gondozo-768x731.jpg\"\n                             class=\"rt-img-responsive\"\n                             width=\"768\"\n                             height=\"731\"\n                             alt=\"Gondoz\u00f3 (ITBO)\">\n\t\t\t\t\t\t\n\t\t\t\t\t\t\t\n\t\t\n\t\t        <div class=\"overlay grid-hover-content\"><\/div>\n\t\t                <\/div>\n\t\t\t\n\t\t\t<div class=\"entry-title-wrapper\"><h3 class=\"entry-title\"><a data-id=\"11544\" href=\"https:\/\/bjhuman.hu\/index.php\/gondozo-itb\/\" class=\"tpg-post-link\" target=\"_blank\">Gondoz\u00f3 (ITBO)<\/a><\/h3><\/div>\n\t\t\t\n\n\t\t\t\n\t\t\t        <\/div>\n    <\/div>\n<\/div>\n<div class=\"rt-col-md-4 rt-col-sm-6 rt-col-xs-12 img_no_effect rt-grid-item post-11188 post type-post status-publish format-standard has-post-thumbnail hentry category-allashirdetes\"        data-id=\"11188\">\n    <div class=\"rt-holder tpg-post-holder \">\n        <div class=\"rt-detail rt-el-content-wrapper\">\n\t\t\t                <div class=\"rt-img-holder tpg-el-image-wrap has-thumbnail\">\n\t\t\t\t\t                        <img decoding=\"async\" src=\"https:\/\/bjhuman.hu\/wp-content\/uploads\/2025\/01\/Csaladsegito-25-768x731.png\"\n                             class=\"rt-img-responsive\"\n                             width=\"768\"\n                             height=\"731\"\n                             alt=\"Csal\u00e1dseg\u00edt\u0151\">\n\t\t\t\t\t\t\n\t\t\t\t\t\t\t\n\t\t\n\t\t        <div class=\"overlay grid-hover-content\"><\/div>\n\t\t                <\/div>\n\t\t\t\n\t\t\t<div class=\"entry-title-wrapper\"><h3 class=\"entry-title\"><a data-id=\"11188\" href=\"https:\/\/bjhuman.hu\/index.php\/csaladsegito-3\/\" class=\"tpg-post-link\" target=\"_blank\">Csal\u00e1dseg\u00edt\u0151<\/a><\/h3><\/div>\n\t\t\t\n\n\t\t\t\n\t\t\t        <\/div>\n    <\/div>\n<\/div>\n<div class=\"rt-col-md-4 rt-col-sm-6 rt-col-xs-12 img_no_effect rt-grid-item post-13424 post type-post status-publish format-standard has-post-thumbnail hentry category-allashirdetes\"        data-id=\"13424\">\n    <div class=\"rt-holder tpg-post-holder \">\n        <div class=\"rt-detail rt-el-content-wrapper\">\n\t\t\t                <div class=\"rt-img-holder tpg-el-image-wrap has-thumbnail\">\n\t\t\t\t\t                        <img decoding=\"async\" src=\"https:\/\/bjhuman.hu\/wp-content\/uploads\/2026\/03\/ALLASOK-768x768.jpg\"\n                             class=\"rt-img-responsive\"\n                             width=\"768\"\n                             height=\"768\"\n                             alt=\"Konyhai dolgoz\u00f3\">\n\t\t\t\t\t\t\n\t\t\t\t\t\t\t\n\t\t\n\t\t        <div class=\"overlay grid-hover-content\"><\/div>\n\t\t                <\/div>\n\t\t\t\n\t\t\t<div class=\"entry-title-wrapper\"><h3 class=\"entry-title\"><a data-id=\"13424\" href=\"https:\/\/bjhuman.hu\/index.php\/konyhai-dolgozo\/\" class=\"tpg-post-link\" target=\"_blank\">Konyhai dolgoz\u00f3<\/a><\/h3><\/div>\n\t\t\t\n\n\t\t\t\n\t\t\t        <\/div>\n    <\/div>\n<\/div>\n<div class=\"rt-col-md-4 rt-col-sm-6 rt-col-xs-12 img_no_effect rt-grid-item post-4923 post type-post status-publish format-standard has-post-thumbnail hentry category-allashirdetes\"        data-id=\"4923\">\n    <div class=\"rt-holder tpg-post-holder \">\n        <div class=\"rt-detail rt-el-content-wrapper\">\n\t\t\t                <div class=\"rt-img-holder tpg-el-image-wrap has-thumbnail\">\n\t\t\t\t\t                        <img loading=\"lazy\" decoding=\"async\" src=\"https:\/\/bjhuman.hu\/wp-content\/uploads\/2024\/04\/HSG-gondozo.jpg\"\n                             class=\"rt-img-responsive\"\n                             width=\"768\"\n                             height=\"731\"\n                             alt=\"Gondoz\u00f3 (HSG)\">\n\t\t\t\t\t\t\n\t\t\t\t\t\t\t\n\t\t\n\t\t        <div class=\"overlay grid-hover-content\"><\/div>\n\t\t                <\/div>\n\t\t\t\n\t\t\t<div class=\"entry-title-wrapper\"><h3 class=\"entry-title\"><a data-id=\"4923\" href=\"https:\/\/bjhuman.hu\/index.php\/gondozo-hazi-segitsegnyujtasi-szolgalat\/\" class=\"tpg-post-link\" target=\"_blank\">Gondoz\u00f3 (HSG)<\/a><\/h3><\/div>\n\t\t\t\n\n\t\t\t\n\t\t\t        <\/div>\n    <\/div>\n<\/div>\n<div class=\"rt-col-md-4 rt-col-sm-6 rt-col-xs-12 img_no_effect rt-grid-item post-10515 post type-post status-publish format-standard has-post-thumbnail hentry category-allashirdetes\"        data-id=\"10515\">\n    <div class=\"rt-holder tpg-post-holder \">\n        <div class=\"rt-detail rt-el-content-wrapper\">\n\t\t\t                <div class=\"rt-img-holder tpg-el-image-wrap has-thumbnail\">\n\t\t\t\t\t                        <img loading=\"lazy\" decoding=\"async\" src=\"https:\/\/bjhuman.hu\/wp-content\/uploads\/2024\/06\/Gondozo.jpg\"\n                             class=\"rt-img-responsive\"\n                             width=\"768\"\n                             height=\"731\"\n                             alt=\"Gondoz\u00f3 (ITBO)\">\n\t\t\t\t\t\t\n\t\t\t\t\t\t\t\n\t\t\n\t\t        <div class=\"overlay grid-hover-content\"><\/div>\n\t\t                <\/div>\n\t\t\t\n\t\t\t<div class=\"entry-title-wrapper\"><h3 class=\"entry-title\"><a data-id=\"10515\" href=\"https:\/\/bjhuman.hu\/index.php\/gondozo-6\/\" class=\"tpg-post-link\" target=\"_blank\">Gondoz\u00f3 (ITBO)<\/a><\/h3><\/div>\n\t\t\t\n\n\t\t\t\n\t\t\t        <\/div>\n    <\/div>\n<\/div>\n\t\t\t<\/div>\n\t\t\t\n\t\t<\/div>\n\t\t\t\t\t\t<\/div>\n\t\t\t\t<\/div>\n\t\t\t\t\t<\/div>\n\t\t<\/div>\n\t\t\t\t\t<\/div>\n\t\t<\/section>\n\t\t\t\t<\/div>\n\t\t","protected":false},"excerpt":{"rendered":"<p>Vezet\u0151 \u00e1pol\u00f3 Beszerz\u00e9si-gazdas\u00e1gi \u00fcgyint\u00e9z\u0151 Szoci\u00e1lis munkat\u00e1rs Gondoz\u00f3 Fog\u00e1szati asszisztens Gazdas\u00e1gi \u00fcgyint\u00e9z\u0151 Marketing \u00fcgyint\u00e9z\u0151 \u00dczemeltet\u00e9si \u00fcgyint\u00e9z\u0151 2 \u00dczemeltet\u00e9si \u00fcgyint\u00e9z\u0151 1<\/p>\n","protected":false},"author":1,"featured_media":0,"parent":0,"menu_order":0,"comment_status":"closed","ping_status":"closed","template":"","meta":{"footnotes":""},"class_list":["post-312","page","type-page","status-publish","hentry"],"rttpg_featured_image_url":null,"rttpg_author":{"display_name":"hyperlord","author_link":"https:\/\/bjhuman.hu\/index.php\/author\/hyperlord\/"},"rttpg_comment":0,"rttpg_category":"","rttpg_excerpt":"Vezet\u0151 \u00e1pol\u00f3 Beszerz\u00e9si-gazdas\u00e1gi \u00fcgyint\u00e9z\u0151 Szoci\u00e1lis munkat\u00e1rs Gondoz\u00f3 Fog\u00e1szati asszisztens Gazdas\u00e1gi \u00fcgyint\u00e9z\u0151 Marketing \u00fcgyint\u00e9z\u0151 \u00dczemeltet\u00e9si \u00fcgyint\u00e9z\u0151 2 \u00dczemeltet\u00e9si \u00fcgyint\u00e9z\u0151 1","_links":{"self":[{"href":"https:\/\/bjhuman.hu\/index.php\/wp-json\/wp\/v2\/pages\/312","targetHints":{"allow":["GET"]}}],"collection":[{"href":"https:\/\/bjhuman.hu\/index.php\/wp-json\/wp\/v2\/pages"}],"about":[{"href":"https:\/\/bjhuman.hu\/index.php\/wp-json\/wp\/v2\/types\/page"}],"author":[{"embeddable":true,"href":"https:\/\/bjhuman.hu\/index.php\/wp-json\/wp\/v2\/users\/1"}],"replies":[{"embeddable":true,"href":"https:\/\/bjhuman.hu\/index.php\/wp-json\/wp\/v2\/comments?post=312"}],"version-history":[{"count":46,"href":"https:\/\/bjhuman.hu\/index.php\/wp-json\/wp\/v2\/pages\/312\/revisions"}],"predecessor-version":[{"id":10859,"href":"https:\/\/bjhuman.hu\/index.php\/wp-json\/wp\/v2\/pages\/312\/revisions\/10859"}],"wp:attachment":[{"href":"https:\/\/bjhuman.hu\/index.php\/wp-json\/wp\/v2\/media?parent=312"}],"curies":[{"name":"wp","href":"https:\/\/api.w.org\/{rel}","templated":true}]}}