{"id":302,"date":"2023-03-10T05:36:36","date_gmt":"2023-03-10T05:36:36","guid":{"rendered":"https:\/\/dev.bjhuman.hu\/?page_id=302"},"modified":"2026-03-10T13:06:27","modified_gmt":"2026-03-10T11:06:27","slug":"rolunk","status":"publish","type":"page","link":"https:\/\/bjhuman.hu\/index.php\/rolunk\/","title":{"rendered":"R\u00f3lunk"},"content":{"rendered":"\t\t<div data-elementor-type=\"wp-page\" data-elementor-id=\"302\" class=\"elementor elementor-302\">\n\t\t\t\t\t\t<section class=\"elementor-section elementor-top-section elementor-element elementor-element-a35a279 elementor-section-boxed elementor-section-height-default elementor-section-height-default wpr-particle-no wpr-jarallax-no wpr-parallax-no wpr-sticky-section-no\" data-id=\"a35a279\" data-element_type=\"section\" data-e-type=\"section\">\n\t\t\t\t\t\t<div class=\"elementor-container elementor-column-gap-default\">\n\t\t\t\t\t<div class=\"elementor-column elementor-col-66 elementor-top-column elementor-element elementor-element-c834051\" data-id=\"c834051\" data-element_type=\"column\" data-e-type=\"column\">\n\t\t\t<div class=\"elementor-widget-wrap elementor-element-populated\">\n\t\t\t\t\t\t<div class=\"elementor-element elementor-element-c2aba14 elementor-widget elementor-widget-text-editor\" data-id=\"c2aba14\" data-element_type=\"widget\" data-e-type=\"widget\" data-widget_type=\"text-editor.default\">\n\t\t\t\t<div class=\"elementor-widget-container\">\n\t\t\t\t\t\t\t\t\t<p>Szeretettel k\u00f6sz\u00f6nt\u00f6k minden kedves l\u00e1togat\u00f3t a Bischitz Johanna Integr\u00e1lt Hum\u00e1n Szolg\u00e1ltat\u00f3 K\u00f6zpont honlapj\u00e1n!<br><br>Int\u00e9zm\u00e9ny\u00fcnk\n integr\u00e1lt form\u00e1ban biztos\u00edtja Erzs\u00e9betv\u00e1ros lakoss\u00e1g\u00e1nak magas \nsz\u00ednvonal\u00fa, differenci\u00e1lt ell\u00e1t\u00e1s\u00e1t csal\u00e1d- \u00e9s gyermekv\u00e9delmi, \neg\u00e9szs\u00e9g\u00fcgyi \u00e9s szoci\u00e1lis ter\u00fcleteken . C\u00e9lunk az ig\u00e9nybevev\u0151knek \nkisz\u00e1m\u00edthat\u00f3, megb\u00edzhat\u00f3, a ker\u00fcletben k\u00f6nnyen el\u00e9rhet\u0151, magas min\u0151s\u00e9g\u0171 \nszolg\u00e1ltat\u00e1st biztos\u00edtani a szakmai ismeretek felhaszn\u00e1l\u00e1s\u00e1val \u00e9s \nalkalmaz\u00e1s\u00e1val, biztos\u00edtva a lakoss\u00e1g hat\u00e9konyabb seg\u00edt\u00e9s\u00e9t, hangs\u00falyt \nfektetve a ker\u00fcletben \u00e9l\u0151k szoci\u00e1lis biztons\u00e1g\u00e1nak megteremt\u00e9s\u00e9re \u00e9s \nmeg\u0151rz\u00e9s\u00e9re, a sz\u00fcks\u00e9gletek alakul\u00e1s\u00e1val \u00e1tj\u00e1rhat\u00f3 ell\u00e1t\u00e1st ny\u00fajtani az \nakt\u00edv \u00e9s id\u0151skor\u00fa szem\u00e9lyeknek. Az int\u00e9zm\u00e9ny alap \u00e9s szakos\u00edtott \nell\u00e1t\u00e1sa minden neh\u00e9z szoci\u00e1lis helyzetbe ker\u00fcl\u0151 csal\u00e1d, id\u0151s \u00e9s akt\u00edv \nkor\u00fa szem\u00e9ly sz\u00e1m\u00e1ra nyitva \u00e1ll.<br>Munkat\u00e1rsaink tapasztalata, \nfelk\u00e9sz\u00fclts\u00e9ge valamint int\u00e9zm\u00e9nyeink j\u00f3 t\u00e1rgyi felt\u00e9telei mind azt a \nc\u00e9lt szolg\u00e1lj\u00e1k, hogy a hozz\u00e1nk fordul\u00f3k megfelel\u0151 szolg\u00e1ltat\u00e1sban \nr\u00e9szes\u00fcljenek.<br>Rem\u00e9nyeim szerint olyan inform\u00e1ci\u00f3kat tal\u00e1lhat itt, \nmelyek sokat seg\u00edtenek \u00d6nnek a t\u00e1j\u00e9koz\u00f3d\u00e1sban, sokr\u00e9t\u0171 tev\u00e9kenys\u00e9get \nfolytat\u00f3 int\u00e9zm\u00e9ny\u00fcnk megismer\u00e9s\u00e9ben.<br>K\u00e9rem \u00d6nt, hogy ismerje meg \nint\u00e9zm\u00e9ny\u00fcnket, s k\u00edv\u00e1nom, hogy gy\u0171jts\u00f6n \u00e9s kapjon min\u00e9l t\u00f6bb \ninform\u00e1ci\u00f3t r\u00f3lunk, honlapunkon kereszt\u00fcl s ha felkeltett\u00fck \n\u00e9rdekl\u0151d\u00e9s\u00e9t, arra b\u00edztatom, hogy l\u00e1togasson el hozz\u00e1nk szem\u00e9lyesen is!<br><br>Farkas T\u00fcnde<br>Igazgat\u00f3<\/p>\t\t\t\t\t\t\t\t<\/div>\n\t\t\t\t<\/div>\n\t\t\t\t\t<\/div>\n\t\t<\/div>\n\t\t\t\t<div class=\"elementor-column elementor-col-33 elementor-top-column elementor-element elementor-element-b8df456\" data-id=\"b8df456\" data-element_type=\"column\" data-e-type=\"column\">\n\t\t\t<div class=\"elementor-widget-wrap elementor-element-populated\">\n\t\t\t\t\t\t<div class=\"elementor-element elementor-element-6f775f0 elementor-widget elementor-widget-image\" data-id=\"6f775f0\" data-element_type=\"widget\" data-e-type=\"widget\" data-widget_type=\"image.default\">\n\t\t\t\t<div class=\"elementor-widget-container\">\n\t\t\t\t\t\t\t\t\t\t\t\t\t\t\t<img fetchpriority=\"high\" decoding=\"async\" width=\"714\" height=\"1024\" src=\"https:\/\/bjhuman.hu\/wp-content\/uploads\/2023\/10\/igazgato.jpg\" class=\"attachment-large size-large wp-image-3163\" alt=\"\" \/>\t\t\t\t\t\t\t\t\t\t\t\t\t\t\t<\/div>\n\t\t\t\t<\/div>\n\t\t\t\t\t<\/div>\n\t\t<\/div>\n\t\t\t\t\t<\/div>\n\t\t<\/section>\n\t\t\t\t<section class=\"elementor-section elementor-top-section elementor-element elementor-element-9fee558 elementor-section-boxed elementor-section-height-default elementor-section-height-default wpr-particle-no wpr-jarallax-no wpr-parallax-no wpr-sticky-section-no\" data-id=\"9fee558\" data-element_type=\"section\" data-e-type=\"section\">\n\t\t\t\t\t\t<div class=\"elementor-container elementor-column-gap-default\">\n\t\t\t\t\t<div class=\"elementor-column elementor-col-100 elementor-top-column elementor-element elementor-element-aceaf0c\" data-id=\"aceaf0c\" data-element_type=\"column\" data-e-type=\"column\">\n\t\t\t<div class=\"elementor-widget-wrap\">\n\t\t\t\t\t\t\t<\/div>\n\t\t<\/div>\n\t\t\t\t\t<\/div>\n\t\t<\/section>\n\t\t\t\t<section class=\"elementor-section elementor-top-section elementor-element elementor-element-8f9d30c elementor-section-boxed elementor-section-height-default elementor-section-height-default wpr-particle-no wpr-jarallax-no wpr-parallax-no wpr-sticky-section-no\" data-id=\"8f9d30c\" data-element_type=\"section\" data-e-type=\"section\">\n\t\t\t\t\t\t<div class=\"elementor-container elementor-column-gap-default\">\n\t\t\t\t\t<div class=\"elementor-column elementor-col-66 elementor-top-column elementor-element elementor-element-b13b675\" data-id=\"b13b675\" data-element_type=\"column\" data-e-type=\"column\">\n\t\t\t<div class=\"elementor-widget-wrap elementor-element-populated\">\n\t\t\t\t\t\t<div class=\"elementor-element elementor-element-bfa3306 elementor-widget elementor-widget-text-editor\" data-id=\"bfa3306\" data-element_type=\"widget\" data-e-type=\"widget\" data-widget_type=\"text-editor.default\">\n\t\t\t\t<div class=\"elementor-widget-container\">\n\t\t\t\t\t\t\t\t\t<p><span class=\"a_GcMg font-feature-liga-off font-feature-clig-off font-feature-calt-off text-decoration-none text-strikethrough-none\"><strong>Ismerj\u00e9k meg int\u00e9zm\u00e9ny\u00fcnk n\u00e9vad\u00f3j\u00e1t, Bischitz Johann\u00e1t!<\/strong><\/span><\/p><p>Int\u00e9zm\u00e9ny\u00fcnk n\u00e9vad\u00f3ja, <span class=\"a_GcMg font-feature-liga-off font-feature-clig-off font-feature-calt-off text-decoration-none text-strikethrough-none\">Bischitz Johanna<\/span><span class=\"a_GcMg font-feature-liga-off font-feature-clig-off font-feature-calt-off text-decoration-none text-strikethrough-none\"> (1827-1898) h\u00edres szoci\u00e1lis reformer, j\u00f3t\u00e9konykod\u00f3 nev\u00e9hez f\u0171z\u0151dik egyebek mellett egy n\u0151egylet, egy le\u00e1ny\u00e1rvah\u00e1z alap\u00edt\u00e1sa, n\u00e9pkonyha l\u00e9trehoz\u00e1sa, valamint 1879-ben a F\u0151v\u00e1rosi Gyermekegylet elind\u00edt\u00e1sa, melynek c\u00e9lja a szeg\u00e9ny gyerekek nyomor\u00e1nak enyh\u00edt\u00e9se volt. Az els\u0151 olyan n\u0151 Magyarorsz\u00e1gon, akinek szobrot \u00e1ll\u00edtottak \u00e9let\u00e9ben, J\u00f3kai M\u00f3r az &#8222;emberis\u00e9g j\u00f3tev\u0151j\u00e9nek&#8221; nevezte. Temet\u00e9s\u00e9n annyian jelentek meg, mint kor\u00e1bban csak Kossuth Lajos\u00e9n.<\/span><\/p><p>\u00a0<\/p><p>Tov\u00e1bbi inform\u00e1ci\u00f3:<\/p><p><a href=\"https:\/\/24.hu\/kultura\/2024\/07\/13\/gyarmati-andrea-bischitz-johanna-posztitt\/\">Gyarmati Andrea: H\u00e1t ki az a Bischitz Johanna?<\/a><\/p><p>\u00a0<\/p>\t\t\t\t\t\t\t\t<\/div>\n\t\t\t\t<\/div>\n\t\t\t\t\t<\/div>\n\t\t<\/div>\n\t\t\t\t<div class=\"elementor-column elementor-col-33 elementor-top-column elementor-element elementor-element-5c08516\" data-id=\"5c08516\" data-element_type=\"column\" data-e-type=\"column\">\n\t\t\t<div class=\"elementor-widget-wrap elementor-element-populated\">\n\t\t\t\t\t\t<div class=\"elementor-element elementor-element-85a4600 elementor-widget elementor-widget-image\" data-id=\"85a4600\" data-element_type=\"widget\" data-e-type=\"widget\" data-widget_type=\"image.default\">\n\t\t\t\t<div class=\"elementor-widget-container\">\n\t\t\t\t\t\t\t\t\t\t\t\t\t\t\t<img decoding=\"async\" src=\"https:\/\/bjhuman.hu\/wp-content\/uploads\/elementor\/thumbs\/bischitz-johanna-cikkbe-e1756281670110-rav5tqfxph2fpita5tbosnxxvq9cwo4i3a8i5xiz60.jpg\" title=\"bischitz johanna-cikkbe\" alt=\"bischitz johanna-cikkbe\" loading=\"lazy\" \/>\t\t\t\t\t\t\t\t\t\t\t\t\t\t\t<\/div>\n\t\t\t\t<\/div>\n\t\t\t\t\t<\/div>\n\t\t<\/div>\n\t\t\t\t\t<\/div>\n\t\t<\/section>\n\t\t\t\t<section class=\"elementor-section elementor-top-section elementor-element elementor-element-6fda7f3 elementor-section-boxed elementor-section-height-default elementor-section-height-default wpr-particle-no wpr-jarallax-no wpr-parallax-no wpr-sticky-section-no\" data-id=\"6fda7f3\" data-element_type=\"section\" data-e-type=\"section\">\n\t\t\t\t\t\t<div class=\"elementor-container elementor-column-gap-default\">\n\t\t\t\t\t<div class=\"elementor-column elementor-col-100 elementor-top-column elementor-element elementor-element-8e7ce57\" data-id=\"8e7ce57\" data-element_type=\"column\" data-e-type=\"column\">\n\t\t\t<div class=\"elementor-widget-wrap\">\n\t\t\t\t\t\t\t<\/div>\n\t\t<\/div>\n\t\t\t\t\t<\/div>\n\t\t<\/section>\n\t\t\t\t<section class=\"elementor-section elementor-top-section elementor-element elementor-element-e354e05 elementor-section-boxed elementor-section-height-default elementor-section-height-default wpr-particle-no wpr-jarallax-no wpr-parallax-no wpr-sticky-section-no\" data-id=\"e354e05\" data-element_type=\"section\" data-e-type=\"section\">\n\t\t\t\t\t\t<div class=\"elementor-container elementor-column-gap-default\">\n\t\t\t\t\t<div class=\"elementor-column elementor-col-100 elementor-top-column elementor-element elementor-element-57b38d7\" data-id=\"57b38d7\" data-element_type=\"column\" data-e-type=\"column\">\n\t\t\t<div class=\"elementor-widget-wrap elementor-element-populated\">\n\t\t\t\t\t\t<div class=\"elementor-element elementor-element-3059ef6 wpr-advanced-accordion-icon-side-box elementor-widget elementor-widget-wpr-advanced-accordion\" data-id=\"3059ef6\" data-element_type=\"widget\" data-e-type=\"widget\" data-settings=\"{&quot;active_item&quot;:1}\" data-widget_type=\"wpr-advanced-accordion.default\">\n\t\t\t\t<div class=\"elementor-widget-container\">\n\t\t\t\t\t\n            <div class=\"wpr-advanced-accordion\" data-accordion-type=\"accordion\" data-active-index=\"1\" data-accordion-trigger=\"click\" data-interaction-speed=\"0.4\">\n\n\t\t\t\n                \n\t\t\t\t\t<div class=\"wpr-accordion-item-wrap\">\n\t\t\t\t\t\t<button class=\"wpr-acc-button\">\n\t\t\t\t\t\t\t<span class=\"wpr-acc-item-title\">\n\t\t\t\t\t\t\t\t\t\t\t\t\t\t\t\t\t<div class=\"wpr-acc-icon-box\">\n\t\t\t\t\t\t\t\t\t\t\t\t\t\t<span class=\"wpr-title-icon\">\n\t\t\t\t\t<i aria-hidden=\"true\" class=\"fas fa-phone-alt\"><\/i>\t\t\t\t<\/span>\n\t\t\t\t\t\t\t\t\t\t\t\t<\/div>\n\t\t\t\t\t\t\t\t\n\t\t\t\t\t\t\t\t<span class=\"wpr-acc-title-text\">Int\u00e9zm\u00e9nyeink el\u00e9rhet\u0151s\u00e9gei<\/span>\n\t\t\t\t\t\t\t<\/span>\n\t\t\t\t\t\t\t\t\t\t\t<span class=\"wpr-toggle-icon wpr-ti-close\"><i aria-hidden=\"true\" class=\"fas fa-plus\"><\/i><\/span>\n\t\t\t\t<span class=\"wpr-toggle-icon wpr-ti-open\"><i aria-hidden=\"true\" class=\"fas fa-minus\"><\/i><\/span>\n\t\t\t\t\t\t\t\t\t<\/button>\n\n\t\t\t\t\t\t<div class=\"wpr-acc-panel\">\n\t\t\t\t\t\t\t\t\t\t\t\t\t\t\t<div class=\"wpr-acc-panel-content\"><table width=\"775\"><tbody><tr><td width=\"243\"><strong><em>INT\u00c9ZM\u00c9NY<\/em><\/strong><\/td><td width=\"217\"><strong><em>C\u00cdM<\/em><\/strong><\/td><td width=\"81\"><strong><em>TELEFON<\/em><\/strong><\/td><td width=\"234\"><strong><em>E-MAIL<\/em><\/strong><\/td><\/tr><tr><td width=\"243\"><strong>Dob B\u00f6lcs\u0151de<\/strong><\/td><td width=\"217\">1074 Budapest, Dob u. 23.<\/td><td width=\"81\">321-2577<\/td><td><a href=\"mailto:dob.bolcsode@bjhuman.hu\">dob.bolcsode@bjhuman.hu<\/a><\/td><\/tr><tr><td width=\"243\"><strong>V\u00e1rosligeti B\u00f6lcs\u0151de<\/strong><\/td><td width=\"217\">1071 Budapest, V\u00e1rosligeti fasor 39-41.<\/td><td width=\"81\">343-3567<\/td><td><a href=\"mailto:varosligeti.bolcsode@bjhuman.hu\">varosligeti.bolcsode@bjhuman.hu<\/a><\/td><\/tr><tr><td width=\"243\"><strong>L\u00f6v\u00f6lde B\u00f6lcs\u0151de<\/strong><\/td><td width=\"217\">1071 Budapest, L\u00f6v\u00f6lde t\u00e9r 1.<\/td><td width=\"81\">342-7607<\/td><td><a href=\"mailto:lovolde.bolcsode@bjhuman.hu\">lovolde.bolcsode@bjhuman.hu<\/a><\/td><\/tr><tr><td rowspan=\"3\" width=\"243\"><p><strong>Csal\u00e1d-\u00e9s Gyermekj\u00f3l\u00e9ti K\u00f6zpont\u00a0<\/strong><\/p><p><strong><br \/>Csal\u00e1d-\u00e9s Gyermekj\u00f3l\u00e9ti Szolg\u00e1lat<\/strong><\/p><\/td><td width=\"217\">1073 Budapest, Kert\u00e9sz u. 20.<\/td><td width=\"81\">322-0272<\/td><td><a href=\"mailto:csaladesgyermekjolet@bjhuman.hu\">gyermekjoletikozpont@bjhuman.hu<\/a><\/td><\/tr><tr><td width=\"217\">\u00a0<\/td><td width=\"81\">\u00a0<\/td><td>\u00a0<\/td><\/tr><tr><td width=\"217\">1074 Budapest, Hutyra F. u. 11-15.<\/td><td width=\"81\">352-8672<\/td><td><a href=\"mailto:csaladesgyermekjolet@bjhuman.hu\">gyermekjoletiszolgalat@bjhuman.hu<\/a><\/td><\/tr><tr><td width=\"243\"><strong>H\u00e1zi Seg\u00edts\u00e9gny\u00fajt\u00e1s,\u00a0 \u00a0 \u00a0 \u00a0 \u00a0 \u00a0 Jelz\u0151rendszeres H\u00e1zi Seg\u00edts\u00e9gny\u00fajt\u00e1s, FECSKE<\/strong><\/td><td width=\"217\">1074 Budapest, Doh\u00e1ny u. 22-24. (bej\u00e1rat a S\u00edp utca fel\u0151l)<\/td><td width=\"81\">342-9576<\/td><td><a href=\"mailto:hazisegitseg@bjhuman.hu\">hazisegitseg@bjhuman.hu<\/a><\/td><\/tr><tr><td rowspan=\"3\" width=\"243\"><strong>Id\u0151sek nappali ell\u00e1t\u00e1sa (Klubok)<\/strong><\/td><td width=\"217\">1074 Budapest, Doh\u00e1ny u. 22-24. (bej\u00e1rat a S\u00edp utca fel\u0151l)\u00a0\u00a0\u00a0\u00a0\u00a0\u00a0\u00a0\u00a0<\/td><td width=\"81\">322-1897\u00a0\u00a0\u00a0\u00a0\u00a0\u00a0<\/td><td><a href=\"mailto:dohany.alapellatas@bjhuman.hu\">dohany.alap<\/a><a href=\"mailto:dohany.alapellatas@bjhuman.hu\">ellatas@bjhuman.hu<\/a><\/td><\/tr><tr><td width=\"217\">Peterdy Klub<\/td><td width=\"81\">322-4489<\/td><td>\u00a0<\/td><\/tr><tr><td width=\"217\">1077 Budapest, Kir\u00e1ly u. 97.<\/td><td width=\"81\">322-6362<\/td><td><a href=\"mailto:kiralyklub@bjhuman.hu\">kiralyklub@bjhuman.hu<\/a><\/td><\/tr><tr><td width=\"243\"><strong>Bentlak\u00e1sos Otthon - D\u00f3zsa Gy.<\/strong><\/td><td width=\"217\">1071 Budapest, D\u00f3zsa Gy. \u00fat 46.\u00a0<\/td><td width=\"81\">341-5533,\u00a0 \u00a0 351-9658<\/td><td><a href=\"mailto:dozsa.bentlakas@bjhuman.hu\">dozsa.bentlakas@bjhuman.hu<\/a><\/td><\/tr><tr><td width=\"243\"><strong>Bentlak\u00e1sos Otthon -<\/strong> <strong>Peterdy<\/strong><\/td><td width=\"217\">1071 Budapest, Peterdy u. 16.<\/td><td width=\"81\">322-4489<\/td><td><a href=\"mailto:peterdy.bentlakas@bjhuman.hu\">peterdy.bentlakas@bjhuman.hu<\/a><\/td><\/tr><tr><td width=\"243\"><strong>Szoci\u00e1lis \u00e9tkeztet\u00e9s<\/strong><\/td><td width=\"217\">1071 Budapest, D\u00f3zsa Gy\u00f6rgy \u00fat 70.<\/td><td width=\"81\">342-5907<\/td><td><a href=\"mailto:etkeztetes@bjhuman.hu\">etkeztetes@bjhuman.hu\u00a0<\/a><\/td><\/tr><tr><td width=\"243\"><strong>\u00c9tkeztet\u00e9si, ell\u00e1totti p\u00e9nz- \u00e9s \u00e9rt\u00e9kkezel\u00e9si csoport<\/strong><\/td><td width=\"217\">1071 Budapest, D\u00f3zsa Gy\u00f6rgy \u00fat 70.<\/td><td width=\"81\">322-5084<\/td><td><a href=\"mailto:etkeztetes@bjhuman.hu\">etkeztetes@bjhuman.hu<\/a>\u00a0<\/td><\/tr><tr><td width=\"243\"><strong>Otthoni Szak\u00e1pol\u00e1si Szolg\u00e1lat<\/strong><\/td><td width=\"217\">1071 Budapest, D\u00f3zsa Gy. \u00dat 46.\u00a0<\/td><td width=\"81\">\u00a0<\/td><td width=\"234\"><a href=\"mailto:otthoni.szakapolas@bjhuman.hu\">otthoni.szakapolas@bjhuman.hu<\/a><\/td><\/tr><tr><td width=\"243\"><strong>Sz\u00e1jseb\u00e9szeti Szakrendel\u00e9s \u00e9s Fog\u00e1szati R\u00f6ntgen<\/strong><\/td><td width=\"217\">1074 Budapest, Csengery u. 25., V. emelet<\/td><td width=\"81\">999-5127<\/td><td width=\"234\"><a href=\"mailto:szajsebeszet@bjhuman.hu\">szajsebeszet@bjhuman.hu; valyon.orsolya@bjhuman.hu<\/a><\/td><\/tr><tr><td width=\"243\"><strong>Gyermekfog\u00e1szat<\/strong><\/td><td width=\"217\">1077 Budapest, Hevesi S. t\u00e9r 1.<\/td><td width=\"81\">342-5991<\/td><td width=\"234\"><a href=\"mailto:gyermekfogaszat@bjhuman.hu\">gyermekfogaszat@bjhuman.hu; klement.orsolya@bjhuman.hu<\/a><\/td><\/tr><tr><td width=\"243\"><strong>V\u00e9d\u0151n\u0151i Szolg\u00e1lat<\/strong><\/td><td width=\"217\">1077 Budapest, Rottenbiller u. 27.<\/td><td width=\"81\">351-0101,\u00a0\u00a0\u00a0\u00a0\u00a0\u00a0 351-9560,\u00a0\u00a0\u00a0\u00a0\u00a0\u00a0\u00a0\u00a0\u00a0\u00a0<\/td><td><a href=\"mailto:acsi.rottenbiller@bjhuman.hu\">acsi.rottenbiller@bjhuman.hu<\/a><\/td><\/tr><tr><td width=\"243\"><strong>Mozg\u00e1scentrum<\/strong><\/td><td width=\"217\">1071 Budapest, L\u00f6v\u00f6lde t\u00e9r 7.<\/td><td width=\"81\">321-0635<\/td><td width=\"234\"><a href=\"mailto:mozgascentrum@bjhuman.hu\">mozgascentrum@bjhuman.hu<\/a><\/td><\/tr><tr><td width=\"243\"><strong>\u00dczemeltet\u00e9s<\/strong><\/td><td width=\"217\">1075 Budapest, Doh\u00e1ny u. 22-24.<\/td><td width=\"81\">321-0128<\/td><td><a href=\"mailto:\u00fczemeltetes@bjhuman.hu\">\u00fczemeltetes@bjhuman.hu<\/a><\/td><\/tr><tr><td width=\"243\"><strong>Var\u00e1zsdoboz J\u00e1tsz\u00f3h\u00e1z<\/strong><\/td><td width=\"217\">1074 Budapest, Dob u. 27.<\/td><td width=\"81\">266-0485<\/td><td><a href=\"mailto:varazsdobozjatszohaz@bjhuman.hu\">varazsdobozjatszohaz@bjhuman.hu<\/a><\/td><\/tr><\/tbody><\/table><\/div>\n\t\t\t\t\t\t\t\t\t\t\t\t\t<\/div>\n                    <\/div>\n\n                            <\/div>\n        \t\t\t\t<\/div>\n\t\t\t\t<\/div>\n\t\t\t\t\t<\/div>\n\t\t<\/div>\n\t\t\t\t\t<\/div>\n\t\t<\/section>\n\t\t\t\t<\/div>\n\t\t","protected":false},"excerpt":{"rendered":"<p>Szeretettel k\u00f6sz\u00f6nt\u00f6k minden kedves l\u00e1togat\u00f3t a Bischitz Johanna Integr\u00e1lt Hum\u00e1n Szolg\u00e1ltat\u00f3 K\u00f6zpont honlapj\u00e1n! Int\u00e9zm\u00e9ny\u00fcnk integr\u00e1lt form\u00e1ban biztos\u00edtja Erzs\u00e9betv\u00e1ros lakoss\u00e1g\u00e1nak magas sz\u00ednvonal\u00fa, differenci\u00e1lt ell\u00e1t\u00e1s\u00e1t csal\u00e1d- \u00e9s gyermekv\u00e9delmi, eg\u00e9szs\u00e9g\u00fcgyi \u00e9s szoci\u00e1lis ter\u00fcleteken . C\u00e9lunk az ig\u00e9nybevev\u0151knek kisz\u00e1m\u00edthat\u00f3, megb\u00edzhat\u00f3, a ker\u00fcletben k\u00f6nnyen el\u00e9rhet\u0151, magas min\u0151s\u00e9g\u0171 szolg\u00e1ltat\u00e1st biztos\u00edtani a szakmai ismeretek felhaszn\u00e1l\u00e1s\u00e1val \u00e9s alkalmaz\u00e1s\u00e1val, biztos\u00edtva a lakoss\u00e1g hat\u00e9konyabb seg\u00edt\u00e9s\u00e9t, hangs\u00falyt fektetve a ker\u00fcletben \u00e9l\u0151k szoci\u00e1lis biztons\u00e1g\u00e1nak megteremt\u00e9s\u00e9re \u00e9s meg\u0151rz\u00e9s\u00e9re, a sz\u00fcks\u00e9gletek alakul\u00e1s\u00e1val \u00e1tj\u00e1rhat\u00f3 ell\u00e1t\u00e1st ny\u00fajtani az akt\u00edv \u00e9s id\u0151skor\u00fa szem\u00e9lyeknek. Az int\u00e9zm\u00e9ny alap \u00e9s szakos\u00edtott ell\u00e1t\u00e1sa minden neh\u00e9z szoci\u00e1lis helyzetbe ker\u00fcl\u0151 csal\u00e1d, id\u0151s \u00e9s akt\u00edv kor\u00fa szem\u00e9ly sz\u00e1m\u00e1ra nyitva \u00e1ll.Munkat\u00e1rsaink tapasztalata, felk\u00e9sz\u00fclts\u00e9ge valamint int\u00e9zm\u00e9nyeink j\u00f3 t\u00e1rgyi felt\u00e9telei mind azt a c\u00e9lt szolg\u00e1lj\u00e1k, hogy a hozz\u00e1nk fordul\u00f3k megfelel\u0151 szolg\u00e1ltat\u00e1sban r\u00e9szes\u00fcljenek.Rem\u00e9nyeim szerint olyan inform\u00e1ci\u00f3kat tal\u00e1lhat itt, melyek sokat seg\u00edtenek \u00d6nnek a t\u00e1j\u00e9koz\u00f3d\u00e1sban, sokr\u00e9t\u0171 tev\u00e9kenys\u00e9get folytat\u00f3 int\u00e9zm\u00e9ny\u00fcnk megismer\u00e9s\u00e9ben.K\u00e9rem \u00d6nt, hogy ismerje meg int\u00e9zm\u00e9ny\u00fcnket, s k\u00edv\u00e1nom, hogy gy\u0171jts\u00f6n \u00e9s kapjon min\u00e9l t\u00f6bb inform\u00e1ci\u00f3t r\u00f3lunk, honlapunkon kereszt\u00fcl s ha felkeltett\u00fck \u00e9rdekl\u0151d\u00e9s\u00e9t, arra b\u00edztatom, hogy l\u00e1togasson el hozz\u00e1nk szem\u00e9lyesen is! Farkas T\u00fcndeIgazgat\u00f3 Ismerj\u00e9k meg int\u00e9zm\u00e9ny\u00fcnk n\u00e9vad\u00f3j\u00e1t, Bischitz Johann\u00e1t! Int\u00e9zm\u00e9ny\u00fcnk n\u00e9vad\u00f3ja, Bischitz Johanna (1827-1898) h\u00edres szoci\u00e1lis reformer, j\u00f3t\u00e9konykod\u00f3 nev\u00e9hez f\u0171z\u0151dik egyebek mellett egy n\u0151egylet, egy le\u00e1ny\u00e1rvah\u00e1z alap\u00edt\u00e1sa, n\u00e9pkonyha l\u00e9trehoz\u00e1sa, valamint 1879-ben a F\u0151v\u00e1rosi Gyermekegylet elind\u00edt\u00e1sa, melynek c\u00e9lja a szeg\u00e9ny gyerekek nyomor\u00e1nak enyh\u00edt\u00e9se volt. Az els\u0151 olyan n\u0151 Magyarorsz\u00e1gon, akinek szobrot \u00e1ll\u00edtottak \u00e9let\u00e9ben, J\u00f3kai M\u00f3r az &#8222;emberis\u00e9g j\u00f3tev\u0151j\u00e9nek&#8221; nevezte. Temet\u00e9s\u00e9n annyian jelentek meg, mint kor\u00e1bban csak Kossuth Lajos\u00e9n. \u00a0 Tov\u00e1bbi inform\u00e1ci\u00f3: Gyarmati Andrea: H\u00e1t ki az a Bischitz Johanna? \u00a0 Int\u00e9zm\u00e9nyeink el\u00e9rhet\u0151s\u00e9gei INT\u00c9ZM\u00c9NY C\u00cdM TELEFON E-MAIL Dob B\u00f6lcs\u0151de 1074 Budapest, Dob u. 23. 321-2577 dob.bolcsode@bjhuman.hu V\u00e1rosligeti B\u00f6lcs\u0151de 1071 Budapest, V\u00e1rosligeti fasor 39-41. 343-3567 varosligeti.bolcsode@bjhuman.hu L\u00f6v\u00f6lde B\u00f6lcs\u0151de 1071 Budapest, L\u00f6v\u00f6lde t\u00e9r 1. 342-7607 lovolde.bolcsode@bjhuman.hu Csal\u00e1d-\u00e9s Gyermekj\u00f3l\u00e9ti K\u00f6zpont\u00a0 Csal\u00e1d-\u00e9s Gyermekj\u00f3l\u00e9ti Szolg\u00e1lat 1073 Budapest, Kert\u00e9sz u. 20. 322-0272 gyermekjoletikozpont@bjhuman.hu \u00a0 \u00a0 \u00a0 1074 Budapest, Hutyra F. u. 11-15. 352-8672 gyermekjoletiszolgalat@bjhuman.hu H\u00e1zi Seg\u00edts\u00e9gny\u00fajt\u00e1s,\u00a0 \u00a0 \u00a0 \u00a0 \u00a0 \u00a0 Jelz\u0151rendszeres H\u00e1zi Seg\u00edts\u00e9gny\u00fajt\u00e1s, FECSKE 1074 Budapest, Doh\u00e1ny u. 22-24. (bej\u00e1rat a S\u00edp utca fel\u0151l) 342-9576 hazisegitseg@bjhuman.hu Id\u0151sek nappali ell\u00e1t\u00e1sa (Klubok) 1074 Budapest, Doh\u00e1ny u. 22-24. (bej\u00e1rat a S\u00edp utca fel\u0151l)\u00a0\u00a0\u00a0\u00a0\u00a0\u00a0\u00a0\u00a0 322-1897\u00a0\u00a0\u00a0\u00a0\u00a0\u00a0 dohany.alapellatas@bjhuman.hu Peterdy Klub 322-4489 \u00a0 1077 Budapest, Kir\u00e1ly u. 97. 322-6362 kiralyklub@bjhuman.hu Bentlak\u00e1sos Otthon &#8211; D\u00f3zsa Gy. 1071 Budapest, D\u00f3zsa Gy. \u00fat 46.\u00a0 341-5533,\u00a0 \u00a0 351-9658 dozsa.bentlakas@bjhuman.hu Bentlak\u00e1sos Otthon &#8211; Peterdy 1071 Budapest, Peterdy u. 16. 322-4489 peterdy.bentlakas@bjhuman.hu Szoci\u00e1lis \u00e9tkeztet\u00e9s 1071 Budapest, D\u00f3zsa Gy\u00f6rgy \u00fat 70. 342-5907 etkeztetes@bjhuman.hu\u00a0 \u00c9tkeztet\u00e9si, ell\u00e1totti p\u00e9nz- \u00e9s \u00e9rt\u00e9kkezel\u00e9si csoport 1071 Budapest, D\u00f3zsa Gy\u00f6rgy \u00fat 70. 322-5084 etkeztetes@bjhuman.hu\u00a0 Otthoni Szak\u00e1pol\u00e1si Szolg\u00e1lat 1071 Budapest, D\u00f3zsa Gy. \u00dat 46.\u00a0 \u00a0 otthoni.szakapolas@bjhuman.hu Sz\u00e1jseb\u00e9szeti Szakrendel\u00e9s \u00e9s Fog\u00e1szati R\u00f6ntgen 1074 Budapest, Csengery u. 25., V. emelet 999-5127 szajsebeszet@bjhuman.hu; valyon.orsolya@bjhuman.hu Gyermekfog\u00e1szat 1077 Budapest, Hevesi S. t\u00e9r 1. 342-5991 gyermekfogaszat@bjhuman.hu; klement.orsolya@bjhuman.hu V\u00e9d\u0151n\u0151i Szolg\u00e1lat 1077 Budapest, Rottenbiller u. 27. 351-0101,\u00a0\u00a0\u00a0\u00a0\u00a0\u00a0 351-9560,\u00a0\u00a0\u00a0\u00a0\u00a0\u00a0\u00a0\u00a0\u00a0\u00a0 acsi.rottenbiller@bjhuman.hu Mozg\u00e1scentrum 1071 Budapest, L\u00f6v\u00f6lde t\u00e9r 7. 321-0635 mozgascentrum@bjhuman.hu \u00dczemeltet\u00e9s 1075 Budapest, Doh\u00e1ny u. 22-24. 321-0128 \u00fczemeltetes@bjhuman.hu Var\u00e1zsdoboz J\u00e1tsz\u00f3h\u00e1z 1074 Budapest, Dob u. 27. 266-0485 varazsdobozjatszohaz@bjhuman.hu<\/p>\n","protected":false},"author":1,"featured_media":0,"parent":0,"menu_order":0,"comment_status":"closed","ping_status":"closed","template":"","meta":{"footnotes":""},"class_list":["post-302","page","type-page","status-publish","hentry"],"rttpg_featured_image_url":null,"rttpg_author":{"display_name":"hyperlord","author_link":"https:\/\/bjhuman.hu\/index.php\/author\/hyperlord\/"},"rttpg_comment":0,"rttpg_category":null,"rttpg_excerpt":"Szeretettel k\u00f6sz\u00f6nt\u00f6k minden kedves l\u00e1togat\u00f3t a Bischitz Johanna Integr\u00e1lt Hum\u00e1n Szolg\u00e1ltat\u00f3 K\u00f6zpont honlapj\u00e1n! Int\u00e9zm\u00e9ny\u00fcnk integr\u00e1lt form\u00e1ban biztos\u00edtja Erzs\u00e9betv\u00e1ros lakoss\u00e1g\u00e1nak magas sz\u00ednvonal\u00fa, differenci\u00e1lt ell\u00e1t\u00e1s\u00e1t csal\u00e1d- \u00e9s gyermekv\u00e9delmi, eg\u00e9szs\u00e9g\u00fcgyi \u00e9s szoci\u00e1lis ter\u00fcleteken . C\u00e9lunk az ig\u00e9nybevev\u0151knek kisz\u00e1m\u00edthat\u00f3, megb\u00edzhat\u00f3, a ker\u00fcletben k\u00f6nnyen el\u00e9rhet\u0151, magas min\u0151s\u00e9g\u0171 szolg\u00e1ltat\u00e1st biztos\u00edtani a szakmai ismeretek felhaszn\u00e1l\u00e1s\u00e1val \u00e9s alkalmaz\u00e1s\u00e1val, biztos\u00edtva a lakoss\u00e1g hat\u00e9konyabb seg\u00edt\u00e9s\u00e9t,&hellip;","_links":{"self":[{"href":"https:\/\/bjhuman.hu\/index.php\/wp-json\/wp\/v2\/pages\/302","targetHints":{"allow":["GET"]}}],"collection":[{"href":"https:\/\/bjhuman.hu\/index.php\/wp-json\/wp\/v2\/pages"}],"about":[{"href":"https:\/\/bjhuman.hu\/index.php\/wp-json\/wp\/v2\/types\/page"}],"author":[{"embeddable":true,"href":"https:\/\/bjhuman.hu\/index.php\/wp-json\/wp\/v2\/users\/1"}],"replies":[{"embeddable":true,"href":"https:\/\/bjhuman.hu\/index.php\/wp-json\/wp\/v2\/comments?post=302"}],"version-history":[{"count":25,"href":"https:\/\/bjhuman.hu\/index.php\/wp-json\/wp\/v2\/pages\/302\/revisions"}],"predecessor-version":[{"id":13247,"href":"https:\/\/bjhuman.hu\/index.php\/wp-json\/wp\/v2\/pages\/302\/revisions\/13247"}],"wp:attachment":[{"href":"https:\/\/bjhuman.hu\/index.php\/wp-json\/wp\/v2\/media?parent=302"}],"curies":[{"name":"wp","href":"https:\/\/api.w.org\/{rel}","templated":true}]}}