{"id":1171,"date":"2023-08-10T14:06:22","date_gmt":"2023-08-10T12:06:22","guid":{"rendered":"https:\/\/dev.bjhuman.hu\/?page_id=1171"},"modified":"2026-03-19T12:22:05","modified_gmt":"2026-03-19T10:22:05","slug":"erzsebetvarosi-taxi-szolgaltatas","status":"publish","type":"page","link":"https:\/\/bjhuman.hu\/index.php\/erzsebetvarosi-taxi-szolgaltatas\/","title":{"rendered":"Erzs\u00e9betv\u00e1rosi taxi szolg\u00e1ltat\u00e1s"},"content":{"rendered":"\t\t<div data-elementor-type=\"wp-page\" data-elementor-id=\"1171\" class=\"elementor elementor-1171\">\n\t\t\t\t\t\t<section class=\"elementor-section elementor-top-section elementor-element elementor-element-e99f214 elementor-section-boxed elementor-section-height-default elementor-section-height-default wpr-particle-no wpr-jarallax-no wpr-parallax-no wpr-sticky-section-no\" data-id=\"e99f214\" data-element_type=\"section\" data-e-type=\"section\">\n\t\t\t\t\t\t<div class=\"elementor-container elementor-column-gap-default\">\n\t\t\t\t\t<div class=\"elementor-column elementor-col-33 elementor-top-column elementor-element elementor-element-1fba77a\" data-id=\"1fba77a\" data-element_type=\"column\" data-e-type=\"column\">\n\t\t\t<div class=\"elementor-widget-wrap elementor-element-populated\">\n\t\t\t\t\t\t<div class=\"elementor-element elementor-element-e912e3a elementor-widget elementor-widget-text-editor\" data-id=\"e912e3a\" data-element_type=\"widget\" data-e-type=\"widget\" data-widget_type=\"text-editor.default\">\n\t\t\t\t<div class=\"elementor-widget-container\">\n\t\t\t\t\t\t\t\t\t<p>Az Erzs\u00e9betv\u00e1ros taxi szolg\u00e1ltat\u00e1s ingyenes taxi k\u00e1rty\u00e1t biztos\u00edt <strong>15.000 Ft<\/strong> \u00e9rt\u00e9kben VII. ker\u00fcleti lakosoknak eg\u00e9szs\u00e9g\u00fcgyi szolg\u00e1ltat\u00e1s megk\u00f6zel\u00edt\u00e9s\u00e9hez, illetve kiemelt jelent\u0151s\u00e9g\u0171 hivatalos \u00fcgyek int\u00e9z\u00e9s\u00e9hez, ha az al\u00e1bbi felt\u00e9telek k\u00f6z\u00fcl az egyik igaz \u00f6nre<\/p><ul><li>\u00f6n\u00e1ll\u00f3 k\u00f6zleked\u00e9sre r\u00e9szben k\u00e9pes,<\/li><li>c\u00e9lzott daganatellenes ter\u00e1pi\u00e1ban r\u00e9szes\u00fcl,<\/li><li>terhess\u00e9g utols\u00f3 trimeszter\u00e9ben l\u00e9v\u0151 v\u00e1rand\u00f3s<\/li><\/ul><p>A r\u00e9szletes elj\u00e1r\u00e1srendet illetve k\u00e9relem formanyomtatv\u00e1nyt a lenti file-okra kattintva \u00e9rhetik el.<\/p>\t\t\t\t\t\t\t\t<\/div>\n\t\t\t\t<\/div>\n\t\t\t\t<div class=\"elementor-element elementor-element-aa66b28 elementor-widget elementor-widget-text-editor\" data-id=\"aa66b28\" data-element_type=\"widget\" data-e-type=\"widget\" data-widget_type=\"text-editor.default\">\n\t\t\t\t<div class=\"elementor-widget-container\">\n\t\t\t\t\t\t\t\t\t<p>B\u00f6vebb t\u00e1j\u00e9koztat\u00e1s \u00e9s el\u00e9rhet\u0151s\u00e9gek:<\/p>\t\t\t\t\t\t\t\t<\/div>\n\t\t\t\t<\/div>\n\t\t\t\t<div class=\"elementor-element elementor-element-ce90cd8 elementor-icon-list--layout-traditional elementor-list-item-link-full_width elementor-widget elementor-widget-icon-list\" data-id=\"ce90cd8\" data-element_type=\"widget\" data-e-type=\"widget\" data-widget_type=\"icon-list.default\">\n\t\t\t\t<div class=\"elementor-widget-container\">\n\t\t\t\t\t\t\t<ul class=\"elementor-icon-list-items\">\n\t\t\t\t\t\t\t<li class=\"elementor-icon-list-item\">\n\t\t\t\t\t\t\t\t\t\t\t<span class=\"elementor-icon-list-icon\">\n\t\t\t\t\t\t\t<i aria-hidden=\"true\" class=\"fas fa-phone-alt\"><\/i>\t\t\t\t\t\t<\/span>\n\t\t\t\t\t\t\t\t\t\t<span class=\"elementor-icon-list-text\">06-1\/283-4891<\/span>\n\t\t\t\t\t\t\t\t\t<\/li>\n\t\t\t\t\t\t\t\t<li class=\"elementor-icon-list-item\">\n\t\t\t\t\t\t\t\t\t\t\t<span class=\"elementor-icon-list-icon\">\n\t\t\t\t\t\t\t<i aria-hidden=\"true\" class=\"fas fa-envelope\"><\/i>\t\t\t\t\t\t<\/span>\n\t\t\t\t\t\t\t\t\t\t<span class=\"elementor-icon-list-text\">taxi@bjhuman.hu<\/span>\n\t\t\t\t\t\t\t\t\t<\/li>\n\t\t\t\t\t\t<\/ul>\n\t\t\t\t\t\t<\/div>\n\t\t\t\t<\/div>\n\t\t\t\t\t<\/div>\n\t\t<\/div>\n\t\t\t\t<div class=\"elementor-column elementor-col-33 elementor-top-column elementor-element elementor-element-d4c4adf\" data-id=\"d4c4adf\" data-element_type=\"column\" data-e-type=\"column\">\n\t\t\t<div class=\"elementor-widget-wrap\">\n\t\t\t\t\t\t\t<\/div>\n\t\t<\/div>\n\t\t\t\t<div class=\"elementor-column elementor-col-33 elementor-top-column elementor-element elementor-element-56767bb\" data-id=\"56767bb\" data-element_type=\"column\" data-e-type=\"column\">\n\t\t\t<div class=\"elementor-widget-wrap elementor-element-populated\">\n\t\t\t\t\t\t<div class=\"elementor-element elementor-element-271fb9e elementor-widget__width-initial elementor-widget elementor-widget-image\" data-id=\"271fb9e\" data-element_type=\"widget\" data-e-type=\"widget\" data-widget_type=\"image.default\">\n\t\t\t\t<div class=\"elementor-widget-container\">\n\t\t\t\t\t\t\t\t\t\t\t\t\t\t\t<img fetchpriority=\"high\" decoding=\"async\" width=\"530\" height=\"662\" src=\"https:\/\/bjhuman.hu\/wp-content\/uploads\/2023\/10\/ev-taxi-szolgaltatas-ok-1078.png\" class=\"attachment-large size-large wp-image-3110\" alt=\"\" \/>\t\t\t\t\t\t\t\t\t\t\t\t\t\t\t<\/div>\n\t\t\t\t<\/div>\n\t\t\t\t\t<\/div>\n\t\t<\/div>\n\t\t\t\t\t<\/div>\n\t\t<\/section>\n\t\t\t\t<section class=\"elementor-section elementor-top-section elementor-element elementor-element-751585f elementor-section-boxed elementor-section-height-default elementor-section-height-default wpr-particle-no wpr-jarallax-no wpr-parallax-no wpr-sticky-section-no\" data-id=\"751585f\" data-element_type=\"section\" data-e-type=\"section\">\n\t\t\t\t\t\t<div class=\"elementor-container elementor-column-gap-default\">\n\t\t\t\t\t<div class=\"elementor-column elementor-col-50 elementor-top-column elementor-element elementor-element-d0c81ff\" data-id=\"d0c81ff\" data-element_type=\"column\" data-e-type=\"column\">\n\t\t\t<div class=\"elementor-widget-wrap elementor-element-populated\">\n\t\t\t\t\t\t<div class=\"elementor-element elementor-element-36be8ee elementor-widget__width-inherit elementor-widget elementor-widget-button\" data-id=\"36be8ee\" data-element_type=\"widget\" data-e-type=\"widget\" data-widget_type=\"button.default\">\n\t\t\t\t<div class=\"elementor-widget-container\">\n\t\t\t\t\t\t\t\t\t<div class=\"elementor-button-wrapper\">\n\t\t\t\t\t<a class=\"elementor-button elementor-button-link elementor-size-sm\" href=\"https:\/\/bjhuman.hu\/wp-content\/uploads\/2026\/03\/Kerelem-2026.docx\" target=\"_blank\">\n\t\t\t\t\t\t<span class=\"elementor-button-content-wrapper\">\n\t\t\t\t\t\t\t\t\t<span class=\"elementor-button-text\">Erzs\u00e9bet taxi k\u00e9relem<\/span>\n\t\t\t\t\t<\/span>\n\t\t\t\t\t<\/a>\n\t\t\t\t<\/div>\n\t\t\t\t\t\t\t\t<\/div>\n\t\t\t\t<\/div>\n\t\t\t\t\t<\/div>\n\t\t<\/div>\n\t\t\t\t<div class=\"elementor-column elementor-col-50 elementor-top-column elementor-element elementor-element-90d3320\" data-id=\"90d3320\" data-element_type=\"column\" data-e-type=\"column\">\n\t\t\t<div class=\"elementor-widget-wrap elementor-element-populated\">\n\t\t\t\t\t\t<div class=\"elementor-element elementor-element-7a6ec46 elementor-widget__width-inherit elementor-widget elementor-widget-button\" data-id=\"7a6ec46\" data-element_type=\"widget\" data-e-type=\"widget\" data-widget_type=\"button.default\">\n\t\t\t\t<div class=\"elementor-widget-container\">\n\t\t\t\t\t\t\t\t\t<div class=\"elementor-button-wrapper\">\n\t\t\t\t\t<a class=\"elementor-button elementor-button-link elementor-size-sm\" href=\"https:\/\/bjhuman.hu\/wp-content\/uploads\/2026\/03\/436-5-Erzsebet-taxi-eljarasrend.pdf\" target=\"_blank\">\n\t\t\t\t\t\t<span class=\"elementor-button-content-wrapper\">\n\t\t\t\t\t\t\t\t\t<span class=\"elementor-button-text\">Elj\u00e1r\u00e1srend<\/span>\n\t\t\t\t\t<\/span>\n\t\t\t\t\t<\/a>\n\t\t\t\t<\/div>\n\t\t\t\t\t\t\t\t<\/div>\n\t\t\t\t<\/div>\n\t\t\t\t\t<\/div>\n\t\t<\/div>\n\t\t\t\t\t<\/div>\n\t\t<\/section>\n\t\t\t\t<section class=\"elementor-section elementor-top-section elementor-element elementor-element-224aaef elementor-section-boxed elementor-section-height-default elementor-section-height-default wpr-particle-no wpr-jarallax-no wpr-parallax-no wpr-sticky-section-no\" data-id=\"224aaef\" data-element_type=\"section\" data-e-type=\"section\">\n\t\t\t\t\t\t<div class=\"elementor-container elementor-column-gap-default\">\n\t\t\t\t\t<div class=\"elementor-column elementor-col-100 elementor-top-column elementor-element elementor-element-1e34e49\" data-id=\"1e34e49\" data-element_type=\"column\" data-e-type=\"column\">\n\t\t\t<div class=\"elementor-widget-wrap\">\n\t\t\t\t\t\t\t<\/div>\n\t\t<\/div>\n\t\t\t\t\t<\/div>\n\t\t<\/section>\n\t\t\t\t<\/div>\n\t\t","protected":false},"excerpt":{"rendered":"<p>Az Erzs\u00e9betv\u00e1ros taxi szolg\u00e1ltat\u00e1s ingyenes taxi k\u00e1rty\u00e1t biztos\u00edt 15.000 Ft \u00e9rt\u00e9kben VII. ker\u00fcleti lakosoknak eg\u00e9szs\u00e9g\u00fcgyi szolg\u00e1ltat\u00e1s megk\u00f6zel\u00edt\u00e9s\u00e9hez, illetve kiemelt jelent\u0151s\u00e9g\u0171 hivatalos \u00fcgyek int\u00e9z\u00e9s\u00e9hez, ha az al\u00e1bbi felt\u00e9telek k\u00f6z\u00fcl az egyik igaz \u00f6nre \u00f6n\u00e1ll\u00f3 k\u00f6zleked\u00e9sre r\u00e9szben k\u00e9pes, c\u00e9lzott daganatellenes ter\u00e1pi\u00e1ban r\u00e9szes\u00fcl, terhess\u00e9g utols\u00f3 trimeszter\u00e9ben l\u00e9v\u0151 v\u00e1rand\u00f3s A r\u00e9szletes elj\u00e1r\u00e1srendet illetve k\u00e9relem formanyomtatv\u00e1nyt a lenti file-okra kattintva \u00e9rhetik el. B\u00f6vebb t\u00e1j\u00e9koztat\u00e1s \u00e9s el\u00e9rhet\u0151s\u00e9gek: 06-1\/283-4891 taxi@bjhuman.hu Erzs\u00e9bet taxi k\u00e9relem Elj\u00e1r\u00e1srend<\/p>\n","protected":false},"author":2,"featured_media":0,"parent":0,"menu_order":0,"comment_status":"closed","ping_status":"closed","template":"","meta":{"footnotes":""},"class_list":["post-1171","page","type-page","status-publish","hentry"],"rttpg_featured_image_url":null,"rttpg_author":{"display_name":"krisztina","author_link":"https:\/\/bjhuman.hu\/index.php\/author\/krisztina\/"},"rttpg_comment":0,"rttpg_category":null,"rttpg_excerpt":"Az Erzs\u00e9betv\u00e1ros taxi szolg\u00e1ltat\u00e1s ingyenes taxi k\u00e1rty\u00e1t biztos\u00edt 15.000 Ft \u00e9rt\u00e9kben VII. ker\u00fcleti lakosoknak eg\u00e9szs\u00e9g\u00fcgyi szolg\u00e1ltat\u00e1s megk\u00f6zel\u00edt\u00e9s\u00e9hez, illetve kiemelt jelent\u0151s\u00e9g\u0171 hivatalos \u00fcgyek int\u00e9z\u00e9s\u00e9hez, ha az al\u00e1bbi felt\u00e9telek k\u00f6z\u00fcl az egyik igaz \u00f6nre \u00f6n\u00e1ll\u00f3 k\u00f6zleked\u00e9sre r\u00e9szben k\u00e9pes, c\u00e9lzott daganatellenes ter\u00e1pi\u00e1ban r\u00e9szes\u00fcl, terhess\u00e9g utols\u00f3 trimeszter\u00e9ben l\u00e9v\u0151 v\u00e1rand\u00f3s A r\u00e9szletes elj\u00e1r\u00e1srendet illetve k\u00e9relem formanyomtatv\u00e1nyt a lenti file-okra kattintva&hellip;","_links":{"self":[{"href":"https:\/\/bjhuman.hu\/index.php\/wp-json\/wp\/v2\/pages\/1171","targetHints":{"allow":["GET"]}}],"collection":[{"href":"https:\/\/bjhuman.hu\/index.php\/wp-json\/wp\/v2\/pages"}],"about":[{"href":"https:\/\/bjhuman.hu\/index.php\/wp-json\/wp\/v2\/types\/page"}],"author":[{"embeddable":true,"href":"https:\/\/bjhuman.hu\/index.php\/wp-json\/wp\/v2\/users\/2"}],"replies":[{"embeddable":true,"href":"https:\/\/bjhuman.hu\/index.php\/wp-json\/wp\/v2\/comments?post=1171"}],"version-history":[{"count":55,"href":"https:\/\/bjhuman.hu\/index.php\/wp-json\/wp\/v2\/pages\/1171\/revisions"}],"predecessor-version":[{"id":13369,"href":"https:\/\/bjhuman.hu\/index.php\/wp-json\/wp\/v2\/pages\/1171\/revisions\/13369"}],"wp:attachment":[{"href":"https:\/\/bjhuman.hu\/index.php\/wp-json\/wp\/v2\/media?parent=1171"}],"curies":[{"name":"wp","href":"https:\/\/api.w.org\/{rel}","templated":true}]}}