{"id":1166,"date":"2023-08-10T14:05:50","date_gmt":"2023-08-10T12:05:50","guid":{"rendered":"https:\/\/dev.bjhuman.hu\/?page_id=1166"},"modified":"2026-03-12T12:29:33","modified_gmt":"2026-03-12T10:29:33","slug":"jogi-tanacsadas","status":"publish","type":"page","link":"https:\/\/bjhuman.hu\/index.php\/jogi-tanacsadas\/","title":{"rendered":"Jogi tan\u00e1csad\u00e1s"},"content":{"rendered":"\t\t<div data-elementor-type=\"wp-page\" data-elementor-id=\"1166\" class=\"elementor elementor-1166\">\n\t\t\t\t\t\t<section class=\"elementor-section elementor-top-section elementor-element elementor-element-ce3bdbd elementor-section-boxed elementor-section-height-default elementor-section-height-default wpr-particle-no wpr-jarallax-no wpr-parallax-no wpr-sticky-section-no\" data-id=\"ce3bdbd\" data-element_type=\"section\" data-e-type=\"section\">\n\t\t\t\t\t\t<div class=\"elementor-container elementor-column-gap-default\">\n\t\t\t\t\t<div class=\"elementor-column elementor-col-100 elementor-top-column elementor-element elementor-element-bd31a64\" data-id=\"bd31a64\" data-element_type=\"column\" data-e-type=\"column\">\n\t\t\t<div class=\"elementor-widget-wrap elementor-element-populated\">\n\t\t\t\t\t\t<div class=\"elementor-element elementor-element-59100a5 elementor-widget elementor-widget-text-editor\" data-id=\"59100a5\" data-element_type=\"widget\" data-e-type=\"widget\" data-widget_type=\"text-editor.default\">\n\t\t\t\t<div class=\"elementor-widget-container\">\n\t\t\t\t\t\t\t\t\t<p>A Csal\u00e1d- \u00e9s Gyermekj\u00f3l\u00e9ti K\u00f6zpont jog\u00e1sza erzs\u00e9betv\u00e1rosiaknak ny\u00fajt ingyenes jogi tan\u00e1csad\u00e1st polg\u00e1rjogi, csal\u00e1djogi, munkajogi, k\u00f6zigazgat\u00e1si jogi \u00e9s p\u00e9nz\u00fcgyi jogi \u00fcgyekben.<\/p>\t\t\t\t\t\t\t\t<\/div>\n\t\t\t\t<\/div>\n\t\t\t\t\t<\/div>\n\t\t<\/div>\n\t\t\t\t\t<\/div>\n\t\t<\/section>\n\t\t\t\t<section class=\"elementor-section elementor-top-section elementor-element elementor-element-e11ad55 elementor-section-boxed elementor-section-height-default elementor-section-height-default wpr-particle-no wpr-jarallax-no wpr-parallax-no wpr-sticky-section-no\" data-id=\"e11ad55\" data-element_type=\"section\" data-e-type=\"section\">\n\t\t\t\t\t\t<div class=\"elementor-container elementor-column-gap-default\">\n\t\t\t\t\t<div class=\"elementor-column elementor-col-100 elementor-top-column elementor-element elementor-element-dbe04d6\" data-id=\"dbe04d6\" data-element_type=\"column\" data-e-type=\"column\">\n\t\t\t<div class=\"elementor-widget-wrap elementor-element-populated\">\n\t\t\t\t\t\t<div class=\"elementor-element elementor-element-8862ef6 wpr-advanced-accordion-icon-side-box elementor-widget elementor-widget-wpr-advanced-accordion\" data-id=\"8862ef6\" data-element_type=\"widget\" data-e-type=\"widget\" data-settings=\"{&quot;active_item&quot;:0}\" data-widget_type=\"wpr-advanced-accordion.default\">\n\t\t\t\t<div class=\"elementor-widget-container\">\n\t\t\t\t\t\n            <div class=\"wpr-advanced-accordion\" data-accordion-type=\"accordion\" data-active-index=\"0\" data-accordion-trigger=\"click\" data-interaction-speed=\"0.4\">\n\n\t\t\t\n                \n\t\t\t\t\t<div class=\"wpr-accordion-item-wrap\">\n\t\t\t\t\t\t<button class=\"wpr-acc-button\">\n\t\t\t\t\t\t\t<span class=\"wpr-acc-item-title\">\n\t\t\t\t\t\t\t\t\t\t\t\t\t\t\t\t\t<div class=\"wpr-acc-icon-box\">\n\t\t\t\t\t\t\t\t\t\t\t\t\t\t<span class=\"wpr-title-icon\">\n\t\t\t\t\t<i aria-hidden=\"true\" class=\"fas fa-arrow-right\"><\/i>\t\t\t\t<\/span>\n\t\t\t\t\t\t\t\t\t\t\t\t<\/div>\n\t\t\t\t\t\t\t\t\n\t\t\t\t\t\t\t\t<span class=\"wpr-acc-title-text\">Csal\u00e1djogi \u00fcgyek<\/span>\n\t\t\t\t\t\t\t<\/span>\n\t\t\t\t\t\t\t\t\t\t\t<span class=\"wpr-toggle-icon wpr-ti-close\"><i aria-hidden=\"true\" class=\"fas fa-plus\"><\/i><\/span>\n\t\t\t\t<span class=\"wpr-toggle-icon wpr-ti-open\"><i aria-hidden=\"true\" class=\"fas fa-minus\"><\/i><\/span>\n\t\t\t\t\t\t\t\t\t<\/button>\n\n\t\t\t\t\t\t<div class=\"wpr-acc-panel\">\n\t\t\t\t\t\t\t\t\t\t\t\t\t\t\t<div class=\"wpr-acc-panel-content\"><p>H\u00e1zass\u00e1g felbont\u00e1sa, \u00a0sz\u00fcl\u0151i fel\u00fcgyeleti jog rendez\u00e9se, kapcsolattart\u00e1s k\u00fcl\u00f6n \u00e9l\u0151 sz\u00fcl\u0151vel, gyermektart\u00e1sd\u00edj meg\u00e1llap\u00edt\u00e1sa, m\u00f3dos\u00edt\u00e1sa, gyermek elhelyez\u00e9se harmadik szem\u00e9lyn\u00e9l .Tov\u00e1bb\u00e1\u00a0 ezen \u00fcgyekhez kapcsol\u00f3d\u00f3 v\u00e9grehajt\u00e1si elj\u00e1r\u00e1sok.<\/p><\/div>\n\t\t\t\t\t\t\t\t\t\t\t\t\t<\/div>\n                    <\/div>\n\n                \n\t\t\t\t\t<div class=\"wpr-accordion-item-wrap\">\n\t\t\t\t\t\t<button class=\"wpr-acc-button\">\n\t\t\t\t\t\t\t<span class=\"wpr-acc-item-title\">\n\t\t\t\t\t\t\t\t\t\t\t\t\t\t\t\t\t<div class=\"wpr-acc-icon-box\">\n\t\t\t\t\t\t\t\t\t\t\t\t\t\t<span class=\"wpr-title-icon\">\n\t\t\t\t\t<i aria-hidden=\"true\" class=\"fas fa-arrow-right\"><\/i>\t\t\t\t<\/span>\n\t\t\t\t\t\t\t\t\t\t\t\t<\/div>\n\t\t\t\t\t\t\t\t\n\t\t\t\t\t\t\t\t<span class=\"wpr-acc-title-text\">Munkajogi \u00fcgyek<\/span>\n\t\t\t\t\t\t\t<\/span>\n\t\t\t\t\t\t\t\t\t\t\t<span class=\"wpr-toggle-icon wpr-ti-close\"><i aria-hidden=\"true\" class=\"fas fa-plus\"><\/i><\/span>\n\t\t\t\t<span class=\"wpr-toggle-icon wpr-ti-open\"><i aria-hidden=\"true\" class=\"fas fa-minus\"><\/i><\/span>\n\t\t\t\t\t\t\t\t\t<\/button>\n\n\t\t\t\t\t\t<div class=\"wpr-acc-panel\">\n\t\t\t\t\t\t\t\t\t\t\t\t\t\t\t<div class=\"wpr-acc-panel-content\"><p>Munkaviszony \u2013munkaszerz\u0151d\u00e9s, munkad\u00edj, \u00a0\u00e1ll\u00e1skeres\u00e9si j\u00e1rad\u00e9k.<\/p><\/div>\n\t\t\t\t\t\t\t\t\t\t\t\t\t<\/div>\n                    <\/div>\n\n                \n\t\t\t\t\t<div class=\"wpr-accordion-item-wrap\">\n\t\t\t\t\t\t<button class=\"wpr-acc-button\">\n\t\t\t\t\t\t\t<span class=\"wpr-acc-item-title\">\n\t\t\t\t\t\t\t\t\t\t\t\t\t\t\t\t\t<div class=\"wpr-acc-icon-box\">\n\t\t\t\t\t\t\t\t\t\t\t\t\t\t<span class=\"wpr-title-icon\">\n\t\t\t\t\t<i aria-hidden=\"true\" class=\"fas fa-arrow-right\"><\/i>\t\t\t\t<\/span>\n\t\t\t\t\t\t\t\t\t\t\t\t<\/div>\n\t\t\t\t\t\t\t\t\n\t\t\t\t\t\t\t\t<span class=\"wpr-acc-title-text\">K\u00f6zigazgat\u00e1si jog<\/span>\n\t\t\t\t\t\t\t<\/span>\n\t\t\t\t\t\t\t\t\t\t\t<span class=\"wpr-toggle-icon wpr-ti-close\"><i aria-hidden=\"true\" class=\"fas fa-plus\"><\/i><\/span>\n\t\t\t\t<span class=\"wpr-toggle-icon wpr-ti-open\"><i aria-hidden=\"true\" class=\"fas fa-minus\"><\/i><\/span>\n\t\t\t\t\t\t\t\t\t<\/button>\n\n\t\t\t\t\t\t<div class=\"wpr-acc-panel\">\n\t\t\t\t\t\t\t\t\t\t\t\t\t\t\t<div class=\"wpr-acc-panel-content\"><p>Hat\u00f3s\u00e1gi elj\u00e1r\u00e1sokban k\u00e9relmek meg\u00edr\u00e1sa, k\u00f6zigazgat\u00e1si hat\u00e1rozatok \u00e9rtelmez\u00e9se, jogorvoslati lehet\u0151s\u00e9gekr\u0151l t\u00e1j\u00e9koztat\u00e1s. Ad\u00f3hat\u00f3s\u00e1gi \u00fcgyek-r\u00e9szletfizet\u00e9si, m\u00e9lt\u00e1nyoss\u00e1gi \u00a0k\u00e9relmek, gy\u00e1mhivatali- gyermekv\u00e9delmi \u00fcgyek.<\/p><\/div>\n\t\t\t\t\t\t\t\t\t\t\t\t\t<\/div>\n                    <\/div>\n\n                \n\t\t\t\t\t<div class=\"wpr-accordion-item-wrap\">\n\t\t\t\t\t\t<button class=\"wpr-acc-button\">\n\t\t\t\t\t\t\t<span class=\"wpr-acc-item-title\">\n\t\t\t\t\t\t\t\t\t\t\t\t\t\t\t\t\t<div class=\"wpr-acc-icon-box\">\n\t\t\t\t\t\t\t\t\t\t\t\t\t\t<span class=\"wpr-title-icon\">\n\t\t\t\t\t<i aria-hidden=\"true\" class=\"fas fa-arrow-right\"><\/i>\t\t\t\t<\/span>\n\t\t\t\t\t\t\t\t\t\t\t\t<\/div>\n\t\t\t\t\t\t\t\t\n\t\t\t\t\t\t\t\t<span class=\"wpr-acc-title-text\">P\u00e9nz\u00fcgyi jog<\/span>\n\t\t\t\t\t\t\t<\/span>\n\t\t\t\t\t\t\t\t\t\t\t<span class=\"wpr-toggle-icon wpr-ti-close\"><i aria-hidden=\"true\" class=\"fas fa-plus\"><\/i><\/span>\n\t\t\t\t<span class=\"wpr-toggle-icon wpr-ti-open\"><i aria-hidden=\"true\" class=\"fas fa-minus\"><\/i><\/span>\n\t\t\t\t\t\t\t\t\t<\/button>\n\n\t\t\t\t\t\t<div class=\"wpr-acc-panel\">\n\t\t\t\t\t\t\t\t\t\t\t\t\t\t\t<div class=\"wpr-acc-panel-content\"><p>K\u00f6vetel\u00e9sekkel, v\u00e9grehajt\u00e1si elj\u00e1r\u00e1sokkal (v\u00e9grehajt\u00e1s megsz\u00fcntet\u00e9se, felf\u00fcggeszt\u00e9se, r\u00e9szletfizet\u00e9si, elsz\u00e1mol\u00e1si k\u00e9relmek, j\u00f6vedelem- ing\u00f3-ingatlan letilt\u00e1sok, inkassz\u00f3) kapcsolatos \u00fcgyek, \u00a0fizet\u00e9si meghagy\u00e1sos elj\u00e1r\u00e1sok (kifog\u00e1s, r\u00e9szletfizet\u00e9si k\u00e9relmek)<\/p><\/div>\n\t\t\t\t\t\t\t\t\t\t\t\t\t<\/div>\n                    <\/div>\n\n                \n\t\t\t\t\t<div class=\"wpr-accordion-item-wrap\">\n\t\t\t\t\t\t<button class=\"wpr-acc-button\">\n\t\t\t\t\t\t\t<span class=\"wpr-acc-item-title\">\n\t\t\t\t\t\t\t\t\t\t\t\t\t\t\t\t\t<div class=\"wpr-acc-icon-box\">\n\t\t\t\t\t\t\t\t\t\t\t\t\t\t<span class=\"wpr-title-icon\">\n\t\t\t\t\t<i aria-hidden=\"true\" class=\"fas fa-arrow-right\"><\/i>\t\t\t\t<\/span>\n\t\t\t\t\t\t\t\t\t\t\t\t<\/div>\n\t\t\t\t\t\t\t\t\n\t\t\t\t\t\t\t\t<span class=\"wpr-acc-title-text\">Ingatlanjog<\/span>\n\t\t\t\t\t\t\t<\/span>\n\t\t\t\t\t\t\t\t\t\t\t<span class=\"wpr-toggle-icon wpr-ti-close\"><i aria-hidden=\"true\" class=\"fas fa-plus\"><\/i><\/span>\n\t\t\t\t<span class=\"wpr-toggle-icon wpr-ti-open\"><i aria-hidden=\"true\" class=\"fas fa-minus\"><\/i><\/span>\n\t\t\t\t\t\t\t\t\t<\/button>\n\n\t\t\t\t\t\t<div class=\"wpr-acc-panel\">\n\t\t\t\t\t\t\t\t\t\t\t\t\t\t\t<div class=\"wpr-acc-panel-content\"><p>B\u00e9rleti szerz\u0151d\u00e9sre, \u00f6nkorm\u00e1nyzati ingatlanokra ( tartoz\u00e1s megfizet\u00e9se, lak\u00e1s ki\u00fcr\u00edt\u00e9se ir\u00e1nti per) vonatkoz\u00f3 k\u00e9rd\u00e9sekben val\u00f3 seg\u00edts\u00e9gny\u00fajt\u00e1s. \u00d6nkorm\u00e1nyzati lak\u00e1sp\u00e1ly\u00e1zati lehet\u0151s\u00e9gek.<\/p><\/div>\n\t\t\t\t\t\t\t\t\t\t\t\t\t<\/div>\n                    <\/div>\n\n                            <\/div>\n        \t\t\t\t<\/div>\n\t\t\t\t<\/div>\n\t\t\t\t\t<\/div>\n\t\t<\/div>\n\t\t\t\t\t<\/div>\n\t\t<\/section>\n\t\t\t\t<section class=\"elementor-section elementor-top-section elementor-element elementor-element-e48462f elementor-section-boxed elementor-section-height-default elementor-section-height-default wpr-particle-no wpr-jarallax-no wpr-parallax-no wpr-sticky-section-no\" data-id=\"e48462f\" data-element_type=\"section\" data-e-type=\"section\">\n\t\t\t\t\t\t<div class=\"elementor-container elementor-column-gap-default\">\n\t\t\t\t\t<div class=\"elementor-column elementor-col-100 elementor-top-column elementor-element elementor-element-d2d05fc\" data-id=\"d2d05fc\" data-element_type=\"column\" data-e-type=\"column\">\n\t\t\t<div class=\"elementor-widget-wrap elementor-element-populated\">\n\t\t\t\t\t\t<div class=\"elementor-element elementor-element-c54e7be elementor-widget elementor-widget-text-editor\" data-id=\"c54e7be\" data-element_type=\"widget\" data-e-type=\"widget\" data-widget_type=\"text-editor.default\">\n\t\t\t\t<div class=\"elementor-widget-container\">\n\t\t\t\t\t\t\t\t\t<p>Tov\u00e1bb\u00e1 \u00f6r\u00f6kl\u00e9si k\u00e9rd\u00e9sekben, v\u00e9grendelettel kapcsolatos felvil\u00e1gos\u00edt\u00e1s.<\/p><p>Ezen \u00fcgycsoportok vonatkoz\u00e1s\u00e1ban a jogi szolg\u00e1ltat\u00e1s kiterjed egyr\u00e9szt az alkalmazand\u00f3 jogszab\u00e1lyok, illetve iratok \u00e9rtelmez\u00e9s\u00e9ben val\u00f3 seg\u00edts\u00e9gny\u00fajt\u00e1sra, m\u00e1sr\u00e9szt az adott probl\u00e9m\u00e1t illet\u0151en t\u00e1j\u00e9koztat\u00e1s ny\u00fajt\u00e1s\u00e1ra. <br \/>Szakmai t\u00e1mogat\u00e1st \u00e9s seg\u00edts\u00e9get ny\u00fajt a hivatalos irat megszerkeszt\u00e9s\u00e9ben (keresetlev\u00e9l,\u00a0 k\u00e9relmek, beadv\u00e1nyok), illetve az okiratok kit\u00f6lt\u00e9s\u00e9ben, amelynek ismeret\u00e9ben az \u00fcgyf\u00e9l megkezdheti vagy elint\u00e9zheti \u00fcgy\u00e9t. Tov\u00e1bb\u00e1 t\u00e1j\u00e9koztat\u00e1st ny\u00fajt az \u00fcgyf\u00e9l sz\u00e1m\u00e1ra az adott k\u00e9rd\u00e9shez kapcsol\u00f3d\u00f3 jogokr\u00f3l \u00e9s k\u00f6telezetts\u00e9gekr\u0151l, a kapcsol\u00f3d\u00f3 elj\u00e1r\u00e1sr\u00f3l, a hat\u00f3s\u00e1gi \u00fcgyint\u00e9z\u00e9s hely\u00e9r\u0151l.<\/p><p>Indokolt esetben, a mozg\u00e1sukban korl\u00e1tozott \u00fcgyfelek sz\u00e1m\u00e1ra lehet\u0151s\u00e9get biztos\u00edtunk arra, hogy saj\u00e1t otthonukban vehess\u00e9k ig\u00e9nybe a jogi tan\u00e1csad\u00e1st.<\/p>\t\t\t\t\t\t\t\t<\/div>\n\t\t\t\t<\/div>\n\t\t\t\t\t<\/div>\n\t\t<\/div>\n\t\t\t\t\t<\/div>\n\t\t<\/section>\n\t\t\t\t<section class=\"elementor-section elementor-top-section elementor-element elementor-element-03eef30 elementor-section-boxed elementor-section-height-default elementor-section-height-default wpr-particle-no wpr-jarallax-no wpr-parallax-no wpr-sticky-section-no\" data-id=\"03eef30\" data-element_type=\"section\" data-e-type=\"section\">\n\t\t\t\t\t\t<div class=\"elementor-container elementor-column-gap-default\">\n\t\t\t\t\t<div class=\"elementor-column elementor-col-100 elementor-top-column elementor-element elementor-element-4625235\" data-id=\"4625235\" data-element_type=\"column\" data-e-type=\"column\">\n\t\t\t<div class=\"elementor-widget-wrap elementor-element-populated\">\n\t\t\t\t\t\t<div class=\"elementor-element elementor-element-366cf0e elementor-widget elementor-widget-text-editor\" data-id=\"366cf0e\" data-element_type=\"widget\" data-e-type=\"widget\" data-widget_type=\"text-editor.default\">\n\t\t\t\t<div class=\"elementor-widget-container\">\n\t\t\t\t\t\t\t\t\t<p><strong>Id\u0151pont k\u00e9r\u00e9se \u00e9s tov\u00e1bbi inform\u00e1ci\u00f3:<\/strong>\u00a0<\/p>\t\t\t\t\t\t\t\t<\/div>\n\t\t\t\t<\/div>\n\t\t\t\t\t<\/div>\n\t\t<\/div>\n\t\t\t\t\t<\/div>\n\t\t<\/section>\n\t\t\t\t<section class=\"elementor-section elementor-top-section elementor-element elementor-element-fff6c39 elementor-section-boxed elementor-section-height-default elementor-section-height-default wpr-particle-no wpr-jarallax-no wpr-parallax-no wpr-sticky-section-no\" data-id=\"fff6c39\" data-element_type=\"section\" data-e-type=\"section\">\n\t\t\t\t\t\t<div class=\"elementor-container elementor-column-gap-default\">\n\t\t\t\t\t<div class=\"elementor-column elementor-col-100 elementor-top-column elementor-element elementor-element-a6d3888\" data-id=\"a6d3888\" data-element_type=\"column\" data-e-type=\"column\">\n\t\t\t<div class=\"elementor-widget-wrap elementor-element-populated\">\n\t\t\t\t\t\t<div class=\"elementor-element elementor-element-e41312d elementor-icon-list--layout-traditional elementor-list-item-link-full_width elementor-widget elementor-widget-icon-list\" data-id=\"e41312d\" data-element_type=\"widget\" data-e-type=\"widget\" data-widget_type=\"icon-list.default\">\n\t\t\t\t<div class=\"elementor-widget-container\">\n\t\t\t\t\t\t\t<ul class=\"elementor-icon-list-items\">\n\t\t\t\t\t\t\t<li class=\"elementor-icon-list-item\">\n\t\t\t\t\t\t\t\t\t\t\t<span class=\"elementor-icon-list-icon\">\n\t\t\t\t\t\t\t<i aria-hidden=\"true\" class=\"fas fa-envelope\"><\/i>\t\t\t\t\t\t<\/span>\n\t\t\t\t\t\t\t\t\t\t<span class=\"elementor-icon-list-text\">jogsegely@bjhuman.hu<\/span>\n\t\t\t\t\t\t\t\t\t<\/li>\n\t\t\t\t\t\t<\/ul>\n\t\t\t\t\t\t<\/div>\n\t\t\t\t<\/div>\n\t\t\t\t\t<\/div>\n\t\t<\/div>\n\t\t\t\t\t<\/div>\n\t\t<\/section>\n\t\t\t\t<\/div>\n\t\t","protected":false},"excerpt":{"rendered":"<p>A Csal\u00e1d- \u00e9s Gyermekj\u00f3l\u00e9ti K\u00f6zpont jog\u00e1sza erzs\u00e9betv\u00e1rosiaknak ny\u00fajt ingyenes jogi tan\u00e1csad\u00e1st polg\u00e1rjogi, csal\u00e1djogi, munkajogi, k\u00f6zigazgat\u00e1si jogi \u00e9s p\u00e9nz\u00fcgyi jogi \u00fcgyekben. Csal\u00e1djogi \u00fcgyek H\u00e1zass\u00e1g felbont\u00e1sa, \u00a0sz\u00fcl\u0151i fel\u00fcgyeleti jog rendez\u00e9se, kapcsolattart\u00e1s k\u00fcl\u00f6n \u00e9l\u0151 sz\u00fcl\u0151vel, gyermektart\u00e1sd\u00edj meg\u00e1llap\u00edt\u00e1sa, m\u00f3dos\u00edt\u00e1sa, gyermek elhelyez\u00e9se harmadik szem\u00e9lyn\u00e9l .Tov\u00e1bb\u00e1\u00a0 ezen \u00fcgyekhez kapcsol\u00f3d\u00f3 v\u00e9grehajt\u00e1si elj\u00e1r\u00e1sok. Munkajogi \u00fcgyek Munkaviszony \u2013munkaszerz\u0151d\u00e9s, munkad\u00edj, \u00a0\u00e1ll\u00e1skeres\u00e9si j\u00e1rad\u00e9k. K\u00f6zigazgat\u00e1si jog Hat\u00f3s\u00e1gi elj\u00e1r\u00e1sokban k\u00e9relmek meg\u00edr\u00e1sa, k\u00f6zigazgat\u00e1si hat\u00e1rozatok \u00e9rtelmez\u00e9se, jogorvoslati lehet\u0151s\u00e9gekr\u0151l t\u00e1j\u00e9koztat\u00e1s. Ad\u00f3hat\u00f3s\u00e1gi \u00fcgyek-r\u00e9szletfizet\u00e9si, m\u00e9lt\u00e1nyoss\u00e1gi \u00a0k\u00e9relmek, gy\u00e1mhivatali- gyermekv\u00e9delmi \u00fcgyek. P\u00e9nz\u00fcgyi jog K\u00f6vetel\u00e9sekkel, v\u00e9grehajt\u00e1si elj\u00e1r\u00e1sokkal (v\u00e9grehajt\u00e1s megsz\u00fcntet\u00e9se, felf\u00fcggeszt\u00e9se, r\u00e9szletfizet\u00e9si, elsz\u00e1mol\u00e1si k\u00e9relmek, j\u00f6vedelem- ing\u00f3-ingatlan letilt\u00e1sok, inkassz\u00f3) kapcsolatos \u00fcgyek, \u00a0fizet\u00e9si meghagy\u00e1sos elj\u00e1r\u00e1sok (kifog\u00e1s, r\u00e9szletfizet\u00e9si k\u00e9relmek) Ingatlanjog B\u00e9rleti szerz\u0151d\u00e9sre, \u00f6nkorm\u00e1nyzati ingatlanokra ( tartoz\u00e1s megfizet\u00e9se, lak\u00e1s ki\u00fcr\u00edt\u00e9se ir\u00e1nti per) vonatkoz\u00f3 k\u00e9rd\u00e9sekben val\u00f3 seg\u00edts\u00e9gny\u00fajt\u00e1s. \u00d6nkorm\u00e1nyzati lak\u00e1sp\u00e1ly\u00e1zati lehet\u0151s\u00e9gek. Tov\u00e1bb\u00e1 \u00f6r\u00f6kl\u00e9si k\u00e9rd\u00e9sekben, v\u00e9grendelettel kapcsolatos felvil\u00e1gos\u00edt\u00e1s. Ezen \u00fcgycsoportok vonatkoz\u00e1s\u00e1ban a jogi szolg\u00e1ltat\u00e1s kiterjed egyr\u00e9szt az alkalmazand\u00f3 jogszab\u00e1lyok, illetve iratok \u00e9rtelmez\u00e9s\u00e9ben val\u00f3 seg\u00edts\u00e9gny\u00fajt\u00e1sra, m\u00e1sr\u00e9szt az adott probl\u00e9m\u00e1t illet\u0151en t\u00e1j\u00e9koztat\u00e1s ny\u00fajt\u00e1s\u00e1ra. Szakmai t\u00e1mogat\u00e1st \u00e9s seg\u00edts\u00e9get ny\u00fajt a hivatalos irat megszerkeszt\u00e9s\u00e9ben (keresetlev\u00e9l,\u00a0 k\u00e9relmek, beadv\u00e1nyok), illetve az okiratok kit\u00f6lt\u00e9s\u00e9ben, amelynek ismeret\u00e9ben az \u00fcgyf\u00e9l megkezdheti vagy elint\u00e9zheti \u00fcgy\u00e9t. Tov\u00e1bb\u00e1 t\u00e1j\u00e9koztat\u00e1st ny\u00fajt az \u00fcgyf\u00e9l sz\u00e1m\u00e1ra az adott k\u00e9rd\u00e9shez kapcsol\u00f3d\u00f3 jogokr\u00f3l \u00e9s k\u00f6telezetts\u00e9gekr\u0151l, a kapcsol\u00f3d\u00f3 elj\u00e1r\u00e1sr\u00f3l, a hat\u00f3s\u00e1gi \u00fcgyint\u00e9z\u00e9s hely\u00e9r\u0151l. Indokolt esetben, a mozg\u00e1sukban korl\u00e1tozott \u00fcgyfelek sz\u00e1m\u00e1ra lehet\u0151s\u00e9get biztos\u00edtunk arra, hogy saj\u00e1t otthonukban vehess\u00e9k ig\u00e9nybe a jogi tan\u00e1csad\u00e1st. Id\u0151pont k\u00e9r\u00e9se \u00e9s tov\u00e1bbi inform\u00e1ci\u00f3:\u00a0 jogsegely@bjhuman.hu<\/p>\n","protected":false},"author":2,"featured_media":0,"parent":0,"menu_order":0,"comment_status":"closed","ping_status":"closed","template":"","meta":{"footnotes":""},"class_list":["post-1166","page","type-page","status-publish","hentry"],"rttpg_featured_image_url":null,"rttpg_author":{"display_name":"krisztina","author_link":"https:\/\/bjhuman.hu\/index.php\/author\/krisztina\/"},"rttpg_comment":0,"rttpg_category":null,"rttpg_excerpt":"A Csal\u00e1d- \u00e9s Gyermekj\u00f3l\u00e9ti K\u00f6zpont jog\u00e1sza erzs\u00e9betv\u00e1rosiaknak ny\u00fajt ingyenes jogi tan\u00e1csad\u00e1st polg\u00e1rjogi, csal\u00e1djogi, munkajogi, k\u00f6zigazgat\u00e1si jogi \u00e9s p\u00e9nz\u00fcgyi jogi \u00fcgyekben. Csal\u00e1djogi \u00fcgyek H\u00e1zass\u00e1g felbont\u00e1sa, \u00a0sz\u00fcl\u0151i fel\u00fcgyeleti jog rendez\u00e9se, kapcsolattart\u00e1s k\u00fcl\u00f6n \u00e9l\u0151 sz\u00fcl\u0151vel, gyermektart\u00e1sd\u00edj meg\u00e1llap\u00edt\u00e1sa, m\u00f3dos\u00edt\u00e1sa, gyermek elhelyez\u00e9se harmadik szem\u00e9lyn\u00e9l .Tov\u00e1bb\u00e1\u00a0 ezen \u00fcgyekhez kapcsol\u00f3d\u00f3 v\u00e9grehajt\u00e1si elj\u00e1r\u00e1sok. Munkajogi \u00fcgyek Munkaviszony \u2013munkaszerz\u0151d\u00e9s, munkad\u00edj, \u00a0\u00e1ll\u00e1skeres\u00e9si j\u00e1rad\u00e9k. K\u00f6zigazgat\u00e1si jog Hat\u00f3s\u00e1gi&hellip;","_links":{"self":[{"href":"https:\/\/bjhuman.hu\/index.php\/wp-json\/wp\/v2\/pages\/1166","targetHints":{"allow":["GET"]}}],"collection":[{"href":"https:\/\/bjhuman.hu\/index.php\/wp-json\/wp\/v2\/pages"}],"about":[{"href":"https:\/\/bjhuman.hu\/index.php\/wp-json\/wp\/v2\/types\/page"}],"author":[{"embeddable":true,"href":"https:\/\/bjhuman.hu\/index.php\/wp-json\/wp\/v2\/users\/2"}],"replies":[{"embeddable":true,"href":"https:\/\/bjhuman.hu\/index.php\/wp-json\/wp\/v2\/comments?post=1166"}],"version-history":[{"count":28,"href":"https:\/\/bjhuman.hu\/index.php\/wp-json\/wp\/v2\/pages\/1166\/revisions"}],"predecessor-version":[{"id":13320,"href":"https:\/\/bjhuman.hu\/index.php\/wp-json\/wp\/v2\/pages\/1166\/revisions\/13320"}],"wp:attachment":[{"href":"https:\/\/bjhuman.hu\/index.php\/wp-json\/wp\/v2\/media?parent=1166"}],"curies":[{"name":"wp","href":"https:\/\/api.w.org\/{rel}","templated":true}]}}