{"id":1161,"date":"2023-08-10T14:02:32","date_gmt":"2023-08-10T12:02:32","guid":{"rendered":"https:\/\/dev.bjhuman.hu\/?page_id=1161"},"modified":"2026-03-19T13:14:22","modified_gmt":"2026-03-19T11:14:22","slug":"pszichologiai-tanacsadas","status":"publish","type":"page","link":"https:\/\/bjhuman.hu\/index.php\/pszichologiai-tanacsadas\/","title":{"rendered":"Pszichol\u00f3giai tan\u00e1csad\u00e1s"},"content":{"rendered":"\t\t<div data-elementor-type=\"wp-page\" data-elementor-id=\"1161\" class=\"elementor elementor-1161\">\n\t\t\t\t\t\t<section class=\"elementor-section elementor-top-section elementor-element elementor-element-d69f525 elementor-section-boxed elementor-section-height-default elementor-section-height-default wpr-particle-no wpr-jarallax-no wpr-parallax-no wpr-sticky-section-no\" data-id=\"d69f525\" data-element_type=\"section\" data-e-type=\"section\">\n\t\t\t\t\t\t<div class=\"elementor-container elementor-column-gap-default\">\n\t\t\t\t\t<div class=\"elementor-column elementor-col-100 elementor-top-column elementor-element elementor-element-b5f1311\" data-id=\"b5f1311\" data-element_type=\"column\" data-e-type=\"column\">\n\t\t\t<div class=\"elementor-widget-wrap elementor-element-populated\">\n\t\t\t\t\t\t<div class=\"elementor-element elementor-element-4997725 elementor-widget elementor-widget-text-editor\" data-id=\"4997725\" data-element_type=\"widget\" data-e-type=\"widget\" data-widget_type=\"text-editor.default\">\n\t\t\t\t<div class=\"elementor-widget-container\">\n\t\t\t\t\t\t\t\t\t<p>Minden erzs\u00e9betv\u00e1rosi feln\u0151ttnek \u00e9s gyermeknek lehet\u0151s\u00e9ge van pszichol\u00f3giai ell\u00e1t\u00e1st t\u00e9r\u00edt\u00e9smentesen, \u00f6nk\u00e9ntes alapon ig\u00e9nybe venni el\u0151re egyeztetett id\u0151pontban. A pszichol\u00f3gusok seg\u00edts\u00e9get ny\u00fajthatnak az \u00e9letbeli elakad\u00e1sok, megterhel\u0151 v\u00e1ltoz\u00e1sok okozta neh\u00e9zs\u00e9gek, lelki kr\u00edzis, csal\u00e1di konfliktusok megold\u00e1s\u00e1ban. Ugyanakkor sz\u00e1m\u00edtani lehet r\u00e1juk az \u00e9letm\u00f3dv\u00e1lt\u00e1s t\u00e1mogat\u00e1s\u00e1ban, valamint a gyereknevel\u00e9si \u00e9s \u00e9letvezet\u00e9si tan\u00e1csad\u00e1sban is. A kliensek fogad\u00e1sa t\u00f6bb telephelyen t\u00f6rt\u00e9nik, egyeztet\u00e9s szerint.<\/p>\t\t\t\t\t\t\t\t<\/div>\n\t\t\t\t<\/div>\n\t\t\t\t\t<\/div>\n\t\t<\/div>\n\t\t\t\t\t<\/div>\n\t\t<\/section>\n\t\t\t\t<section class=\"elementor-section elementor-top-section elementor-element elementor-element-d6c8ffd elementor-section-boxed elementor-section-height-default elementor-section-height-default wpr-particle-no wpr-jarallax-no wpr-parallax-no wpr-sticky-section-no\" data-id=\"d6c8ffd\" data-element_type=\"section\" data-e-type=\"section\">\n\t\t\t\t\t\t<div class=\"elementor-container elementor-column-gap-default\">\n\t\t\t\t\t<div class=\"elementor-column elementor-col-100 elementor-top-column elementor-element elementor-element-39be524\" data-id=\"39be524\" data-element_type=\"column\" data-e-type=\"column\">\n\t\t\t<div class=\"elementor-widget-wrap elementor-element-populated\">\n\t\t\t\t\t\t<div class=\"elementor-element elementor-element-6d24530 wpr-advanced-accordion-icon-side-box elementor-widget elementor-widget-wpr-advanced-accordion\" data-id=\"6d24530\" data-element_type=\"widget\" data-e-type=\"widget\" data-settings=\"{&quot;active_item&quot;:1}\" data-widget_type=\"wpr-advanced-accordion.default\">\n\t\t\t\t<div class=\"elementor-widget-container\">\n\t\t\t\t\t\n            <div class=\"wpr-advanced-accordion\" data-accordion-type=\"accordion\" data-active-index=\"1\" data-accordion-trigger=\"click\" data-interaction-speed=\"0.4\">\n\n\t\t\t\n                \n\t\t\t\t\t<div class=\"wpr-accordion-item-wrap\">\n\t\t\t\t\t\t<button class=\"wpr-acc-button\">\n\t\t\t\t\t\t\t<span class=\"wpr-acc-item-title\">\n\t\t\t\t\t\t\t\t\t\t\t\t\t\t\t\t\t<div class=\"wpr-acc-icon-box\">\n\t\t\t\t\t\t\t\t\t\t\t\t\t\t<span class=\"wpr-title-icon\">\n\t\t\t\t\t<i aria-hidden=\"true\" class=\"fas fa-arrow-right\"><\/i>\t\t\t\t<\/span>\n\t\t\t\t\t\t\t\t\t\t\t\t<\/div>\n\t\t\t\t\t\t\t\t\n\t\t\t\t\t\t\t\t<span class=\"wpr-acc-title-text\">Milyen szolg\u00e1ltat\u00e1st ny\u00fajtunk?\t<\/span>\n\t\t\t\t\t\t\t<\/span>\n\t\t\t\t\t\t\t\t\t\t\t<span class=\"wpr-toggle-icon wpr-ti-close\"><i aria-hidden=\"true\" class=\"fas fa-plus\"><\/i><\/span>\n\t\t\t\t<span class=\"wpr-toggle-icon wpr-ti-open\"><i aria-hidden=\"true\" class=\"fas fa-minus\"><\/i><\/span>\n\t\t\t\t\t\t\t\t\t<\/button>\n\n\t\t\t\t\t\t<div class=\"wpr-acc-panel\">\n\t\t\t\t\t\t\t\t\t\t\t\t\t\t\t<div class=\"wpr-acc-panel-content\"><p><strong>A teljess\u00e9g ig\u00e9nye n\u00e9lk\u00fcl az al\u00e1bbiakban tudnak seg\u00edteni: <\/strong><\/p><p>Lelki neh\u00e9zs\u00e9gek, \u00e9letm\u00f3dv\u00e1lt\u00e1s (fogy\u00e1s, doh\u00e1nyz\u00e1s abbahagy\u00e1sa) t\u00e1mogat\u00e1sa, stresszkezel\u00e9s, ki\u00e9g\u00e9s, \u00e9letvezet\u00e9si neh\u00e9zs\u00e9gek \u00e9s elakad\u00e1sok, csal\u00e1di konfliktusok, sz\u00fcl\u0151 konzult\u00e1ci\u00f3 stb.\u00a0\u00a0\u00a0<\/p><p>\u00a0<\/p><p><strong>Miben nem tud seg\u00edteni a pszichol\u00f3gus: <\/strong><\/p><p>Diagnosztika, pszichoter\u00e1pia, akut \u00f6ngyilkoss\u00e1gi kr\u00edzis.<\/p><\/div>\n\t\t\t\t\t\t\t\t\t\t\t\t\t<\/div>\n                    <\/div>\n\n                \n\t\t\t\t\t<div class=\"wpr-accordion-item-wrap\">\n\t\t\t\t\t\t<button class=\"wpr-acc-button\">\n\t\t\t\t\t\t\t<span class=\"wpr-acc-item-title\">\n\t\t\t\t\t\t\t\t\t\t\t\t\t\t\t\t\t<div class=\"wpr-acc-icon-box\">\n\t\t\t\t\t\t\t\t\t\t\t\t\t\t<span class=\"wpr-title-icon\">\n\t\t\t\t\t<i aria-hidden=\"true\" class=\"fas fa-arrow-right\"><\/i>\t\t\t\t<\/span>\n\t\t\t\t\t\t\t\t\t\t\t\t<\/div>\n\t\t\t\t\t\t\t\t\n\t\t\t\t\t\t\t\t<span class=\"wpr-acc-title-text\">Mire sz\u00e1m\u00edtson a pszichol\u00f3gusn\u00e1l?<\/span>\n\t\t\t\t\t\t\t<\/span>\n\t\t\t\t\t\t\t\t\t\t\t<span class=\"wpr-toggle-icon wpr-ti-close\"><i aria-hidden=\"true\" class=\"fas fa-plus\"><\/i><\/span>\n\t\t\t\t<span class=\"wpr-toggle-icon wpr-ti-open\"><i aria-hidden=\"true\" class=\"fas fa-minus\"><\/i><\/span>\n\t\t\t\t\t\t\t\t\t<\/button>\n\n\t\t\t\t\t\t<div class=\"wpr-acc-panel\">\n\t\t\t\t\t\t\t\t\t\t\t\t\t\t\t<div class=\"wpr-acc-panel-content\"><p>Els\u0151 alkalommal egy 50 perces besz\u00e9lget\u00e9sre, mely sor\u00e1n szakember seg\u00edts\u00e9g\u00e9vel felt\u00e1rjuk a probl\u00e9m\u00e1j\u00e1t, \u00e9s egyeztetj\u00fck a tan\u00e1csad\u00e1s lehet\u0151s\u00e9geit \u00e9s kereteit.<\/p><\/div>\n\t\t\t\t\t\t\t\t\t\t\t\t\t<\/div>\n                    <\/div>\n\n                \n\t\t\t\t\t<div class=\"wpr-accordion-item-wrap\">\n\t\t\t\t\t\t<button class=\"wpr-acc-button\">\n\t\t\t\t\t\t\t<span class=\"wpr-acc-item-title\">\n\t\t\t\t\t\t\t\t\t\t\t\t\t\t\t\t\t<div class=\"wpr-acc-icon-box\">\n\t\t\t\t\t\t\t\t\t\t\t\t\t\t<span class=\"wpr-title-icon\">\n\t\t\t\t\t<i aria-hidden=\"true\" class=\"fas fa-arrow-right\"><\/i>\t\t\t\t<\/span>\n\t\t\t\t\t\t\t\t\t\t\t\t<\/div>\n\t\t\t\t\t\t\t\t\n\t\t\t\t\t\t\t\t<span class=\"wpr-acc-title-text\">Mit hozzon els\u0151 konzult\u00e1ci\u00f3ra?<\/span>\n\t\t\t\t\t\t\t<\/span>\n\t\t\t\t\t\t\t\t\t\t\t<span class=\"wpr-toggle-icon wpr-ti-close\"><i aria-hidden=\"true\" class=\"fas fa-plus\"><\/i><\/span>\n\t\t\t\t<span class=\"wpr-toggle-icon wpr-ti-open\"><i aria-hidden=\"true\" class=\"fas fa-minus\"><\/i><\/span>\n\t\t\t\t\t\t\t\t\t<\/button>\n\n\t\t\t\t\t\t<div class=\"wpr-acc-panel\">\n\t\t\t\t\t\t\t\t\t\t\t\t\t\t\t<div class=\"wpr-acc-panel-content\"><p>Amennyiben van: orvosi dokument\u00e1ci\u00f3, leletek \u00e9s diagn\u00f3zist igazol\u00f3 iratok a pszich\u00e9s eg\u00e9szs\u00e9ggel \u00f6sszef\u00fcgg\u00e9sben (pszichi\u00e1tria).<\/p><\/div>\n\t\t\t\t\t\t\t\t\t\t\t\t\t<\/div>\n                    <\/div>\n\n                            <\/div>\n        \t\t\t\t<\/div>\n\t\t\t\t<\/div>\n\t\t\t\t\t<\/div>\n\t\t<\/div>\n\t\t\t\t\t<\/div>\n\t\t<\/section>\n\t\t\t\t<section class=\"elementor-section elementor-top-section elementor-element elementor-element-0a6e9ad elementor-section-boxed elementor-section-height-default elementor-section-height-default wpr-particle-no wpr-jarallax-no wpr-parallax-no wpr-sticky-section-no\" data-id=\"0a6e9ad\" data-element_type=\"section\" data-e-type=\"section\">\n\t\t\t\t\t\t<div class=\"elementor-container elementor-column-gap-default\">\n\t\t\t\t\t<div class=\"elementor-column elementor-col-100 elementor-top-column elementor-element elementor-element-8a69564\" data-id=\"8a69564\" data-element_type=\"column\" data-e-type=\"column\">\n\t\t\t<div class=\"elementor-widget-wrap elementor-element-populated\">\n\t\t\t\t\t\t<div class=\"elementor-element elementor-element-fd6d82f elementor-widget elementor-widget-text-editor\" data-id=\"fd6d82f\" data-element_type=\"widget\" data-e-type=\"widget\" data-widget_type=\"text-editor.default\">\n\t\t\t\t<div class=\"elementor-widget-container\">\n\t\t\t\t\t\t\t\t\t<p>A szolg\u00e1ltat\u00e1s ig\u00e9nybev\u00e9tele a ker\u00fcletiek sz\u00e1m\u00e1ra t\u00e9r\u00edt\u00e9smentes.<\/p><p><strong>Az \u00fcgyf\u00e9lfogad\u00e1s el\u0151zetes bejelentkez\u00e9s alapj\u00e1n t\u00f6rt\u00e9nik a Csal\u00e1d- \u00e9s Gyermekj\u00f3l\u00e9ti Szolg\u00e1lat el\u00e9rhet\u0151s\u00e9gein:<\/strong><\/p><p>Telefonsz\u00e1m: 06 1 352 86 72<br \/>Szem\u00e9lyesen: 1074 Budapest, Hutyra F. u. 11-15.<\/p>\t\t\t\t\t\t\t\t<\/div>\n\t\t\t\t<\/div>\n\t\t\t\t\t<\/div>\n\t\t<\/div>\n\t\t\t\t\t<\/div>\n\t\t<\/section>\n\t\t\t\t<\/div>\n\t\t","protected":false},"excerpt":{"rendered":"<p>Minden erzs\u00e9betv\u00e1rosi feln\u0151ttnek \u00e9s gyermeknek lehet\u0151s\u00e9ge van pszichol\u00f3giai ell\u00e1t\u00e1st t\u00e9r\u00edt\u00e9smentesen, \u00f6nk\u00e9ntes alapon ig\u00e9nybe venni el\u0151re egyeztetett id\u0151pontban. A pszichol\u00f3gusok seg\u00edts\u00e9get ny\u00fajthatnak az \u00e9letbeli elakad\u00e1sok, megterhel\u0151 v\u00e1ltoz\u00e1sok okozta neh\u00e9zs\u00e9gek, lelki kr\u00edzis, csal\u00e1di konfliktusok megold\u00e1s\u00e1ban. Ugyanakkor sz\u00e1m\u00edtani lehet r\u00e1juk az \u00e9letm\u00f3dv\u00e1lt\u00e1s t\u00e1mogat\u00e1s\u00e1ban, valamint a gyereknevel\u00e9si \u00e9s \u00e9letvezet\u00e9si tan\u00e1csad\u00e1sban is. A kliensek fogad\u00e1sa t\u00f6bb telephelyen t\u00f6rt\u00e9nik, egyeztet\u00e9s szerint. Milyen szolg\u00e1ltat\u00e1st ny\u00fajtunk? A teljess\u00e9g ig\u00e9nye n\u00e9lk\u00fcl az al\u00e1bbiakban tudnak seg\u00edteni: Lelki neh\u00e9zs\u00e9gek, \u00e9letm\u00f3dv\u00e1lt\u00e1s (fogy\u00e1s, doh\u00e1nyz\u00e1s abbahagy\u00e1sa) t\u00e1mogat\u00e1sa, stresszkezel\u00e9s, ki\u00e9g\u00e9s, \u00e9letvezet\u00e9si neh\u00e9zs\u00e9gek \u00e9s elakad\u00e1sok, csal\u00e1di konfliktusok, sz\u00fcl\u0151 konzult\u00e1ci\u00f3 stb.\u00a0\u00a0\u00a0 \u00a0 Miben nem tud seg\u00edteni a pszichol\u00f3gus: Diagnosztika, pszichoter\u00e1pia, akut \u00f6ngyilkoss\u00e1gi kr\u00edzis. Mire sz\u00e1m\u00edtson a pszichol\u00f3gusn\u00e1l? Els\u0151 alkalommal egy 50 perces besz\u00e9lget\u00e9sre, mely sor\u00e1n szakember seg\u00edts\u00e9g\u00e9vel felt\u00e1rjuk a probl\u00e9m\u00e1j\u00e1t, \u00e9s egyeztetj\u00fck a tan\u00e1csad\u00e1s lehet\u0151s\u00e9geit \u00e9s kereteit. Mit hozzon els\u0151 konzult\u00e1ci\u00f3ra? Amennyiben van: orvosi dokument\u00e1ci\u00f3, leletek \u00e9s diagn\u00f3zist igazol\u00f3 iratok a pszich\u00e9s eg\u00e9szs\u00e9ggel \u00f6sszef\u00fcgg\u00e9sben (pszichi\u00e1tria). A szolg\u00e1ltat\u00e1s ig\u00e9nybev\u00e9tele a ker\u00fcletiek sz\u00e1m\u00e1ra t\u00e9r\u00edt\u00e9smentes. Az \u00fcgyf\u00e9lfogad\u00e1s el\u0151zetes bejelentkez\u00e9s alapj\u00e1n t\u00f6rt\u00e9nik a Csal\u00e1d- \u00e9s Gyermekj\u00f3l\u00e9ti Szolg\u00e1lat el\u00e9rhet\u0151s\u00e9gein: Telefonsz\u00e1m: 06 1 352 86 72Szem\u00e9lyesen: 1074 Budapest, Hutyra F. u. 11-15.<\/p>\n","protected":false},"author":2,"featured_media":0,"parent":0,"menu_order":0,"comment_status":"closed","ping_status":"closed","template":"","meta":{"footnotes":""},"class_list":["post-1161","page","type-page","status-publish","hentry"],"rttpg_featured_image_url":null,"rttpg_author":{"display_name":"krisztina","author_link":"https:\/\/bjhuman.hu\/index.php\/author\/krisztina\/"},"rttpg_comment":0,"rttpg_category":null,"rttpg_excerpt":"Minden erzs\u00e9betv\u00e1rosi feln\u0151ttnek \u00e9s gyermeknek lehet\u0151s\u00e9ge van pszichol\u00f3giai ell\u00e1t\u00e1st t\u00e9r\u00edt\u00e9smentesen, \u00f6nk\u00e9ntes alapon ig\u00e9nybe venni el\u0151re egyeztetett id\u0151pontban. A pszichol\u00f3gusok seg\u00edts\u00e9get ny\u00fajthatnak az \u00e9letbeli elakad\u00e1sok, megterhel\u0151 v\u00e1ltoz\u00e1sok okozta neh\u00e9zs\u00e9gek, lelki kr\u00edzis, csal\u00e1di konfliktusok megold\u00e1s\u00e1ban. Ugyanakkor sz\u00e1m\u00edtani lehet r\u00e1juk az \u00e9letm\u00f3dv\u00e1lt\u00e1s t\u00e1mogat\u00e1s\u00e1ban, valamint a gyereknevel\u00e9si \u00e9s \u00e9letvezet\u00e9si tan\u00e1csad\u00e1sban is. A kliensek fogad\u00e1sa t\u00f6bb telephelyen t\u00f6rt\u00e9nik, egyeztet\u00e9s szerint.&hellip;","_links":{"self":[{"href":"https:\/\/bjhuman.hu\/index.php\/wp-json\/wp\/v2\/pages\/1161","targetHints":{"allow":["GET"]}}],"collection":[{"href":"https:\/\/bjhuman.hu\/index.php\/wp-json\/wp\/v2\/pages"}],"about":[{"href":"https:\/\/bjhuman.hu\/index.php\/wp-json\/wp\/v2\/types\/page"}],"author":[{"embeddable":true,"href":"https:\/\/bjhuman.hu\/index.php\/wp-json\/wp\/v2\/users\/2"}],"replies":[{"embeddable":true,"href":"https:\/\/bjhuman.hu\/index.php\/wp-json\/wp\/v2\/comments?post=1161"}],"version-history":[{"count":37,"href":"https:\/\/bjhuman.hu\/index.php\/wp-json\/wp\/v2\/pages\/1161\/revisions"}],"predecessor-version":[{"id":13372,"href":"https:\/\/bjhuman.hu\/index.php\/wp-json\/wp\/v2\/pages\/1161\/revisions\/13372"}],"wp:attachment":[{"href":"https:\/\/bjhuman.hu\/index.php\/wp-json\/wp\/v2\/media?parent=1161"}],"curies":[{"name":"wp","href":"https:\/\/api.w.org\/{rel}","templated":true}]}}