{"id":1155,"date":"2023-08-10T14:01:29","date_gmt":"2023-08-10T12:01:29","guid":{"rendered":"https:\/\/dev.bjhuman.hu\/?page_id=1155"},"modified":"2024-01-17T14:42:10","modified_gmt":"2024-01-17T12:42:10","slug":"dietetikai-tanacsadas","status":"publish","type":"page","link":"https:\/\/bjhuman.hu\/index.php\/dietetikai-tanacsadas\/","title":{"rendered":"Dietetikai tan\u00e1csad\u00e1s"},"content":{"rendered":"\t\t<div data-elementor-type=\"wp-page\" data-elementor-id=\"1155\" class=\"elementor elementor-1155\">\n\t\t\t\t\t\t<section class=\"elementor-section elementor-top-section elementor-element elementor-element-a872d84 elementor-section-boxed elementor-section-height-default elementor-section-height-default wpr-particle-no wpr-jarallax-no wpr-parallax-no wpr-sticky-section-no wpr-equal-height-no\" data-id=\"a872d84\" data-element_type=\"section\" data-e-type=\"section\">\n\t\t\t\t\t\t<div class=\"elementor-container elementor-column-gap-default\">\n\t\t\t\t\t<div class=\"elementor-column elementor-col-100 elementor-top-column elementor-element elementor-element-72361e9\" data-id=\"72361e9\" data-element_type=\"column\" data-e-type=\"column\">\n\t\t\t<div class=\"elementor-widget-wrap elementor-element-populated\">\n\t\t\t\t\t\t<div class=\"elementor-element elementor-element-70fcdb5 elementor-widget elementor-widget-text-editor\" data-id=\"70fcdb5\" data-element_type=\"widget\" data-e-type=\"widget\" data-widget_type=\"text-editor.default\">\n\t\t\t\t<div class=\"elementor-widget-container\">\n\t\t\t\t\t\t\t\t\t<p>A Mozg\u00e1scentrum eg\u00e9szs\u00e9gmeg\u0151rz\u0151 \u00e9s betegs\u00e9gkezel\u0151 szolg\u00e1ltat\u00e1sainak kieg\u00e9sz\u00edt\u00e9sek\u00e9nt az erzs\u00e9betv\u00e1rosiak <strong>ingyenesen<\/strong> vehetnek ig\u00e9nybe egy\u00e9ni di\u00e9t\u00e1s tan\u00e1csad\u00e1st. A dietetikus seg\u00edts\u00e9get tud ny\u00fajtani minden olyan helyzetben, ahol felmer\u00fcl az \u00e9letm\u00f3dv\u00e1lt\u00e1s \u00e9s az \u00e9tkez\u00e9si szok\u00e1sok megv\u00e1ltoztat\u00e1s\u00e1nak k\u00e9rd\u00e9se<\/p>\t\t\t\t\t\t\t\t<\/div>\n\t\t\t\t<\/div>\n\t\t\t\t\t<\/div>\n\t\t<\/div>\n\t\t\t\t\t<\/div>\n\t\t<\/section>\n\t\t\t\t<section class=\"elementor-section elementor-top-section elementor-element elementor-element-c0a09e5 elementor-section-boxed elementor-section-height-default elementor-section-height-default wpr-particle-no wpr-jarallax-no wpr-parallax-no wpr-sticky-section-no wpr-equal-height-no\" data-id=\"c0a09e5\" data-element_type=\"section\" data-e-type=\"section\">\n\t\t\t\t\t\t<div class=\"elementor-container elementor-column-gap-default\">\n\t\t\t\t\t<div class=\"elementor-column elementor-col-100 elementor-top-column elementor-element elementor-element-a6b9e86\" data-id=\"a6b9e86\" data-element_type=\"column\" data-e-type=\"column\">\n\t\t\t<div class=\"elementor-widget-wrap elementor-element-populated\">\n\t\t\t\t\t\t<div class=\"elementor-element elementor-element-d74dab6 wpr-advanced-accordion-icon-side-box elementor-widget elementor-widget-wpr-advanced-accordion\" data-id=\"d74dab6\" data-element_type=\"widget\" data-e-type=\"widget\" data-settings=\"{&quot;active_item&quot;:1}\" data-widget_type=\"wpr-advanced-accordion.default\">\n\t\t\t\t<div class=\"elementor-widget-container\">\n\t\t\t\t\t\n            <div class=\"wpr-advanced-accordion\" data-accordion-type=\"accordion\" data-active-index=\"1\" data-accordion-trigger=\"click\" data-interaction-speed=\"0.4\">\n\n\t\t\t\n                \n\t\t\t\t\t<div class=\"wpr-accordion-item-wrap\">\n\t\t\t\t\t\t<button class=\"wpr-acc-button\">\n\t\t\t\t\t\t\t<span class=\"wpr-acc-item-title\">\n\t\t\t\t\t\t\t\t\t\t\t\t\t\t\t\t\t<div class=\"wpr-acc-icon-box\">\n\t\t\t\t\t\t\t\t\t\t\t\t\t\t<span class=\"wpr-title-icon\">\n\t\t\t\t\t<i aria-hidden=\"true\" class=\"fas fa-arrow-right\"><\/i>\t\t\t\t<\/span>\n\t\t\t\t\t\t\t\t\t\t\t\t<\/div>\n\t\t\t\t\t\t\t\t\n\t\t\t\t\t\t\t\t<span class=\"wpr-acc-title-text\">Milyen probl\u00e9m\u00e1k eset\u00e9n tud seg\u00edteni a dietetikus<\/span>\n\t\t\t\t\t\t\t<\/span>\n\t\t\t\t\t\t\t\t\t\t\t<span class=\"wpr-toggle-icon wpr-ti-close\"><i aria-hidden=\"true\" class=\"fas fa-plus\"><\/i><\/span>\n\t\t\t\t<span class=\"wpr-toggle-icon wpr-ti-open\"><i aria-hidden=\"true\" class=\"fas fa-minus\"><\/i><\/span>\n\t\t\t\t\t\t\t\t\t<\/button>\n\n\t\t\t\t\t\t<div class=\"wpr-acc-panel\">\n\t\t\t\t\t\t\t\t\t\t\t\t\t\t\t<div class=\"wpr-acc-panel-content\"><ul><li>t\u00e1pl\u00e1lkoz\u00e1ssal \u00f6sszef\u00fcgg\u0151 betegs\u00e9gek \u00e9trendje (pl.: em\u00e9szt\u00e9si zavarok, t\u00e1pl\u00e1l\u00e9kallergi\u00e1k, \u00e9rz\u00e9kenys\u00e9gek)<\/li><li>sz\u00edv- \u00e9s \u00e9rrendszeri probl\u00e9m\u00e1k (pl.: magas v\u00e9rnyom\u00e1s, magas koleszterinszint)<\/li><li>anyagcserebetegs\u00e9gek (pl.: cukorbetegs\u00e9g, inzulinrezisztencia)<\/li><li>autoimmun betegs\u00e9gek (pl.: glut\u00e9n\u00e9rz\u00e9kenys\u00e9g)<\/li><li>t\u00fals\u00faly<\/li><\/ul><p>\u00e9s minden egy\u00e9b helyzetben, ahol felmer\u00fcl az \u00e9letm\u00f3dv\u00e1lt\u00e1s \u00e9s az \u00e9tkez\u00e9si szok\u00e1sok megv\u00e1ltoztat\u00e1s\u00e1nak k\u00e9rd\u00e9se.<\/p><\/div>\n\t\t\t\t\t\t\t\t\t\t\t\t\t<\/div>\n                    <\/div>\n\n                \n\t\t\t\t\t<div class=\"wpr-accordion-item-wrap\">\n\t\t\t\t\t\t<button class=\"wpr-acc-button\">\n\t\t\t\t\t\t\t<span class=\"wpr-acc-item-title\">\n\t\t\t\t\t\t\t\t\t\t\t\t\t\t\t\t\t<div class=\"wpr-acc-icon-box\">\n\t\t\t\t\t\t\t\t\t\t\t\t\t\t<span class=\"wpr-title-icon\">\n\t\t\t\t\t<i aria-hidden=\"true\" class=\"fas fa-arrow-right\"><\/i>\t\t\t\t<\/span>\n\t\t\t\t\t\t\t\t\t\t\t\t<\/div>\n\t\t\t\t\t\t\t\t\n\t\t\t\t\t\t\t\t<span class=\"wpr-acc-title-text\">Mire sz\u00e1m\u00edtson a dietetikusn\u00e1l<\/span>\n\t\t\t\t\t\t\t<\/span>\n\t\t\t\t\t\t\t\t\t\t\t<span class=\"wpr-toggle-icon wpr-ti-close\"><i aria-hidden=\"true\" class=\"fas fa-plus\"><\/i><\/span>\n\t\t\t\t<span class=\"wpr-toggle-icon wpr-ti-open\"><i aria-hidden=\"true\" class=\"fas fa-minus\"><\/i><\/span>\n\t\t\t\t\t\t\t\t\t<\/button>\n\n\t\t\t\t\t\t<div class=\"wpr-acc-panel\">\n\t\t\t\t\t\t\t\t\t\t\t\t\t\t\t<div class=\"wpr-acc-panel-content\"><p>A dietetikus egy elbesz\u00e9lget\u00e9s sor\u00e1n felm\u00e9ri az eg\u00e9szs\u00e9gi- \u00e9s t\u00e1pl\u00e1lts\u00e1gi \u00e1llapotot.<\/p><p>\u00a0<\/p><p>T\u00e1pl\u00e1lkoz\u00e1si napl\u00f3 vagy besz\u00e1mol\u00f3 kit\u00f6lt\u00e9se ut\u00e1n elemzi az eddigi t\u00e1pl\u00e1lkoz\u00e1si szok\u00e1sokat \u00e9s meg\u00e1llap\u00edtja, hogy a c\u00e9lok \u00e9rdek\u00e9ben milyen v\u00e1ltoztat\u00e1sokra lenne sz\u00fcks\u00e9g.<\/p><p>\u00a0<\/p><p>Ezt k\u00f6vet\u0151en a dietetikus tan\u00e1csokat ad a v\u00e1ltoztat\u00e1sokkal kapcsolatban: \u00faj alapanyagok bevezet\u00e9se, egyes alapanyagok elhagy\u00e1sa, receptek \u00e1talak\u00edt\u00e1sa a di\u00e9t\u00e1s ig\u00e9nyeknek megfelel\u0151en.<\/p><\/div>\n\t\t\t\t\t\t\t\t\t\t\t\t\t<\/div>\n                    <\/div>\n\n                \n\t\t\t\t\t<div class=\"wpr-accordion-item-wrap\">\n\t\t\t\t\t\t<button class=\"wpr-acc-button\">\n\t\t\t\t\t\t\t<span class=\"wpr-acc-item-title\">\n\t\t\t\t\t\t\t\t\t\t\t\t\t\t\t\t\t<div class=\"wpr-acc-icon-box\">\n\t\t\t\t\t\t\t\t\t\t\t\t\t\t<span class=\"wpr-title-icon\">\n\t\t\t\t\t<i aria-hidden=\"true\" class=\"fas fa-arrow-right\"><\/i>\t\t\t\t<\/span>\n\t\t\t\t\t\t\t\t\t\t\t\t<\/div>\n\t\t\t\t\t\t\t\t\n\t\t\t\t\t\t\t\t<span class=\"wpr-acc-title-text\">Mit kell hozni a dietetikushoz<\/span>\n\t\t\t\t\t\t\t<\/span>\n\t\t\t\t\t\t\t\t\t\t\t<span class=\"wpr-toggle-icon wpr-ti-close\"><i aria-hidden=\"true\" class=\"fas fa-plus\"><\/i><\/span>\n\t\t\t\t<span class=\"wpr-toggle-icon wpr-ti-open\"><i aria-hidden=\"true\" class=\"fas fa-minus\"><\/i><\/span>\n\t\t\t\t\t\t\t\t\t<\/button>\n\n\t\t\t\t\t\t<div class=\"wpr-acc-panel\">\n\t\t\t\t\t\t\t\t\t\t\t\t\t\t\t<div class=\"wpr-acc-panel-content\"><p>Orvosi dokument\u00e1ci\u00f3, leletek \u00e9s diagn\u00f3zist igazol\u00f3 iratok a dietoter\u00e1pi\u00e1val \u00f6sszef\u00fcgg\u00e9sben.<\/p><p>\u00a0<\/p><p>Kit\u00f6lt\u00f6tt t\u00e1pl\u00e1lkoz\u00e1si napl\u00f3 (el\u0151zetes telefonos egyeztet\u00e9s ut\u00e1n a dietetikus e-mailben k\u00fcldi el a kit\u00f6ltend\u0151 t\u00e1bl\u00e1zatot).<\/p><\/div>\n\t\t\t\t\t\t\t\t\t\t\t\t\t<\/div>\n                    <\/div>\n\n                            <\/div>\n        \t\t\t\t<\/div>\n\t\t\t\t<\/div>\n\t\t\t\t\t<\/div>\n\t\t<\/div>\n\t\t\t\t\t<\/div>\n\t\t<\/section>\n\t\t\t\t<section class=\"elementor-section elementor-top-section elementor-element elementor-element-c112737 elementor-section-boxed elementor-section-height-default elementor-section-height-default wpr-particle-no wpr-jarallax-no wpr-parallax-no wpr-sticky-section-no wpr-equal-height-no\" data-id=\"c112737\" data-element_type=\"section\" data-e-type=\"section\">\n\t\t\t\t\t\t<div class=\"elementor-container elementor-column-gap-default\">\n\t\t\t\t\t<div class=\"elementor-column elementor-col-100 elementor-top-column elementor-element elementor-element-9edd46d\" data-id=\"9edd46d\" data-element_type=\"column\" data-e-type=\"column\">\n\t\t\t<div class=\"elementor-widget-wrap elementor-element-populated\">\n\t\t\t\t\t\t<div class=\"elementor-element elementor-element-addb1be elementor-widget elementor-widget-text-editor\" data-id=\"addb1be\" data-element_type=\"widget\" data-e-type=\"widget\" data-widget_type=\"text-editor.default\">\n\t\t\t\t<div class=\"elementor-widget-container\">\n\t\t\t\t\t\t\t\t\t<p><strong>A szolg\u00e1ltat\u00e1s ig\u00e9nybev\u00e9tele a ker\u00fcleti lakosok sz\u00e1m\u00e1ra d\u00edjtalan, de el\u0151re egyeztetett id\u0151ponthoz k\u00f6t\u00f6tt.<\/strong><\/p>\t\t\t\t\t\t\t\t<\/div>\n\t\t\t\t<\/div>\n\t\t\t\t\t<\/div>\n\t\t<\/div>\n\t\t\t\t\t<\/div>\n\t\t<\/section>\n\t\t\t\t<section class=\"elementor-section elementor-top-section elementor-element elementor-element-0e777fc elementor-section-boxed elementor-section-height-default elementor-section-height-default wpr-particle-no wpr-jarallax-no wpr-parallax-no wpr-sticky-section-no wpr-equal-height-no\" data-id=\"0e777fc\" data-element_type=\"section\" data-e-type=\"section\">\n\t\t\t\t\t\t<div class=\"elementor-container elementor-column-gap-default\">\n\t\t\t\t\t<div class=\"elementor-column elementor-col-100 elementor-top-column elementor-element elementor-element-025611f\" data-id=\"025611f\" data-element_type=\"column\" data-e-type=\"column\">\n\t\t\t<div class=\"elementor-widget-wrap elementor-element-populated\">\n\t\t\t\t\t\t<div class=\"elementor-element elementor-element-4e39557 elementor-icon-list--layout-traditional elementor-list-item-link-full_width elementor-widget elementor-widget-icon-list\" data-id=\"4e39557\" data-element_type=\"widget\" data-e-type=\"widget\" data-widget_type=\"icon-list.default\">\n\t\t\t\t<div class=\"elementor-widget-container\">\n\t\t\t\t\t\t\t<ul class=\"elementor-icon-list-items\">\n\t\t\t\t\t\t\t<li class=\"elementor-icon-list-item\">\n\t\t\t\t\t\t\t\t\t\t\t<span class=\"elementor-icon-list-icon\">\n\t\t\t\t\t\t\t<i aria-hidden=\"true\" class=\"fas fa-map-marker-alt\"><\/i>\t\t\t\t\t\t<\/span>\n\t\t\t\t\t\t\t\t\t\t<span class=\"elementor-icon-list-text\">1071 Budapest, Peterdy utca 16. VI. emelet<\/span>\n\t\t\t\t\t\t\t\t\t<\/li>\n\t\t\t\t\t\t\t\t<li class=\"elementor-icon-list-item\">\n\t\t\t\t\t\t\t\t\t\t\t<span class=\"elementor-icon-list-icon\">\n\t\t\t\t\t\t\t<i aria-hidden=\"true\" class=\"fas fa-phone-alt\"><\/i>\t\t\t\t\t\t<\/span>\n\t\t\t\t\t\t\t\t\t\t<span class=\"elementor-icon-list-text\">+36-1-321-0635 <\/span>\n\t\t\t\t\t\t\t\t\t<\/li>\n\t\t\t\t\t\t\t\t<li class=\"elementor-icon-list-item\">\n\t\t\t\t\t\t\t\t\t\t\t<span class=\"elementor-icon-list-icon\">\n\t\t\t\t\t\t\t<i aria-hidden=\"true\" class=\"fas fa-envelope\"><\/i>\t\t\t\t\t\t<\/span>\n\t\t\t\t\t\t\t\t\t\t<span class=\"elementor-icon-list-text\">dietetikus@bjhuman.hu<\/span>\n\t\t\t\t\t\t\t\t\t<\/li>\n\t\t\t\t\t\t<\/ul>\n\t\t\t\t\t\t<\/div>\n\t\t\t\t<\/div>\n\t\t\t\t\t<\/div>\n\t\t<\/div>\n\t\t\t\t\t<\/div>\n\t\t<\/section>\n\t\t\t\t<section class=\"elementor-section elementor-top-section elementor-element elementor-element-cac60fa elementor-section-boxed elementor-section-height-default elementor-section-height-default wpr-particle-no wpr-jarallax-no wpr-parallax-no wpr-sticky-section-no wpr-equal-height-no\" data-id=\"cac60fa\" data-element_type=\"section\" data-e-type=\"section\">\n\t\t\t\t\t\t<div class=\"elementor-container elementor-column-gap-default\">\n\t\t\t\t\t<div class=\"elementor-column elementor-col-100 elementor-top-column elementor-element elementor-element-e847aa8\" data-id=\"e847aa8\" data-element_type=\"column\" data-e-type=\"column\">\n\t\t\t<div class=\"elementor-widget-wrap elementor-element-populated\">\n\t\t\t\t\t\t<div class=\"elementor-element elementor-element-b007e72 elementor-widget elementor-widget-text-editor\" data-id=\"b007e72\" data-element_type=\"widget\" data-e-type=\"widget\" data-widget_type=\"text-editor.default\">\n\t\t\t\t<div class=\"elementor-widget-container\">\n\t\t\t\t\t\t\t\t\t<p>E-mailes jelentkez\u00e9sn\u00e9l k\u00e9rj\u00fck, adja meg telefonos el\u00e9rhet\u0151s\u00e9g\u00e9t is!<\/p>\t\t\t\t\t\t\t\t<\/div>\n\t\t\t\t<\/div>\n\t\t\t\t\t<\/div>\n\t\t<\/div>\n\t\t\t\t\t<\/div>\n\t\t<\/section>\n\t\t\t\t<section class=\"elementor-section elementor-top-section elementor-element elementor-element-9f3376b elementor-section-boxed elementor-section-height-default elementor-section-height-default wpr-particle-no wpr-jarallax-no wpr-parallax-no wpr-sticky-section-no wpr-equal-height-no\" data-id=\"9f3376b\" data-element_type=\"section\" data-e-type=\"section\">\n\t\t\t\t\t\t<div class=\"elementor-container elementor-column-gap-default\">\n\t\t\t\t\t<div class=\"elementor-column elementor-col-100 elementor-top-column elementor-element elementor-element-6f283e9\" data-id=\"6f283e9\" data-element_type=\"column\" data-e-type=\"column\">\n\t\t\t<div class=\"elementor-widget-wrap elementor-element-populated\">\n\t\t\t\t\t\t<div class=\"elementor-element elementor-element-9f7195a elementor-widget elementor-widget-google_maps\" data-id=\"9f7195a\" data-element_type=\"widget\" data-e-type=\"widget\" data-widget_type=\"google_maps.default\">\n\t\t\t\t<div class=\"elementor-widget-container\">\n\t\t\t\t\t\t\t<div class=\"elementor-custom-embed\">\n\t\t\t<iframe loading=\"lazy\"\n\t\t\t\t\tsrc=\"https:\/\/maps.google.com\/maps?q=1071%20Budapest%2C%20Peterdy%20utca%2016.%20VI.%20emelet&#038;t=m&#038;z=16&#038;output=embed&#038;iwloc=near\"\n\t\t\t\t\ttitle=\"1071 Budapest, Peterdy utca 16. VI. emelet\"\n\t\t\t\t\taria-label=\"1071 Budapest, Peterdy utca 16. VI. emelet\"\n\t\t\t><\/iframe>\n\t\t<\/div>\n\t\t\t\t\t\t<\/div>\n\t\t\t\t<\/div>\n\t\t\t\t\t<\/div>\n\t\t<\/div>\n\t\t\t\t\t<\/div>\n\t\t<\/section>\n\t\t\t\t<\/div>\n\t\t","protected":false},"excerpt":{"rendered":"<p>A Mozg\u00e1scentrum eg\u00e9szs\u00e9gmeg\u0151rz\u0151 \u00e9s betegs\u00e9gkezel\u0151 szolg\u00e1ltat\u00e1sainak kieg\u00e9sz\u00edt\u00e9sek\u00e9nt az erzs\u00e9betv\u00e1rosiak ingyenesen vehetnek ig\u00e9nybe egy\u00e9ni di\u00e9t\u00e1s tan\u00e1csad\u00e1st. A dietetikus seg\u00edts\u00e9get tud ny\u00fajtani minden olyan helyzetben, ahol felmer\u00fcl az \u00e9letm\u00f3dv\u00e1lt\u00e1s \u00e9s az \u00e9tkez\u00e9si szok\u00e1sok megv\u00e1ltoztat\u00e1s\u00e1nak k\u00e9rd\u00e9se Milyen probl\u00e9m\u00e1k eset\u00e9n tud seg\u00edteni a dietetikus t\u00e1pl\u00e1lkoz\u00e1ssal \u00f6sszef\u00fcgg\u0151 betegs\u00e9gek \u00e9trendje (pl.: em\u00e9szt\u00e9si zavarok, t\u00e1pl\u00e1l\u00e9kallergi\u00e1k, \u00e9rz\u00e9kenys\u00e9gek) sz\u00edv- \u00e9s \u00e9rrendszeri probl\u00e9m\u00e1k (pl.: magas v\u00e9rnyom\u00e1s, magas koleszterinszint) anyagcserebetegs\u00e9gek (pl.: cukorbetegs\u00e9g, inzulinrezisztencia) autoimmun betegs\u00e9gek (pl.: glut\u00e9n\u00e9rz\u00e9kenys\u00e9g) t\u00fals\u00faly \u00e9s minden egy\u00e9b helyzetben, ahol felmer\u00fcl az \u00e9letm\u00f3dv\u00e1lt\u00e1s \u00e9s az \u00e9tkez\u00e9si szok\u00e1sok megv\u00e1ltoztat\u00e1s\u00e1nak k\u00e9rd\u00e9se. Mire sz\u00e1m\u00edtson a dietetikusn\u00e1l A dietetikus egy elbesz\u00e9lget\u00e9s sor\u00e1n felm\u00e9ri az eg\u00e9szs\u00e9gi- \u00e9s t\u00e1pl\u00e1lts\u00e1gi \u00e1llapotot. \u00a0 T\u00e1pl\u00e1lkoz\u00e1si napl\u00f3 vagy besz\u00e1mol\u00f3 kit\u00f6lt\u00e9se ut\u00e1n elemzi az eddigi t\u00e1pl\u00e1lkoz\u00e1si szok\u00e1sokat \u00e9s meg\u00e1llap\u00edtja, hogy a c\u00e9lok \u00e9rdek\u00e9ben milyen v\u00e1ltoztat\u00e1sokra lenne sz\u00fcks\u00e9g. \u00a0 Ezt k\u00f6vet\u0151en a dietetikus tan\u00e1csokat ad a v\u00e1ltoztat\u00e1sokkal kapcsolatban: \u00faj alapanyagok bevezet\u00e9se, egyes alapanyagok elhagy\u00e1sa, receptek \u00e1talak\u00edt\u00e1sa a di\u00e9t\u00e1s ig\u00e9nyeknek megfelel\u0151en. Mit kell hozni a dietetikushoz Orvosi dokument\u00e1ci\u00f3, leletek \u00e9s diagn\u00f3zist igazol\u00f3 iratok a dietoter\u00e1pi\u00e1val \u00f6sszef\u00fcgg\u00e9sben. \u00a0 Kit\u00f6lt\u00f6tt t\u00e1pl\u00e1lkoz\u00e1si napl\u00f3 (el\u0151zetes telefonos egyeztet\u00e9s ut\u00e1n a dietetikus e-mailben k\u00fcldi el a kit\u00f6ltend\u0151 t\u00e1bl\u00e1zatot). A szolg\u00e1ltat\u00e1s ig\u00e9nybev\u00e9tele a ker\u00fcleti lakosok sz\u00e1m\u00e1ra d\u00edjtalan, de el\u0151re egyeztetett id\u0151ponthoz k\u00f6t\u00f6tt. 1071 Budapest, Peterdy utca 16. VI. emelet +36-1-321-0635 dietetikus@bjhuman.hu E-mailes jelentkez\u00e9sn\u00e9l k\u00e9rj\u00fck, adja meg telefonos el\u00e9rhet\u0151s\u00e9g\u00e9t is!<\/p>\n","protected":false},"author":2,"featured_media":0,"parent":0,"menu_order":0,"comment_status":"closed","ping_status":"closed","template":"","meta":{"footnotes":""},"class_list":["post-1155","page","type-page","status-publish","hentry"],"rttpg_featured_image_url":null,"rttpg_author":{"display_name":"krisztina","author_link":"https:\/\/bjhuman.hu\/index.php\/author\/krisztina\/"},"rttpg_comment":0,"rttpg_category":null,"rttpg_excerpt":"A Mozg\u00e1scentrum eg\u00e9szs\u00e9gmeg\u0151rz\u0151 \u00e9s betegs\u00e9gkezel\u0151 szolg\u00e1ltat\u00e1sainak kieg\u00e9sz\u00edt\u00e9sek\u00e9nt az erzs\u00e9betv\u00e1rosiak ingyenesen vehetnek ig\u00e9nybe egy\u00e9ni di\u00e9t\u00e1s tan\u00e1csad\u00e1st. A dietetikus seg\u00edts\u00e9get tud ny\u00fajtani minden olyan helyzetben, ahol felmer\u00fcl az \u00e9letm\u00f3dv\u00e1lt\u00e1s \u00e9s az \u00e9tkez\u00e9si szok\u00e1sok megv\u00e1ltoztat\u00e1s\u00e1nak k\u00e9rd\u00e9se Milyen probl\u00e9m\u00e1k eset\u00e9n tud seg\u00edteni a dietetikus t\u00e1pl\u00e1lkoz\u00e1ssal \u00f6sszef\u00fcgg\u0151 betegs\u00e9gek \u00e9trendje (pl.: em\u00e9szt\u00e9si zavarok, t\u00e1pl\u00e1l\u00e9kallergi\u00e1k, \u00e9rz\u00e9kenys\u00e9gek) sz\u00edv- \u00e9s \u00e9rrendszeri probl\u00e9m\u00e1k (pl.: magas&hellip;","_links":{"self":[{"href":"https:\/\/bjhuman.hu\/index.php\/wp-json\/wp\/v2\/pages\/1155","targetHints":{"allow":["GET"]}}],"collection":[{"href":"https:\/\/bjhuman.hu\/index.php\/wp-json\/wp\/v2\/pages"}],"about":[{"href":"https:\/\/bjhuman.hu\/index.php\/wp-json\/wp\/v2\/types\/page"}],"author":[{"embeddable":true,"href":"https:\/\/bjhuman.hu\/index.php\/wp-json\/wp\/v2\/users\/2"}],"replies":[{"embeddable":true,"href":"https:\/\/bjhuman.hu\/index.php\/wp-json\/wp\/v2\/comments?post=1155"}],"version-history":[{"count":11,"href":"https:\/\/bjhuman.hu\/index.php\/wp-json\/wp\/v2\/pages\/1155\/revisions"}],"predecessor-version":[{"id":4508,"href":"https:\/\/bjhuman.hu\/index.php\/wp-json\/wp\/v2\/pages\/1155\/revisions\/4508"}],"wp:attachment":[{"href":"https:\/\/bjhuman.hu\/index.php\/wp-json\/wp\/v2\/media?parent=1155"}],"curies":[{"name":"wp","href":"https:\/\/api.w.org\/{rel}","templated":true}]}}