{"id":1144,"date":"2023-08-10T13:50:05","date_gmt":"2023-08-10T11:50:05","guid":{"rendered":"https:\/\/dev.bjhuman.hu\/?page_id=1144"},"modified":"2023-11-30T12:48:35","modified_gmt":"2023-11-30T10:48:35","slug":"kiegeszito-egeszsegugyi-szolgaltatasok","status":"publish","type":"page","link":"https:\/\/bjhuman.hu\/index.php\/kiegeszito-egeszsegugyi-szolgaltatasok\/","title":{"rendered":"Kieg\u00e9sz\u00edt\u0151 eg\u00e9szs\u00e9g\u00fcgyi szolg\u00e1ltat\u00e1sok"},"content":{"rendered":"\t\t<div data-elementor-type=\"wp-page\" data-elementor-id=\"1144\" class=\"elementor elementor-1144\">\n\t\t\t\t\t\t<section class=\"elementor-section elementor-top-section elementor-element elementor-element-fb7360e elementor-section-boxed elementor-section-height-default elementor-section-height-default wpr-particle-no wpr-jarallax-no wpr-parallax-no wpr-sticky-section-no\" data-id=\"fb7360e\" data-element_type=\"section\" data-e-type=\"section\">\n\t\t\t\t\t\t<div class=\"elementor-container elementor-column-gap-default\">\n\t\t\t\t\t<div class=\"elementor-column elementor-col-100 elementor-top-column elementor-element elementor-element-60d77e6\" data-id=\"60d77e6\" data-element_type=\"column\" data-e-type=\"column\">\n\t\t\t<div class=\"elementor-widget-wrap elementor-element-populated\">\n\t\t\t\t\t\t<div class=\"elementor-element elementor-element-12230d1 elementor-widget elementor-widget-text-editor\" data-id=\"12230d1\" data-element_type=\"widget\" data-e-type=\"widget\" data-widget_type=\"text-editor.default\">\n\t\t\t\t<div class=\"elementor-widget-container\">\n\t\t\t\t\t\t\t\t\t<p>A gy\u00f3gytorna \u00e9s a dietetika mellett egy \u00faj ingyenes kieg\u00e9sz\u00edt\u0151 szolg\u00e1ltat\u00e1s indul a Peterdy utca 16-ban.<br \/>Mozg\u00e1skoordin\u00e1ci\u00f3t jav\u00edt\u00f3 t\u00e1nc\u00f3r\u00e1k Brigivel<br \/>1071 Budapest, Peterdy utca 16. VI. emelet, szerd\u00e1nk\u00e9nt 13:30 \u2013 14:30<br \/>Bejelentkez\u00e9s: telefonon a +3630-871-1027 sz\u00e1mon vagy a\u00a0nondoktor@bjhuman.hu\u00a0e-mail c\u00edmen.<\/p>\t\t\t\t\t\t\t\t<\/div>\n\t\t\t\t<\/div>\n\t\t\t\t\t<\/div>\n\t\t<\/div>\n\t\t\t\t\t<\/div>\n\t\t<\/section>\n\t\t\t\t<section class=\"elementor-section elementor-top-section elementor-element elementor-element-cb1476b elementor-section-boxed elementor-section-height-default elementor-section-height-default wpr-particle-no wpr-jarallax-no wpr-parallax-no wpr-sticky-section-no\" data-id=\"cb1476b\" data-element_type=\"section\" data-e-type=\"section\">\n\t\t\t\t\t\t<div class=\"elementor-container elementor-column-gap-default\">\n\t\t\t\t\t<div class=\"elementor-column elementor-col-100 elementor-top-column elementor-element elementor-element-faf864c\" data-id=\"faf864c\" data-element_type=\"column\" data-e-type=\"column\">\n\t\t\t<div class=\"elementor-widget-wrap elementor-element-populated\">\n\t\t\t\t\t\t<div class=\"elementor-element elementor-element-ff0c5f6 elementor-widget elementor-widget-image\" data-id=\"ff0c5f6\" data-element_type=\"widget\" data-e-type=\"widget\" data-widget_type=\"image.default\">\n\t\t\t\t<div class=\"elementor-widget-container\">\n\t\t\t\t\t\t\t\t\t\t\t\t\t\t\t<img fetchpriority=\"high\" decoding=\"async\" width=\"1024\" height=\"858\" src=\"https:\/\/bjhuman.hu\/wp-content\/uploads\/2023\/11\/gyogytorna-orarend-04_17_-1050-1024x858.png\" class=\"attachment-large size-large wp-image-4416\" alt=\"\" srcset=\"https:\/\/bjhuman.hu\/wp-content\/uploads\/2023\/11\/gyogytorna-orarend-04_17_-1050-1024x858.png 1024w, https:\/\/bjhuman.hu\/wp-content\/uploads\/2023\/11\/gyogytorna-orarend-04_17_-1050-300x251.png 300w, https:\/\/bjhuman.hu\/wp-content\/uploads\/2023\/11\/gyogytorna-orarend-04_17_-1050-768x644.png 768w, https:\/\/bjhuman.hu\/wp-content\/uploads\/2023\/11\/gyogytorna-orarend-04_17_-1050-1200x1006.png 1200w, https:\/\/bjhuman.hu\/wp-content\/uploads\/2023\/11\/gyogytorna-orarend-04_17_-1050.png 1410w\" sizes=\"(max-width: 709px) 85vw, (max-width: 909px) 67vw, (max-width: 1362px) 62vw, 840px\" \/>\t\t\t\t\t\t\t\t\t\t\t\t\t\t\t<\/div>\n\t\t\t\t<\/div>\n\t\t\t\t\t<\/div>\n\t\t<\/div>\n\t\t\t\t\t<\/div>\n\t\t<\/section>\n\t\t\t\t<section class=\"elementor-section elementor-top-section elementor-element elementor-element-2a6a180 elementor-section-boxed elementor-section-height-default elementor-section-height-default wpr-particle-no wpr-jarallax-no wpr-parallax-no wpr-sticky-section-no\" data-id=\"2a6a180\" data-element_type=\"section\" data-e-type=\"section\">\n\t\t\t\t\t\t<div class=\"elementor-container elementor-column-gap-default\">\n\t\t\t\t\t<div class=\"elementor-column elementor-col-100 elementor-top-column elementor-element elementor-element-4c0aaea\" data-id=\"4c0aaea\" data-element_type=\"column\" data-e-type=\"column\">\n\t\t\t<div class=\"elementor-widget-wrap elementor-element-populated\">\n\t\t\t\t\t\t<div class=\"elementor-element elementor-element-5bd59d3 elementor-widget elementor-widget-image\" data-id=\"5bd59d3\" data-element_type=\"widget\" data-e-type=\"widget\" data-widget_type=\"image.default\">\n\t\t\t\t<div class=\"elementor-widget-container\">\n\t\t\t\t\t\t\t\t\t\t\t\t\t\t\t<img decoding=\"async\" width=\"1024\" height=\"858\" src=\"https:\/\/bjhuman.hu\/wp-content\/uploads\/2023\/11\/dietetika-04_-17-1051-1024x858.png\" class=\"attachment-large size-large wp-image-4417\" alt=\"\" srcset=\"https:\/\/bjhuman.hu\/wp-content\/uploads\/2023\/11\/dietetika-04_-17-1051-1024x858.png 1024w, https:\/\/bjhuman.hu\/wp-content\/uploads\/2023\/11\/dietetika-04_-17-1051-300x251.png 300w, https:\/\/bjhuman.hu\/wp-content\/uploads\/2023\/11\/dietetika-04_-17-1051-768x644.png 768w, https:\/\/bjhuman.hu\/wp-content\/uploads\/2023\/11\/dietetika-04_-17-1051-1200x1006.png 1200w, https:\/\/bjhuman.hu\/wp-content\/uploads\/2023\/11\/dietetika-04_-17-1051.png 1414w\" sizes=\"(max-width: 709px) 85vw, (max-width: 909px) 67vw, (max-width: 1362px) 62vw, 840px\" \/>\t\t\t\t\t\t\t\t\t\t\t\t\t\t\t<\/div>\n\t\t\t\t<\/div>\n\t\t\t\t\t<\/div>\n\t\t<\/div>\n\t\t\t\t\t<\/div>\n\t\t<\/section>\n\t\t\t\t<\/div>\n\t\t","protected":false},"excerpt":{"rendered":"<p>A gy\u00f3gytorna \u00e9s a dietetika mellett egy \u00faj ingyenes kieg\u00e9sz\u00edt\u0151 szolg\u00e1ltat\u00e1s indul a Peterdy utca 16-ban.Mozg\u00e1skoordin\u00e1ci\u00f3t jav\u00edt\u00f3 t\u00e1nc\u00f3r\u00e1k Brigivel1071 Budapest, Peterdy utca 16. VI. emelet, szerd\u00e1nk\u00e9nt 13:30 \u2013 14:30Bejelentkez\u00e9s: telefonon a +3630-871-1027 sz\u00e1mon vagy a\u00a0nondoktor@bjhuman.hu\u00a0e-mail c\u00edmen.<\/p>\n","protected":false},"author":2,"featured_media":0,"parent":0,"menu_order":0,"comment_status":"closed","ping_status":"closed","template":"","meta":{"footnotes":""},"class_list":["post-1144","page","type-page","status-publish","hentry"],"rttpg_featured_image_url":null,"rttpg_author":{"display_name":"krisztina","author_link":"https:\/\/bjhuman.hu\/index.php\/author\/krisztina\/"},"rttpg_comment":0,"rttpg_category":null,"rttpg_excerpt":"A gy\u00f3gytorna \u00e9s a dietetika mellett egy \u00faj ingyenes kieg\u00e9sz\u00edt\u0151 szolg\u00e1ltat\u00e1s indul a Peterdy utca 16-ban.Mozg\u00e1skoordin\u00e1ci\u00f3t jav\u00edt\u00f3 t\u00e1nc\u00f3r\u00e1k Brigivel1071 Budapest, Peterdy utca 16. VI. emelet, szerd\u00e1nk\u00e9nt 13:30 \u2013 14:30Bejelentkez\u00e9s: telefonon a +3630-871-1027 sz\u00e1mon vagy a\u00a0nondoktor@bjhuman.hu\u00a0e-mail c\u00edmen.","_links":{"self":[{"href":"https:\/\/bjhuman.hu\/index.php\/wp-json\/wp\/v2\/pages\/1144","targetHints":{"allow":["GET"]}}],"collection":[{"href":"https:\/\/bjhuman.hu\/index.php\/wp-json\/wp\/v2\/pages"}],"about":[{"href":"https:\/\/bjhuman.hu\/index.php\/wp-json\/wp\/v2\/types\/page"}],"author":[{"embeddable":true,"href":"https:\/\/bjhuman.hu\/index.php\/wp-json\/wp\/v2\/users\/2"}],"replies":[{"embeddable":true,"href":"https:\/\/bjhuman.hu\/index.php\/wp-json\/wp\/v2\/comments?post=1144"}],"version-history":[{"count":10,"href":"https:\/\/bjhuman.hu\/index.php\/wp-json\/wp\/v2\/pages\/1144\/revisions"}],"predecessor-version":[{"id":4420,"href":"https:\/\/bjhuman.hu\/index.php\/wp-json\/wp\/v2\/pages\/1144\/revisions\/4420"}],"wp:attachment":[{"href":"https:\/\/bjhuman.hu\/index.php\/wp-json\/wp\/v2\/media?parent=1144"}],"curies":[{"name":"wp","href":"https:\/\/api.w.org\/{rel}","templated":true}]}}