{"id":1117,"date":"2023-08-10T13:46:06","date_gmt":"2023-08-10T11:46:06","guid":{"rendered":"https:\/\/dev.bjhuman.hu\/?page_id=1117"},"modified":"2025-05-30T11:20:06","modified_gmt":"2025-05-30T09:20:06","slug":"felnott-fogaszat","status":"publish","type":"page","link":"https:\/\/bjhuman.hu\/index.php\/felnott-fogaszat\/","title":{"rendered":"Feln\u0151tt fog\u00e1szat"},"content":{"rendered":"\t\t<div data-elementor-type=\"wp-page\" data-elementor-id=\"1117\" class=\"elementor elementor-1117\">\n\t\t\t\t\t\t<section class=\"elementor-section elementor-top-section elementor-element elementor-element-d3d06c3 elementor-section-boxed elementor-section-height-default elementor-section-height-default wpr-particle-no wpr-jarallax-no wpr-parallax-no wpr-sticky-section-no\" data-id=\"d3d06c3\" data-element_type=\"section\" data-e-type=\"section\">\n\t\t\t\t\t\t<div class=\"elementor-container elementor-column-gap-default\">\n\t\t\t\t\t<div class=\"elementor-column elementor-col-100 elementor-top-column elementor-element elementor-element-82b69dc\" data-id=\"82b69dc\" data-element_type=\"column\" data-e-type=\"column\">\n\t\t\t<div class=\"elementor-widget-wrap elementor-element-populated\">\n\t\t\t\t\t\t<div class=\"elementor-element elementor-element-4cf6600 elementor-widget elementor-widget-text-editor\" data-id=\"4cf6600\" data-element_type=\"widget\" data-e-type=\"widget\" data-widget_type=\"text-editor.default\">\n\t\t\t\t<div class=\"elementor-widget-container\">\n\t\t\t\t\t\t\t\t\t<p><a href=\"https:\/\/bjhuman.hu\/index.php\/tajekoztato-magyar-nyelvet-nem-beszelo-betegek-ellatasarol\/\" target=\"_blank\" rel=\"noopener\"><strong>T\u00e1j\u00e9koztat\u00f3 magyar nyelvet nem besz\u00e9l\u0151 betegek ell\u00e1t\u00e1s\u00e1r\u00f3l \/ Treatment Protocol for Non-Hungarian Speaking Patients<\/strong><\/a><\/p>\t\t\t\t\t\t\t\t<\/div>\n\t\t\t\t<\/div>\n\t\t\t\t\t<\/div>\n\t\t<\/div>\n\t\t\t\t\t<\/div>\n\t\t<\/section>\n\t\t\t\t<section class=\"elementor-section elementor-top-section elementor-element elementor-element-dd18cdf elementor-section-boxed elementor-section-height-default elementor-section-height-default wpr-particle-no wpr-jarallax-no wpr-parallax-no wpr-sticky-section-no\" data-id=\"dd18cdf\" data-element_type=\"section\" data-e-type=\"section\">\n\t\t\t\t\t\t<div class=\"elementor-container elementor-column-gap-default\">\n\t\t\t\t\t<div class=\"elementor-column elementor-col-100 elementor-top-column elementor-element elementor-element-197cd74\" data-id=\"197cd74\" data-element_type=\"column\" data-e-type=\"column\">\n\t\t\t<div class=\"elementor-widget-wrap elementor-element-populated\">\n\t\t\t\t\t\t<div class=\"elementor-element elementor-element-8702868 elementor-widget elementor-widget-text-editor\" data-id=\"8702868\" data-element_type=\"widget\" data-e-type=\"widget\" data-widget_type=\"text-editor.default\">\n\t\t\t\t<div class=\"elementor-widget-container\">\n\t\t\t\t\t\t\t\t\t<p>A feln\u0151tt eg\u00e9szs\u00e9g\u00fcgyi alapell\u00e1t\u00e1s keret\u00e9ben Erzs\u00e9betv\u00e1ros 18 \u00e9ven fel\u00fcli lakoss\u00e1ga sz\u00e1m\u00e1ra h\u00e1ziorvosi \u00e9s fog\u00e1szati ell\u00e1t\u00e1st, valamint feln\u0151ttorvosi \u00fcgyeletet biztos\u00edtunk.<\/p>\t\t\t\t\t\t\t\t<\/div>\n\t\t\t\t<\/div>\n\t\t\t\t\t<\/div>\n\t\t<\/div>\n\t\t\t\t\t<\/div>\n\t\t<\/section>\n\t\t\t\t<section class=\"elementor-section elementor-top-section elementor-element elementor-element-2f912ae elementor-section-boxed elementor-section-height-default elementor-section-height-default wpr-particle-no wpr-jarallax-no wpr-parallax-no wpr-sticky-section-no\" data-id=\"2f912ae\" data-element_type=\"section\" data-e-type=\"section\">\n\t\t\t\t\t\t<div class=\"elementor-container elementor-column-gap-default\">\n\t\t\t\t\t<div class=\"elementor-column elementor-col-100 elementor-top-column elementor-element elementor-element-d3da454\" data-id=\"d3da454\" data-element_type=\"column\" data-e-type=\"column\">\n\t\t\t<div class=\"elementor-widget-wrap elementor-element-populated\">\n\t\t\t\t\t\t<div class=\"elementor-element elementor-element-e17f1c3 wpr-advanced-accordion-icon-side-box elementor-widget elementor-widget-wpr-advanced-accordion\" data-id=\"e17f1c3\" data-element_type=\"widget\" data-e-type=\"widget\" data-settings=\"{&quot;active_item&quot;:1}\" data-widget_type=\"wpr-advanced-accordion.default\">\n\t\t\t\t<div class=\"elementor-widget-container\">\n\t\t\t\t\t\n            <div class=\"wpr-advanced-accordion\" data-accordion-type=\"accordion\" data-active-index=\"1\" data-accordion-trigger=\"click\" data-interaction-speed=\"0.4\">\n\n\t\t\t\n                \n\t\t\t\t\t<div class=\"wpr-accordion-item-wrap\">\n\t\t\t\t\t\t<button class=\"wpr-acc-button\">\n\t\t\t\t\t\t\t<span class=\"wpr-acc-item-title\">\n\t\t\t\t\t\t\t\t\t\t\t\t\t\t\t\t\t<div class=\"wpr-acc-icon-box\">\n\t\t\t\t\t\t\t\t\t\t\t\t\t\t<span class=\"wpr-title-icon\">\n\t\t\t\t\t<i aria-hidden=\"true\" class=\"fas fa-arrow-right\"><\/i>\t\t\t\t<\/span>\n\t\t\t\t\t\t\t\t\t\t\t\t<\/div>\n\t\t\t\t\t\t\t\t\n\t\t\t\t\t\t\t\t<span class=\"wpr-acc-title-text\">Milyen szolg\u00e1ltat\u00e1st ny\u00fajtunk?\t<\/span>\n\t\t\t\t\t\t\t<\/span>\n\t\t\t\t\t\t\t\t\t\t\t<span class=\"wpr-toggle-icon wpr-ti-close\"><i aria-hidden=\"true\" class=\"fas fa-plus\"><\/i><\/span>\n\t\t\t\t<span class=\"wpr-toggle-icon wpr-ti-open\"><i aria-hidden=\"true\" class=\"fas fa-minus\"><\/i><\/span>\n\t\t\t\t\t\t\t\t\t<\/button>\n\n\t\t\t\t\t\t<div class=\"wpr-acc-panel\">\n\t\t\t\t\t\t\t\t\t\t\t\t\t\t\t<div class=\"wpr-acc-panel-content\"><p>A ker\u00fcleti\u00a0<strong>feln\u0151tt fogorvosi alapell\u00e1t\u00e1s<\/strong>t mag\u00e1npraxisok keret\u00e9ben a Csengery utcai szakrendel\u0151ben t\u00edz fogorvos, k\u00e9t m\u00e1sik rendel\u0151ben egy-egy fogorvos l\u00e1tja el. A fogorvosi rendel\u0151k j\u00f3l felszereltek, az alkalmazott fog\u00e1szati alapanyagok kiv\u00e1l\u00f3 min\u0151s\u00e9g\u0171ek.<br \/>A fogorvosok a fog- \u00e9s sz\u00e1jbetegek gy\u00f3gy\u00edt\u00f3-megel\u0151z\u0151 alapell\u00e1t\u00e1s\u00e1t v\u00e9gzik, \u00e9s k\u00f6telesek ell\u00e1tni a k\u00f6rzet\u00fckben lak\u00f3 szem\u00e9lyeket. Rendel\u00e9si id\u0151ben a betegeket \u00e9rkez\u00e9si sorrendben fogadj\u00e1k, kiv\u00e9ve a s\u00fcrg\u0151s ell\u00e1t\u00e1st ig\u00e9nyl\u0151 eseteket. A fogorvosok alapell\u00e1t\u00e1s keret\u00e9ben fogorvosi sz\u0171r\u0151vizsg\u00e1latokat v\u00e9geznek, kezelik a rossz fogakat, biztos\u00edtj\u00e1k a terhes n\u0151k fogorvosi gondoz\u00e1s\u00e1t, \u00e9s g\u00f3ckutat\u00e1st v\u00e9geznek.<\/p><\/div>\n\t\t\t\t\t\t\t\t\t\t\t\t\t<\/div>\n                    <\/div>\n\n                \n\t\t\t\t\t<div class=\"wpr-accordion-item-wrap\">\n\t\t\t\t\t\t<button class=\"wpr-acc-button\">\n\t\t\t\t\t\t\t<span class=\"wpr-acc-item-title\">\n\t\t\t\t\t\t\t\t\t\t\t\t\t\t\t\t\t<div class=\"wpr-acc-icon-box\">\n\t\t\t\t\t\t\t\t\t\t\t\t\t\t<span class=\"wpr-title-icon\">\n\t\t\t\t\t<i aria-hidden=\"true\" class=\"fas fa-arrow-right\"><\/i>\t\t\t\t<\/span>\n\t\t\t\t\t\t\t\t\t\t\t\t<\/div>\n\t\t\t\t\t\t\t\t\n\t\t\t\t\t\t\t\t<span class=\"wpr-acc-title-text\">Szolg\u00e1ltat\u00e1saink ig\u00e9nybev\u00e9tel\u00e9nek m\u00f3dja \u00e9s felt\u00e9telei<\/span>\n\t\t\t\t\t\t\t<\/span>\n\t\t\t\t\t\t\t\t\t\t\t<span class=\"wpr-toggle-icon wpr-ti-close\"><i aria-hidden=\"true\" class=\"fas fa-plus\"><\/i><\/span>\n\t\t\t\t<span class=\"wpr-toggle-icon wpr-ti-open\"><i aria-hidden=\"true\" class=\"fas fa-minus\"><\/i><\/span>\n\t\t\t\t\t\t\t\t\t<\/button>\n\n\t\t\t\t\t\t<div class=\"wpr-acc-panel\">\n\t\t\t\t\t\t\t\t\t\t\t\t\t\t\t<div class=\"wpr-acc-panel-content\"><p>Az eg\u00e9szs\u00e9g\u00fcgyi alapell\u00e1t\u00e1s ig\u00e9nybev\u00e9tel\u00e9hez nem sz\u00fcks\u00e9ges beutal\u00f3. A biztos\u00edtott szem\u00e9lynek az ell\u00e1t\u00e1sok ig\u00e9nybev\u00e9tel\u00e9re val\u00f3 jogosults\u00e1g\u00e1t a TAJ-k\u00e1rtya, valamint a szem\u00e9lyazonoss\u00e1got igazol\u00f3 okm\u00e1ny (p\u00e9ld\u00e1ul szem\u00e9lyazonos\u00edt\u00f3 igazolv\u00e1ny) egyidej\u0171 bemutat\u00e1s\u00e1val kell igazolnia. A h\u00e1ziorvosi alapell\u00e1t\u00e1s ter\u00fclet\u00e9n szabad orvosv\u00e1laszt\u00e1s van, a biztos\u00edtottak szabadon v\u00e1laszthatnak h\u00e1ziorvost, azzal a megk\u00f6t\u00e9ssel, hogy az orvosnak csak a k\u00f6rzet\u00e9be tartoz\u00f3 betegeket k\u00f6teless\u00e9ge fogadni.<\/p><\/div>\n\t\t\t\t\t\t\t\t\t\t\t\t\t<\/div>\n                    <\/div>\n\n                            <\/div>\n        \t\t\t\t<\/div>\n\t\t\t\t<\/div>\n\t\t\t\t\t<\/div>\n\t\t<\/div>\n\t\t\t\t\t<\/div>\n\t\t<\/section>\n\t\t\t\t<section class=\"elementor-section elementor-top-section elementor-element elementor-element-86466f1 elementor-section-boxed elementor-section-height-default elementor-section-height-default wpr-particle-no wpr-jarallax-no wpr-parallax-no wpr-sticky-section-no\" data-id=\"86466f1\" data-element_type=\"section\" data-e-type=\"section\">\n\t\t\t\t\t\t<div class=\"elementor-container elementor-column-gap-default\">\n\t\t\t\t\t<div class=\"elementor-column elementor-col-100 elementor-top-column elementor-element elementor-element-561e334\" data-id=\"561e334\" data-element_type=\"column\" data-e-type=\"column\">\n\t\t\t<div class=\"elementor-widget-wrap elementor-element-populated\">\n\t\t\t\t\t\t<div class=\"elementor-element elementor-element-95c712b elementor-widget__width-inherit elementor-widget elementor-widget-button\" data-id=\"95c712b\" data-element_type=\"widget\" data-e-type=\"widget\" data-widget_type=\"button.default\">\n\t\t\t\t<div class=\"elementor-widget-container\">\n\t\t\t\t\t\t\t\t\t<div class=\"elementor-button-wrapper\">\n\t\t\t\t\t<a class=\"elementor-button elementor-button-link elementor-size-sm\" href=\"https:\/\/bjhuman.hu\/?page_id=2858(megnyit\u00e1s%20\u00faj%20f\u00fcl\u00f6n)\">\n\t\t\t\t\t\t<span class=\"elementor-button-content-wrapper\">\n\t\t\t\t\t\t\t\t\t<span class=\"elementor-button-text\">Feln\u0151tt fogorvosi rendel\u00e9sek<\/span>\n\t\t\t\t\t<\/span>\n\t\t\t\t\t<\/a>\n\t\t\t\t<\/div>\n\t\t\t\t\t\t\t\t<\/div>\n\t\t\t\t<\/div>\n\t\t\t\t\t<\/div>\n\t\t<\/div>\n\t\t\t\t\t<\/div>\n\t\t<\/section>\n\t\t\t\t<section class=\"elementor-section elementor-top-section elementor-element elementor-element-9b7686e elementor-section-boxed elementor-section-height-default elementor-section-height-default wpr-particle-no wpr-jarallax-no wpr-parallax-no wpr-sticky-section-no\" data-id=\"9b7686e\" data-element_type=\"section\" data-e-type=\"section\">\n\t\t\t\t\t\t<div class=\"elementor-container elementor-column-gap-default\">\n\t\t\t\t\t<div class=\"elementor-column elementor-col-100 elementor-top-column elementor-element elementor-element-2ae6449\" data-id=\"2ae6449\" data-element_type=\"column\" data-e-type=\"column\">\n\t\t\t<div class=\"elementor-widget-wrap elementor-element-populated\">\n\t\t\t\t\t\t<div class=\"elementor-element elementor-element-ab0b583 elementor-widget elementor-widget-text-editor\" data-id=\"ab0b583\" data-element_type=\"widget\" data-e-type=\"widget\" data-widget_type=\"text-editor.default\">\n\t\t\t\t<div class=\"elementor-widget-container\">\n\t\t\t\t\t\t\t\t\t<p>A ker\u00fcletben m\u0171k\u00f6d\u0151 feln\u0151tt fogorvosi rendel\u0151k:<\/p>\t\t\t\t\t\t\t\t<\/div>\n\t\t\t\t<\/div>\n\t\t\t\t\t<\/div>\n\t\t<\/div>\n\t\t\t\t\t<\/div>\n\t\t<\/section>\n\t\t\t\t<section class=\"elementor-section elementor-top-section elementor-element elementor-element-0cd70af elementor-section-boxed elementor-section-height-default elementor-section-height-default wpr-particle-no wpr-jarallax-no wpr-parallax-no wpr-sticky-section-no\" data-id=\"0cd70af\" data-element_type=\"section\" data-e-type=\"section\">\n\t\t\t\t\t\t<div class=\"elementor-container elementor-column-gap-default\">\n\t\t\t\t\t<div class=\"elementor-column elementor-col-50 elementor-top-column elementor-element elementor-element-4d8002b\" data-id=\"4d8002b\" data-element_type=\"column\" data-e-type=\"column\">\n\t\t\t<div class=\"elementor-widget-wrap elementor-element-populated\">\n\t\t\t\t\t\t<div class=\"elementor-element elementor-element-7dfb73c elementor-icon-list--layout-traditional elementor-list-item-link-full_width elementor-widget elementor-widget-icon-list\" data-id=\"7dfb73c\" data-element_type=\"widget\" data-e-type=\"widget\" data-widget_type=\"icon-list.default\">\n\t\t\t\t<div class=\"elementor-widget-container\">\n\t\t\t\t\t\t\t<ul class=\"elementor-icon-list-items\">\n\t\t\t\t\t\t\t<li class=\"elementor-icon-list-item\">\n\t\t\t\t\t\t\t\t\t\t\t<span class=\"elementor-icon-list-icon\">\n\t\t\t\t\t\t\t<i aria-hidden=\"true\" class=\"fas fa-map-marker-alt\"><\/i>\t\t\t\t\t\t<\/span>\n\t\t\t\t\t\t\t\t\t\t<span class=\"elementor-icon-list-text\">1072 Budapest, Cs\u00e1nyi u. 3. fszt. 2.<\/span>\n\t\t\t\t\t\t\t\t\t<\/li>\n\t\t\t\t\t\t\t\t<li class=\"elementor-icon-list-item\">\n\t\t\t\t\t\t\t\t\t\t\t<span class=\"elementor-icon-list-icon\">\n\t\t\t\t\t\t\t<i aria-hidden=\"true\" class=\"fas fa-phone-alt\"><\/i>\t\t\t\t\t\t<\/span>\n\t\t\t\t\t\t\t\t\t\t<span class=\"elementor-icon-list-text\">+36 1 322 3915<\/span>\n\t\t\t\t\t\t\t\t\t<\/li>\n\t\t\t\t\t\t<\/ul>\n\t\t\t\t\t\t<\/div>\n\t\t\t\t<\/div>\n\t\t\t\t\t<\/div>\n\t\t<\/div>\n\t\t\t\t<div class=\"elementor-column elementor-col-50 elementor-top-column elementor-element elementor-element-ee2f127\" data-id=\"ee2f127\" data-element_type=\"column\" data-e-type=\"column\">\n\t\t\t<div class=\"elementor-widget-wrap elementor-element-populated\">\n\t\t\t\t\t\t<div class=\"elementor-element elementor-element-fd86c8d elementor-icon-list--layout-traditional elementor-list-item-link-full_width elementor-widget elementor-widget-icon-list\" data-id=\"fd86c8d\" data-element_type=\"widget\" data-e-type=\"widget\" data-widget_type=\"icon-list.default\">\n\t\t\t\t<div class=\"elementor-widget-container\">\n\t\t\t\t\t\t\t<ul class=\"elementor-icon-list-items\">\n\t\t\t\t\t\t\t<li class=\"elementor-icon-list-item\">\n\t\t\t\t\t\t\t\t\t\t\t<a href=\"http:\/\/dev.bjhuman.hu\/?page_id=640\">\n\n\t\t\t\t\t\t\t\t\t\t\t\t<span class=\"elementor-icon-list-icon\">\n\t\t\t\t\t\t\t<i aria-hidden=\"true\" class=\"fas fa-map-marker-alt\"><\/i>\t\t\t\t\t\t<\/span>\n\t\t\t\t\t\t\t\t\t\t<span class=\"elementor-icon-list-text\">1074 Budapest, Csengery u. 25.<\/span>\n\t\t\t\t\t\t\t\t\t\t\t<\/a>\n\t\t\t\t\t\t\t\t\t<\/li>\n\t\t\t\t\t\t\t\t<li class=\"elementor-icon-list-item\">\n\t\t\t\t\t\t\t\t\t\t\t<a href=\"http:\/\/dev.bjhuman.hu\/?page_id=640\">\n\n\t\t\t\t\t\t\t\t\t\t\t\t<span class=\"elementor-icon-list-icon\">\n\t\t\t\t\t\t\t<i aria-hidden=\"true\" class=\"fas fa-phone-alt\"><\/i>\t\t\t\t\t\t<\/span>\n\t\t\t\t\t\t\t\t\t\t<span class=\"elementor-icon-list-text\">+36 1 321 2200 (6-os mell\u00e9k)<\/span>\n\t\t\t\t\t\t\t\t\t\t\t<\/a>\n\t\t\t\t\t\t\t\t\t<\/li>\n\t\t\t\t\t\t<\/ul>\n\t\t\t\t\t\t<\/div>\n\t\t\t\t<\/div>\n\t\t\t\t\t<\/div>\n\t\t<\/div>\n\t\t\t\t\t<\/div>\n\t\t<\/section>\n\t\t\t\t<section class=\"elementor-section elementor-top-section elementor-element elementor-element-4065ea9 elementor-section-boxed elementor-section-height-default elementor-section-height-default wpr-particle-no wpr-jarallax-no wpr-parallax-no wpr-sticky-section-no\" data-id=\"4065ea9\" data-element_type=\"section\" data-e-type=\"section\">\n\t\t\t\t\t\t<div class=\"elementor-container elementor-column-gap-default\">\n\t\t\t\t\t<div class=\"elementor-column elementor-col-50 elementor-top-column elementor-element elementor-element-1a8b57c\" data-id=\"1a8b57c\" data-element_type=\"column\" data-e-type=\"column\">\n\t\t\t<div class=\"elementor-widget-wrap elementor-element-populated\">\n\t\t\t\t\t\t<div class=\"elementor-element elementor-element-ecc12fe elementor-widget elementor-widget-google_maps\" data-id=\"ecc12fe\" data-element_type=\"widget\" data-e-type=\"widget\" data-widget_type=\"google_maps.default\">\n\t\t\t\t<div class=\"elementor-widget-container\">\n\t\t\t\t\t\t\t<div class=\"elementor-custom-embed\">\n\t\t\t<iframe loading=\"lazy\"\n\t\t\t\t\tsrc=\"https:\/\/maps.google.com\/maps?q=1072%20Budapest%2C%20Cs%C3%A1nyi%20u.%203.%20fszt.%202.&#038;t=m&#038;z=16&#038;output=embed&#038;iwloc=near\"\n\t\t\t\t\ttitle=\"1072 Budapest, Cs\u00e1nyi u. 3. fszt. 2.\"\n\t\t\t\t\taria-label=\"1072 Budapest, Cs\u00e1nyi u. 3. fszt. 2.\"\n\t\t\t><\/iframe>\n\t\t<\/div>\n\t\t\t\t\t\t<\/div>\n\t\t\t\t<\/div>\n\t\t\t\t\t<\/div>\n\t\t<\/div>\n\t\t\t\t<div class=\"elementor-column elementor-col-50 elementor-top-column elementor-element elementor-element-9cf6610\" data-id=\"9cf6610\" data-element_type=\"column\" data-e-type=\"column\">\n\t\t\t<div class=\"elementor-widget-wrap elementor-element-populated\">\n\t\t\t\t\t\t<div class=\"elementor-element elementor-element-38f90bb elementor-widget elementor-widget-google_maps\" data-id=\"38f90bb\" data-element_type=\"widget\" data-e-type=\"widget\" data-widget_type=\"google_maps.default\">\n\t\t\t\t<div class=\"elementor-widget-container\">\n\t\t\t\t\t\t\t<div class=\"elementor-custom-embed\">\n\t\t\t<iframe loading=\"lazy\"\n\t\t\t\t\tsrc=\"https:\/\/maps.google.com\/maps?q=1074%20Budapest%2C%20Csengery%20u.%2025.&#038;t=m&#038;z=16&#038;output=embed&#038;iwloc=near\"\n\t\t\t\t\ttitle=\"1074 Budapest, Csengery u. 25.\"\n\t\t\t\t\taria-label=\"1074 Budapest, Csengery u. 25.\"\n\t\t\t><\/iframe>\n\t\t<\/div>\n\t\t\t\t\t\t<\/div>\n\t\t\t\t<\/div>\n\t\t\t\t\t<\/div>\n\t\t<\/div>\n\t\t\t\t\t<\/div>\n\t\t<\/section>\n\t\t\t\t<\/div>\n\t\t","protected":false},"excerpt":{"rendered":"<p>T\u00e1j\u00e9koztat\u00f3 magyar nyelvet nem besz\u00e9l\u0151 betegek ell\u00e1t\u00e1s\u00e1r\u00f3l \/ Treatment Protocol for Non-Hungarian Speaking Patients A feln\u0151tt eg\u00e9szs\u00e9g\u00fcgyi alapell\u00e1t\u00e1s keret\u00e9ben Erzs\u00e9betv\u00e1ros 18 \u00e9ven fel\u00fcli lakoss\u00e1ga sz\u00e1m\u00e1ra h\u00e1ziorvosi \u00e9s fog\u00e1szati ell\u00e1t\u00e1st, valamint feln\u0151ttorvosi \u00fcgyeletet biztos\u00edtunk. Milyen szolg\u00e1ltat\u00e1st ny\u00fajtunk? A ker\u00fcleti\u00a0feln\u0151tt fogorvosi alapell\u00e1t\u00e1st mag\u00e1npraxisok keret\u00e9ben a Csengery utcai szakrendel\u0151ben t\u00edz fogorvos, k\u00e9t m\u00e1sik rendel\u0151ben egy-egy fogorvos l\u00e1tja el. A fogorvosi rendel\u0151k j\u00f3l felszereltek, az alkalmazott fog\u00e1szati alapanyagok kiv\u00e1l\u00f3 min\u0151s\u00e9g\u0171ek.A fogorvosok a fog- \u00e9s sz\u00e1jbetegek gy\u00f3gy\u00edt\u00f3-megel\u0151z\u0151 alapell\u00e1t\u00e1s\u00e1t v\u00e9gzik, \u00e9s k\u00f6telesek ell\u00e1tni a k\u00f6rzet\u00fckben lak\u00f3 szem\u00e9lyeket. Rendel\u00e9si id\u0151ben a betegeket \u00e9rkez\u00e9si sorrendben fogadj\u00e1k, kiv\u00e9ve a s\u00fcrg\u0151s ell\u00e1t\u00e1st ig\u00e9nyl\u0151 eseteket. A fogorvosok alapell\u00e1t\u00e1s keret\u00e9ben fogorvosi sz\u0171r\u0151vizsg\u00e1latokat v\u00e9geznek, kezelik a rossz fogakat, biztos\u00edtj\u00e1k a terhes n\u0151k fogorvosi gondoz\u00e1s\u00e1t, \u00e9s g\u00f3ckutat\u00e1st v\u00e9geznek. Szolg\u00e1ltat\u00e1saink ig\u00e9nybev\u00e9tel\u00e9nek m\u00f3dja \u00e9s felt\u00e9telei Az eg\u00e9szs\u00e9g\u00fcgyi alapell\u00e1t\u00e1s ig\u00e9nybev\u00e9tel\u00e9hez nem sz\u00fcks\u00e9ges beutal\u00f3. A biztos\u00edtott szem\u00e9lynek az ell\u00e1t\u00e1sok ig\u00e9nybev\u00e9tel\u00e9re val\u00f3 jogosults\u00e1g\u00e1t a TAJ-k\u00e1rtya, valamint a szem\u00e9lyazonoss\u00e1got igazol\u00f3 okm\u00e1ny (p\u00e9ld\u00e1ul szem\u00e9lyazonos\u00edt\u00f3 igazolv\u00e1ny) egyidej\u0171 bemutat\u00e1s\u00e1val kell igazolnia. A h\u00e1ziorvosi alapell\u00e1t\u00e1s ter\u00fclet\u00e9n szabad orvosv\u00e1laszt\u00e1s van, a biztos\u00edtottak szabadon v\u00e1laszthatnak h\u00e1ziorvost, azzal a megk\u00f6t\u00e9ssel, hogy az orvosnak csak a k\u00f6rzet\u00e9be tartoz\u00f3 betegeket k\u00f6teless\u00e9ge fogadni. Feln\u0151tt fogorvosi rendel\u00e9sek A ker\u00fcletben m\u0171k\u00f6d\u0151 feln\u0151tt fogorvosi rendel\u0151k: 1072 Budapest, Cs\u00e1nyi u. 3. fszt. 2. +36 1 322 3915 1074 Budapest, Csengery u. 25. +36 1 321 2200 (6-os mell\u00e9k)<\/p>\n","protected":false},"author":2,"featured_media":0,"parent":0,"menu_order":0,"comment_status":"closed","ping_status":"closed","template":"","meta":{"footnotes":""},"class_list":["post-1117","page","type-page","status-publish","hentry"],"rttpg_featured_image_url":null,"rttpg_author":{"display_name":"krisztina","author_link":"https:\/\/bjhuman.hu\/index.php\/author\/krisztina\/"},"rttpg_comment":0,"rttpg_category":null,"rttpg_excerpt":"T\u00e1j\u00e9koztat\u00f3 magyar nyelvet nem besz\u00e9l\u0151 betegek ell\u00e1t\u00e1s\u00e1r\u00f3l \/ Treatment Protocol for Non-Hungarian Speaking Patients A feln\u0151tt eg\u00e9szs\u00e9g\u00fcgyi alapell\u00e1t\u00e1s keret\u00e9ben Erzs\u00e9betv\u00e1ros 18 \u00e9ven fel\u00fcli lakoss\u00e1ga sz\u00e1m\u00e1ra h\u00e1ziorvosi \u00e9s fog\u00e1szati ell\u00e1t\u00e1st, valamint feln\u0151ttorvosi \u00fcgyeletet biztos\u00edtunk. Milyen szolg\u00e1ltat\u00e1st ny\u00fajtunk? A ker\u00fcleti\u00a0feln\u0151tt fogorvosi alapell\u00e1t\u00e1st mag\u00e1npraxisok keret\u00e9ben a Csengery utcai szakrendel\u0151ben t\u00edz fogorvos, k\u00e9t m\u00e1sik rendel\u0151ben egy-egy fogorvos l\u00e1tja el.&hellip;","_links":{"self":[{"href":"https:\/\/bjhuman.hu\/index.php\/wp-json\/wp\/v2\/pages\/1117","targetHints":{"allow":["GET"]}}],"collection":[{"href":"https:\/\/bjhuman.hu\/index.php\/wp-json\/wp\/v2\/pages"}],"about":[{"href":"https:\/\/bjhuman.hu\/index.php\/wp-json\/wp\/v2\/types\/page"}],"author":[{"embeddable":true,"href":"https:\/\/bjhuman.hu\/index.php\/wp-json\/wp\/v2\/users\/2"}],"replies":[{"embeddable":true,"href":"https:\/\/bjhuman.hu\/index.php\/wp-json\/wp\/v2\/comments?post=1117"}],"version-history":[{"count":49,"href":"https:\/\/bjhuman.hu\/index.php\/wp-json\/wp\/v2\/pages\/1117\/revisions"}],"predecessor-version":[{"id":11663,"href":"https:\/\/bjhuman.hu\/index.php\/wp-json\/wp\/v2\/pages\/1117\/revisions\/11663"}],"wp:attachment":[{"href":"https:\/\/bjhuman.hu\/index.php\/wp-json\/wp\/v2\/media?parent=1117"}],"curies":[{"name":"wp","href":"https:\/\/api.w.org\/{rel}","templated":true}]}}