{"id":1112,"date":"2023-08-10T13:06:34","date_gmt":"2023-08-10T11:06:34","guid":{"rendered":"https:\/\/dev.bjhuman.hu\/?page_id=1112"},"modified":"2024-05-03T08:45:57","modified_gmt":"2024-05-03T06:45:57","slug":"ebedbefizetes-2","status":"publish","type":"page","link":"https:\/\/bjhuman.hu\/index.php\/ebedbefizetes-2\/","title":{"rendered":"K\u00f6z\u00e9tkeztet\u00e9s"},"content":{"rendered":"\t\t<div data-elementor-type=\"wp-page\" data-elementor-id=\"1112\" class=\"elementor elementor-1112\">\n\t\t\t\t\t\t<section class=\"elementor-section elementor-top-section elementor-element elementor-element-0138871 elementor-section-boxed elementor-section-height-default elementor-section-height-default wpr-particle-no wpr-jarallax-no wpr-parallax-no wpr-sticky-section-no\" data-id=\"0138871\" data-element_type=\"section\" data-e-type=\"section\">\n\t\t\t\t\t\t<div class=\"elementor-container elementor-column-gap-default\">\n\t\t\t\t\t<div class=\"elementor-column elementor-col-100 elementor-top-column elementor-element elementor-element-e9c583e\" data-id=\"e9c583e\" data-element_type=\"column\" data-e-type=\"column\">\n\t\t\t<div class=\"elementor-widget-wrap elementor-element-populated\">\n\t\t\t\t\t\t<div class=\"elementor-element elementor-element-0e9e7fc elementor-widget elementor-widget-text-editor\" data-id=\"0e9e7fc\" data-element_type=\"widget\" data-e-type=\"widget\" data-widget_type=\"text-editor.default\">\n\t\t\t\t<div class=\"elementor-widget-container\">\n\t\t\t\t\t\t\t\t\t<p>Csoportunk a Hum\u00e1n Szolg\u00e1ltat\u00f3 t\u00e9r\u00edt\u00e9st ig\u00e9nyl\u0151 szolg\u00e1ltat\u00e1si d\u00edj\u00e1nak beszed\u00e9s\u00e9vel foglalkozik.<\/p>\t\t\t\t\t\t\t\t<\/div>\n\t\t\t\t<\/div>\n\t\t\t\t\t<\/div>\n\t\t<\/div>\n\t\t\t\t\t<\/div>\n\t\t<\/section>\n\t\t\t\t<section class=\"elementor-section elementor-top-section elementor-element elementor-element-02cea8c elementor-section-boxed elementor-section-height-default elementor-section-height-default wpr-particle-no wpr-jarallax-no wpr-parallax-no wpr-sticky-section-no\" data-id=\"02cea8c\" data-element_type=\"section\" data-e-type=\"section\">\n\t\t\t\t\t\t<div class=\"elementor-container elementor-column-gap-default\">\n\t\t\t\t\t<div class=\"elementor-column elementor-col-100 elementor-top-column elementor-element elementor-element-76e3fe5\" data-id=\"76e3fe5\" data-element_type=\"column\" data-e-type=\"column\">\n\t\t\t<div class=\"elementor-widget-wrap elementor-element-populated\">\n\t\t\t\t\t\t<div class=\"elementor-element elementor-element-805965e wpr-advanced-accordion-icon-side-box elementor-widget elementor-widget-wpr-advanced-accordion\" data-id=\"805965e\" data-element_type=\"widget\" data-e-type=\"widget\" data-settings=\"{&quot;active_item&quot;:1}\" data-widget_type=\"wpr-advanced-accordion.default\">\n\t\t\t\t<div class=\"elementor-widget-container\">\n\t\t\t\t\t\n            <div class=\"wpr-advanced-accordion\" data-accordion-type=\"accordion\" data-active-index=\"1\" data-accordion-trigger=\"click\" data-interaction-speed=\"0.4\">\n\n\t\t\t\n                \n\t\t\t\t\t<div class=\"wpr-accordion-item-wrap\">\n\t\t\t\t\t\t<button class=\"wpr-acc-button\">\n\t\t\t\t\t\t\t<span class=\"wpr-acc-item-title\">\n\t\t\t\t\t\t\t\t\t\t\t\t\t\t\t\t\t<div class=\"wpr-acc-icon-box\">\n\t\t\t\t\t\t\t\t\t\t\t\t\t\t<span class=\"wpr-title-icon\">\n\t\t\t\t\t<i aria-hidden=\"true\" class=\"fas fa-arrow-right\"><\/i>\t\t\t\t<\/span>\n\t\t\t\t\t\t\t\t\t\t\t\t<\/div>\n\t\t\t\t\t\t\t\t\n\t\t\t\t\t\t\t\t<span class=\"wpr-acc-title-text\">Szolg\u00e1ltat\u00e1saink ig\u00e9nybev\u00e9tel\u00e9nek m\u00f3dja \u00e9s felt\u00e9telei<\/span>\n\t\t\t\t\t\t\t<\/span>\n\t\t\t\t\t\t\t\t\t\t\t<span class=\"wpr-toggle-icon wpr-ti-close\"><i aria-hidden=\"true\" class=\"fas fa-plus\"><\/i><\/span>\n\t\t\t\t<span class=\"wpr-toggle-icon wpr-ti-open\"><i aria-hidden=\"true\" class=\"fas fa-minus\"><\/i><\/span>\n\t\t\t\t\t\t\t\t\t<\/button>\n\n\t\t\t\t\t\t<div class=\"wpr-acc-panel\">\n\t\t\t\t\t\t\t\t\t\t\t\t\t\t\t<div class=\"wpr-acc-panel-content\"><ul><li>A gyermekj\u00f3l\u00e9ti szolg\u00e1ltat\u00e1sokon bel\u00fcl az iskolai \u00e9tkeztet\u00e9s megrendel\u00e9s\u00e9t, valamint az \u00e9tkez\u00e9s befizet\u00e9s\u00e9t biztos\u00edtja mind k\u00e9szp\u00e9nzben t\u00f6rt\u00e9n\u0151 fizet\u00e9s, mind \u00e1tutal\u00e1ssal t\u00f6rt\u00e9n\u0151 fizet\u00e9s \u00fatj\u00e1n.<\/li><li>A szoci\u00e1lis alapell\u00e1t\u00e1s keret\u00e9n bel\u00fcl az Hum\u00e1n Szolg\u00e1ltat\u00f3 mindk\u00e9t bentlak\u00e1sos int\u00e9zm\u00e9ny\u00e9ben a t\u00e9r\u00edt\u00e9si d\u00edjak beszed\u00e9se, az ell\u00e1tottak let\u00e9tj\u00e9nek kezel\u00e9se a csoport kolleg\u00e1ihoz tartoznak. A bentlak\u00e1sos t\u00e9r\u00edt\u00e9si d\u00edjak rendez\u00e9s\u00e9hez is biztos\u00edtjuk az \u00e1tutal\u00e1s lehet\u0151s\u00e9g\u00e9t.<\/li><li>A szoci\u00e1lis \u00e9tkez\u00e9s, valamint a h\u00e1zi seg\u00edts\u00e9gny\u00fajt\u00e1s, jelz\u0151rendszeres h\u00e1zi seg\u00edts\u00e9gny\u00fajt\u00e1s t\u00e9r\u00edt\u00e9si d\u00edjainak befizet\u00e9s\u00e9t k\u00e9szp\u00e9nzben a D\u00f3zsa Gy\u00f6rgy \u00fat 70. sz\u00e1m alatti telephely\u00fcnk\u00f6n az al\u00e1bbi nyitvatart\u00e1si id\u0151ben biztos\u00edtjuk.<\/li><\/ul><p>\u00c1tutal\u00e1ssal t\u00f6rt\u00e9n\u0151 fizet\u00e9s eset\u00e9n a Kapcsol\u00f3d\u00f3 f\u00e1jlok alatt tal\u00e1lhat\u00f3 nyomtatv\u00e1nyt k\u00e9rj\u00fck el\u00e9rhet\u0151s\u00e9geink egyik\u00e9re visszajuttatni.<\/p><p>A leadott nyomtatv\u00e1nyok be\u00e9rkez\u00e9se ut\u00e1n koll\u00e9g\u00e1ink az utal\u00e1shoz sz\u00fcks\u00e9ges inform\u00e1ci\u00f3kat \u00e9s a sz\u00e1mlak\u00e9pet e-mailben k\u00fcldik meg az ell\u00e1tottak r\u00e9sz\u00e9re.<\/p><\/div>\n\t\t\t\t\t\t\t\t\t\t\t\t\t<\/div>\n                    <\/div>\n\n                \n\t\t\t\t\t<div class=\"wpr-accordion-item-wrap\">\n\t\t\t\t\t\t<button class=\"wpr-acc-button\">\n\t\t\t\t\t\t\t<span class=\"wpr-acc-item-title\">\n\t\t\t\t\t\t\t\t\t\t\t\t\t\t\t\t\t<div class=\"wpr-acc-icon-box\">\n\t\t\t\t\t\t\t\t\t\t\t\t\t\t<span class=\"wpr-title-icon\">\n\t\t\t\t\t<i aria-hidden=\"true\" class=\"fas fa-arrow-right\"><\/i>\t\t\t\t<\/span>\n\t\t\t\t\t\t\t\t\t\t\t\t<\/div>\n\t\t\t\t\t\t\t\t\n\t\t\t\t\t\t\t\t<span class=\"wpr-acc-title-text\">Nyitvatart\u00e1si\/ \u00fcgyf\u00e9lfogad\u00e1si rend<\/span>\n\t\t\t\t\t\t\t<\/span>\n\t\t\t\t\t\t\t\t\t\t\t<span class=\"wpr-toggle-icon wpr-ti-close\"><i aria-hidden=\"true\" class=\"fas fa-plus\"><\/i><\/span>\n\t\t\t\t<span class=\"wpr-toggle-icon wpr-ti-open\"><i aria-hidden=\"true\" class=\"fas fa-minus\"><\/i><\/span>\n\t\t\t\t\t\t\t\t\t<\/button>\n\n\t\t\t\t\t\t<div class=\"wpr-acc-panel\">\n\t\t\t\t\t\t\t\t\t\t\t\t\t\t\t<div class=\"wpr-acc-panel-content\"><p>H\u00e9tf\u0151: 07.30-16:00<\/p><p>Kedd-Szerda-Cs\u00fct\u00f6rt\u00f6k: 07.30-14:00<\/p><\/div>\n\t\t\t\t\t\t\t\t\t\t\t\t\t<\/div>\n                    <\/div>\n\n                \n\t\t\t\t\t<div class=\"wpr-accordion-item-wrap\">\n\t\t\t\t\t\t<button class=\"wpr-acc-button\">\n\t\t\t\t\t\t\t<span class=\"wpr-acc-item-title\">\n\t\t\t\t\t\t\t\t\t\t\t\t\t\t\t\t\t<div class=\"wpr-acc-icon-box\">\n\t\t\t\t\t\t\t\t\t\t\t\t\t\t<span class=\"wpr-title-icon\">\n\t\t\t\t\t<i aria-hidden=\"true\" class=\"fas fa-arrow-right\"><\/i>\t\t\t\t<\/span>\n\t\t\t\t\t\t\t\t\t\t\t\t<\/div>\n\t\t\t\t\t\t\t\t\n\t\t\t\t\t\t\t\t<span class=\"wpr-acc-title-text\">Megk\u00f6zel\u00edthet\u0151s\u00e9g<\/span>\n\t\t\t\t\t\t\t<\/span>\n\t\t\t\t\t\t\t\t\t\t\t<span class=\"wpr-toggle-icon wpr-ti-close\"><i aria-hidden=\"true\" class=\"fas fa-plus\"><\/i><\/span>\n\t\t\t\t<span class=\"wpr-toggle-icon wpr-ti-open\"><i aria-hidden=\"true\" class=\"fas fa-minus\"><\/i><\/span>\n\t\t\t\t\t\t\t\t\t<\/button>\n\n\t\t\t\t\t\t<div class=\"wpr-acc-panel\">\n\t\t\t\t\t\t\t\t\t\t\t\t\t\t\t<div class=\"wpr-acc-panel-content\"><p>30, 30A, 230 busz \u00e9s a 75, 79M trolibusz a Damjanich utca\/D\u00f3zsa Gy\u00f6rgy \u00fati meg\u00e1ll\u00f3, a m\u00e1sik ir\u00e1nyb\u00f3l a Dembinszky utca meg\u00e1ll\u00f3. 70 trolibusz Damjanich utca\/D\u00f3zsa Gy\u00f6rgy \u00fati meg\u00e1ll\u00f3 mindk\u00e9t ir\u00e1nyb\u00f3l. 74 trolibusz Dembinszky utcai meg\u00e1ll\u00f3.<\/p><p>\u00a0<\/p><\/div>\n\t\t\t\t\t\t\t\t\t\t\t\t\t<\/div>\n                    <\/div>\n\n                            <\/div>\n        \t\t\t\t<\/div>\n\t\t\t\t<\/div>\n\t\t\t\t\t<\/div>\n\t\t<\/div>\n\t\t\t\t\t<\/div>\n\t\t<\/section>\n\t\t\t\t<section class=\"elementor-section elementor-top-section elementor-element elementor-element-1f95ac9 elementor-section-boxed elementor-section-height-default elementor-section-height-default wpr-particle-no wpr-jarallax-no wpr-parallax-no wpr-sticky-section-no\" data-id=\"1f95ac9\" data-element_type=\"section\" data-e-type=\"section\">\n\t\t\t\t\t\t<div class=\"elementor-container elementor-column-gap-default\">\n\t\t\t\t\t<div class=\"elementor-column elementor-col-100 elementor-top-column elementor-element elementor-element-9831d3e\" data-id=\"9831d3e\" data-element_type=\"column\" data-e-type=\"column\">\n\t\t\t<div class=\"elementor-widget-wrap elementor-element-populated\">\n\t\t\t\t\t\t<div class=\"elementor-element elementor-element-efd246d elementor-widget elementor-widget-text-editor\" data-id=\"efd246d\" data-element_type=\"widget\" data-e-type=\"widget\" data-widget_type=\"text-editor.default\">\n\t\t\t\t<div class=\"elementor-widget-container\">\n\t\t\t\t\t\t\t\t\t<p><strong>\u00c9tkez\u00e9s lemond\u00e1sa eset\u00e9n el\u00e9rhet\u0151s\u00e9geink:<\/strong><\/p>\t\t\t\t\t\t\t\t<\/div>\n\t\t\t\t<\/div>\n\t\t\t\t\t<\/div>\n\t\t<\/div>\n\t\t\t\t\t<\/div>\n\t\t<\/section>\n\t\t\t\t<section class=\"elementor-section elementor-top-section elementor-element elementor-element-45fd263 elementor-section-boxed elementor-section-height-default elementor-section-height-default wpr-particle-no wpr-jarallax-no wpr-parallax-no wpr-sticky-section-no\" data-id=\"45fd263\" data-element_type=\"section\" data-e-type=\"section\">\n\t\t\t\t\t\t<div class=\"elementor-container elementor-column-gap-default\">\n\t\t\t\t\t<div class=\"elementor-column elementor-col-100 elementor-top-column elementor-element elementor-element-1e48e24\" data-id=\"1e48e24\" data-element_type=\"column\" data-e-type=\"column\">\n\t\t\t<div class=\"elementor-widget-wrap elementor-element-populated\">\n\t\t\t\t\t\t<div class=\"elementor-element elementor-element-8a684b7 elementor-icon-list--layout-traditional elementor-list-item-link-full_width elementor-widget elementor-widget-icon-list\" data-id=\"8a684b7\" data-element_type=\"widget\" data-e-type=\"widget\" data-widget_type=\"icon-list.default\">\n\t\t\t\t<div class=\"elementor-widget-container\">\n\t\t\t\t\t\t\t<ul class=\"elementor-icon-list-items\">\n\t\t\t\t\t\t\t<li class=\"elementor-icon-list-item\">\n\t\t\t\t\t\t\t\t\t\t\t<span class=\"elementor-icon-list-icon\">\n\t\t\t\t\t\t\t<i aria-hidden=\"true\" class=\"fas fa-phone-alt\"><\/i>\t\t\t\t\t\t<\/span>\n\t\t\t\t\t\t\t\t\t\t<span class=\"elementor-icon-list-text\">06-1-322-5084<\/span>\n\t\t\t\t\t\t\t\t\t<\/li>\n\t\t\t\t\t\t\t\t<li class=\"elementor-icon-list-item\">\n\t\t\t\t\t\t\t\t\t\t\t<span class=\"elementor-icon-list-icon\">\n\t\t\t\t\t\t\t<i aria-hidden=\"true\" class=\"fas fa-envelope\"><\/i>\t\t\t\t\t\t<\/span>\n\t\t\t\t\t\t\t\t\t\t<span class=\"elementor-icon-list-text\">etkeztetes@bjhuman.hu<\/span>\n\t\t\t\t\t\t\t\t\t<\/li>\n\t\t\t\t\t\t<\/ul>\n\t\t\t\t\t\t<\/div>\n\t\t\t\t<\/div>\n\t\t\t\t\t<\/div>\n\t\t<\/div>\n\t\t\t\t\t<\/div>\n\t\t<\/section>\n\t\t\t\t<section class=\"elementor-section elementor-top-section elementor-element elementor-element-fc767e9 elementor-section-boxed elementor-section-height-default elementor-section-height-default wpr-particle-no wpr-jarallax-no wpr-parallax-no wpr-sticky-section-no\" data-id=\"fc767e9\" data-element_type=\"section\" data-e-type=\"section\">\n\t\t\t\t\t\t<div class=\"elementor-container elementor-column-gap-default\">\n\t\t\t\t\t<div class=\"elementor-column elementor-col-100 elementor-top-column elementor-element elementor-element-48cd1c9\" data-id=\"48cd1c9\" data-element_type=\"column\" data-e-type=\"column\">\n\t\t\t<div class=\"elementor-widget-wrap elementor-element-populated\">\n\t\t\t\t\t\t<div class=\"elementor-element elementor-element-7437798 elementor-widget elementor-widget-text-editor\" data-id=\"7437798\" data-element_type=\"widget\" data-e-type=\"widget\" data-widget_type=\"text-editor.default\">\n\t\t\t\t<div class=\"elementor-widget-container\">\n\t\t\t\t\t\t\t\t\t<p><strong>Befizet\u00e9ssel, \u00e1tutal\u00e1ssal kapcsolatos k\u00e9rd\u00e9sek eset\u00e9n:<\/strong><\/p>\t\t\t\t\t\t\t\t<\/div>\n\t\t\t\t<\/div>\n\t\t\t\t\t<\/div>\n\t\t<\/div>\n\t\t\t\t\t<\/div>\n\t\t<\/section>\n\t\t\t\t<section class=\"elementor-section elementor-top-section elementor-element elementor-element-6f99a14 elementor-section-boxed elementor-section-height-default elementor-section-height-default wpr-particle-no wpr-jarallax-no wpr-parallax-no wpr-sticky-section-no\" data-id=\"6f99a14\" data-element_type=\"section\" data-e-type=\"section\">\n\t\t\t\t\t\t<div class=\"elementor-container elementor-column-gap-default\">\n\t\t\t\t\t<div class=\"elementor-column elementor-col-100 elementor-top-column elementor-element elementor-element-8e12a39\" data-id=\"8e12a39\" data-element_type=\"column\" data-e-type=\"column\">\n\t\t\t<div class=\"elementor-widget-wrap elementor-element-populated\">\n\t\t\t\t\t\t<div class=\"elementor-element elementor-element-51f5b76 elementor-icon-list--layout-traditional elementor-list-item-link-full_width elementor-widget elementor-widget-icon-list\" data-id=\"51f5b76\" data-element_type=\"widget\" data-e-type=\"widget\" data-widget_type=\"icon-list.default\">\n\t\t\t\t<div class=\"elementor-widget-container\">\n\t\t\t\t\t\t\t<ul class=\"elementor-icon-list-items\">\n\t\t\t\t\t\t\t<li class=\"elementor-icon-list-item\">\n\t\t\t\t\t\t\t\t\t\t\t<span class=\"elementor-icon-list-icon\">\n\t\t\t\t\t\t\t<i aria-hidden=\"true\" class=\"fas fa-envelope\"><\/i>\t\t\t\t\t\t<\/span>\n\t\t\t\t\t\t\t\t\t\t<span class=\"elementor-icon-list-text\">befizetes@bjhuman.hu<\/span>\n\t\t\t\t\t\t\t\t\t<\/li>\n\t\t\t\t\t\t<\/ul>\n\t\t\t\t\t\t<\/div>\n\t\t\t\t<\/div>\n\t\t\t\t\t<\/div>\n\t\t<\/div>\n\t\t\t\t\t<\/div>\n\t\t<\/section>\n\t\t\t\t<section class=\"elementor-section elementor-top-section elementor-element elementor-element-ef69491 elementor-section-boxed elementor-section-height-default elementor-section-height-default wpr-particle-no wpr-jarallax-no wpr-parallax-no wpr-sticky-section-no\" data-id=\"ef69491\" data-element_type=\"section\" data-e-type=\"section\">\n\t\t\t\t\t\t<div class=\"elementor-container elementor-column-gap-default\">\n\t\t\t\t\t<div class=\"elementor-column elementor-col-100 elementor-top-column elementor-element elementor-element-d6b8765\" data-id=\"d6b8765\" data-element_type=\"column\" data-e-type=\"column\">\n\t\t\t<div class=\"elementor-widget-wrap elementor-element-populated\">\n\t\t\t\t\t\t<div class=\"elementor-element elementor-element-a87a713 elementor-widget elementor-widget-google_maps\" data-id=\"a87a713\" data-element_type=\"widget\" data-e-type=\"widget\" data-widget_type=\"google_maps.default\">\n\t\t\t\t<div class=\"elementor-widget-container\">\n\t\t\t\t\t\t\t<div class=\"elementor-custom-embed\">\n\t\t\t<iframe loading=\"lazy\"\n\t\t\t\t\tsrc=\"https:\/\/maps.google.com\/maps?q=1071%20Budapest%2C%20D%C3%B3zsa%20Gy%C3%B6rgy%20%C3%BAt%2070.%20%28bej%C3%A1rat%20a%20Peterdy%20utca%20fel%C5%91l%29&#038;t=m&#038;z=16&#038;output=embed&#038;iwloc=near\"\n\t\t\t\t\ttitle=\"1071 Budapest, D\u00f3zsa Gy\u00f6rgy \u00fat 70. (bej\u00e1rat a Peterdy utca fel\u0151l)\"\n\t\t\t\t\taria-label=\"1071 Budapest, D\u00f3zsa Gy\u00f6rgy \u00fat 70. (bej\u00e1rat a Peterdy utca fel\u0151l)\"\n\t\t\t><\/iframe>\n\t\t<\/div>\n\t\t\t\t\t\t<\/div>\n\t\t\t\t<\/div>\n\t\t\t\t\t<\/div>\n\t\t<\/div>\n\t\t\t\t\t<\/div>\n\t\t<\/section>\n\t\t\t\t<section class=\"elementor-section elementor-top-section elementor-element elementor-element-6e7b6f4 elementor-section-boxed elementor-section-height-default elementor-section-height-default wpr-particle-no wpr-jarallax-no wpr-parallax-no wpr-sticky-section-no\" data-id=\"6e7b6f4\" data-element_type=\"section\" data-e-type=\"section\">\n\t\t\t\t\t\t<div class=\"elementor-container elementor-column-gap-default\">\n\t\t\t\t\t<div class=\"elementor-column elementor-col-33 elementor-top-column elementor-element elementor-element-c65310b\" data-id=\"c65310b\" data-element_type=\"column\" data-e-type=\"column\">\n\t\t\t<div class=\"elementor-widget-wrap elementor-element-populated\">\n\t\t\t\t\t\t<div class=\"elementor-element elementor-element-0f526ab elementor-widget__width-inherit elementor-widget elementor-widget-button\" data-id=\"0f526ab\" data-element_type=\"widget\" data-e-type=\"widget\" data-widget_type=\"button.default\">\n\t\t\t\t<div class=\"elementor-widget-container\">\n\t\t\t\t\t\t\t\t\t<div class=\"elementor-button-wrapper\">\n\t\t\t\t\t<a class=\"elementor-button elementor-button-link elementor-size-sm\" href=\"http:\/\/bjhuman.hu\/wp-content\/uploads\/2023\/09\/iskola_teritesi-dij.pdf\" target=\"_blank\">\n\t\t\t\t\t\t<span class=\"elementor-button-content-wrapper\">\n\t\t\t\t\t\t\t\t\t<span class=\"elementor-button-text\">Iskolai \u00e9tkeztet\u00e9s \u00e1tutal\u00e1ssal t\u00f6rt\u00e9n\u0151 fizet\u00e9s\u00e9hez sz\u00fcks\u00e9ges nyomtatv\u00e1ny<\/span>\n\t\t\t\t\t<\/span>\n\t\t\t\t\t<\/a>\n\t\t\t\t<\/div>\n\t\t\t\t\t\t\t\t<\/div>\n\t\t\t\t<\/div>\n\t\t\t\t\t<\/div>\n\t\t<\/div>\n\t\t\t\t<div class=\"elementor-column elementor-col-33 elementor-top-column elementor-element elementor-element-2007ee7\" data-id=\"2007ee7\" data-element_type=\"column\" data-e-type=\"column\">\n\t\t\t<div class=\"elementor-widget-wrap\">\n\t\t\t\t\t\t\t<\/div>\n\t\t<\/div>\n\t\t\t\t<div class=\"elementor-column elementor-col-33 elementor-top-column elementor-element elementor-element-ac7c588\" data-id=\"ac7c588\" data-element_type=\"column\" data-e-type=\"column\">\n\t\t\t<div class=\"elementor-widget-wrap\">\n\t\t\t\t\t\t\t<\/div>\n\t\t<\/div>\n\t\t\t\t\t<\/div>\n\t\t<\/section>\n\t\t\t\t<section class=\"elementor-section elementor-top-section elementor-element elementor-element-794d3f2 elementor-section-boxed elementor-section-height-default elementor-section-height-default wpr-particle-no wpr-jarallax-no wpr-parallax-no wpr-sticky-section-no\" data-id=\"794d3f2\" data-element_type=\"section\" data-e-type=\"section\">\n\t\t\t\t\t\t<div class=\"elementor-container elementor-column-gap-default\">\n\t\t\t\t\t<div class=\"elementor-column elementor-col-100 elementor-top-column elementor-element elementor-element-4539117\" data-id=\"4539117\" data-element_type=\"column\" data-e-type=\"column\">\n\t\t\t<div class=\"elementor-widget-wrap elementor-element-populated\">\n\t\t\t\t\t\t<div class=\"elementor-element elementor-element-58e4d2c elementor-widget__width-inherit elementor-widget elementor-widget-button\" data-id=\"58e4d2c\" data-element_type=\"widget\" data-e-type=\"widget\" data-widget_type=\"button.default\">\n\t\t\t\t<div class=\"elementor-widget-container\">\n\t\t\t\t\t\t\t\t\t<div class=\"elementor-button-wrapper\">\n\t\t\t\t\t<a class=\"elementor-button elementor-button-link elementor-size-sm\" href=\"https:\/\/bjhuman.hu\/index.php\/iskolai-etkeztetes-februari-etlap\/\">\n\t\t\t\t\t\t<span class=\"elementor-button-content-wrapper\">\n\t\t\t\t\t\t<span class=\"elementor-button-icon\">\n\t\t\t\t<i aria-hidden=\"true\" class=\"fas fa-arrow-right\"><\/i>\t\t\t<\/span>\n\t\t\t\t\t\t\t\t\t<span class=\"elementor-button-text\">Aktu\u00e1lis \u00e9tlapok<\/span>\n\t\t\t\t\t<\/span>\n\t\t\t\t\t<\/a>\n\t\t\t\t<\/div>\n\t\t\t\t\t\t\t\t<\/div>\n\t\t\t\t<\/div>\n\t\t\t\t\t<\/div>\n\t\t<\/div>\n\t\t\t\t\t<\/div>\n\t\t<\/section>\n\t\t\t\t<\/div>\n\t\t","protected":false},"excerpt":{"rendered":"<p>Csoportunk a Hum\u00e1n Szolg\u00e1ltat\u00f3 t\u00e9r\u00edt\u00e9st ig\u00e9nyl\u0151 szolg\u00e1ltat\u00e1si d\u00edj\u00e1nak beszed\u00e9s\u00e9vel foglalkozik. Szolg\u00e1ltat\u00e1saink ig\u00e9nybev\u00e9tel\u00e9nek m\u00f3dja \u00e9s felt\u00e9telei A gyermekj\u00f3l\u00e9ti szolg\u00e1ltat\u00e1sokon bel\u00fcl az iskolai \u00e9tkeztet\u00e9s megrendel\u00e9s\u00e9t, valamint az \u00e9tkez\u00e9s befizet\u00e9s\u00e9t biztos\u00edtja mind k\u00e9szp\u00e9nzben t\u00f6rt\u00e9n\u0151 fizet\u00e9s, mind \u00e1tutal\u00e1ssal t\u00f6rt\u00e9n\u0151 fizet\u00e9s \u00fatj\u00e1n. A szoci\u00e1lis alapell\u00e1t\u00e1s keret\u00e9n bel\u00fcl az Hum\u00e1n Szolg\u00e1ltat\u00f3 mindk\u00e9t bentlak\u00e1sos int\u00e9zm\u00e9ny\u00e9ben a t\u00e9r\u00edt\u00e9si d\u00edjak beszed\u00e9se, az ell\u00e1tottak let\u00e9tj\u00e9nek kezel\u00e9se a csoport kolleg\u00e1ihoz tartoznak. A bentlak\u00e1sos t\u00e9r\u00edt\u00e9si d\u00edjak rendez\u00e9s\u00e9hez is biztos\u00edtjuk az \u00e1tutal\u00e1s lehet\u0151s\u00e9g\u00e9t. A szoci\u00e1lis \u00e9tkez\u00e9s, valamint a h\u00e1zi seg\u00edts\u00e9gny\u00fajt\u00e1s, jelz\u0151rendszeres h\u00e1zi seg\u00edts\u00e9gny\u00fajt\u00e1s t\u00e9r\u00edt\u00e9si d\u00edjainak befizet\u00e9s\u00e9t k\u00e9szp\u00e9nzben a D\u00f3zsa Gy\u00f6rgy \u00fat 70. sz\u00e1m alatti telephely\u00fcnk\u00f6n az al\u00e1bbi nyitvatart\u00e1si id\u0151ben biztos\u00edtjuk. \u00c1tutal\u00e1ssal t\u00f6rt\u00e9n\u0151 fizet\u00e9s eset\u00e9n a Kapcsol\u00f3d\u00f3 f\u00e1jlok alatt tal\u00e1lhat\u00f3 nyomtatv\u00e1nyt k\u00e9rj\u00fck el\u00e9rhet\u0151s\u00e9geink egyik\u00e9re visszajuttatni. A leadott nyomtatv\u00e1nyok be\u00e9rkez\u00e9se ut\u00e1n koll\u00e9g\u00e1ink az utal\u00e1shoz sz\u00fcks\u00e9ges inform\u00e1ci\u00f3kat \u00e9s a sz\u00e1mlak\u00e9pet e-mailben k\u00fcldik meg az ell\u00e1tottak r\u00e9sz\u00e9re. Nyitvatart\u00e1si\/ \u00fcgyf\u00e9lfogad\u00e1si rend H\u00e9tf\u0151: 07.30-16:00 Kedd-Szerda-Cs\u00fct\u00f6rt\u00f6k: 07.30-14:00 Megk\u00f6zel\u00edthet\u0151s\u00e9g 30, 30A, 230 busz \u00e9s a 75, 79M trolibusz a Damjanich utca\/D\u00f3zsa Gy\u00f6rgy \u00fati meg\u00e1ll\u00f3, a m\u00e1sik ir\u00e1nyb\u00f3l a Dembinszky utca meg\u00e1ll\u00f3. 70 trolibusz Damjanich utca\/D\u00f3zsa Gy\u00f6rgy \u00fati meg\u00e1ll\u00f3 mindk\u00e9t ir\u00e1nyb\u00f3l. 74 trolibusz Dembinszky utcai meg\u00e1ll\u00f3. \u00a0 \u00c9tkez\u00e9s lemond\u00e1sa eset\u00e9n el\u00e9rhet\u0151s\u00e9geink: 06-1-322-5084 etkeztetes@bjhuman.hu Befizet\u00e9ssel, \u00e1tutal\u00e1ssal kapcsolatos k\u00e9rd\u00e9sek eset\u00e9n: befizetes@bjhuman.hu Iskolai \u00e9tkeztet\u00e9s \u00e1tutal\u00e1ssal t\u00f6rt\u00e9n\u0151 fizet\u00e9s\u00e9hez sz\u00fcks\u00e9ges nyomtatv\u00e1ny Aktu\u00e1lis \u00e9tlapok<\/p>\n","protected":false},"author":2,"featured_media":0,"parent":0,"menu_order":0,"comment_status":"closed","ping_status":"closed","template":"","meta":{"footnotes":""},"class_list":["post-1112","page","type-page","status-publish","hentry"],"rttpg_featured_image_url":null,"rttpg_author":{"display_name":"krisztina","author_link":"https:\/\/bjhuman.hu\/index.php\/author\/krisztina\/"},"rttpg_comment":0,"rttpg_category":null,"rttpg_excerpt":"Csoportunk a Hum\u00e1n Szolg\u00e1ltat\u00f3 t\u00e9r\u00edt\u00e9st ig\u00e9nyl\u0151 szolg\u00e1ltat\u00e1si d\u00edj\u00e1nak beszed\u00e9s\u00e9vel foglalkozik. Szolg\u00e1ltat\u00e1saink ig\u00e9nybev\u00e9tel\u00e9nek m\u00f3dja \u00e9s felt\u00e9telei A gyermekj\u00f3l\u00e9ti szolg\u00e1ltat\u00e1sokon bel\u00fcl az iskolai \u00e9tkeztet\u00e9s megrendel\u00e9s\u00e9t, valamint az \u00e9tkez\u00e9s befizet\u00e9s\u00e9t biztos\u00edtja mind k\u00e9szp\u00e9nzben t\u00f6rt\u00e9n\u0151 fizet\u00e9s, mind \u00e1tutal\u00e1ssal t\u00f6rt\u00e9n\u0151 fizet\u00e9s \u00fatj\u00e1n. A szoci\u00e1lis alapell\u00e1t\u00e1s keret\u00e9n bel\u00fcl az Hum\u00e1n Szolg\u00e1ltat\u00f3 mindk\u00e9t bentlak\u00e1sos int\u00e9zm\u00e9ny\u00e9ben a t\u00e9r\u00edt\u00e9si d\u00edjak beszed\u00e9se, az ell\u00e1tottak let\u00e9tj\u00e9nek&hellip;","_links":{"self":[{"href":"https:\/\/bjhuman.hu\/index.php\/wp-json\/wp\/v2\/pages\/1112","targetHints":{"allow":["GET"]}}],"collection":[{"href":"https:\/\/bjhuman.hu\/index.php\/wp-json\/wp\/v2\/pages"}],"about":[{"href":"https:\/\/bjhuman.hu\/index.php\/wp-json\/wp\/v2\/types\/page"}],"author":[{"embeddable":true,"href":"https:\/\/bjhuman.hu\/index.php\/wp-json\/wp\/v2\/users\/2"}],"replies":[{"embeddable":true,"href":"https:\/\/bjhuman.hu\/index.php\/wp-json\/wp\/v2\/comments?post=1112"}],"version-history":[{"count":26,"href":"https:\/\/bjhuman.hu\/index.php\/wp-json\/wp\/v2\/pages\/1112\/revisions"}],"predecessor-version":[{"id":5600,"href":"https:\/\/bjhuman.hu\/index.php\/wp-json\/wp\/v2\/pages\/1112\/revisions\/5600"}],"wp:attachment":[{"href":"https:\/\/bjhuman.hu\/index.php\/wp-json\/wp\/v2\/media?parent=1112"}],"curies":[{"name":"wp","href":"https:\/\/api.w.org\/{rel}","templated":true}]}}