{"id":1105,"date":"2023-08-10T12:54:50","date_gmt":"2023-08-10T10:54:50","guid":{"rendered":"https:\/\/dev.bjhuman.hu\/?page_id=1105"},"modified":"2024-04-26T09:30:53","modified_gmt":"2024-04-26T07:30:53","slug":"varazsdoboz-fejleszto-kozpont-es-jatszohaz","status":"publish","type":"page","link":"https:\/\/bjhuman.hu\/index.php\/varazsdoboz-fejleszto-kozpont-es-jatszohaz\/","title":{"rendered":"Var\u00e1zsdoboz Fejleszt\u0151 k\u00f6zpont \u00e9s J\u00e1tsz\u00f3h\u00e1z"},"content":{"rendered":"\t\t<div data-elementor-type=\"wp-page\" data-elementor-id=\"1105\" class=\"elementor elementor-1105\">\n\t\t\t\t\t\t<section class=\"elementor-section elementor-top-section elementor-element elementor-element-c0110e3 elementor-section-boxed elementor-section-height-default elementor-section-height-default wpr-particle-no wpr-jarallax-no wpr-parallax-no wpr-sticky-section-no wpr-column-slider-no wpr-equal-height-no\" data-id=\"c0110e3\" data-element_type=\"section\" data-e-type=\"section\">\n\t\t\t\t\t\t<div class=\"elementor-container elementor-column-gap-default\">\n\t\t\t\t\t<div class=\"elementor-column elementor-col-100 elementor-top-column elementor-element elementor-element-9f68e0f\" data-id=\"9f68e0f\" data-element_type=\"column\" data-e-type=\"column\">\n\t\t\t<div class=\"elementor-widget-wrap elementor-element-populated\">\n\t\t\t\t\t\t<div class=\"elementor-element elementor-element-d1d5dd1 elementor-widget elementor-widget-text-editor\" data-id=\"d1d5dd1\" data-element_type=\"widget\" data-e-type=\"widget\" data-widget_type=\"text-editor.default\">\n\t\t\t\t<div class=\"elementor-widget-container\">\n\t\t\t\t\t\t\t\t\t<p>A Var\u00e1zsdoboz Fejleszt\u0151 K\u00f6zpont \u00e9s J\u00e1tsz\u00f3h\u00e1z a megel\u0151z\u00e9s elv\u00e9t szem el\u0151tt tartva ny\u00fajt olyan hi\u00e1nyp\u00f3tl\u00f3 szolg\u00e1ltat\u00e1sokat, melyek a f\u0151v\u00e1rosi, ezen bel\u00fcl is els\u0151sorban az erzs\u00e9betv\u00e1rosban \u00e9l\u0151 saj\u00e1tos nevel\u00e9si ig\u00e9ny\u0171, valamint kisebb-nagyobb probl\u00e9m\u00e1val k\u00fczd\u0151 gyermekeket nevel\u0151 csal\u00e1dok mindennapjait seg\u00edtik. Kiemelt c\u00e9lunk \u00e9s feladatunk az \u00e9rintett csal\u00e1dok pedag\u00f3giai, gy\u00f3gypedag\u00f3giai \u00e9s pszichol\u00f3giai szempont\u00fa t\u00e1mogat\u00e1sa, \u00edgy 2 gy\u00f3gypedag\u00f3gusb\u00f3l, 1 pszichol\u00f3gusb\u00f3l, 2 kisgyermeknevel\u0151b\u0151l \u00e9s t\u00f6bb \u00f3raad\u00f3 koll\u00e9g\u00e1b\u00f3l \u00e1ll\u00f3 szakmai csoportunk k\u00e9szs\u00e9ggel \u00e1ll minden r\u00e1szorul\u00f3 csal\u00e1d szolg\u00e1lat\u00e1ra. Hissz\u00fck, hogy a csal\u00e1dok sz\u00e1m\u00e1ra a legnagyobb seg\u00edts\u00e9get az jelentheti, hogy szolg\u00e1ltat\u00e1sunkat ig\u00e9nybe v\u00e9ve n\u00e1lunk egy int\u00e9zm\u00e9nyen bel\u00fcl tudnak k\u00fcl\u00f6nb\u00f6z\u0151 ell\u00e1t\u00e1shoz jutni, \u00edgy jelent\u0151sen lecs\u00f6kkentve az utaz\u00e1sra, a csal\u00e1di \u00e9let koordin\u00e1ci\u00f3j\u00e1ra sz\u00e1nt id\u0151t. Kiemelt fontoss\u00e1g\u00fanak tartjuk a komplex, team munk\u00e1n alapul\u00f3 diagnosztik\u00e1t \u00e9s az erre \u00e9p\u00fcl\u0151, t\u00f6bb szakember bevon\u00e1s\u00e1val t\u00f6rt\u00e9n\u0151 fejleszt\u00e9st, ter\u00e1pi\u00e1s ell\u00e1t\u00e1st. A sz\u00fcl\u0151 partnerk\u00e9nt vesz r\u00e9szt ebben a folyamatban, hiszen j\u00f3l tudjuk, n\u00e1la jobban senki nem ismeri gyermek\u00e9t, \u00edgy erre a szeretetteljes kapcsolatra, a gyermeki szem\u00e9lyis\u00e9g saj\u00e1toss\u00e1gaira, a gyermek k\u00e9pess\u00e9gprofilj\u00e1ra, valamint a szakemberek szaktud\u00e1s\u00e1ra \u00e9p\u00edtve alak\u00edtjuk ki a fejleszt\u00e9s, ter\u00e1pia menet\u00e9t, hat\u00e1rozzuk meg a r\u00f6vid-, \u00e9s hossz\u00fa t\u00e1v\u00fa c\u00e9lokat. Folyamatos monitoroz\u00e1s, tan\u00e1csad\u00e1s \u00e9s t\u00e1mogat\u00e1s r\u00e9v\u00e9n v\u00e9gigk\u00eds\u00e9rj\u00fck a csal\u00e1dokat ezen az \u00faton. Sz\u00fcks\u00e9g szerint tartjuk a kapcsolatot a szoci\u00e1lis, nevel\u00e9si-, oktat\u00e1si int\u00e9zm\u00e9nyek szakembereivel is, hogy a k\u00f6z\u00f6s munka \u00e9s egy\u00fcttm\u0171k\u00f6d\u00e9s \u00e1ltal min\u00e9l \u00e1tfog\u00f3bb t\u00e1mogat\u00e1sban tudjuk r\u00e9szes\u00edteni a csal\u00e1dokat. A fejleszt\u00e9sen, ter\u00e1pi\u00e1s ell\u00e1t\u00e1son t\u00fal igyeksz\u00fcnk a csal\u00e1dok seg\u00edts\u00e9g\u00e9re lenni a hasznos szabadid\u0151-szervez\u00e9s tekintet\u00e9ben is, \u00edgy csal\u00e1di napokkal, klasszikus j\u00e1tsz\u00f3h\u00e1zi szolg\u00e1ltat\u00e1ssal, j\u00e1tsz\u00f3csoporttal, valamint sz\u00fclet\u00e9snapi programok szervez\u00e9s\u00e9vel is v\u00e1rjuk az \u00e9rdekl\u0151d\u0151ket.<\/p>\t\t\t\t\t\t\t\t<\/div>\n\t\t\t\t<\/div>\n\t\t\t\t\t<\/div>\n\t\t<\/div>\n\t\t\t\t\t<\/div>\n\t\t<\/section>\n\t\t\t\t<section class=\"elementor-section elementor-top-section elementor-element elementor-element-9185625 elementor-section-boxed elementor-section-height-default elementor-section-height-default wpr-particle-no wpr-jarallax-no wpr-parallax-no wpr-sticky-section-no wpr-column-slider-no wpr-equal-height-no\" data-id=\"9185625\" data-element_type=\"section\" data-e-type=\"section\">\n\t\t\t\t\t\t<div class=\"elementor-container elementor-column-gap-default\">\n\t\t\t\t\t<div class=\"elementor-column elementor-col-33 elementor-top-column elementor-element elementor-element-2886e55\" data-id=\"2886e55\" data-element_type=\"column\" data-e-type=\"column\">\n\t\t\t<div class=\"elementor-widget-wrap elementor-element-populated\">\n\t\t\t\t\t\t<div class=\"elementor-element elementor-element-5742896 elementor-widget elementor-widget-spacer\" data-id=\"5742896\" data-element_type=\"widget\" data-e-type=\"widget\" data-widget_type=\"spacer.default\">\n\t\t\t\t<div class=\"elementor-widget-container\">\n\t\t\t\t\t\t\t<div class=\"elementor-spacer\">\n\t\t\t<div class=\"elementor-spacer-inner\"><\/div>\n\t\t<\/div>\n\t\t\t\t\t\t<\/div>\n\t\t\t\t<\/div>\n\t\t\t\t<div class=\"elementor-element elementor-element-f85ca09 elementor-widget elementor-widget-text-editor\" data-id=\"f85ca09\" data-element_type=\"widget\" data-e-type=\"widget\" data-widget_type=\"text-editor.default\">\n\t\t\t\t<div class=\"elementor-widget-container\">\n\t\t\t\t\t\t\t\t\t<p>A Var\u00e1zsdoboz j\u00e1tsz\u00f3h\u00e1z weboldal\u00e1t a<br \/><a class=\"own-email-link\" href=\"https:\/\/www.varazsfejleszto.hu\/\">https:\/\/www.varazsfejleszto.hu\/<\/a><br \/>linkre kattintva \u00e9rheti el.<\/p>\t\t\t\t\t\t\t\t<\/div>\n\t\t\t\t<\/div>\n\t\t\t\t\t<\/div>\n\t\t<\/div>\n\t\t\t\t<div class=\"elementor-column elementor-col-33 elementor-top-column elementor-element elementor-element-8c18f21\" data-id=\"8c18f21\" data-element_type=\"column\" data-e-type=\"column\">\n\t\t\t<div class=\"elementor-widget-wrap elementor-element-populated\">\n\t\t\t\t\t\t<div class=\"elementor-element elementor-element-9b7acc5 elementor-widget elementor-widget-image\" data-id=\"9b7acc5\" data-element_type=\"widget\" data-e-type=\"widget\" data-widget_type=\"image.default\">\n\t\t\t\t<div class=\"elementor-widget-container\">\n\t\t\t\t\t\t\t\t\t\t\t\t\t\t\t<img fetchpriority=\"high\" decoding=\"async\" width=\"1090\" height=\"403\" src=\"https:\/\/bjhuman.hu\/wp-content\/uploads\/2023\/09\/varazsdoboz_logo-147.png\" class=\"attachment-post-thumbnail size-post-thumbnail wp-image-2644\" alt=\"\" sizes=\"(max-width: 709px) 85vw, (max-width: 909px) 67vw, (max-width: 1362px) 88vw, 1200px\" \/>\t\t\t\t\t\t\t\t\t\t\t\t\t\t\t<\/div>\n\t\t\t\t<\/div>\n\t\t\t\t\t<\/div>\n\t\t<\/div>\n\t\t\t\t<div class=\"elementor-column elementor-col-33 elementor-top-column elementor-element elementor-element-86daa61\" data-id=\"86daa61\" data-element_type=\"column\" data-e-type=\"column\">\n\t\t\t<div class=\"elementor-widget-wrap elementor-element-populated\">\n\t\t\t\t\t\t<div class=\"elementor-element elementor-element-9936b4e elementor-widget elementor-widget-spacer\" data-id=\"9936b4e\" data-element_type=\"widget\" data-e-type=\"widget\" data-widget_type=\"spacer.default\">\n\t\t\t\t<div class=\"elementor-widget-container\">\n\t\t\t\t\t\t\t<div class=\"elementor-spacer\">\n\t\t\t<div class=\"elementor-spacer-inner\"><\/div>\n\t\t<\/div>\n\t\t\t\t\t\t<\/div>\n\t\t\t\t<\/div>\n\t\t\t\t<div class=\"elementor-element elementor-element-056c658 e-grid-align-left elementor-shape-rounded elementor-grid-0 elementor-widget elementor-widget-social-icons\" data-id=\"056c658\" data-element_type=\"widget\" data-e-type=\"widget\" data-widget_type=\"social-icons.default\">\n\t\t\t\t<div class=\"elementor-widget-container\">\n\t\t\t\t\t\t\t<div class=\"elementor-social-icons-wrapper elementor-grid\">\n\t\t\t\t\t\t\t<span class=\"elementor-grid-item\">\n\t\t\t\t\t<a class=\"elementor-icon elementor-social-icon elementor-social-icon-facebook elementor-repeater-item-d8e7d27\" href=\"https:\/\/www.facebook.com\/profile.php?id=100064480611446\" target=\"_blank\">\n\t\t\t\t\t\t<span class=\"elementor-screen-only\">Facebook<\/span>\n\t\t\t\t\t\t<i aria-hidden=\"true\" class=\"fab fa-facebook\"><\/i>\t\t\t\t\t<\/a>\n\t\t\t\t<\/span>\n\t\t\t\t\t<\/div>\n\t\t\t\t\t\t<\/div>\n\t\t\t\t<\/div>\n\t\t\t\t\t<\/div>\n\t\t<\/div>\n\t\t\t\t\t<\/div>\n\t\t<\/section>\n\t\t\t\t<\/div>\n\t\t","protected":false},"excerpt":{"rendered":"<p>A Var\u00e1zsdoboz Fejleszt\u0151 K\u00f6zpont \u00e9s J\u00e1tsz\u00f3h\u00e1z a megel\u0151z\u00e9s elv\u00e9t szem el\u0151tt tartva ny\u00fajt olyan hi\u00e1nyp\u00f3tl\u00f3 szolg\u00e1ltat\u00e1sokat, melyek a f\u0151v\u00e1rosi, ezen bel\u00fcl is els\u0151sorban az erzs\u00e9betv\u00e1rosban \u00e9l\u0151 saj\u00e1tos nevel\u00e9si ig\u00e9ny\u0171, valamint kisebb-nagyobb probl\u00e9m\u00e1val k\u00fczd\u0151 gyermekeket nevel\u0151 csal\u00e1dok mindennapjait seg\u00edtik. Kiemelt c\u00e9lunk \u00e9s feladatunk az \u00e9rintett csal\u00e1dok pedag\u00f3giai, gy\u00f3gypedag\u00f3giai \u00e9s pszichol\u00f3giai szempont\u00fa t\u00e1mogat\u00e1sa, \u00edgy 2 gy\u00f3gypedag\u00f3gusb\u00f3l, 1 pszichol\u00f3gusb\u00f3l, 2 kisgyermeknevel\u0151b\u0151l \u00e9s t\u00f6bb \u00f3raad\u00f3 koll\u00e9g\u00e1b\u00f3l \u00e1ll\u00f3 szakmai csoportunk k\u00e9szs\u00e9ggel \u00e1ll minden r\u00e1szorul\u00f3 csal\u00e1d szolg\u00e1lat\u00e1ra. Hissz\u00fck, hogy a csal\u00e1dok sz\u00e1m\u00e1ra a legnagyobb seg\u00edts\u00e9get az jelentheti, hogy szolg\u00e1ltat\u00e1sunkat ig\u00e9nybe v\u00e9ve n\u00e1lunk egy int\u00e9zm\u00e9nyen bel\u00fcl tudnak k\u00fcl\u00f6nb\u00f6z\u0151 ell\u00e1t\u00e1shoz jutni, \u00edgy jelent\u0151sen lecs\u00f6kkentve az utaz\u00e1sra, a csal\u00e1di \u00e9let koordin\u00e1ci\u00f3j\u00e1ra sz\u00e1nt id\u0151t. Kiemelt fontoss\u00e1g\u00fanak tartjuk a komplex, team munk\u00e1n alapul\u00f3 diagnosztik\u00e1t \u00e9s az erre \u00e9p\u00fcl\u0151, t\u00f6bb szakember bevon\u00e1s\u00e1val t\u00f6rt\u00e9n\u0151 fejleszt\u00e9st, ter\u00e1pi\u00e1s ell\u00e1t\u00e1st. A sz\u00fcl\u0151 partnerk\u00e9nt vesz r\u00e9szt ebben a folyamatban, hiszen j\u00f3l tudjuk, n\u00e1la jobban senki nem ismeri gyermek\u00e9t, \u00edgy erre a szeretetteljes kapcsolatra, a gyermeki szem\u00e9lyis\u00e9g saj\u00e1toss\u00e1gaira, a gyermek k\u00e9pess\u00e9gprofilj\u00e1ra, valamint a szakemberek szaktud\u00e1s\u00e1ra \u00e9p\u00edtve alak\u00edtjuk ki a fejleszt\u00e9s, ter\u00e1pia menet\u00e9t, hat\u00e1rozzuk meg a r\u00f6vid-, \u00e9s hossz\u00fa t\u00e1v\u00fa c\u00e9lokat. Folyamatos monitoroz\u00e1s, tan\u00e1csad\u00e1s \u00e9s t\u00e1mogat\u00e1s r\u00e9v\u00e9n v\u00e9gigk\u00eds\u00e9rj\u00fck a csal\u00e1dokat ezen az \u00faton. Sz\u00fcks\u00e9g szerint tartjuk a kapcsolatot a szoci\u00e1lis, nevel\u00e9si-, oktat\u00e1si int\u00e9zm\u00e9nyek szakembereivel is, hogy a k\u00f6z\u00f6s munka \u00e9s egy\u00fcttm\u0171k\u00f6d\u00e9s \u00e1ltal min\u00e9l \u00e1tfog\u00f3bb t\u00e1mogat\u00e1sban tudjuk r\u00e9szes\u00edteni a csal\u00e1dokat. A fejleszt\u00e9sen, ter\u00e1pi\u00e1s ell\u00e1t\u00e1son t\u00fal igyeksz\u00fcnk a csal\u00e1dok seg\u00edts\u00e9g\u00e9re lenni a hasznos szabadid\u0151-szervez\u00e9s tekintet\u00e9ben is, \u00edgy csal\u00e1di napokkal, klasszikus j\u00e1tsz\u00f3h\u00e1zi szolg\u00e1ltat\u00e1ssal, j\u00e1tsz\u00f3csoporttal, valamint sz\u00fclet\u00e9snapi programok szervez\u00e9s\u00e9vel is v\u00e1rjuk az \u00e9rdekl\u0151d\u0151ket. A Var\u00e1zsdoboz j\u00e1tsz\u00f3h\u00e1z weboldal\u00e1t ahttps:\/\/www.varazsfejleszto.hu\/linkre kattintva \u00e9rheti el. Facebook<\/p>\n","protected":false},"author":2,"featured_media":0,"parent":0,"menu_order":0,"comment_status":"closed","ping_status":"closed","template":"","meta":{"footnotes":""},"class_list":["post-1105","page","type-page","status-publish","hentry"],"rttpg_featured_image_url":null,"rttpg_author":{"display_name":"krisztina","author_link":"https:\/\/bjhuman.hu\/index.php\/author\/krisztina\/"},"rttpg_comment":0,"rttpg_category":null,"rttpg_excerpt":"A Var\u00e1zsdoboz Fejleszt\u0151 K\u00f6zpont \u00e9s J\u00e1tsz\u00f3h\u00e1z a megel\u0151z\u00e9s elv\u00e9t szem el\u0151tt tartva ny\u00fajt olyan hi\u00e1nyp\u00f3tl\u00f3 szolg\u00e1ltat\u00e1sokat, melyek a f\u0151v\u00e1rosi, ezen bel\u00fcl is els\u0151sorban az erzs\u00e9betv\u00e1rosban \u00e9l\u0151 saj\u00e1tos nevel\u00e9si ig\u00e9ny\u0171, valamint kisebb-nagyobb probl\u00e9m\u00e1val k\u00fczd\u0151 gyermekeket nevel\u0151 csal\u00e1dok mindennapjait seg\u00edtik. Kiemelt c\u00e9lunk \u00e9s feladatunk az \u00e9rintett csal\u00e1dok pedag\u00f3giai, gy\u00f3gypedag\u00f3giai \u00e9s pszichol\u00f3giai szempont\u00fa t\u00e1mogat\u00e1sa, \u00edgy 2 gy\u00f3gypedag\u00f3gusb\u00f3l, 1&hellip;","_links":{"self":[{"href":"https:\/\/bjhuman.hu\/index.php\/wp-json\/wp\/v2\/pages\/1105","targetHints":{"allow":["GET"]}}],"collection":[{"href":"https:\/\/bjhuman.hu\/index.php\/wp-json\/wp\/v2\/pages"}],"about":[{"href":"https:\/\/bjhuman.hu\/index.php\/wp-json\/wp\/v2\/types\/page"}],"author":[{"embeddable":true,"href":"https:\/\/bjhuman.hu\/index.php\/wp-json\/wp\/v2\/users\/2"}],"replies":[{"embeddable":true,"href":"https:\/\/bjhuman.hu\/index.php\/wp-json\/wp\/v2\/comments?post=1105"}],"version-history":[{"count":37,"href":"https:\/\/bjhuman.hu\/index.php\/wp-json\/wp\/v2\/pages\/1105\/revisions"}],"predecessor-version":[{"id":5531,"href":"https:\/\/bjhuman.hu\/index.php\/wp-json\/wp\/v2\/pages\/1105\/revisions\/5531"}],"wp:attachment":[{"href":"https:\/\/bjhuman.hu\/index.php\/wp-json\/wp\/v2\/media?parent=1105"}],"curies":[{"name":"wp","href":"https:\/\/api.w.org\/{rel}","templated":true}]}}