{"id":1050,"date":"2023-08-10T10:24:21","date_gmt":"2023-08-10T08:24:21","guid":{"rendered":"https:\/\/dev.bjhuman.hu\/?page_id=1050"},"modified":"2026-01-12T09:49:20","modified_gmt":"2026-01-12T07:49:20","slug":"peterdy-utcai-idosek-bentlakasos-otthona","status":"publish","type":"page","link":"https:\/\/bjhuman.hu\/index.php\/peterdy-utcai-idosek-bentlakasos-otthona\/","title":{"rendered":"Peterdy utcai Id\u0151sek Bentlak\u00e1sos Otthona"},"content":{"rendered":"\t\t<div data-elementor-type=\"wp-page\" data-elementor-id=\"1050\" class=\"elementor elementor-1050\">\n\t\t\t\t\t\t<section class=\"elementor-section elementor-top-section elementor-element elementor-element-05a23b6 elementor-section-boxed elementor-section-height-default elementor-section-height-default wpr-particle-no wpr-jarallax-no wpr-parallax-no wpr-sticky-section-no wpr-equal-height-no\" data-id=\"05a23b6\" data-element_type=\"section\" data-e-type=\"section\">\n\t\t\t\t\t\t<div class=\"elementor-container elementor-column-gap-default\">\n\t\t\t\t\t<div class=\"elementor-column elementor-col-100 elementor-top-column elementor-element elementor-element-896e608\" data-id=\"896e608\" data-element_type=\"column\" data-e-type=\"column\">\n\t\t\t<div class=\"elementor-widget-wrap elementor-element-populated\">\n\t\t\t\t\t\t<div class=\"elementor-element elementor-element-31479d7 elementor-arrows-position-inside elementor-pagination-position-outside elementor-widget elementor-widget-image-carousel\" data-id=\"31479d7\" data-element_type=\"widget\" data-e-type=\"widget\" data-settings=\"{&quot;slides_to_show&quot;:&quot;3&quot;,&quot;slides_to_scroll&quot;:&quot;1&quot;,&quot;image_spacing_custom&quot;:{&quot;unit&quot;:&quot;px&quot;,&quot;size&quot;:5,&quot;sizes&quot;:[]},&quot;navigation&quot;:&quot;both&quot;,&quot;autoplay&quot;:&quot;yes&quot;,&quot;pause_on_hover&quot;:&quot;yes&quot;,&quot;pause_on_interaction&quot;:&quot;yes&quot;,&quot;autoplay_speed&quot;:5000,&quot;infinite&quot;:&quot;yes&quot;,&quot;speed&quot;:500,&quot;image_spacing_custom_tablet&quot;:{&quot;unit&quot;:&quot;px&quot;,&quot;size&quot;:&quot;&quot;,&quot;sizes&quot;:[]},&quot;image_spacing_custom_mobile&quot;:{&quot;unit&quot;:&quot;px&quot;,&quot;size&quot;:&quot;&quot;,&quot;sizes&quot;:[]}}\" data-widget_type=\"image-carousel.default\">\n\t\t\t\t<div class=\"elementor-widget-container\">\n\t\t\t\t\t\t\t<div class=\"elementor-image-carousel-wrapper swiper\" role=\"region\" aria-roledescription=\"carousel\" aria-label=\"K\u00e9p k\u00f6rhinta\" dir=\"ltr\">\n\t\t\t<div class=\"elementor-image-carousel swiper-wrapper\" aria-live=\"off\">\n\t\t\t\t\t\t\t\t<div class=\"swiper-slide\" role=\"group\" aria-roledescription=\"slide\" aria-label=\"1 \/ 13\"><figure class=\"swiper-slide-inner\"><img decoding=\"async\" class=\"swiper-slide-image\" src=\"https:\/\/bjhuman.hu\/wp-content\/uploads\/2023\/08\/peterdy-galeria.png\" alt=\"peterdy-gal\u00e9ria\" \/><\/figure><\/div><div class=\"swiper-slide\" role=\"group\" aria-roledescription=\"slide\" aria-label=\"2 \/ 13\"><figure class=\"swiper-slide-inner\"><img decoding=\"async\" class=\"swiper-slide-image\" src=\"https:\/\/bjhuman.hu\/wp-content\/uploads\/2023\/08\/peterdy-galeria1.png\" alt=\"peterdy-gal\u00e9ria1\" \/><\/figure><\/div><div class=\"swiper-slide\" role=\"group\" aria-roledescription=\"slide\" aria-label=\"3 \/ 13\"><figure class=\"swiper-slide-inner\"><img decoding=\"async\" class=\"swiper-slide-image\" src=\"https:\/\/bjhuman.hu\/wp-content\/uploads\/2023\/08\/peterdy-galeria2.png\" alt=\"peterdy-gal\u00e9ria2\" \/><\/figure><\/div><div class=\"swiper-slide\" role=\"group\" aria-roledescription=\"slide\" aria-label=\"4 \/ 13\"><figure class=\"swiper-slide-inner\"><img decoding=\"async\" class=\"swiper-slide-image\" src=\"https:\/\/bjhuman.hu\/wp-content\/uploads\/2023\/08\/peterdy-galeria3.png\" alt=\"peterdy-gal\u00e9ria3\" \/><\/figure><\/div><div class=\"swiper-slide\" role=\"group\" aria-roledescription=\"slide\" aria-label=\"5 \/ 13\"><figure class=\"swiper-slide-inner\"><img decoding=\"async\" class=\"swiper-slide-image\" src=\"https:\/\/bjhuman.hu\/wp-content\/uploads\/2023\/08\/peterdy-galeria4.png\" alt=\"peterdy-gal\u00e9ria4\" \/><\/figure><\/div><div class=\"swiper-slide\" role=\"group\" aria-roledescription=\"slide\" aria-label=\"6 \/ 13\"><figure class=\"swiper-slide-inner\"><img decoding=\"async\" class=\"swiper-slide-image\" src=\"https:\/\/bjhuman.hu\/wp-content\/uploads\/2023\/08\/peterdy-galeria5.png\" alt=\"peterdy-gal\u00e9ria5\" \/><\/figure><\/div><div class=\"swiper-slide\" role=\"group\" aria-roledescription=\"slide\" aria-label=\"7 \/ 13\"><figure class=\"swiper-slide-inner\"><img decoding=\"async\" class=\"swiper-slide-image\" src=\"https:\/\/bjhuman.hu\/wp-content\/uploads\/2023\/08\/peterdy-galeria6.png\" alt=\"peterdy-gal\u00e9ria6\" \/><\/figure><\/div><div class=\"swiper-slide\" role=\"group\" aria-roledescription=\"slide\" aria-label=\"8 \/ 13\"><figure class=\"swiper-slide-inner\"><img decoding=\"async\" class=\"swiper-slide-image\" src=\"https:\/\/bjhuman.hu\/wp-content\/uploads\/2023\/08\/peterdy-galeria7.png\" alt=\"peterdy-gal\u00e9ria7\" \/><\/figure><\/div><div class=\"swiper-slide\" role=\"group\" aria-roledescription=\"slide\" aria-label=\"9 \/ 13\"><figure class=\"swiper-slide-inner\"><img decoding=\"async\" class=\"swiper-slide-image\" src=\"https:\/\/bjhuman.hu\/wp-content\/uploads\/2023\/08\/peterdy-galeria8.png\" alt=\"peterdy-gal\u00e9ria8\" \/><\/figure><\/div><div class=\"swiper-slide\" role=\"group\" aria-roledescription=\"slide\" aria-label=\"10 \/ 13\"><figure class=\"swiper-slide-inner\"><img decoding=\"async\" class=\"swiper-slide-image\" src=\"https:\/\/bjhuman.hu\/wp-content\/uploads\/2023\/08\/peterdy-galeria9.png\" alt=\"peterdy-gal\u00e9ria9\" \/><\/figure><\/div><div class=\"swiper-slide\" role=\"group\" aria-roledescription=\"slide\" aria-label=\"11 \/ 13\"><figure class=\"swiper-slide-inner\"><img decoding=\"async\" class=\"swiper-slide-image\" src=\"https:\/\/bjhuman.hu\/wp-content\/uploads\/2023\/08\/peterdy-galeria10.png\" alt=\"peterdy-gal\u00e9ria10\" \/><\/figure><\/div><div class=\"swiper-slide\" role=\"group\" aria-roledescription=\"slide\" aria-label=\"12 \/ 13\"><figure class=\"swiper-slide-inner\"><img decoding=\"async\" class=\"swiper-slide-image\" src=\"https:\/\/bjhuman.hu\/wp-content\/uploads\/2023\/08\/peterdy-galeria11.png\" alt=\"peterdy-gal\u00e9ria11\" \/><\/figure><\/div><div class=\"swiper-slide\" role=\"group\" aria-roledescription=\"slide\" aria-label=\"13 \/ 13\"><figure class=\"swiper-slide-inner\"><img decoding=\"async\" class=\"swiper-slide-image\" src=\"https:\/\/bjhuman.hu\/wp-content\/uploads\/2023\/08\/peterdy-galeria12.png\" alt=\"peterdy-gal\u00e9ria12\" \/><\/figure><\/div>\t\t\t<\/div>\n\t\t\t\t\t\t\t\t\t\t\t\t<div class=\"elementor-swiper-button elementor-swiper-button-prev\" role=\"button\" tabindex=\"0\">\n\t\t\t\t\t\t<i aria-hidden=\"true\" class=\"eicon-chevron-left\"><\/i>\t\t\t\t\t<\/div>\n\t\t\t\t\t<div class=\"elementor-swiper-button elementor-swiper-button-next\" role=\"button\" tabindex=\"0\">\n\t\t\t\t\t\t<i aria-hidden=\"true\" class=\"eicon-chevron-right\"><\/i>\t\t\t\t\t<\/div>\n\t\t\t\t\n\t\t\t\t\t\t\t\t\t<div class=\"swiper-pagination\"><\/div>\n\t\t\t\t\t\t\t\t\t<\/div>\n\t\t\t\t\t\t<\/div>\n\t\t\t\t<\/div>\n\t\t\t\t\t<\/div>\n\t\t<\/div>\n\t\t\t\t\t<\/div>\n\t\t<\/section>\n\t\t\t\t<section class=\"elementor-section elementor-top-section elementor-element elementor-element-b625388 elementor-section-boxed elementor-section-height-default elementor-section-height-default wpr-particle-no wpr-jarallax-no wpr-parallax-no wpr-sticky-section-no wpr-equal-height-no\" data-id=\"b625388\" data-element_type=\"section\" data-e-type=\"section\">\n\t\t\t\t\t\t<div class=\"elementor-container elementor-column-gap-default\">\n\t\t\t\t\t<div class=\"elementor-column elementor-col-100 elementor-top-column elementor-element elementor-element-b1d5337\" data-id=\"b1d5337\" data-element_type=\"column\" data-e-type=\"column\">\n\t\t\t<div class=\"elementor-widget-wrap elementor-element-populated\">\n\t\t\t\t\t\t<div class=\"elementor-element elementor-element-a784dd4 wpr-advanced-accordion-icon-side-box elementor-widget elementor-widget-wpr-advanced-accordion\" data-id=\"a784dd4\" data-element_type=\"widget\" data-e-type=\"widget\" data-settings=\"{&quot;active_item&quot;:1}\" data-widget_type=\"wpr-advanced-accordion.default\">\n\t\t\t\t<div class=\"elementor-widget-container\">\n\t\t\t\t\t\n            <div class=\"wpr-advanced-accordion\" data-accordion-type=\"accordion\" data-active-index=\"1\" data-accordion-trigger=\"click\" data-interaction-speed=\"0.4\">\n\n\t\t\t\n                \n\t\t\t\t\t<div class=\"wpr-accordion-item-wrap\">\n\t\t\t\t\t\t<button class=\"wpr-acc-button\">\n\t\t\t\t\t\t\t<span class=\"wpr-acc-item-title\">\n\t\t\t\t\t\t\t\t\t\t\t\t\t\t\t\t\t<div class=\"wpr-acc-icon-box\">\n\t\t\t\t\t\t\t\t\t\t\t\t\t\t<span class=\"wpr-title-icon\">\n\t\t\t\t\t<i aria-hidden=\"true\" class=\"fas fa-arrow-right\"><\/i>\t\t\t\t<\/span>\n\t\t\t\t\t\t\t\t\t\t\t\t<\/div>\n\t\t\t\t\t\t\t\t\n\t\t\t\t\t\t\t\t<span class=\"wpr-acc-title-text\">Szolg\u00e1ltat\u00e1saink ig\u00e9nybev\u00e9tel\u00e9nek m\u00f3dja \u00e9s felt\u00e9telei<\/span>\n\t\t\t\t\t\t\t<\/span>\n\t\t\t\t\t\t\t\t\t\t\t<span class=\"wpr-toggle-icon wpr-ti-close\"><i aria-hidden=\"true\" class=\"fas fa-plus\"><\/i><\/span>\n\t\t\t\t<span class=\"wpr-toggle-icon wpr-ti-open\"><i aria-hidden=\"true\" class=\"fas fa-minus\"><\/i><\/span>\n\t\t\t\t\t\t\t\t\t<\/button>\n\n\t\t\t\t\t\t<div class=\"wpr-acc-panel\">\n\t\t\t\t\t\t\t\t\t\t\t\t\t\t\t<div class=\"wpr-acc-panel-content\"><p>Ell\u00e1t\u00e1saink ig\u00e9nybev\u00e9tele \u00f6nk\u00e9ntes, amelyet maga az ig\u00e9nyl\u0151 vagy t\u00f6rv\u00e9nyes k\u00e9pvisel\u0151je k\u00e9relmezhet kezel\u0151orvosi javaslattal kieg\u00e9sz\u00edtett ind\u00edtv\u00e1nnyal. (A k\u00e9relem hivatalos formanyomtatv\u00e1nya szem\u00e9lyesen ig\u00e9nyelhet\u0151 az int\u00e9zm\u00e9ny munkat\u00e1rsain\u00e1l.)<\/p><p><strong>El\u00e9rhet\u0151s\u00e9g<\/strong>: +36 1 322 44 89<\/p><p>A k\u00e9relem beny\u00fajt\u00e1s\u00e1t k\u00f6vet\u0151en t\u00f6rt\u00e9nhet meg az el\u0151gondoz\u00e1s, amelynek keret\u00e9ben szem\u00e9lyesen t\u00e1j\u00e9koz\u00f3dunk a k\u00e9relmez\u0151 \u00e1llapot\u00e1r\u00f3l, az elhelyez\u00e9s indokolts\u00e1g\u00e1r\u00f3l, felm\u00e9rj\u00fck a gondoz\u00e1si\u00a0 sz\u00fcks\u00e9gletet \u00e9s az azt megalapoz\u00f3 egy\u00e9b k\u00f6r\u00fclm\u00e9nyek fenn\u00e1ll\u00e1s\u00e1t, \u00e9s t\u00e1j\u00e9koztat\u00e1st ny\u00fajtunk a v\u00e1rhat\u00f3 t\u00e9r\u00edt\u00e9si d\u00edjr\u00f3l. Az ell\u00e1t\u00e1st ig\u00e9nybe vev\u0151 a t\u00e1rgyh\u00f3napot k\u00f6vet\u0151 h\u00f3nap 25. napj\u00e1ig t\u00e9r\u00edt\u00e9si d\u00edjat k\u00f6teles fizetni.<\/p><p><strong>T\u00e9r\u00edt\u00e9si d\u00edjak:<\/strong><br \/>Az int\u00e9zm\u00e9nyi \u00e9s szem\u00e9lyi t\u00e9r\u00edt\u00e9si d\u00edj meg\u00e1llap\u00edt\u00e1s\u00e1ra vonatkoz\u00f3 szab\u00e1lyokat a szoci\u00e1lis igazgat\u00e1sr\u00f3l \u00e9s a szoci\u00e1lis ell\u00e1t\u00e1sokr\u00f3l sz\u00f3l\u00f3 1993 \u00e9vi\u00a0III. tv. 132. \u00a7. (1) e) pontja, 114-119 \u00a7-ai, valamint a szem\u00e9lyes gondoskod\u00e1st ny\u00fajt\u00f3 szoci\u00e1lis ell\u00e1t\u00e1sok t\u00e9r\u00edt\u00e9si d\u00edj\u00e1r\u00f3l sz\u00f3l\u00f3 29\/ 1993. (II. 17.) Korm\u00e1ny rendelete, illetve az Budapest F\u0151v\u00e1ros VII. ker\u00fclet Erzs\u00e9betv\u00e1ros \u00d6nkorm\u00e1nyzata K\u00e9pvisel\u0151-test\u00fclet\u00e9nek\u00a0mindenkor hat\u00e1lyos szoci\u00e1lis rendelete hat\u00e1rozza meg.<\/p><ul><li><em><strong>Id\u0151skor\u00faak \u00e1pol\u00f3-gondoz\u00f3 otthoni ell\u00e1t\u00e1s\u00e1nak d\u00edjai:<\/strong><\/em><br \/>5620,- Ft\/f\u0151\/nap<\/li><li><em><strong>\u00c1tmeneti elhelyez\u00e9st ny\u00fajt\u00f3 ell\u00e1t\u00e1s d\u00edjai:<\/strong><\/em><br \/>4915,- Ft\/f\u0151\/nap<\/li><\/ul><\/div>\n\t\t\t\t\t\t\t\t\t\t\t\t\t<\/div>\n                    <\/div>\n\n                \n\t\t\t\t\t<div class=\"wpr-accordion-item-wrap\">\n\t\t\t\t\t\t<button class=\"wpr-acc-button\">\n\t\t\t\t\t\t\t<span class=\"wpr-acc-item-title\">\n\t\t\t\t\t\t\t\t\t\t\t\t\t\t\t\t\t<div class=\"wpr-acc-icon-box\">\n\t\t\t\t\t\t\t\t\t\t\t\t\t\t<span class=\"wpr-title-icon\">\n\t\t\t\t\t<i aria-hidden=\"true\" class=\"fas fa-arrow-right\"><\/i>\t\t\t\t<\/span>\n\t\t\t\t\t\t\t\t\t\t\t\t<\/div>\n\t\t\t\t\t\t\t\t\n\t\t\t\t\t\t\t\t<span class=\"wpr-acc-title-text\">Egy\u00e9b programjaink \/ szolg\u00e1ltat\u00e1saink<\/span>\n\t\t\t\t\t\t\t<\/span>\n\t\t\t\t\t\t\t\t\t\t\t<span class=\"wpr-toggle-icon wpr-ti-close\"><i aria-hidden=\"true\" class=\"fas fa-plus\"><\/i><\/span>\n\t\t\t\t<span class=\"wpr-toggle-icon wpr-ti-open\"><i aria-hidden=\"true\" class=\"fas fa-minus\"><\/i><\/span>\n\t\t\t\t\t\t\t\t\t<\/button>\n\n\t\t\t\t\t\t<div class=\"wpr-acc-panel\">\n\t\t\t\t\t\t\t\t\t\t\t\t\t\t\t<div class=\"wpr-acc-panel-content\"><p>K\u00f6z\u00f6ss\u00e9gi szabadid\u0151s programokat, kultur\u00e1lis esem\u00e9nyeket, sz\u0171r\u0151vizsg\u00e1latokat szervez\u00fcnk, lehet\u0151s\u00e9get teremt\u00fcnk az ig\u00e9ny szerinti vall\u00e1sgyakorl\u00e1sra is. Seg\u00edtj\u00fck a megfelel\u0151 t\u00e1rsas kapcsolatok kialakul\u00e1s\u00e1t \u00e9s fenntart\u00e1s\u00e1t, ezzel is er\u0151s\u00edtve lak\u00f3ink kiegyens\u00falyozott ment\u00e1lis \u00e1llapot\u00e1t.<\/p><\/div>\n\t\t\t\t\t\t\t\t\t\t\t\t\t<\/div>\n                    <\/div>\n\n                \n\t\t\t\t\t<div class=\"wpr-accordion-item-wrap\">\n\t\t\t\t\t\t<button class=\"wpr-acc-button\">\n\t\t\t\t\t\t\t<span class=\"wpr-acc-item-title\">\n\t\t\t\t\t\t\t\t\t\t\t\t\t\t\t\t\t<div class=\"wpr-acc-icon-box\">\n\t\t\t\t\t\t\t\t\t\t\t\t\t\t<span class=\"wpr-title-icon\">\n\t\t\t\t\t<i aria-hidden=\"true\" class=\"fas fa-arrow-right\"><\/i>\t\t\t\t<\/span>\n\t\t\t\t\t\t\t\t\t\t\t\t<\/div>\n\t\t\t\t\t\t\t\t\n\t\t\t\t\t\t\t\t<span class=\"wpr-acc-title-text\">Megk\u00f6zel\u00edthet\u0151s\u00e9g<\/span>\n\t\t\t\t\t\t\t<\/span>\n\t\t\t\t\t\t\t\t\t\t\t<span class=\"wpr-toggle-icon wpr-ti-close\"><i aria-hidden=\"true\" class=\"fas fa-plus\"><\/i><\/span>\n\t\t\t\t<span class=\"wpr-toggle-icon wpr-ti-open\"><i aria-hidden=\"true\" class=\"fas fa-minus\"><\/i><\/span>\n\t\t\t\t\t\t\t\t\t<\/button>\n\n\t\t\t\t\t\t<div class=\"wpr-acc-panel\">\n\t\t\t\t\t\t\t\t\t\t\t\t\t\t\t<div class=\"wpr-acc-panel-content\"><p>A 74-es, 78-as, 70-es trolibuszokkal a Nefelejcs utcai meg\u00e1ll\u00f3b\u00f3l k\u00f6zel\u00edthet\u0151 meg.<\/p><\/div>\n\t\t\t\t\t\t\t\t\t\t\t\t\t<\/div>\n                    <\/div>\n\n                            <\/div>\n        \t\t\t\t<\/div>\n\t\t\t\t<\/div>\n\t\t\t\t\t<\/div>\n\t\t<\/div>\n\t\t\t\t\t<\/div>\n\t\t<\/section>\n\t\t\t\t<section class=\"elementor-section elementor-top-section elementor-element elementor-element-52e6eb6 elementor-section-boxed elementor-section-height-default elementor-section-height-default wpr-particle-no wpr-jarallax-no wpr-parallax-no wpr-sticky-section-no wpr-equal-height-no\" data-id=\"52e6eb6\" data-element_type=\"section\" data-e-type=\"section\">\n\t\t\t\t\t\t<div class=\"elementor-container elementor-column-gap-default\">\n\t\t\t\t\t<div class=\"elementor-column elementor-col-100 elementor-top-column elementor-element elementor-element-87cb06c\" data-id=\"87cb06c\" data-element_type=\"column\" data-e-type=\"column\">\n\t\t\t<div class=\"elementor-widget-wrap elementor-element-populated\">\n\t\t\t\t\t\t<div class=\"elementor-element elementor-element-3d5ae1d elementor-widget elementor-widget-text-editor\" data-id=\"3d5ae1d\" data-element_type=\"widget\" data-e-type=\"widget\" data-widget_type=\"text-editor.default\">\n\t\t\t\t<div class=\"elementor-widget-container\">\n\t\t\t\t\t\t\t\t\t<p>El\u00e9rhet\u0151s\u00e9gek:<\/p>\t\t\t\t\t\t\t\t<\/div>\n\t\t\t\t<\/div>\n\t\t\t\t\t<\/div>\n\t\t<\/div>\n\t\t\t\t\t<\/div>\n\t\t<\/section>\n\t\t\t\t<section class=\"elementor-section elementor-top-section elementor-element elementor-element-fe5e49f elementor-section-boxed elementor-section-height-default elementor-section-height-default wpr-particle-no wpr-jarallax-no wpr-parallax-no wpr-sticky-section-no wpr-equal-height-no\" data-id=\"fe5e49f\" data-element_type=\"section\" data-e-type=\"section\">\n\t\t\t\t\t\t<div class=\"elementor-container elementor-column-gap-default\">\n\t\t\t\t\t<div class=\"elementor-column elementor-col-100 elementor-top-column elementor-element elementor-element-11fd03f\" data-id=\"11fd03f\" data-element_type=\"column\" data-e-type=\"column\">\n\t\t\t<div class=\"elementor-widget-wrap elementor-element-populated\">\n\t\t\t\t\t\t<div class=\"elementor-element elementor-element-40623b5 elementor-icon-list--layout-traditional elementor-list-item-link-full_width elementor-widget elementor-widget-icon-list\" data-id=\"40623b5\" data-element_type=\"widget\" data-e-type=\"widget\" data-widget_type=\"icon-list.default\">\n\t\t\t\t<div class=\"elementor-widget-container\">\n\t\t\t\t\t\t\t<ul class=\"elementor-icon-list-items\">\n\t\t\t\t\t\t\t<li class=\"elementor-icon-list-item\">\n\t\t\t\t\t\t\t\t\t\t\t<span class=\"elementor-icon-list-icon\">\n\t\t\t\t\t\t\t<i aria-hidden=\"true\" class=\"fas fa-map-marker-alt\"><\/i>\t\t\t\t\t\t<\/span>\n\t\t\t\t\t\t\t\t\t\t<span class=\"elementor-icon-list-text\">1071 Budapest, Peterdy u. 16.<\/span>\n\t\t\t\t\t\t\t\t\t<\/li>\n\t\t\t\t\t\t\t\t<li class=\"elementor-icon-list-item\">\n\t\t\t\t\t\t\t\t\t\t\t<span class=\"elementor-icon-list-icon\">\n\t\t\t\t\t\t\t<i aria-hidden=\"true\" class=\"fas fa-phone-alt\"><\/i>\t\t\t\t\t\t<\/span>\n\t\t\t\t\t\t\t\t\t\t<span class=\"elementor-icon-list-text\">+36 1 322 4489<\/span>\n\t\t\t\t\t\t\t\t\t<\/li>\n\t\t\t\t\t\t\t\t<li class=\"elementor-icon-list-item\">\n\t\t\t\t\t\t\t\t\t\t\t<span class=\"elementor-icon-list-icon\">\n\t\t\t\t\t\t\t<i aria-hidden=\"true\" class=\"fas fa-envelope\"><\/i>\t\t\t\t\t\t<\/span>\n\t\t\t\t\t\t\t\t\t\t<span class=\"elementor-icon-list-text\">peterdy.bentlakas@bjhuman.hu<\/span>\n\t\t\t\t\t\t\t\t\t<\/li>\n\t\t\t\t\t\t<\/ul>\n\t\t\t\t\t\t<\/div>\n\t\t\t\t<\/div>\n\t\t\t\t\t<\/div>\n\t\t<\/div>\n\t\t\t\t\t<\/div>\n\t\t<\/section>\n\t\t\t\t<section class=\"elementor-section elementor-top-section elementor-element elementor-element-d51767e elementor-section-boxed elementor-section-height-default elementor-section-height-default wpr-particle-no wpr-jarallax-no wpr-parallax-no wpr-sticky-section-no wpr-equal-height-no\" data-id=\"d51767e\" data-element_type=\"section\" data-e-type=\"section\">\n\t\t\t\t\t\t<div class=\"elementor-container elementor-column-gap-default\">\n\t\t\t\t\t<div class=\"elementor-column elementor-col-100 elementor-top-column elementor-element elementor-element-fe37472\" data-id=\"fe37472\" data-element_type=\"column\" data-e-type=\"column\">\n\t\t\t<div class=\"elementor-widget-wrap elementor-element-populated\">\n\t\t\t\t\t\t<div class=\"elementor-element elementor-element-48011ac elementor-widget elementor-widget-google_maps\" data-id=\"48011ac\" data-element_type=\"widget\" data-e-type=\"widget\" data-widget_type=\"google_maps.default\">\n\t\t\t\t<div class=\"elementor-widget-container\">\n\t\t\t\t\t\t\t<div class=\"elementor-custom-embed\">\n\t\t\t<iframe loading=\"lazy\"\n\t\t\t\t\tsrc=\"https:\/\/maps.google.com\/maps?q=1071%20Budapest%2C%20Peterdy%20utca%2016.&#038;t=m&#038;z=16&#038;output=embed&#038;iwloc=near\"\n\t\t\t\t\ttitle=\"1071 Budapest, Peterdy utca 16.\"\n\t\t\t\t\taria-label=\"1071 Budapest, Peterdy utca 16.\"\n\t\t\t><\/iframe>\n\t\t<\/div>\n\t\t\t\t\t\t<\/div>\n\t\t\t\t<\/div>\n\t\t\t\t\t<\/div>\n\t\t<\/div>\n\t\t\t\t\t<\/div>\n\t\t<\/section>\n\t\t\t\t<\/div>\n\t\t","protected":false},"excerpt":{"rendered":"<p>Szolg\u00e1ltat\u00e1saink ig\u00e9nybev\u00e9tel\u00e9nek m\u00f3dja \u00e9s felt\u00e9telei Ell\u00e1t\u00e1saink ig\u00e9nybev\u00e9tele \u00f6nk\u00e9ntes, amelyet maga az ig\u00e9nyl\u0151 vagy t\u00f6rv\u00e9nyes k\u00e9pvisel\u0151je k\u00e9relmezhet kezel\u0151orvosi javaslattal kieg\u00e9sz\u00edtett ind\u00edtv\u00e1nnyal. (A k\u00e9relem hivatalos formanyomtatv\u00e1nya szem\u00e9lyesen ig\u00e9nyelhet\u0151 az int\u00e9zm\u00e9ny munkat\u00e1rsain\u00e1l.) El\u00e9rhet\u0151s\u00e9g: +36 1 322 44 89 A k\u00e9relem beny\u00fajt\u00e1s\u00e1t k\u00f6vet\u0151en t\u00f6rt\u00e9nhet meg az el\u0151gondoz\u00e1s, amelynek keret\u00e9ben szem\u00e9lyesen t\u00e1j\u00e9koz\u00f3dunk a k\u00e9relmez\u0151 \u00e1llapot\u00e1r\u00f3l, az elhelyez\u00e9s indokolts\u00e1g\u00e1r\u00f3l, felm\u00e9rj\u00fck a gondoz\u00e1si\u00a0 sz\u00fcks\u00e9gletet \u00e9s az azt megalapoz\u00f3 egy\u00e9b k\u00f6r\u00fclm\u00e9nyek fenn\u00e1ll\u00e1s\u00e1t, \u00e9s t\u00e1j\u00e9koztat\u00e1st ny\u00fajtunk a v\u00e1rhat\u00f3 t\u00e9r\u00edt\u00e9si d\u00edjr\u00f3l. Az ell\u00e1t\u00e1st ig\u00e9nybe vev\u0151 a t\u00e1rgyh\u00f3napot k\u00f6vet\u0151 h\u00f3nap 25. napj\u00e1ig t\u00e9r\u00edt\u00e9si d\u00edjat k\u00f6teles fizetni. T\u00e9r\u00edt\u00e9si d\u00edjak:Az int\u00e9zm\u00e9nyi \u00e9s szem\u00e9lyi t\u00e9r\u00edt\u00e9si d\u00edj meg\u00e1llap\u00edt\u00e1s\u00e1ra vonatkoz\u00f3 szab\u00e1lyokat a szoci\u00e1lis igazgat\u00e1sr\u00f3l \u00e9s a szoci\u00e1lis ell\u00e1t\u00e1sokr\u00f3l sz\u00f3l\u00f3 1993 \u00e9vi\u00a0III. tv. 132. \u00a7. (1) e) pontja, 114-119 \u00a7-ai, valamint a szem\u00e9lyes gondoskod\u00e1st ny\u00fajt\u00f3 szoci\u00e1lis ell\u00e1t\u00e1sok t\u00e9r\u00edt\u00e9si d\u00edj\u00e1r\u00f3l sz\u00f3l\u00f3 29\/ 1993. (II. 17.) Korm\u00e1ny rendelete, illetve az Budapest F\u0151v\u00e1ros VII. ker\u00fclet Erzs\u00e9betv\u00e1ros \u00d6nkorm\u00e1nyzata K\u00e9pvisel\u0151-test\u00fclet\u00e9nek\u00a0mindenkor hat\u00e1lyos szoci\u00e1lis rendelete hat\u00e1rozza meg. Id\u0151skor\u00faak \u00e1pol\u00f3-gondoz\u00f3 otthoni ell\u00e1t\u00e1s\u00e1nak d\u00edjai:5620,- Ft\/f\u0151\/nap \u00c1tmeneti elhelyez\u00e9st ny\u00fajt\u00f3 ell\u00e1t\u00e1s d\u00edjai:4915,- Ft\/f\u0151\/nap Egy\u00e9b programjaink \/ szolg\u00e1ltat\u00e1saink K\u00f6z\u00f6ss\u00e9gi szabadid\u0151s programokat, kultur\u00e1lis esem\u00e9nyeket, sz\u0171r\u0151vizsg\u00e1latokat szervez\u00fcnk, lehet\u0151s\u00e9get teremt\u00fcnk az ig\u00e9ny szerinti vall\u00e1sgyakorl\u00e1sra is. Seg\u00edtj\u00fck a megfelel\u0151 t\u00e1rsas kapcsolatok kialakul\u00e1s\u00e1t \u00e9s fenntart\u00e1s\u00e1t, ezzel is er\u0151s\u00edtve lak\u00f3ink kiegyens\u00falyozott ment\u00e1lis \u00e1llapot\u00e1t. Megk\u00f6zel\u00edthet\u0151s\u00e9g A 74-es, 78-as, 70-es trolibuszokkal a Nefelejcs utcai meg\u00e1ll\u00f3b\u00f3l k\u00f6zel\u00edthet\u0151 meg. El\u00e9rhet\u0151s\u00e9gek: 1071 Budapest, Peterdy u. 16. +36 1 322 4489 peterdy.bentlakas@bjhuman.hu<\/p>\n","protected":false},"author":2,"featured_media":0,"parent":0,"menu_order":0,"comment_status":"closed","ping_status":"closed","template":"","meta":{"footnotes":""},"class_list":["post-1050","page","type-page","status-publish","hentry"],"rttpg_featured_image_url":null,"rttpg_author":{"display_name":"krisztina","author_link":"https:\/\/bjhuman.hu\/index.php\/author\/krisztina\/"},"rttpg_comment":0,"rttpg_category":null,"rttpg_excerpt":"Szolg\u00e1ltat\u00e1saink ig\u00e9nybev\u00e9tel\u00e9nek m\u00f3dja \u00e9s felt\u00e9telei Ell\u00e1t\u00e1saink ig\u00e9nybev\u00e9tele \u00f6nk\u00e9ntes, amelyet maga az ig\u00e9nyl\u0151 vagy t\u00f6rv\u00e9nyes k\u00e9pvisel\u0151je k\u00e9relmezhet kezel\u0151orvosi javaslattal kieg\u00e9sz\u00edtett ind\u00edtv\u00e1nnyal. (A k\u00e9relem hivatalos formanyomtatv\u00e1nya szem\u00e9lyesen ig\u00e9nyelhet\u0151 az int\u00e9zm\u00e9ny munkat\u00e1rsain\u00e1l.) El\u00e9rhet\u0151s\u00e9g: +36 1 322 44 89 A k\u00e9relem beny\u00fajt\u00e1s\u00e1t k\u00f6vet\u0151en t\u00f6rt\u00e9nhet meg az el\u0151gondoz\u00e1s, amelynek keret\u00e9ben szem\u00e9lyesen t\u00e1j\u00e9koz\u00f3dunk a k\u00e9relmez\u0151 \u00e1llapot\u00e1r\u00f3l, az elhelyez\u00e9s indokolts\u00e1g\u00e1r\u00f3l, felm\u00e9rj\u00fck a&hellip;","_links":{"self":[{"href":"https:\/\/bjhuman.hu\/index.php\/wp-json\/wp\/v2\/pages\/1050","targetHints":{"allow":["GET"]}}],"collection":[{"href":"https:\/\/bjhuman.hu\/index.php\/wp-json\/wp\/v2\/pages"}],"about":[{"href":"https:\/\/bjhuman.hu\/index.php\/wp-json\/wp\/v2\/types\/page"}],"author":[{"embeddable":true,"href":"https:\/\/bjhuman.hu\/index.php\/wp-json\/wp\/v2\/users\/2"}],"replies":[{"embeddable":true,"href":"https:\/\/bjhuman.hu\/index.php\/wp-json\/wp\/v2\/comments?post=1050"}],"version-history":[{"count":31,"href":"https:\/\/bjhuman.hu\/index.php\/wp-json\/wp\/v2\/pages\/1050\/revisions"}],"predecessor-version":[{"id":12851,"href":"https:\/\/bjhuman.hu\/index.php\/wp-json\/wp\/v2\/pages\/1050\/revisions\/12851"}],"wp:attachment":[{"href":"https:\/\/bjhuman.hu\/index.php\/wp-json\/wp\/v2\/media?parent=1050"}],"curies":[{"name":"wp","href":"https:\/\/api.w.org\/{rel}","templated":true}]}}